{"id":579,"date":"2021-01-08T07:12:30","date_gmt":"2021-01-08T07:12:30","guid":{"rendered":"https:\/\/docs.imanage.com\/?page_id=579"},"modified":"2021-03-01T16:02:05","modified_gmt":"2021-03-01T16:02:05","slug":"whats-new-in-imanage-wdw-02-2021","status":"publish","type":"page","link":"https:\/\/docs.imanage.com\/es\/work\/whats-new-in-imanage-wdw-02-2021.html","title":{"rendered":"Novedades de iManage Work Desktop for Windows"},"content":{"rendered":"<h4>Build: 10.4.0.45 (Marzo 2021)<\/h4>\n<h1>Mejoras en la gesti\u00f3n del correo electr\u00f3nico para Microsoft Outlook<\/h1>\n<h3><strong>C\u00f3mo archivar los correos electr\u00f3nicos de los buzones compartidos de Microsoft Outlook<\/strong><\/h3>\n<p>Si sus compa\u00f1eros y usted utilizan buzones compartidos de Microsoft Outlook en su organizaci\u00f3n, ahora puede vincular las carpetas de sus buzones compartidos a una carpeta apropiada de iManage Work y asegurarse de que todos sus correos electr\u00f3nicos se archiven en iManage Work. Al vincular las carpetas de los buzones compartidos, usted archivar\u00e1 los correos electr\u00f3nicos en nombre de otros usuarios de los buzones compartidos.<\/p>\n<p><img loading=\"lazy\" decoding=\"async\" class=\"alignnone wp-image-587\" src=\"https:\/\/docs.imanage.com\/wp-content\/uploads\/2021\/01\/GIF_1-1.gif\" alt=\"\" width=\"1000\" height=\"454\" \/><\/p>\n<h3><strong>C\u00f3mo distinguir f\u00e1cilmente entre varios enlaces NRL<\/strong><\/h3>\n<p>En las versiones anteriores, para poder trabajar en un documento, hab\u00eda que abrir todos los enlaces de NRL para identificar el documento requerido. A partir de esta versi\u00f3n, esto ya no ser\u00e1 necesario. Ahora podr\u00e1 ver la informaci\u00f3n relacionada con los enlaces NRL, como la versi\u00f3n del documento y el tipo de documento, de un vistazo sin tener que abrirlo. Esto hace que sea f\u00e1cil de distinguir, especialmente cuando hay varios enlaces NRL, para que sepa que siempre est\u00e1 abriendo el enlace correcto la primera vez. Para m\u00e1s informaci\u00f3n sobre c\u00f3mo configurar los enlaces NRL, contacte con su administrador.<\/p>\n<p><img loading=\"lazy\" decoding=\"async\" class=\"alignnone wp-image-591\" src=\"https:\/\/docs.imanage.com\/wp-content\/uploads\/2021\/02\/wdw_latest_01-1.png\" alt=\"\" width=\"1000\" height=\"301\" srcset=\"https:\/\/docs.imanage.com\/wp-content\/uploads\/2021\/02\/wdw_latest_01-1.png 1425w, https:\/\/docs.imanage.com\/wp-content\/uploads\/2021\/02\/wdw_latest_01-1-300x90.png 300w, https:\/\/docs.imanage.com\/wp-content\/uploads\/2021\/02\/wdw_latest_01-1-1024x308.png 1024w, https:\/\/docs.imanage.com\/wp-content\/uploads\/2021\/02\/wdw_latest_01-1-768x231.png 768w\" sizes=\"auto, (max-width: 1000px) 100vw, 1000px\" \/><\/p>\n<h3><strong>C\u00f3mo mejorar los casos de uso del archivo de correo electr\u00f3nico con opciones personalizadas<\/strong><\/h3>\n<p>iManage Work Desktop for Windows incluye ahora botones personalizados en la barra de herramientas de gesti\u00f3n del correo electr\u00f3nico para ayudar a archivar el correo. Puede utilizar estos botones personalizados para ampliar los casos de uso del n\u00facleo de la gesti\u00f3n del correo electr\u00f3nico; por ejemplo, solicitar a un usuario que introduzca comentarios al archivar correos electr\u00f3nicos. Para obtener m\u00e1s informaci\u00f3n sobre estos botones personalizados, p\u00f3ngase en contacto con su administrador.<\/p>\n<h1>Novedades de iManage Drive<\/h1>\n<p><strong>Build: 10.4.1 (Marzo 2021)<\/strong><\/p>\n<h3>Asistencia ling\u00fc\u00edstica<\/h3>\n<p>\u00a1Utilice iManage Drive en su idioma nativo\/preferido! La aplicaci\u00f3n est\u00e1 ahora disponible en los mismos idiomas que iManage Work, es decir:<\/p>\n<ul>\n<li>Ingl\u00e9s (EE.UU.)<\/li>\n<li>Franc\u00e9s (Francia)<\/li>\n<li>Alem\u00e1n (Alemania)<\/li>\n<li>Portugu\u00e9s (Brasil)<\/li>\n<li>Espa\u00f1ol (Espa\u00f1a)<\/li>\n<li>Chino (China)<\/li>\n<li>Japon\u00e9s (Jap\u00f3n)<\/li>\n<\/ul>\n<p><img loading=\"lazy\" decoding=\"async\" class=\"alignnone wp-image-597\" src=\"https:\/\/docs.imanage.com\/wp-content\/uploads\/2021\/02\/WinLang.gif\" alt=\"\" width=\"1000\" height=\"625\" \/><\/p>\n<h3>Asistencia para subt\u00edtulos personalizados<\/h3>\n<p>iManage Drive ahora admite subt\u00edtulos personalizados en iManage Work para cambiar las etiquetas de la interfaz de usuario (IU) en iManage Drive, como Asuntos, Mi trabajo, Documentos, etc. Por ejemplo, si su administrador de iManage Work elige nombrar Asuntos como <em>Espacios de trabajo<\/em>; lo mismo se reflejar\u00e1 en la IU de iManage Drive. Como las etiquetas se traducen en conjuntos de idiomas para cada uno de los idiomas compatibles, se mostrar\u00e1n en el idioma seleccionado cuando se utilice iManage Drive para iniciar sesi\u00f3n en iManage Work.<\/p>\n<h3>iManage Drive disponible para macOS<\/h3>\n<p>El lanzamiento de iManage Drive para Mac 10.4.1 General Availability (GA) le garantiza ahora el acceso y la actualizaci\u00f3n del contenido de iManage Work utilizando su Mac. La aplicaci\u00f3n se ejecuta en macOS Catalina 10.15.6 o Big Sur y permite acceder al contenido de iManage de forma r\u00e1pida desde su ventana del Finder y el men\u00fa de iManage Drive en la barra de men\u00fa de su Mac.<\/p>\n<p><img loading=\"lazy\" decoding=\"async\" class=\"alignnone wp-image-598\" src=\"https:\/\/docs.imanage.com\/wp-content\/uploads\/2021\/02\/DriveMac.gif\" alt=\"\" width=\"1000\" height=\"625\" \/><\/p>\n<h3>Posibilidad de compartir los enlaces de iManage<\/h3>\n<p>Haga clic con el bot\u00f3n derecho en cualquier contenido (asuntos, archivos y carpetas) de su unidad asignada que desee compartir con otros usuarios de iManage Work, seleccione <strong>Copiar enlace<\/strong> y p\u00e9guelo en un correo electr\u00f3nico o en cualquier canal de comunicaci\u00f3n que utilice. Cuando el receptor seleccione el enlace, el contenido se abrir\u00e1 en iManage Work.<\/p>\n<p><img loading=\"lazy\" decoding=\"async\" class=\"alignnone wp-image-599\" src=\"https:\/\/docs.imanage.com\/wp-content\/uploads\/2021\/02\/WinCopyLink.gif\" alt=\"\" width=\"1000\" height=\"625\" \/><\/p>\n<p><strong>Versi\u00f3n anterior<\/strong>: <a href=\"https:\/\/docs.imanage.com\/es\/whats-new-in-imanage-work-desktop-for-windows-october-2020.html\">iManage Desktop for Windows &#8211; 10.3.0<\/a><\/p>\n","protected":false},"excerpt":{"rendered":"<p>Build: 10.4.0.45 (Marzo 2021) Mejoras en la gesti\u00f3n del correo electr\u00f3nico para Microsoft Outlook C\u00f3mo archivar los correos electr\u00f3nicos de los buzones compartidos de Microsoft Outlook Si sus compa\u00f1eros y usted utilizan buzones compartidos de Microsoft Outlook en su organizaci\u00f3n, ahora puede vincular las carpetas de sus buzones compartidos a una carpeta apropiada de iManage [&hellip;]<\/p>\n","protected":false},"author":4,"featured_media":0,"parent":146,"menu_order":0,"comment_status":"closed","ping_status":"closed","template":"","meta":{"_acf_changed":false,"footnotes":""},"class_list":["post-579","page","type-page","status-publish","hentry"],"translation":{"provider":"WPGlobus","version":"3.0.2","language":"es","enabled_languages":["en","de","fr","qc","jp","br","es","zh"],"languages":{"en":{"title":true,"content":true,"excerpt":false},"de":{"title":true,"content":true,"excerpt":false},"fr":{"title":true,"content":true,"excerpt":false},"qc":{"title":false,"content":false,"excerpt":false},"jp":{"title":true,"content":true,"excerpt":false},"br":{"title":true,"content":true,"excerpt":false},"es":{"title":true,"content":true,"excerpt":false},"zh":{"title":true,"content":true,"excerpt":false}}},"acf":[],"yoast_head":"<!-- This site is optimized with the Yoast SEO plugin v27.3 - https:\/\/yoast.com\/product\/yoast-seo-wordpress\/ -->\n<title>Novedades de iManage Work Desktop for Windows &#8211; Docs - iManage<\/title>\n<meta name=\"robots\" content=\"index, follow, max-snippet:-1, max-image-preview:large, max-video-preview:-1\" \/>\n<link rel=\"canonical\" href=\"https:\/\/docs.imanage.com\/br\/work\/whats-new-in-imanage-wdw-02-2021.html\" \/>\n<meta property=\"og:locale\" content=\"es_ES\" \/>\n<meta property=\"og:type\" content=\"article\" \/>\n<meta property=\"og:title\" content=\"Novedades de iManage Work Desktop for Windows &#8211; Docs - iManage\" \/>\n<meta property=\"og:url\" content=\"https:\/\/docs.imanage.com\/br\/work\/whats-new-in-imanage-wdw-02-2021.html\" \/>\n<meta property=\"og:site_name\" content=\"Docs - iManage\" \/>\n<meta property=\"article:modified_time\" content=\"2021-03-01T16:02:05+00:00\" \/>\n<meta property=\"og:image\" content=\"https:\/\/docs.imanage.com\/wp-content\/uploads\/2021\/01\/GIF_1-1.gif\" \/>\n<meta name=\"twitter:card\" content=\"summary_large_image\" \/>\n<meta name=\"twitter:label1\" content=\"Est. reading time\" \/>\n\t<meta name=\"twitter:data1\" content=\"15 minutes\" \/>\n<script type=\"application\/ld+json\" class=\"yoast-schema-graph\">{\"@context\":\"https:\\\/\\\/schema.org\",\"@graph\":[{\"@type\":\"WebPage\",\"@id\":\"https:\\\/\\\/docs.imanage.com\\\/br\\\/work\\\/whats-new-in-imanage-wdw-02-2021.html\",\"url\":\"https:\\\/\\\/docs.imanage.com\\\/br\\\/work\\\/whats-new-in-imanage-wdw-02-2021.html\",\"name\":\"Novedades de iManage Work Desktop for Windows &#8211; Docs - iManage\",\"isPartOf\":{\"@id\":\"https:\\\/\\\/docs.imanage.com\\\/#website\"},\"primaryImageOfPage\":{\"@id\":\"https:\\\/\\\/docs.imanage.com\\\/br\\\/work\\\/whats-new-in-imanage-wdw-02-2021.html#primaryimage\"},\"image\":{\"@id\":\"https:\\\/\\\/docs.imanage.com\\\/br\\\/work\\\/whats-new-in-imanage-wdw-02-2021.html#primaryimage\"},\"thumbnailUrl\":\"https:\\\/\\\/docs.imanage.com\\\/wp-content\\\/uploads\\\/2021\\\/01\\\/GIF_1-1.gif\",\"datePublished\":\"2021-01-08T07:12:30+00:00\",\"dateModified\":\"2021-03-01T16:02:05+00:00\",\"breadcrumb\":{\"@id\":\"https:\\\/\\\/docs.imanage.com\\\/br\\\/work\\\/whats-new-in-imanage-wdw-02-2021.html#breadcrumb\"},\"inLanguage\":\"es-ES\",\"potentialAction\":[{\"@type\":\"ReadAction\",\"target\":[\"https:\\\/\\\/docs.imanage.com\\\/br\\\/work\\\/whats-new-in-imanage-wdw-02-2021.html\"]}]},{\"@type\":\"ImageObject\",\"inLanguage\":\"es-ES\",\"@id\":\"https:\\\/\\\/docs.imanage.com\\\/br\\\/work\\\/whats-new-in-imanage-wdw-02-2021.html#primaryimage\",\"url\":\"https:\\\/\\\/docs.imanage.com\\\/wp-content\\\/uploads\\\/2021\\\/01\\\/GIF_1-1.gif\",\"contentUrl\":\"https:\\\/\\\/docs.imanage.com\\\/wp-content\\\/uploads\\\/2021\\\/01\\\/GIF_1-1.gif\"},{\"@type\":\"BreadcrumbList\",\"@id\":\"https:\\\/\\\/docs.imanage.com\\\/br\\\/work\\\/whats-new-in-imanage-wdw-02-2021.html#breadcrumb\",\"itemListElement\":[{\"@type\":\"ListItem\",\"position\":1,\"name\":\"Home\",\"item\":\"https:\\\/\\\/docs.imanage.com\\\/\"},{\"@type\":\"ListItem\",\"position\":2,\"name\":\"Work\",\"item\":\"https:\\\/\\\/docs.imanage.com\\\/work.html\"},{\"@type\":\"ListItem\",\"position\":3,\"name\":\"O que h\u00e1 de novo no iManage Work Desktop for Windows\"}]},{\"@type\":\"WebSite\",\"@id\":\"https:\\\/\\\/docs.imanage.com\\\/#website\",\"url\":\"https:\\\/\\\/docs.imanage.com\\\/\",\"name\":\"Docs - iManage\",\"description\":\"\",\"potentialAction\":[{\"@type\":\"SearchAction\",\"target\":{\"@type\":\"EntryPoint\",\"urlTemplate\":\"https:\\\/\\\/docs.imanage.com\\\/?s={search_term_string}\"},\"query-input\":{\"@type\":\"PropertyValueSpecification\",\"valueRequired\":true,\"valueName\":\"search_term_string\"}}],\"inLanguage\":\"es-ES\"}]}<\/script>\n<!-- \/ Yoast SEO plugin. -->","yoast_head_json":{"title":"Novedades de iManage Work Desktop for Windows &#8211; Docs - iManage","robots":{"index":"index","follow":"follow","max-snippet":"max-snippet:-1","max-image-preview":"max-image-preview:large","max-video-preview":"max-video-preview:-1"},"canonical":"https:\/\/docs.imanage.com\/br\/work\/whats-new-in-imanage-wdw-02-2021.html","og_locale":"es_ES","og_type":"article","og_title":"Novedades de iManage Work Desktop for Windows &#8211; Docs - iManage","og_url":"https:\/\/docs.imanage.com\/br\/work\/whats-new-in-imanage-wdw-02-2021.html","og_site_name":"Docs - iManage","article_modified_time":"2021-03-01T16:02:05+00:00","og_image":[{"url":"https:\/\/docs.imanage.com\/wp-content\/uploads\/2021\/01\/GIF_1-1.gif","type":"","width":"","height":""}],"twitter_card":"summary_large_image","twitter_misc":{"Est. reading time":"15 minutes"},"schema":{"@context":"https:\/\/schema.org","@graph":[{"@type":"WebPage","@id":"https:\/\/docs.imanage.com\/br\/work\/whats-new-in-imanage-wdw-02-2021.html","url":"https:\/\/docs.imanage.com\/br\/work\/whats-new-in-imanage-wdw-02-2021.html","name":"Novedades de iManage Work Desktop for Windows &#8211; Docs - iManage","isPartOf":{"@id":"https:\/\/docs.imanage.com\/#website"},"primaryImageOfPage":{"@id":"https:\/\/docs.imanage.com\/br\/work\/whats-new-in-imanage-wdw-02-2021.html#primaryimage"},"image":{"@id":"https:\/\/docs.imanage.com\/br\/work\/whats-new-in-imanage-wdw-02-2021.html#primaryimage"},"thumbnailUrl":"https:\/\/docs.imanage.com\/wp-content\/uploads\/2021\/01\/GIF_1-1.gif","datePublished":"2021-01-08T07:12:30+00:00","dateModified":"2021-03-01T16:02:05+00:00","breadcrumb":{"@id":"https:\/\/docs.imanage.com\/br\/work\/whats-new-in-imanage-wdw-02-2021.html#breadcrumb"},"inLanguage":"es-ES","potentialAction":[{"@type":"ReadAction","target":["https:\/\/docs.imanage.com\/br\/work\/whats-new-in-imanage-wdw-02-2021.html"]}]},{"@type":"ImageObject","inLanguage":"es-ES","@id":"https:\/\/docs.imanage.com\/br\/work\/whats-new-in-imanage-wdw-02-2021.html#primaryimage","url":"https:\/\/docs.imanage.com\/wp-content\/uploads\/2021\/01\/GIF_1-1.gif","contentUrl":"https:\/\/docs.imanage.com\/wp-content\/uploads\/2021\/01\/GIF_1-1.gif"},{"@type":"BreadcrumbList","@id":"https:\/\/docs.imanage.com\/br\/work\/whats-new-in-imanage-wdw-02-2021.html#breadcrumb","itemListElement":[{"@type":"ListItem","position":1,"name":"Home","item":"https:\/\/docs.imanage.com\/"},{"@type":"ListItem","position":2,"name":"Work","item":"https:\/\/docs.imanage.com\/work.html"},{"@type":"ListItem","position":3,"name":"O que h\u00e1 de novo no iManage Work Desktop for Windows"}]},{"@type":"WebSite","@id":"https:\/\/docs.imanage.com\/#website","url":"https:\/\/docs.imanage.com\/","name":"Docs - iManage","description":"","potentialAction":[{"@type":"SearchAction","target":{"@type":"EntryPoint","urlTemplate":"https:\/\/docs.imanage.com\/?s={search_term_string}"},"query-input":{"@type":"PropertyValueSpecification","valueRequired":true,"valueName":"search_term_string"}}],"inLanguage":"es-ES"}]}},"_links":{"self":[{"href":"https:\/\/docs.imanage.com\/es\/wp-json\/wp\/v2\/pages\/579","targetHints":{"allow":["GET"]}}],"collection":[{"href":"https:\/\/docs.imanage.com\/es\/wp-json\/wp\/v2\/pages"}],"about":[{"href":"https:\/\/docs.imanage.com\/es\/wp-json\/wp\/v2\/types\/page"}],"author":[{"embeddable":true,"href":"https:\/\/docs.imanage.com\/es\/wp-json\/wp\/v2\/users\/4"}],"replies":[{"embeddable":true,"href":"https:\/\/docs.imanage.com\/es\/wp-json\/wp\/v2\/comments?post=579"}],"version-history":[{"count":0,"href":"https:\/\/docs.imanage.com\/es\/wp-json\/wp\/v2\/pages\/579\/revisions"}],"up":[{"embeddable":true,"href":"https:\/\/docs.imanage.com\/es\/wp-json\/wp\/v2\/pages\/146"}],"wp:attachment":[{"href":"https:\/\/docs.imanage.com\/es\/wp-json\/wp\/v2\/media?parent=579"}],"curies":[{"name":"wp","href":"https:\/\/api.w.org\/{rel}","templated":true}]}}