{"id":581,"date":"2021-01-15T12:07:35","date_gmt":"2021-01-15T12:07:35","guid":{"rendered":"https:\/\/docs.imanage.com\/?page_id=581"},"modified":"2021-10-21T12:43:07","modified_gmt":"2021-10-21T12:43:07","slug":"whats-new-in-imanage-work-2021-09","status":"publish","type":"page","link":"https:\/\/docs.imanage.com\/es\/whats-new-in-imanage-work-2021-09.html","title":{"rendered":"Novedades de iManage Work"},"content":{"rendered":"<p><strong>Julio de 2021<\/strong><\/p>\n<h1>Cree una nueva versi\u00f3n del documento, \u00a1con facilidad!<\/h1>\n<p>Ahora puede copiar un documento y crear una nueva versi\u00f3n sin tener que abrirlo o descargarlo primero, lo que ahorra tiempo.<br \/>\n<img loading=\"lazy\" decoding=\"async\" class=\"gifplayer alignnone wp-image-664 size-large black-border\" src=\"https:\/\/docs.imanage.com\/wp-content\/uploads\/2021\/07\/Sep-2021-rel-Copy-as-new-version--1024x573.jpg\" alt=\"\" width=\"900\" height=\"504\" data-gif=\"https:\/\/docs.imanage.com\/wp-content\/uploads\/2021\/07\/Sep-2021-rel-Copy-as-new-version-.gif\" srcset=\"https:\/\/docs.imanage.com\/wp-content\/uploads\/2021\/07\/Sep-2021-rel-Copy-as-new-version--1024x573.jpg 1024w, https:\/\/docs.imanage.com\/wp-content\/uploads\/2021\/07\/Sep-2021-rel-Copy-as-new-version--300x168.jpg 300w, https:\/\/docs.imanage.com\/wp-content\/uploads\/2021\/07\/Sep-2021-rel-Copy-as-new-version--768x430.jpg 768w, https:\/\/docs.imanage.com\/wp-content\/uploads\/2021\/07\/Sep-2021-rel-Copy-as-new-version--1536x860.jpg 1536w, https:\/\/docs.imanage.com\/wp-content\/uploads\/2021\/07\/Sep-2021-rel-Copy-as-new-version--2048x1146.jpg 2048w\" sizes=\"auto, (max-width: 900px) 100vw, 900px\" \/><\/p>\n<h1>Copia del enlace con un solo clic.<\/h1>\n<p>Copie y comparta un enlace a un archivo o proyecto con un solo clic. La nueva herramienta de enlace de copia hace que sea r\u00e1pido y f\u00e1cil compartir el contenido con los colegas con solo un clic del rat\u00f3n. Ahorre tiempo con un solo clic para copiar un enlace a un archivo o proyecto y compartirlo con sus colegas.<br \/>\n<img loading=\"lazy\" decoding=\"async\" class=\"gifplayer alignnone wp-image-664 size-large black-border\" src=\"https:\/\/docs.imanage.com\/wp-content\/uploads\/2021\/07\/Sep-2021-rel-Simplified-copy-link-workflow-.jpg\" alt=\"\" width=\"900\" height=\"504\" data-gif=\"https:\/\/docs.imanage.com\/wp-content\/uploads\/2021\/07\/Sep-2021-rel-Simplified-copy-link-workflow-.gif\" \/><\/p>\n<h1>Est\u00e9 siempre al d\u00eda<\/h1>\n<p>Cuando haga clic en un enlace para previsualizar un documento, se le llevar\u00e1 autom\u00e1ticamente a la \u00faltima versi\u00f3n. Esto le ayuda a mantenerse al d\u00eda con los \u00faltimos cambios, y le da la flexibilidad de comprobar f\u00e1cilmente el historial del documento cambiando a la vista del mismo.<br \/>\n<img loading=\"lazy\" decoding=\"async\" class=\"gifplayer alignnone wp-image-664 size-large black-border\" src=\"https:\/\/docs.imanage.com\/wp-content\/uploads\/2021\/08\/Sep-2021-rel-Always-stay-current.jpg\" alt=\"\" width=\"900\" height=\"504\" data-gif=\"https:\/\/docs.imanage.com\/wp-content\/uploads\/2021\/08\/Sep-2021-rel-Always-stay-current.gif\" \/><\/p>\n<p><strong>NOTA<\/strong>: Para activar esta funci\u00f3n, los administradores pueden cambiar la configuraci\u00f3n en\u00a0<a href=\"https:\/\/docs.imanage.com\/cloud\/cc-help\/en\/Upcoming_Features.html\">iManage Control Center<\/a>.<\/p>\n<h1>Nuevos submen\u00fas dedicados a las operaciones documentales<\/h1>\n<p>Los nuevos submen\u00fas para las operaciones con documentos hacen que sea r\u00e1pido y f\u00e1cil abrir o copiar documentos, para que pueda seguir concentrado en su trabajo.<br \/>\n<img loading=\"lazy\" decoding=\"async\" class=\"gifplayer alignnone wp-image-664 size-large black-border\" src=\"https:\/\/docs.imanage.com\/wp-content\/uploads\/2021\/07\/Sep-2021-rel-Open-and-copy-sub-menu.jpg\" alt=\"\" width=\"900\" height=\"504\" data-gif=\"https:\/\/docs.imanage.com\/wp-content\/uploads\/2021\/07\/Sep-2021-rel-Open-and-copy-sub-menu.gif\" \/><\/p>\n<h1>Elimine la exposici\u00f3n accidental de contenidos<\/h1>\n<p>Al proporcionar a los usuarios, autores o grupos acceso a los contenidos, puede ver r\u00e1pidamente si tienen los derechos de acceso adecuados, lo que elimina el riesgo de compartir contenidos accidentalmente.<br \/>\n<img loading=\"lazy\" decoding=\"async\" class=\"gifplayer alignnone wp-image-664 size-large black-border\" src=\"https:\/\/docs.imanage.com\/wp-content\/uploads\/2021\/08\/Eliminate-accidental-exposure.jpg\" alt=\"\" width=\"900\" height=\"504\" data-gif=\"https:\/\/docs.imanage.com\/wp-content\/uploads\/2021\/08\/Eliminate-accidental-exposure.gif\" \/><\/p>\n<h1>Acceda f\u00e1cilmente a las carpetas recientes.<\/h1>\n<p>\u00bfQuiere encontrar las carpetas en las que ha guardado recientemente contenidos o ha archivado correos electr\u00f3nicos? Ahora se puede acceder f\u00e1cilmente a estas carpetas con un solo clic. Adem\u00e1s, la b\u00fasqueda de carpetas est\u00e1 convenientemente disponible desde la b\u00fasqueda simple, lo que le permite encontrar r\u00e1pidamente carpetas concretas sin tener que utilizar la b\u00fasqueda avanzada.<br \/>\n<img loading=\"lazy\" decoding=\"async\" class=\"gifplayer alignnone wp-image-664 size-large black-border\" src=\"https:\/\/docs.imanage.com\/wp-content\/uploads\/2021\/08\/Easily-access-Recent-Folders.jpg\" alt=\"\" width=\"900\" height=\"504\" data-gif=\"https:\/\/docs.imanage.com\/wp-content\/uploads\/2021\/08\/Easily-access-Recent-Folders.gif\" \/><\/p>\n<h1>Mueva el panel de progreso a cualquier lugar<\/h1>\n<p>\u00bfTrabaja en una pantalla peque\u00f1a y necesita m\u00e1s \u00e1rea de visualizaci\u00f3n?\u00a0Arrastre y mueva el panel de progreso a cualquier lugar de iManage Work. La posici\u00f3n del panel de progreso fijada por usted se mantendr\u00e1 hasta que la vuelva a mover.<br \/>\n<img loading=\"lazy\" decoding=\"async\" class=\"gifplayer alignnone wp-image-664 size-large black-border\" style=\"font-size: 1rem;\" src=\"https:\/\/docs.imanage.com\/wp-content\/uploads\/2021\/07\/Sep-2021-rel-Moving-progress-panel.jpg\" alt=\"\" width=\"900\" height=\"504\" data-gif=\"https:\/\/docs.imanage.com\/wp-content\/uploads\/2021\/07\/Sep-2021-rel-Moving-progress-panel.gif\" \/><\/p>\n<p><a href=\"https:\/\/docs.imanage.com\/whats-new-in-imanage-work-2021-02.html\">Versi\u00f3n anterior<\/a><\/p>\n","protected":false},"excerpt":{"rendered":"<p>Julio de 2021 Cree una nueva versi\u00f3n del documento, \u00a1con facilidad! Ahora puede copiar un documento y crear una nueva versi\u00f3n sin tener que abrirlo o descargarlo primero, lo que ahorra tiempo. Copia del enlace con un solo clic. Copie y comparta un enlace a un archivo o proyecto con un solo clic. La nueva [&hellip;]<\/p>\n","protected":false},"author":4,"featured_media":0,"parent":0,"menu_order":0,"comment_status":"closed","ping_status":"closed","template":"","meta":{"_acf_changed":false,"footnotes":""},"class_list":["post-581","page","type-page","status-publish","hentry"],"translation":{"provider":"WPGlobus","version":"3.0.2","language":"es","enabled_languages":["en","de","fr","qc","jp","br","es","zh"],"languages":{"en":{"title":true,"content":true,"excerpt":false},"de":{"title":true,"content":true,"excerpt":false},"fr":{"title":true,"content":true,"excerpt":false},"qc":{"title":false,"content":false,"excerpt":false},"jp":{"title":true,"content":true,"excerpt":false},"br":{"title":true,"content":true,"excerpt":false},"es":{"title":true,"content":true,"excerpt":false},"zh":{"title":true,"content":true,"excerpt":false}}},"acf":[],"yoast_head":"<!-- This site is optimized with the Yoast SEO plugin v27.4 - https:\/\/yoast.com\/product\/yoast-seo-wordpress\/ -->\n<title>Novedades de iManage Work &#8211; Docs - iManage<\/title>\n<meta name=\"robots\" content=\"index, follow, max-snippet:-1, max-image-preview:large, max-video-preview:-1\" \/>\n<link rel=\"canonical\" href=\"https:\/\/docs.imanage.com\/whats-new-in-imanage-work-2021-09.html\" \/>\n<meta property=\"og:locale\" content=\"es_ES\" \/>\n<meta property=\"og:type\" content=\"article\" \/>\n<meta property=\"og:title\" content=\"Novedades de iManage Work &#8211; Docs - iManage\" \/>\n<meta property=\"og:url\" content=\"https:\/\/docs.imanage.com\/whats-new-in-imanage-work-2021-09.html\" \/>\n<meta property=\"og:site_name\" content=\"Docs - iManage\" \/>\n<meta property=\"article:modified_time\" content=\"2021-10-21T12:43:07+00:00\" \/>\n<meta property=\"og:image\" content=\"https:\/\/docs.imanage.com\/wp-content\/uploads\/2021\/07\/Sep-2021-rel-Copy-as-new-version--1024x573.jpg\" \/>\n<meta name=\"twitter:card\" content=\"summary_large_image\" \/>\n<meta name=\"twitter:label1\" content=\"Est. reading time\" \/>\n\t<meta name=\"twitter:data1\" content=\"9 minutes\" \/>\n<script type=\"application\/ld+json\" class=\"yoast-schema-graph\">{\"@context\":\"https:\\\/\\\/schema.org\",\"@graph\":[{\"@type\":\"WebPage\",\"@id\":\"https:\\\/\\\/docs.imanage.com\\\/whats-new-in-imanage-work-2021-09.html\",\"url\":\"https:\\\/\\\/docs.imanage.com\\\/whats-new-in-imanage-work-2021-09.html\",\"name\":\"Novedades de iManage Work &#8211; Docs - iManage\",\"isPartOf\":{\"@id\":\"https:\\\/\\\/docs.imanage.com\\\/#website\"},\"primaryImageOfPage\":{\"@id\":\"https:\\\/\\\/docs.imanage.com\\\/whats-new-in-imanage-work-2021-09.html#primaryimage\"},\"image\":{\"@id\":\"https:\\\/\\\/docs.imanage.com\\\/whats-new-in-imanage-work-2021-09.html#primaryimage\"},\"thumbnailUrl\":\"https:\\\/\\\/docs.imanage.com\\\/wp-content\\\/uploads\\\/2021\\\/07\\\/Sep-2021-rel-Copy-as-new-version--1024x573.jpg\",\"datePublished\":\"2021-01-15T12:07:35+00:00\",\"dateModified\":\"2021-10-21T12:43:07+00:00\",\"breadcrumb\":{\"@id\":\"https:\\\/\\\/docs.imanage.com\\\/whats-new-in-imanage-work-2021-09.html#breadcrumb\"},\"inLanguage\":\"es-ES\",\"potentialAction\":[{\"@type\":\"ReadAction\",\"target\":[\"https:\\\/\\\/docs.imanage.com\\\/whats-new-in-imanage-work-2021-09.html\"]}]},{\"@type\":\"ImageObject\",\"inLanguage\":\"es-ES\",\"@id\":\"https:\\\/\\\/docs.imanage.com\\\/whats-new-in-imanage-work-2021-09.html#primaryimage\",\"url\":\"https:\\\/\\\/docs.imanage.com\\\/wp-content\\\/uploads\\\/2021\\\/07\\\/Sep-2021-rel-Copy-as-new-version--1024x573.jpg\",\"contentUrl\":\"https:\\\/\\\/docs.imanage.com\\\/wp-content\\\/uploads\\\/2021\\\/07\\\/Sep-2021-rel-Copy-as-new-version--1024x573.jpg\"},{\"@type\":\"BreadcrumbList\",\"@id\":\"https:\\\/\\\/docs.imanage.com\\\/whats-new-in-imanage-work-2021-09.html#breadcrumb\",\"itemListElement\":[{\"@type\":\"ListItem\",\"position\":1,\"name\":\"Home\",\"item\":\"https:\\\/\\\/docs.imanage.com\\\/\"},{\"@type\":\"ListItem\",\"position\":2,\"name\":\"What&#8217;s New in iManage Work\"}]},{\"@type\":\"WebSite\",\"@id\":\"https:\\\/\\\/docs.imanage.com\\\/#website\",\"url\":\"https:\\\/\\\/docs.imanage.com\\\/\",\"name\":\"Docs - iManage\",\"description\":\"\",\"potentialAction\":[{\"@type\":\"SearchAction\",\"target\":{\"@type\":\"EntryPoint\",\"urlTemplate\":\"https:\\\/\\\/docs.imanage.com\\\/?s={search_term_string}\"},\"query-input\":{\"@type\":\"PropertyValueSpecification\",\"valueRequired\":true,\"valueName\":\"search_term_string\"}}],\"inLanguage\":\"es-ES\"}]}<\/script>\n<!-- \/ Yoast SEO plugin. -->","yoast_head_json":{"title":"Novedades de iManage Work &#8211; Docs - iManage","robots":{"index":"index","follow":"follow","max-snippet":"max-snippet:-1","max-image-preview":"max-image-preview:large","max-video-preview":"max-video-preview:-1"},"canonical":"https:\/\/docs.imanage.com\/whats-new-in-imanage-work-2021-09.html","og_locale":"es_ES","og_type":"article","og_title":"Novedades de iManage Work &#8211; Docs - iManage","og_url":"https:\/\/docs.imanage.com\/whats-new-in-imanage-work-2021-09.html","og_site_name":"Docs - iManage","article_modified_time":"2021-10-21T12:43:07+00:00","og_image":[{"url":"https:\/\/docs.imanage.com\/wp-content\/uploads\/2021\/07\/Sep-2021-rel-Copy-as-new-version--1024x573.jpg","type":"","width":"","height":""}],"twitter_card":"summary_large_image","twitter_misc":{"Est. reading time":"9 minutes"},"schema":{"@context":"https:\/\/schema.org","@graph":[{"@type":"WebPage","@id":"https:\/\/docs.imanage.com\/whats-new-in-imanage-work-2021-09.html","url":"https:\/\/docs.imanage.com\/whats-new-in-imanage-work-2021-09.html","name":"Novedades de iManage Work &#8211; Docs - iManage","isPartOf":{"@id":"https:\/\/docs.imanage.com\/#website"},"primaryImageOfPage":{"@id":"https:\/\/docs.imanage.com\/whats-new-in-imanage-work-2021-09.html#primaryimage"},"image":{"@id":"https:\/\/docs.imanage.com\/whats-new-in-imanage-work-2021-09.html#primaryimage"},"thumbnailUrl":"https:\/\/docs.imanage.com\/wp-content\/uploads\/2021\/07\/Sep-2021-rel-Copy-as-new-version--1024x573.jpg","datePublished":"2021-01-15T12:07:35+00:00","dateModified":"2021-10-21T12:43:07+00:00","breadcrumb":{"@id":"https:\/\/docs.imanage.com\/whats-new-in-imanage-work-2021-09.html#breadcrumb"},"inLanguage":"es-ES","potentialAction":[{"@type":"ReadAction","target":["https:\/\/docs.imanage.com\/whats-new-in-imanage-work-2021-09.html"]}]},{"@type":"ImageObject","inLanguage":"es-ES","@id":"https:\/\/docs.imanage.com\/whats-new-in-imanage-work-2021-09.html#primaryimage","url":"https:\/\/docs.imanage.com\/wp-content\/uploads\/2021\/07\/Sep-2021-rel-Copy-as-new-version--1024x573.jpg","contentUrl":"https:\/\/docs.imanage.com\/wp-content\/uploads\/2021\/07\/Sep-2021-rel-Copy-as-new-version--1024x573.jpg"},{"@type":"BreadcrumbList","@id":"https:\/\/docs.imanage.com\/whats-new-in-imanage-work-2021-09.html#breadcrumb","itemListElement":[{"@type":"ListItem","position":1,"name":"Home","item":"https:\/\/docs.imanage.com\/"},{"@type":"ListItem","position":2,"name":"What&#8217;s New in iManage Work"}]},{"@type":"WebSite","@id":"https:\/\/docs.imanage.com\/#website","url":"https:\/\/docs.imanage.com\/","name":"Docs - iManage","description":"","potentialAction":[{"@type":"SearchAction","target":{"@type":"EntryPoint","urlTemplate":"https:\/\/docs.imanage.com\/?s={search_term_string}"},"query-input":{"@type":"PropertyValueSpecification","valueRequired":true,"valueName":"search_term_string"}}],"inLanguage":"es-ES"}]}},"_links":{"self":[{"href":"https:\/\/docs.imanage.com\/es\/wp-json\/wp\/v2\/pages\/581","targetHints":{"allow":["GET"]}}],"collection":[{"href":"https:\/\/docs.imanage.com\/es\/wp-json\/wp\/v2\/pages"}],"about":[{"href":"https:\/\/docs.imanage.com\/es\/wp-json\/wp\/v2\/types\/page"}],"author":[{"embeddable":true,"href":"https:\/\/docs.imanage.com\/es\/wp-json\/wp\/v2\/users\/4"}],"replies":[{"embeddable":true,"href":"https:\/\/docs.imanage.com\/es\/wp-json\/wp\/v2\/comments?post=581"}],"version-history":[{"count":0,"href":"https:\/\/docs.imanage.com\/es\/wp-json\/wp\/v2\/pages\/581\/revisions"}],"wp:attachment":[{"href":"https:\/\/docs.imanage.com\/es\/wp-json\/wp\/v2\/media?parent=581"}],"curies":[{"name":"wp","href":"https:\/\/api.w.org\/{rel}","templated":true}]}}