{"id":610,"date":"2021-03-26T08:22:04","date_gmt":"2021-03-26T08:22:04","guid":{"rendered":"https:\/\/docs.imanage.com\/?page_id=610"},"modified":"2022-10-17T08:20:40","modified_gmt":"2022-10-17T08:20:40","slug":"whats-new-in-imanage-wdw-2021","status":"publish","type":"page","link":"https:\/\/docs.imanage.com\/es\/work\/whats-new-in-imanage-wdw-2021.html","title":{"rendered":"Novedades de iManage Work Desktop for Windows"},"content":{"rendered":"<h4>Versi\u00f3n: 10.5.0.43\u00a0(Junio 2021)<\/h4>\n<h1>Mejoras en la gesti\u00f3n del correo electr\u00f3nico para Microsoft Outlook<\/h1>\n<h3>Nunca pierda su lugar al acoplar o desacoplar el iManage Work Panel<\/h3>\n<p>Ahora puede acoplar o desacoplar su iManage\u00a0<strong>Work Panel<\/strong> sin tener que preocuparse de perder su lugar. Esta actualizaci\u00f3n le permite navegar a una carpeta o documento, y luego acoplar y desacoplar el iManage\u00a0<strong>Work Panel\u00a0<\/strong>mientras guarda su ruta de navegaci\u00f3n autom\u00e1ticamente.\u00a0Esto le ahorra tiempo y le permite concentrarse en su trabajo.<\/p>\n<p><img loading=\"lazy\" decoding=\"async\" class=\"alignnone wp-image-625\" src=\"https:\/\/docs.imanage.com\/wp-content\/uploads\/2021\/05\/Undock-a-doc-1.gif\" alt=\"\" width=\"1000\" height=\"564\" \/><\/p>\n<h1>Mejoras en el trabajo con documentos<\/h1>\n<h3>Cambios en las notificaciones por correo electr\u00f3nico para co-authoring<\/h3>\n<p>En versiones anteriores, cuando se enviaba una notificaci\u00f3n por correo electr\u00f3nico para ser coautor de un documento, los destinatarios no ten\u00edan forma de saber qui\u00e9n pod\u00eda editar el documento y qui\u00e9n solo pod\u00eda verlo. En la nueva versi\u00f3n de iManage Work, cuando se env\u00eda una invitaci\u00f3n por correo electr\u00f3nico, el correo electr\u00f3nico indica claramente los nombres de los destinatarios y si tienen permiso para editar o solo ver el documento. Para obtener m\u00e1s informaci\u00f3n sobre c\u00f3mo activar esta funci\u00f3n, contacte con su administrador.<\/p>\n<h4><img loading=\"lazy\" decoding=\"async\" class=\"alignnone wp-image-621\" src=\"https:\/\/docs.imanage.com\/wp-content\/uploads\/2021\/05\/Screenshot-2021-05-13-at-2.00.26-PM-1024x428.png\" alt=\"\" width=\"1000\" height=\"418\" srcset=\"https:\/\/docs.imanage.com\/wp-content\/uploads\/2021\/05\/Screenshot-2021-05-13-at-2.00.26-PM-1024x428.png 1024w, https:\/\/docs.imanage.com\/wp-content\/uploads\/2021\/05\/Screenshot-2021-05-13-at-2.00.26-PM-300x125.png 300w, https:\/\/docs.imanage.com\/wp-content\/uploads\/2021\/05\/Screenshot-2021-05-13-at-2.00.26-PM-768x321.png 768w, https:\/\/docs.imanage.com\/wp-content\/uploads\/2021\/05\/Screenshot-2021-05-13-at-2.00.26-PM-1536x642.png 1536w, https:\/\/docs.imanage.com\/wp-content\/uploads\/2021\/05\/Screenshot-2021-05-13-at-2.00.26-PM-2048x856.png 2048w\" sizes=\"auto, (max-width: 1000px) 100vw, 1000px\" \/><\/h4>\n<h3>Facilitar el guardado del PDF como un nuevo documento<\/h3>\n<p>Anteriormente, cuando se quer\u00eda guardar un nuevo documento de Microsoft Office en iManage Work 10 como archivo PDF, la opci\u00f3n predeterminada era <strong>Nueva versi\u00f3n<\/strong>. Por lo tanto, si quer\u00eda guardar el archivo PDF como un documento nuevo, ten\u00eda que cambiar la opci\u00f3n de <strong>Nueva versi\u00f3n<\/strong> a <strong>Nuevo documento<\/strong>.\u00a0 Ahora puede establecer el <strong>Nuevo documento<\/strong> como opci\u00f3n predeterminada, lo que le ahorrar\u00e1 tiempo porque no tendr\u00e1 que seleccionar esta opci\u00f3n cada vez que guarde un archivo PDF.\u00a0 Para obtener m\u00e1s informaci\u00f3n sobre c\u00f3mo activar esta configuraci\u00f3n, p\u00f3ngase en contacto con su administrador.<\/p>\n<p><img loading=\"lazy\" decoding=\"async\" class=\"alignnone wp-image-622\" src=\"https:\/\/docs.imanage.com\/wp-content\/uploads\/2021\/05\/Screenshot-2021-05-13-at-1.19.19-PM-1024x850.png\" alt=\"\" width=\"720\" height=\"598\" srcset=\"https:\/\/docs.imanage.com\/wp-content\/uploads\/2021\/05\/Screenshot-2021-05-13-at-1.19.19-PM-1024x850.png 1024w, https:\/\/docs.imanage.com\/wp-content\/uploads\/2021\/05\/Screenshot-2021-05-13-at-1.19.19-PM-300x249.png 300w, https:\/\/docs.imanage.com\/wp-content\/uploads\/2021\/05\/Screenshot-2021-05-13-at-1.19.19-PM-768x638.png 768w, https:\/\/docs.imanage.com\/wp-content\/uploads\/2021\/05\/Screenshot-2021-05-13-at-1.19.19-PM-1536x1275.png 1536w, https:\/\/docs.imanage.com\/wp-content\/uploads\/2021\/05\/Screenshot-2021-05-13-at-1.19.19-PM.png 1650w\" sizes=\"auto, (max-width: 720px) 100vw, 720px\" \/><\/p>\n<h1>Novedades de iManage Drive<\/h1>\n<p><strong>Versi\u00f3n: 10.5.1 (Julio de 2021)<\/strong><\/p>\n<h1><strong>Acceda a las carpetas Mis asuntos y Asuntos recientes desde su carpeta asignada<\/strong><\/h1>\n<ul>\n<li>iManage Drive muestra las carpetas Mis asuntos y Asuntos recientes en su carpeta asignada.<\/li>\n<li>Si es usuario de iManage FileShare, la migraci\u00f3n a iManage Drive se realizar\u00e1 correctamente sin ning\u00fan cambio en su comportamiento como usuario.<\/li>\n<\/ul>\n<p><img loading=\"lazy\" decoding=\"async\" class=\"alignnone wp-image-645 size-full\" src=\"https:\/\/docs.imanage.com\/wp-content\/uploads\/2021\/07\/Mac_Mymatters.gif\" alt=\"\" width=\"720\" height=\"417\" \/><\/p>\n<h1><strong>Vea el progreso de la sincronizaci\u00f3n del espacio de trabajo en el panel de iManage Drive<\/strong><\/h1>\n<p>\u00bfSe pregunta cu\u00e1ndo se realizar\u00e1 la sincronizaci\u00f3n de los distintos espacios de trabajo que ha seleccionado? El panel de iManage Drive muestra actualizaciones constantes sobre el progreso de la sincronizaci\u00f3n, especialmente para asuntos con un gran n\u00famero de carpetas y documentos que pueden tardar en sincronizarse.<\/p>\n<p>Todos los espacios de trabajo que ha seleccionado para sincronizar aparecer\u00e1n en la cola y se sincronizar\u00e1n en el orden indicado.<\/p>\n<p><img loading=\"lazy\" decoding=\"async\" class=\"alignnone size-full wp-image-647\" src=\"https:\/\/docs.imanage.com\/wp-content\/uploads\/2021\/07\/Mac_Mattersync.gif\" alt=\"\" width=\"720\" height=\"433\" \/><\/p>\n<h1><strong>Cargue nuevas versiones de archivos mediante la opci\u00f3n de clic derecho<\/strong><\/h1>\n<p>Haga clic con el bot\u00f3n derecho del rat\u00f3n en un archivo de la carpeta asignada y utilice la opci\u00f3n<strong> Cargar nueva versi\u00f3n<\/strong> para seleccionar cualquier archivo de la carpeta local o del escritorio para crear una nueva versi\u00f3n. El nuevo archivo puede tener el mismo formato que la versi\u00f3n actual o estar en otro formato. Por ejemplo, al trabajar en el estado financiero anual de su organizaci\u00f3n que est\u00e1 en formato Microsoft Word y luego carga la versi\u00f3n final como PDF utilizando su carpeta asignada.<\/p>\n<p>Cuando iManage Drive se sincroniza, este archivo se cargar\u00e1 en iManage Work y reemplazar\u00e1 la versi\u00f3n anterior en la carpeta asignada.<\/p>\n<p><strong>NOTA<\/strong>: Esta opci\u00f3n no est\u00e1 disponible para los archivos declarados como registro o para los archivos extra\u00eddos, y no es compatible con los correos electr\u00f3nicos.<\/p>\n<p><img loading=\"lazy\" decoding=\"async\" class=\"alignnone size-full wp-image-648\" src=\"https:\/\/docs.imanage.com\/wp-content\/uploads\/2021\/07\/Mac_Upload.gif\" alt=\"\" width=\"720\" height=\"417\" \/><\/p>\n<p><strong>Versi\u00f3n anterior<\/strong>: <a href=\"https:\/\/docs.imanage.com\/es\/work\/whats-new-in-imanage-wdw-2021.html\">iManage Desktop for Windows &#8211; 10.4.0 y iManage Drive &#8211; 10.4.1<\/a><\/p>\n","protected":false},"excerpt":{"rendered":"<p>Versi\u00f3n: 10.5.0.43\u00a0(Junio 2021) Mejoras en la gesti\u00f3n del correo electr\u00f3nico para Microsoft Outlook Nunca pierda su lugar al acoplar o desacoplar el iManage Work Panel Ahora puede acoplar o desacoplar su iManage\u00a0Work Panel sin tener que preocuparse de perder su lugar. Esta actualizaci\u00f3n le permite navegar a una carpeta o documento, y luego acoplar y [&hellip;]<\/p>\n","protected":false},"author":4,"featured_media":0,"parent":146,"menu_order":0,"comment_status":"closed","ping_status":"closed","template":"","meta":{"_acf_changed":false,"footnotes":""},"class_list":["post-610","page","type-page","status-publish","hentry"],"translation":{"provider":"WPGlobus","version":"3.0.2","language":"es","enabled_languages":["en","de","fr","qc","jp","br","es","zh"],"languages":{"en":{"title":true,"content":true,"excerpt":false},"de":{"title":true,"content":true,"excerpt":false},"fr":{"title":true,"content":true,"excerpt":false},"qc":{"title":false,"content":false,"excerpt":false},"jp":{"title":true,"content":true,"excerpt":false},"br":{"title":true,"content":true,"excerpt":false},"es":{"title":true,"content":true,"excerpt":false},"zh":{"title":true,"content":true,"excerpt":false}}},"acf":[],"yoast_head":"<!-- This site is optimized with the Yoast SEO plugin v27.3 - https:\/\/yoast.com\/product\/yoast-seo-wordpress\/ -->\n<title>Novedades de iManage Work Desktop for Windows &#8211; Docs - iManage<\/title>\n<meta name=\"robots\" content=\"index, follow, max-snippet:-1, max-image-preview:large, max-video-preview:-1\" \/>\n<link rel=\"canonical\" href=\"https:\/\/docs.imanage.com\/work\/whats-new-in-imanage-wdw-2021.html\" \/>\n<meta property=\"og:locale\" content=\"es_ES\" \/>\n<meta property=\"og:type\" content=\"article\" \/>\n<meta property=\"og:title\" content=\"Novedades de iManage Work Desktop for Windows &#8211; Docs - iManage\" \/>\n<meta property=\"og:url\" content=\"https:\/\/docs.imanage.com\/work\/whats-new-in-imanage-wdw-2021.html\" \/>\n<meta property=\"og:site_name\" content=\"Docs - iManage\" \/>\n<meta property=\"article:modified_time\" content=\"2022-10-17T08:20:40+00:00\" \/>\n<meta property=\"og:image\" content=\"https:\/\/docs.imanage.com\/wp-content\/uploads\/2021\/05\/Undock-a-doc-1.gif\" \/>\n<meta name=\"twitter:card\" content=\"summary_large_image\" \/>\n<meta name=\"twitter:label1\" content=\"Est. reading time\" \/>\n\t<meta name=\"twitter:data1\" content=\"4 minutes\" \/>\n<script type=\"application\/ld+json\" class=\"yoast-schema-graph\">{\"@context\":\"https:\\\/\\\/schema.org\",\"@graph\":[{\"@type\":\"WebPage\",\"@id\":\"https:\\\/\\\/docs.imanage.com\\\/work\\\/whats-new-in-imanage-wdw-2021.html\",\"url\":\"https:\\\/\\\/docs.imanage.com\\\/work\\\/whats-new-in-imanage-wdw-2021.html\",\"name\":\"Novedades de iManage Work Desktop for Windows &#8211; Docs - iManage\",\"isPartOf\":{\"@id\":\"https:\\\/\\\/docs.imanage.com\\\/#website\"},\"primaryImageOfPage\":{\"@id\":\"https:\\\/\\\/docs.imanage.com\\\/work\\\/whats-new-in-imanage-wdw-2021.html#primaryimage\"},\"image\":{\"@id\":\"https:\\\/\\\/docs.imanage.com\\\/work\\\/whats-new-in-imanage-wdw-2021.html#primaryimage\"},\"thumbnailUrl\":\"https:\\\/\\\/docs.imanage.com\\\/wp-content\\\/uploads\\\/2021\\\/05\\\/Undock-a-doc-1.gif\",\"datePublished\":\"2021-03-26T08:22:04+00:00\",\"dateModified\":\"2022-10-17T08:20:40+00:00\",\"breadcrumb\":{\"@id\":\"https:\\\/\\\/docs.imanage.com\\\/work\\\/whats-new-in-imanage-wdw-2021.html#breadcrumb\"},\"inLanguage\":\"es-ES\",\"potentialAction\":[{\"@type\":\"ReadAction\",\"target\":[\"https:\\\/\\\/docs.imanage.com\\\/work\\\/whats-new-in-imanage-wdw-2021.html\"]}]},{\"@type\":\"ImageObject\",\"inLanguage\":\"es-ES\",\"@id\":\"https:\\\/\\\/docs.imanage.com\\\/work\\\/whats-new-in-imanage-wdw-2021.html#primaryimage\",\"url\":\"https:\\\/\\\/docs.imanage.com\\\/wp-content\\\/uploads\\\/2021\\\/05\\\/Undock-a-doc-1.gif\",\"contentUrl\":\"https:\\\/\\\/docs.imanage.com\\\/wp-content\\\/uploads\\\/2021\\\/05\\\/Undock-a-doc-1.gif\"},{\"@type\":\"BreadcrumbList\",\"@id\":\"https:\\\/\\\/docs.imanage.com\\\/work\\\/whats-new-in-imanage-wdw-2021.html#breadcrumb\",\"itemListElement\":[{\"@type\":\"ListItem\",\"position\":1,\"name\":\"Home\",\"item\":\"https:\\\/\\\/docs.imanage.com\\\/\"},{\"@type\":\"ListItem\",\"position\":2,\"name\":\"Work\",\"item\":\"https:\\\/\\\/docs.imanage.com\\\/work.html\"},{\"@type\":\"ListItem\",\"position\":3,\"name\":\"What&#8217;s new in iManage Work Desktop for Windows\"}]},{\"@type\":\"WebSite\",\"@id\":\"https:\\\/\\\/docs.imanage.com\\\/#website\",\"url\":\"https:\\\/\\\/docs.imanage.com\\\/\",\"name\":\"Docs - iManage\",\"description\":\"\",\"potentialAction\":[{\"@type\":\"SearchAction\",\"target\":{\"@type\":\"EntryPoint\",\"urlTemplate\":\"https:\\\/\\\/docs.imanage.com\\\/?s={search_term_string}\"},\"query-input\":{\"@type\":\"PropertyValueSpecification\",\"valueRequired\":true,\"valueName\":\"search_term_string\"}}],\"inLanguage\":\"es-ES\"}]}<\/script>\n<!-- \/ Yoast SEO plugin. -->","yoast_head_json":{"title":"Novedades de iManage Work Desktop for Windows &#8211; Docs - iManage","robots":{"index":"index","follow":"follow","max-snippet":"max-snippet:-1","max-image-preview":"max-image-preview:large","max-video-preview":"max-video-preview:-1"},"canonical":"https:\/\/docs.imanage.com\/work\/whats-new-in-imanage-wdw-2021.html","og_locale":"es_ES","og_type":"article","og_title":"Novedades de iManage Work Desktop for Windows &#8211; Docs - iManage","og_url":"https:\/\/docs.imanage.com\/work\/whats-new-in-imanage-wdw-2021.html","og_site_name":"Docs - iManage","article_modified_time":"2022-10-17T08:20:40+00:00","og_image":[{"url":"https:\/\/docs.imanage.com\/wp-content\/uploads\/2021\/05\/Undock-a-doc-1.gif","type":"","width":"","height":""}],"twitter_card":"summary_large_image","twitter_misc":{"Est. reading time":"4 minutes"},"schema":{"@context":"https:\/\/schema.org","@graph":[{"@type":"WebPage","@id":"https:\/\/docs.imanage.com\/work\/whats-new-in-imanage-wdw-2021.html","url":"https:\/\/docs.imanage.com\/work\/whats-new-in-imanage-wdw-2021.html","name":"Novedades de iManage Work Desktop for Windows &#8211; Docs - iManage","isPartOf":{"@id":"https:\/\/docs.imanage.com\/#website"},"primaryImageOfPage":{"@id":"https:\/\/docs.imanage.com\/work\/whats-new-in-imanage-wdw-2021.html#primaryimage"},"image":{"@id":"https:\/\/docs.imanage.com\/work\/whats-new-in-imanage-wdw-2021.html#primaryimage"},"thumbnailUrl":"https:\/\/docs.imanage.com\/wp-content\/uploads\/2021\/05\/Undock-a-doc-1.gif","datePublished":"2021-03-26T08:22:04+00:00","dateModified":"2022-10-17T08:20:40+00:00","breadcrumb":{"@id":"https:\/\/docs.imanage.com\/work\/whats-new-in-imanage-wdw-2021.html#breadcrumb"},"inLanguage":"es-ES","potentialAction":[{"@type":"ReadAction","target":["https:\/\/docs.imanage.com\/work\/whats-new-in-imanage-wdw-2021.html"]}]},{"@type":"ImageObject","inLanguage":"es-ES","@id":"https:\/\/docs.imanage.com\/work\/whats-new-in-imanage-wdw-2021.html#primaryimage","url":"https:\/\/docs.imanage.com\/wp-content\/uploads\/2021\/05\/Undock-a-doc-1.gif","contentUrl":"https:\/\/docs.imanage.com\/wp-content\/uploads\/2021\/05\/Undock-a-doc-1.gif"},{"@type":"BreadcrumbList","@id":"https:\/\/docs.imanage.com\/work\/whats-new-in-imanage-wdw-2021.html#breadcrumb","itemListElement":[{"@type":"ListItem","position":1,"name":"Home","item":"https:\/\/docs.imanage.com\/"},{"@type":"ListItem","position":2,"name":"Work","item":"https:\/\/docs.imanage.com\/work.html"},{"@type":"ListItem","position":3,"name":"What&#8217;s new in iManage Work Desktop for Windows"}]},{"@type":"WebSite","@id":"https:\/\/docs.imanage.com\/#website","url":"https:\/\/docs.imanage.com\/","name":"Docs - iManage","description":"","potentialAction":[{"@type":"SearchAction","target":{"@type":"EntryPoint","urlTemplate":"https:\/\/docs.imanage.com\/?s={search_term_string}"},"query-input":{"@type":"PropertyValueSpecification","valueRequired":true,"valueName":"search_term_string"}}],"inLanguage":"es-ES"}]}},"_links":{"self":[{"href":"https:\/\/docs.imanage.com\/es\/wp-json\/wp\/v2\/pages\/610","targetHints":{"allow":["GET"]}}],"collection":[{"href":"https:\/\/docs.imanage.com\/es\/wp-json\/wp\/v2\/pages"}],"about":[{"href":"https:\/\/docs.imanage.com\/es\/wp-json\/wp\/v2\/types\/page"}],"author":[{"embeddable":true,"href":"https:\/\/docs.imanage.com\/es\/wp-json\/wp\/v2\/users\/4"}],"replies":[{"embeddable":true,"href":"https:\/\/docs.imanage.com\/es\/wp-json\/wp\/v2\/comments?post=610"}],"version-history":[{"count":0,"href":"https:\/\/docs.imanage.com\/es\/wp-json\/wp\/v2\/pages\/610\/revisions"}],"up":[{"embeddable":true,"href":"https:\/\/docs.imanage.com\/es\/wp-json\/wp\/v2\/pages\/146"}],"wp:attachment":[{"href":"https:\/\/docs.imanage.com\/es\/wp-json\/wp\/v2\/media?parent=610"}],"curies":[{"name":"wp","href":"https:\/\/api.w.org\/{rel}","templated":true}]}}