{"id":643,"date":"2021-07-14T08:28:36","date_gmt":"2021-07-14T08:28:36","guid":{"rendered":"https:\/\/docs.imanage.com\/?page_id=643"},"modified":"2021-07-28T09:42:28","modified_gmt":"2021-07-28T09:42:28","slug":"whats-new-in-imanage-drive-mac-2021-07","status":"publish","type":"page","link":"https:\/\/docs.imanage.com\/es\/whats-new-in-imanage-drive-mac-2021-07.html","title":{"rendered":"Novedades de iManage Drive"},"content":{"rendered":"<p><strong>Versi\u00f3n: 10.5.1 (Julio de 2021)<\/strong><\/p>\n<h1><strong>Acceda a las carpetas Mis asuntos y Asuntos recientes desde su carpeta asignada<\/strong><\/h1>\n<ul>\n<li>iManage Drive muestra las carpetas Mis asuntos y Asuntos recientes en su carpeta asignada.<\/li>\n<li>Si es usuario de iManage FileShare, la migraci\u00f3n a iManage Drive se realizar\u00e1 correctamente sin ning\u00fan cambio en su comportamiento como usuario.<\/li>\n<\/ul>\n<p><img loading=\"lazy\" decoding=\"async\" class=\"alignnone wp-image-645 size-full\" src=\"https:\/\/docs.imanage.com\/wp-content\/uploads\/2021\/07\/Mac_Mymatters.gif\" alt=\"\" width=\"720\" height=\"417\" \/><\/p>\n<h1><strong>Vea el progreso de la sincronizaci\u00f3n del espacio de trabajo en el panel de iManage Drive<\/strong><\/h1>\n<p>\u00bfSe pregunta cu\u00e1ndo se realizar\u00e1 la sincronizaci\u00f3n de los distintos espacios de trabajo que ha seleccionado? El panel de iManage Drive muestra actualizaciones constantes sobre el progreso de la sincronizaci\u00f3n, especialmente para asuntos con un gran n\u00famero de carpetas y documentos que pueden tardar en sincronizarse.<\/p>\n<p>Todos los espacios de trabajo que ha seleccionado para sincronizar aparecer\u00e1n en la cola y se sincronizar\u00e1n en el orden indicado.<\/p>\n<p><img loading=\"lazy\" decoding=\"async\" class=\"alignnone size-full wp-image-647\" src=\"https:\/\/docs.imanage.com\/wp-content\/uploads\/2021\/07\/Mac_Mattersync.gif\" alt=\"\" width=\"720\" height=\"433\" \/><\/p>\n<h1><strong>Cargue nuevas versiones de archivos mediante la opci\u00f3n de clic derecho<\/strong><\/h1>\n<p>Haga clic con el bot\u00f3n derecho del rat\u00f3n en un archivo de la carpeta asignada y utilice la opci\u00f3n<strong> Cargar nueva versi\u00f3n<\/strong> para seleccionar cualquier archivo de la carpeta local o del escritorio para crear una nueva versi\u00f3n. El nuevo archivo puede tener el mismo formato que la versi\u00f3n actual o estar en otro formato. Por ejemplo, al trabajar en el estado financiero anual de su organizaci\u00f3n que est\u00e1 en formato Microsoft Word y luego carga la versi\u00f3n final como PDF utilizando su carpeta asignada.<\/p>\n<p>Cuando iManage Drive se sincroniza, este archivo se cargar\u00e1 en iManage Work y reemplazar\u00e1 la versi\u00f3n anterior en la carpeta asignada.<\/p>\n<p><strong>NOTA<\/strong>: Esta opci\u00f3n no est\u00e1 disponible para los archivos declarados como registro o para los archivos extra\u00eddos, y no es compatible con los correos electr\u00f3nicos.<\/p>\n<p><img loading=\"lazy\" decoding=\"async\" class=\"alignnone size-full wp-image-648\" src=\"https:\/\/docs.imanage.com\/wp-content\/uploads\/2021\/07\/Mac_Upload.gif\" alt=\"\" width=\"720\" height=\"417\" \/><\/p>\n","protected":false},"excerpt":{"rendered":"<p>Versi\u00f3n: 10.5.1 (Julio de 2021) Acceda a las carpetas Mis asuntos y Asuntos recientes desde su carpeta asignada iManage Drive muestra las carpetas Mis asuntos y Asuntos recientes en su carpeta asignada. Si es usuario de iManage FileShare, la migraci\u00f3n a iManage Drive se realizar\u00e1 correctamente sin ning\u00fan cambio en su comportamiento como usuario. Vea [&hellip;]<\/p>\n","protected":false},"author":4,"featured_media":0,"parent":0,"menu_order":0,"comment_status":"closed","ping_status":"closed","template":"","meta":{"_acf_changed":false,"footnotes":""},"class_list":["post-643","page","type-page","status-publish","hentry"],"translation":{"provider":"WPGlobus","version":"3.0.2","language":"es","enabled_languages":["en","de","fr","qc","jp","br","es","zh"],"languages":{"en":{"title":true,"content":true,"excerpt":false},"de":{"title":true,"content":true,"excerpt":false},"fr":{"title":true,"content":true,"excerpt":false},"qc":{"title":false,"content":false,"excerpt":false},"jp":{"title":true,"content":true,"excerpt":false},"br":{"title":true,"content":true,"excerpt":false},"es":{"title":true,"content":true,"excerpt":false},"zh":{"title":true,"content":true,"excerpt":false}}},"acf":[],"yoast_head":"<!-- This site is optimized with the Yoast SEO plugin v27.3 - https:\/\/yoast.com\/product\/yoast-seo-wordpress\/ -->\n<title>Novedades de iManage Drive &#8211; Docs - iManage<\/title>\n<meta name=\"robots\" content=\"index, follow, max-snippet:-1, max-image-preview:large, max-video-preview:-1\" \/>\n<link rel=\"canonical\" href=\"https:\/\/docs.imanage.com\/whats-new-in-imanage-drive-mac-2021-07.html\" \/>\n<meta property=\"og:locale\" content=\"es_ES\" \/>\n<meta property=\"og:type\" content=\"article\" \/>\n<meta property=\"og:title\" content=\"Novedades de iManage Drive &#8211; Docs - iManage\" \/>\n<meta property=\"og:url\" content=\"https:\/\/docs.imanage.com\/whats-new-in-imanage-drive-mac-2021-07.html\" \/>\n<meta property=\"og:site_name\" content=\"Docs - iManage\" \/>\n<meta property=\"article:modified_time\" content=\"2021-07-28T09:42:28+00:00\" \/>\n<meta property=\"og:image\" content=\"https:\/\/docs.imanage.com\/wp-content\/uploads\/2021\/07\/Mac_Mymatters.gif\" \/>\n<meta name=\"twitter:card\" content=\"summary_large_image\" \/>\n<meta name=\"twitter:label1\" content=\"Est. reading time\" \/>\n\t<meta name=\"twitter:data1\" content=\"7 minutes\" \/>\n<script type=\"application\/ld+json\" class=\"yoast-schema-graph\">{\"@context\":\"https:\\\/\\\/schema.org\",\"@graph\":[{\"@type\":\"WebPage\",\"@id\":\"https:\\\/\\\/docs.imanage.com\\\/whats-new-in-imanage-drive-mac-2021-07.html\",\"url\":\"https:\\\/\\\/docs.imanage.com\\\/whats-new-in-imanage-drive-mac-2021-07.html\",\"name\":\"Novedades de iManage Drive &#8211; Docs - iManage\",\"isPartOf\":{\"@id\":\"https:\\\/\\\/docs.imanage.com\\\/#website\"},\"primaryImageOfPage\":{\"@id\":\"https:\\\/\\\/docs.imanage.com\\\/whats-new-in-imanage-drive-mac-2021-07.html#primaryimage\"},\"image\":{\"@id\":\"https:\\\/\\\/docs.imanage.com\\\/whats-new-in-imanage-drive-mac-2021-07.html#primaryimage\"},\"thumbnailUrl\":\"https:\\\/\\\/docs.imanage.com\\\/wp-content\\\/uploads\\\/2021\\\/07\\\/Mac_Mymatters.gif\",\"datePublished\":\"2021-07-14T08:28:36+00:00\",\"dateModified\":\"2021-07-28T09:42:28+00:00\",\"breadcrumb\":{\"@id\":\"https:\\\/\\\/docs.imanage.com\\\/whats-new-in-imanage-drive-mac-2021-07.html#breadcrumb\"},\"inLanguage\":\"es-ES\",\"potentialAction\":[{\"@type\":\"ReadAction\",\"target\":[\"https:\\\/\\\/docs.imanage.com\\\/whats-new-in-imanage-drive-mac-2021-07.html\"]}]},{\"@type\":\"ImageObject\",\"inLanguage\":\"es-ES\",\"@id\":\"https:\\\/\\\/docs.imanage.com\\\/whats-new-in-imanage-drive-mac-2021-07.html#primaryimage\",\"url\":\"https:\\\/\\\/docs.imanage.com\\\/wp-content\\\/uploads\\\/2021\\\/07\\\/Mac_Mymatters.gif\",\"contentUrl\":\"https:\\\/\\\/docs.imanage.com\\\/wp-content\\\/uploads\\\/2021\\\/07\\\/Mac_Mymatters.gif\"},{\"@type\":\"BreadcrumbList\",\"@id\":\"https:\\\/\\\/docs.imanage.com\\\/whats-new-in-imanage-drive-mac-2021-07.html#breadcrumb\",\"itemListElement\":[{\"@type\":\"ListItem\",\"position\":1,\"name\":\"Home\",\"item\":\"https:\\\/\\\/docs.imanage.com\\\/\"},{\"@type\":\"ListItem\",\"position\":2,\"name\":\"What\u2019s new in iManage Drive\"}]},{\"@type\":\"WebSite\",\"@id\":\"https:\\\/\\\/docs.imanage.com\\\/#website\",\"url\":\"https:\\\/\\\/docs.imanage.com\\\/\",\"name\":\"Docs - iManage\",\"description\":\"\",\"potentialAction\":[{\"@type\":\"SearchAction\",\"target\":{\"@type\":\"EntryPoint\",\"urlTemplate\":\"https:\\\/\\\/docs.imanage.com\\\/?s={search_term_string}\"},\"query-input\":{\"@type\":\"PropertyValueSpecification\",\"valueRequired\":true,\"valueName\":\"search_term_string\"}}],\"inLanguage\":\"es-ES\"}]}<\/script>\n<!-- \/ Yoast SEO plugin. -->","yoast_head_json":{"title":"Novedades de iManage Drive &#8211; Docs - iManage","robots":{"index":"index","follow":"follow","max-snippet":"max-snippet:-1","max-image-preview":"max-image-preview:large","max-video-preview":"max-video-preview:-1"},"canonical":"https:\/\/docs.imanage.com\/whats-new-in-imanage-drive-mac-2021-07.html","og_locale":"es_ES","og_type":"article","og_title":"Novedades de iManage Drive &#8211; Docs - iManage","og_url":"https:\/\/docs.imanage.com\/whats-new-in-imanage-drive-mac-2021-07.html","og_site_name":"Docs - iManage","article_modified_time":"2021-07-28T09:42:28+00:00","og_image":[{"url":"https:\/\/docs.imanage.com\/wp-content\/uploads\/2021\/07\/Mac_Mymatters.gif","type":"","width":"","height":""}],"twitter_card":"summary_large_image","twitter_misc":{"Est. reading time":"7 minutes"},"schema":{"@context":"https:\/\/schema.org","@graph":[{"@type":"WebPage","@id":"https:\/\/docs.imanage.com\/whats-new-in-imanage-drive-mac-2021-07.html","url":"https:\/\/docs.imanage.com\/whats-new-in-imanage-drive-mac-2021-07.html","name":"Novedades de iManage Drive &#8211; Docs - iManage","isPartOf":{"@id":"https:\/\/docs.imanage.com\/#website"},"primaryImageOfPage":{"@id":"https:\/\/docs.imanage.com\/whats-new-in-imanage-drive-mac-2021-07.html#primaryimage"},"image":{"@id":"https:\/\/docs.imanage.com\/whats-new-in-imanage-drive-mac-2021-07.html#primaryimage"},"thumbnailUrl":"https:\/\/docs.imanage.com\/wp-content\/uploads\/2021\/07\/Mac_Mymatters.gif","datePublished":"2021-07-14T08:28:36+00:00","dateModified":"2021-07-28T09:42:28+00:00","breadcrumb":{"@id":"https:\/\/docs.imanage.com\/whats-new-in-imanage-drive-mac-2021-07.html#breadcrumb"},"inLanguage":"es-ES","potentialAction":[{"@type":"ReadAction","target":["https:\/\/docs.imanage.com\/whats-new-in-imanage-drive-mac-2021-07.html"]}]},{"@type":"ImageObject","inLanguage":"es-ES","@id":"https:\/\/docs.imanage.com\/whats-new-in-imanage-drive-mac-2021-07.html#primaryimage","url":"https:\/\/docs.imanage.com\/wp-content\/uploads\/2021\/07\/Mac_Mymatters.gif","contentUrl":"https:\/\/docs.imanage.com\/wp-content\/uploads\/2021\/07\/Mac_Mymatters.gif"},{"@type":"BreadcrumbList","@id":"https:\/\/docs.imanage.com\/whats-new-in-imanage-drive-mac-2021-07.html#breadcrumb","itemListElement":[{"@type":"ListItem","position":1,"name":"Home","item":"https:\/\/docs.imanage.com\/"},{"@type":"ListItem","position":2,"name":"What\u2019s new in iManage Drive"}]},{"@type":"WebSite","@id":"https:\/\/docs.imanage.com\/#website","url":"https:\/\/docs.imanage.com\/","name":"Docs - iManage","description":"","potentialAction":[{"@type":"SearchAction","target":{"@type":"EntryPoint","urlTemplate":"https:\/\/docs.imanage.com\/?s={search_term_string}"},"query-input":{"@type":"PropertyValueSpecification","valueRequired":true,"valueName":"search_term_string"}}],"inLanguage":"es-ES"}]}},"_links":{"self":[{"href":"https:\/\/docs.imanage.com\/es\/wp-json\/wp\/v2\/pages\/643","targetHints":{"allow":["GET"]}}],"collection":[{"href":"https:\/\/docs.imanage.com\/es\/wp-json\/wp\/v2\/pages"}],"about":[{"href":"https:\/\/docs.imanage.com\/es\/wp-json\/wp\/v2\/types\/page"}],"author":[{"embeddable":true,"href":"https:\/\/docs.imanage.com\/es\/wp-json\/wp\/v2\/users\/4"}],"replies":[{"embeddable":true,"href":"https:\/\/docs.imanage.com\/es\/wp-json\/wp\/v2\/comments?post=643"}],"version-history":[{"count":0,"href":"https:\/\/docs.imanage.com\/es\/wp-json\/wp\/v2\/pages\/643\/revisions"}],"wp:attachment":[{"href":"https:\/\/docs.imanage.com\/es\/wp-json\/wp\/v2\/media?parent=643"}],"curies":[{"name":"wp","href":"https:\/\/api.w.org\/{rel}","templated":true}]}}