{"id":644,"date":"2021-07-17T13:44:48","date_gmt":"2021-07-17T13:44:48","guid":{"rendered":"https:\/\/docs.imanage.com\/?page_id=644"},"modified":"2022-02-22T12:06:01","modified_gmt":"2022-02-22T12:06:01","slug":"whats-new-in-imanage-wdw-2021-10","status":"publish","type":"page","link":"https:\/\/docs.imanage.com\/es\/work\/whats-new-in-imanage-wdw-2021-10.html","title":{"rendered":"Novedades de iManage Work Desktop for Windows"},"content":{"rendered":"<p><strong>Versi\u00f3n: 10.6.0.64 (Octubre de 2021)<\/strong><\/p>\n<h2>Mejoras en el trabajo con documentos<\/h2>\n<h3>Crear cartas personalizadas con Combinar correo<\/h3>\n<p>\u00bfDesea crear un lote de documentos, por ejemplo, una carta o una factura, personalizada para cada uno de sus clientes? Ahora puede iniciar una combinaci\u00f3n de correo seleccionando los documentos directamente desde iManage Work en lugar de descargar los archivos a su equipo local.<\/p>\n<p><img loading=\"lazy\" decoding=\"async\" class=\"alignnone wp-image-707\" src=\"https:\/\/docs.imanage.com\/wp-content\/uploads\/2021\/09\/mail_merge_01-1024x151.png\" alt=\"\" width=\"900\" height=\"132\" srcset=\"https:\/\/docs.imanage.com\/wp-content\/uploads\/2021\/09\/mail_merge_01-1024x151.png 1024w, https:\/\/docs.imanage.com\/wp-content\/uploads\/2021\/09\/mail_merge_01-300x44.png 300w, https:\/\/docs.imanage.com\/wp-content\/uploads\/2021\/09\/mail_merge_01-768x113.png 768w, https:\/\/docs.imanage.com\/wp-content\/uploads\/2021\/09\/mail_merge_01-1536x226.png 1536w, https:\/\/docs.imanage.com\/wp-content\/uploads\/2021\/09\/mail_merge_01.png 1986w\" sizes=\"auto, (max-width: 900px) 100vw, 900px\" \/><\/p>\n<p><img loading=\"lazy\" decoding=\"async\" class=\"wp-image-706 aligncenter\" src=\"https:\/\/docs.imanage.com\/wp-content\/uploads\/2021\/09\/maril_merge-1.png\" alt=\"\" width=\"700\" height=\"527\" srcset=\"https:\/\/docs.imanage.com\/wp-content\/uploads\/2021\/09\/maril_merge-1.png 972w, https:\/\/docs.imanage.com\/wp-content\/uploads\/2021\/09\/maril_merge-1-300x226.png 300w, https:\/\/docs.imanage.com\/wp-content\/uploads\/2021\/09\/maril_merge-1-768x578.png 768w\" sizes=\"auto, (max-width: 700px) 100vw, 700px\" \/><\/p>\n<h3>Insertar texto de un archivo PDF en Microsoft Word<\/h3>\n<p>Ahora puede insertar el texto de un archivo PDF disponible en iManage Work directamente en Microsoft Word. Ya no tiene que descargar el PDF y convertirlo en un archivo de texto antes de pegar el contenido en un documento de Microsoft Word.<\/p>\n<p><img loading=\"lazy\" decoding=\"async\" class=\"alignnone wp-image-710\" src=\"https:\/\/docs.imanage.com\/wp-content\/uploads\/2021\/09\/InsertZoom-2.gif\" alt=\"\" width=\"900\" height=\"441\" \/><\/p>\n<p>&nbsp;<\/p>\n<h3>Facilitar el trabajo con las versiones Standard y Professional de Adobe Acrobat<\/h3>\n<p>Si utiliza las versiones de Adobe Acrobat Standard DC y Adobe Acrobat Pro DC en su organizaci\u00f3n, ahora puede abrir un documento directamente desde iManage Work para las siguientes funciones:<\/p>\n<ul>\n<li>Cree uno o varios archivos PDF a partir de cualquier archivo guardado en iManage Work y gu\u00e1rdelo de nuevo en iManage Work.<\/li>\n<li>Cree un portafolio en PDF a partir de los archivos guardados en iManage Work y gu\u00e1rdelo de nuevo en iManage Work.<\/li>\n<li>Compare dos archivos PDF guardados en iManage Work.<\/li>\n<li>Combine dos o m\u00e1s archivos PDF guardados en iManage Work.<\/li>\n<li>A\u00f1ada n\u00fameros bates a los archivos PDF guardados en iManage Work.<\/li>\n<\/ul>\n<p>\u00bfNecesita abrir archivos desde su equipo local? Utilice la opci\u00f3n <strong>Abrir archivo local<\/strong> disponible en el cuadro de di\u00e1logo <strong>Abrir<\/strong> de iManage para abrir cualquier archivo que est\u00e9 disponible en su equipo.<\/p>\n<p><strong>NOTA<\/strong>: Estas funciones no son compatibles con Adobe Acrobat Reader.<\/p>\n<h3>\u00bfQuiere utilizar Adobe Acrobat en otro idioma?<\/h3>\n<p>Anteriormente, Adobe Acrobat Reader y Adobe Acrobat DC solo admit\u00edan la localizaci\u00f3n basada en el idioma configurado en Microsoft Windows. Ahora puede configurar Adobe Acrobat para que est\u00e9 en cualquier idioma compatible con la configuraci\u00f3n local. P\u00f3ngase en contacto con su administrador si necesita cambiar el idioma por defecto de Adobe Acrobat.<\/p>\n<p><strong>NOTA<\/strong>: Los idiomas compatibles son el ingl\u00e9s (por defecto), el franc\u00e9s (Francia), el alem\u00e1n, el portugu\u00e9s (Brasil), el espa\u00f1ol, el japon\u00e9s y el chino simplificado.<\/p>\n<h2>Mejoras en la gesti\u00f3n del correo electr\u00f3nico para Microsoft Outlook<\/h2>\n<h3>Guardar los archivos adjuntos de una invitaci\u00f3n de Microsoft Outlook<\/h3>\n<p>Ahora puede guardar los archivos adjuntos recibidos en las invitaciones de Microsoft Outlook en iManage Work como un nuevo documento o una nueva versi\u00f3n mediante la opci\u00f3n <strong>Guardar archivos adjuntos<\/strong> disponible en la barra de herramientas de EMM.<\/p>\n<p><img loading=\"lazy\" decoding=\"async\" class=\"alignnone wp-image-704\" src=\"https:\/\/docs.imanage.com\/wp-content\/uploads\/2021\/09\/SaveAttachment.gif\" alt=\"\" width=\"900\" height=\"441\" \/><\/p>\n<h3>\u00bfM\u00e1s de una sugerencia de archivado de correo electr\u00f3nico?<\/h3>\n<p>Para aumentar la precisi\u00f3n de las sugerencias de correo electr\u00f3nico, ahora se muestra un icono de sugerencia y una informaci\u00f3n sobre la herramienta para indicar que hay sugerencias de archivado alternativas cuando se selecciona una ubicaci\u00f3n de archivado para los correos electr\u00f3nicos.<\/p>\n<p><img loading=\"lazy\" decoding=\"async\" class=\"alignnone wp-image-699\" src=\"https:\/\/docs.imanage.com\/wp-content\/uploads\/2021\/09\/image-1.png\" alt=\"\" width=\"900\" height=\"99\" srcset=\"https:\/\/docs.imanage.com\/wp-content\/uploads\/2021\/09\/image-1.png 970w, https:\/\/docs.imanage.com\/wp-content\/uploads\/2021\/09\/image-1-300x33.png 300w, https:\/\/docs.imanage.com\/wp-content\/uploads\/2021\/09\/image-1-768x85.png 768w\" sizes=\"auto, (max-width: 900px) 100vw, 900px\" \/><\/p>\n<h3>\u00bfQuiere ver todos los archivos guardados al seleccionar una ubicaci\u00f3n de archivado?<\/h3>\n<p>Ahora solo tiene que abrir la carpeta iManage Work desde el archivo sugerido para ver todos los correos electr\u00f3nicos y documentos guardados en la carpeta iManage Work. Esto le ayuda a decidir si la ubicaci\u00f3n de archivado que ha seleccionado es la correcta.<\/p>\n<h3><img loading=\"lazy\" decoding=\"async\" class=\"alignnone wp-image-713\" style=\"font-size: 1rem;\" src=\"https:\/\/docs.imanage.com\/wp-content\/uploads\/2021\/09\/2_filingFolder.gif\" alt=\"\" width=\"900\" height=\"518\" \/><\/h3>\n<h3>Elige c\u00f3mo quiere insertar los archivos adjuntos al redactar los correos electr\u00f3nicos<\/h3>\n<p>Ahora puede decidir c\u00f3mo se pueden a\u00f1adir los archivos adjuntos (enlace, archivo o ambos) y se recordar\u00e1 su selecci\u00f3n. Esto le ahorrar\u00e1 tiempo a la hora de redactar los correos electr\u00f3nicos.<\/p>\n<p><img loading=\"lazy\" decoding=\"async\" class=\"alignnone wp-image-712\" src=\"https:\/\/docs.imanage.com\/wp-content\/uploads\/2021\/09\/1_InsertAttachment.gif\" alt=\"\" width=\"900\" height=\"518\" \/><\/p>\n<h1>Novedades de iManage Drive<\/h1>\n<p><strong>Versi\u00f3n: 10.6.1 (Noviembre 2021)<\/strong><\/p>\n<h2>Solicitud de confirmaci\u00f3n de cambios de archivos y carpetas<\/h2>\n<p>iManage Drive ahora le avisa antes de que las acciones masivas, por ejemplo las eliminaciones masivas, se sincronicen con el servidor.\u00a0La aplicaci\u00f3n le pide que confirme los cambios de archivos y carpetas como, por ejemplo, eliminar, crear, actualizar y cambiar el nombre antes de sincronizarlos con iManage Work.<\/p>\n<p>El administrador puede configurar el n\u00famero de cambios o eliminaciones que deben producirse para que la aplicaci\u00f3n muestre el cuadro de di\u00e1logo de confirmaci\u00f3n de la sincronizaci\u00f3n; el valor por defecto es 10. Puede cambiar esto utilizando la pesta\u00f1a <strong>Preferencias<\/strong> > <strong>Notificaciones<\/strong>.\u00a0Para m\u00e1s informaci\u00f3n, consulte la secci\u00f3n <em>C\u00f3mo confirmar de cambios de archivos y carpetas en la Gu\u00eda del usuario de iManage Drive 10.6.1<\/em>.<\/p>\n<p><img loading=\"lazy\" decoding=\"async\" class=\"alignnone wp-image-758\" src=\"https:\/\/docs.imanage.com\/wp-content\/uploads\/2021\/11\/SyncConfirm-5.gif\" alt=\"\" width=\"1000\" height=\"625\" \/><\/p>\n<h2>C\u00f3mo gestionar los problemas de sincronizaci\u00f3n de archivos<\/h2>\n<p>Para asegurarse de que no se pierden los cambios de los archivos del directorio de trabajo de iManage Drive que no se sincronizan con el servidor debido a problemas de permisos o de otro tipo, se muestra el cuadro de di\u00e1logo de problemas de sincronizaci\u00f3n para que pueda hacerlo:<\/p>\n<ul>\n<li>copiar los archivos en la ubicaci\u00f3n deseada<\/li>\n<li>ignorar algunos o todos los archivos de la lista<\/li>\n<li>Haga clic con el bot\u00f3n derecho del rat\u00f3n en los archivos individuales y seleccione la acci\u00f3n deseada en el men\u00fa contextual que aparece.<\/li>\n<\/ul>\n<p>Para m\u00e1s informaci\u00f3n, consulte la secci\u00f3n <em>C\u00f3mo gestionar los problemas de sincronizaci\u00f3n de archivos en la Gu\u00eda del usuario de iManage Drive 10.6.1<\/em>.<\/p>\n<p><img loading=\"lazy\" decoding=\"async\" class=\"alignnone size-full wp-image-757\" src=\"https:\/\/docs.imanage.com\/wp-content\/uploads\/2021\/11\/SyncIssues-5.gif\" alt=\"\" width=\"1000\" height=\"625\" \/><\/p>\n<h2>Mejoras en la mensajer\u00eda de la interfaz de usuario: Acciones del espacio de trabajo y de las carpetas<\/h2>\n<p>Cuando usted realiza una acci\u00f3n de eliminar, copiar, crear, renombrar o mover que iManage Drive bloquea, la aplicaci\u00f3n muestra mensajes para comunicar por qu\u00e9 no se ha permitido la acci\u00f3n. Esto le ayuda a evitar repetir la misma acci\u00f3n prohibida, a cambiar la configuraci\u00f3n seg\u00fan corresponda para habilitar la acci\u00f3n o a solicitar los permisos necesarios.\u00a0Algunos escenarios en los que aparecen estos mensajes son:<\/p>\n<ul>\n<li>Copiar una carpeta fuera de iManage Drive cuando el ajuste allow_folder_copy_outside_drive est\u00e1 deshabilitado.<\/li>\n<li>Intentar mover una carpeta fuera de iManage Drive.<\/li>\n<li>Renombrar y eliminar carpetas sin el nivel de permiso necesario para hacerlo.<\/li>\n<li>Copiar y mover carpetas a otras carpetas sin el nivel de permiso requerido para las carpetas principales.<\/li>\n<li>Realizar de tareas prohibidas, como intentar eliminar o mover una carpeta cuando se est\u00e1 fuera de l\u00ednea, mover carpetas entre espacios de trabajo y realizar operaciones con carpetas en el nivel en el que se encuentran todos los espacios de trabajo y en las carpetas<strong> Mis Asuntos<\/strong> y <strong>Asuntos recientes<\/strong>.<\/li>\n<li>Intentar eliminar carpetas cuando la eliminaci\u00f3n de carpetas no est\u00e1 habilitada en la aplicaci\u00f3n <strong>Preferencias<\/strong>.<\/li>\n<\/ul>\n<p><img loading=\"lazy\" decoding=\"async\" class=\"alignnone size-full wp-image-756\" src=\"https:\/\/docs.imanage.com\/wp-content\/uploads\/2021\/11\/WorkspaceFldrs-5.gif\" alt=\"\" width=\"1000\" height=\"625\" \/><\/p>\n<p><strong>Versi\u00f3n anterior:<\/strong> <a href=\"https:\/\/docs.imanage.com\/es\/work\/whats-new-in-imanage-wdw-2021.html\">iManage Work Desktop for Windows 10.5 e iManage Drive 10.5.1<\/a><\/p>\n","protected":false},"excerpt":{"rendered":"<p>Versi\u00f3n: 10.6.0.64 (Octubre de 2021) Mejoras en el trabajo con documentos Crear cartas personalizadas con Combinar correo \u00bfDesea crear un lote de documentos, por ejemplo, una carta o una factura, personalizada para cada uno de sus clientes? Ahora puede iniciar una combinaci\u00f3n de correo seleccionando los documentos directamente desde iManage Work en lugar de descargar [&hellip;]<\/p>\n","protected":false},"author":4,"featured_media":0,"parent":146,"menu_order":0,"comment_status":"closed","ping_status":"closed","template":"","meta":{"_acf_changed":false,"footnotes":""},"class_list":["post-644","page","type-page","status-publish","hentry"],"translation":{"provider":"WPGlobus","version":"3.0.2","language":"es","enabled_languages":["en","de","fr","qc","jp","br","es","zh"],"languages":{"en":{"title":true,"content":true,"excerpt":false},"de":{"title":true,"content":true,"excerpt":false},"fr":{"title":true,"content":true,"excerpt":false},"qc":{"title":false,"content":false,"excerpt":false},"jp":{"title":true,"content":true,"excerpt":false},"br":{"title":true,"content":true,"excerpt":false},"es":{"title":true,"content":true,"excerpt":false},"zh":{"title":true,"content":true,"excerpt":false}}},"acf":[],"yoast_head":"<!-- This site is optimized with the Yoast SEO plugin v27.3 - https:\/\/yoast.com\/product\/yoast-seo-wordpress\/ -->\n<title>Novedades de iManage Work Desktop for Windows &#8211; Docs - iManage<\/title>\n<meta name=\"robots\" content=\"index, follow, max-snippet:-1, max-image-preview:large, max-video-preview:-1\" \/>\n<link rel=\"canonical\" href=\"https:\/\/docs.imanage.com\/work\/whats-new-in-imanage-wdw-2021-10.html\" \/>\n<meta property=\"og:locale\" content=\"es_ES\" \/>\n<meta property=\"og:type\" content=\"article\" \/>\n<meta property=\"og:title\" content=\"Novedades de iManage Work Desktop for Windows &#8211; Docs - iManage\" \/>\n<meta property=\"og:url\" content=\"https:\/\/docs.imanage.com\/work\/whats-new-in-imanage-wdw-2021-10.html\" \/>\n<meta property=\"og:site_name\" content=\"Docs - iManage\" \/>\n<meta property=\"article:modified_time\" content=\"2022-02-22T12:06:01+00:00\" \/>\n<meta property=\"og:image\" content=\"https:\/\/docs.imanage.com\/wp-content\/uploads\/2021\/09\/mail_merge_01-1024x151.png\" \/>\n<meta name=\"twitter:card\" content=\"summary_large_image\" \/>\n<meta name=\"twitter:label1\" content=\"Est. reading time\" \/>\n\t<meta name=\"twitter:data1\" content=\"27 minutes\" \/>\n<script type=\"application\/ld+json\" class=\"yoast-schema-graph\">{\"@context\":\"https:\\\/\\\/schema.org\",\"@graph\":[{\"@type\":\"WebPage\",\"@id\":\"https:\\\/\\\/docs.imanage.com\\\/work\\\/whats-new-in-imanage-wdw-2021-10.html\",\"url\":\"https:\\\/\\\/docs.imanage.com\\\/work\\\/whats-new-in-imanage-wdw-2021-10.html\",\"name\":\"Novedades de iManage Work Desktop for Windows &#8211; Docs - iManage\",\"isPartOf\":{\"@id\":\"https:\\\/\\\/docs.imanage.com\\\/#website\"},\"primaryImageOfPage\":{\"@id\":\"https:\\\/\\\/docs.imanage.com\\\/work\\\/whats-new-in-imanage-wdw-2021-10.html#primaryimage\"},\"image\":{\"@id\":\"https:\\\/\\\/docs.imanage.com\\\/work\\\/whats-new-in-imanage-wdw-2021-10.html#primaryimage\"},\"thumbnailUrl\":\"https:\\\/\\\/docs.imanage.com\\\/wp-content\\\/uploads\\\/2021\\\/09\\\/mail_merge_01-1024x151.png\",\"datePublished\":\"2021-07-17T13:44:48+00:00\",\"dateModified\":\"2022-02-22T12:06:01+00:00\",\"breadcrumb\":{\"@id\":\"https:\\\/\\\/docs.imanage.com\\\/work\\\/whats-new-in-imanage-wdw-2021-10.html#breadcrumb\"},\"inLanguage\":\"es-ES\",\"potentialAction\":[{\"@type\":\"ReadAction\",\"target\":[\"https:\\\/\\\/docs.imanage.com\\\/work\\\/whats-new-in-imanage-wdw-2021-10.html\"]}]},{\"@type\":\"ImageObject\",\"inLanguage\":\"es-ES\",\"@id\":\"https:\\\/\\\/docs.imanage.com\\\/work\\\/whats-new-in-imanage-wdw-2021-10.html#primaryimage\",\"url\":\"https:\\\/\\\/docs.imanage.com\\\/wp-content\\\/uploads\\\/2021\\\/09\\\/mail_merge_01-1024x151.png\",\"contentUrl\":\"https:\\\/\\\/docs.imanage.com\\\/wp-content\\\/uploads\\\/2021\\\/09\\\/mail_merge_01-1024x151.png\"},{\"@type\":\"BreadcrumbList\",\"@id\":\"https:\\\/\\\/docs.imanage.com\\\/work\\\/whats-new-in-imanage-wdw-2021-10.html#breadcrumb\",\"itemListElement\":[{\"@type\":\"ListItem\",\"position\":1,\"name\":\"Home\",\"item\":\"https:\\\/\\\/docs.imanage.com\\\/\"},{\"@type\":\"ListItem\",\"position\":2,\"name\":\"Work\",\"item\":\"https:\\\/\\\/docs.imanage.com\\\/work.html\"},{\"@type\":\"ListItem\",\"position\":3,\"name\":\"What&#8217;s new in iManage Work Desktop for Windows\"}]},{\"@type\":\"WebSite\",\"@id\":\"https:\\\/\\\/docs.imanage.com\\\/#website\",\"url\":\"https:\\\/\\\/docs.imanage.com\\\/\",\"name\":\"Docs - iManage\",\"description\":\"\",\"potentialAction\":[{\"@type\":\"SearchAction\",\"target\":{\"@type\":\"EntryPoint\",\"urlTemplate\":\"https:\\\/\\\/docs.imanage.com\\\/?s={search_term_string}\"},\"query-input\":{\"@type\":\"PropertyValueSpecification\",\"valueRequired\":true,\"valueName\":\"search_term_string\"}}],\"inLanguage\":\"es-ES\"}]}<\/script>\n<!-- \/ Yoast SEO plugin. -->","yoast_head_json":{"title":"Novedades de iManage Work Desktop for Windows &#8211; Docs - iManage","robots":{"index":"index","follow":"follow","max-snippet":"max-snippet:-1","max-image-preview":"max-image-preview:large","max-video-preview":"max-video-preview:-1"},"canonical":"https:\/\/docs.imanage.com\/work\/whats-new-in-imanage-wdw-2021-10.html","og_locale":"es_ES","og_type":"article","og_title":"Novedades de iManage Work Desktop for Windows &#8211; Docs - iManage","og_url":"https:\/\/docs.imanage.com\/work\/whats-new-in-imanage-wdw-2021-10.html","og_site_name":"Docs - iManage","article_modified_time":"2022-02-22T12:06:01+00:00","og_image":[{"url":"https:\/\/docs.imanage.com\/wp-content\/uploads\/2021\/09\/mail_merge_01-1024x151.png","type":"","width":"","height":""}],"twitter_card":"summary_large_image","twitter_misc":{"Est. reading time":"27 minutes"},"schema":{"@context":"https:\/\/schema.org","@graph":[{"@type":"WebPage","@id":"https:\/\/docs.imanage.com\/work\/whats-new-in-imanage-wdw-2021-10.html","url":"https:\/\/docs.imanage.com\/work\/whats-new-in-imanage-wdw-2021-10.html","name":"Novedades de iManage Work Desktop for Windows &#8211; Docs - iManage","isPartOf":{"@id":"https:\/\/docs.imanage.com\/#website"},"primaryImageOfPage":{"@id":"https:\/\/docs.imanage.com\/work\/whats-new-in-imanage-wdw-2021-10.html#primaryimage"},"image":{"@id":"https:\/\/docs.imanage.com\/work\/whats-new-in-imanage-wdw-2021-10.html#primaryimage"},"thumbnailUrl":"https:\/\/docs.imanage.com\/wp-content\/uploads\/2021\/09\/mail_merge_01-1024x151.png","datePublished":"2021-07-17T13:44:48+00:00","dateModified":"2022-02-22T12:06:01+00:00","breadcrumb":{"@id":"https:\/\/docs.imanage.com\/work\/whats-new-in-imanage-wdw-2021-10.html#breadcrumb"},"inLanguage":"es-ES","potentialAction":[{"@type":"ReadAction","target":["https:\/\/docs.imanage.com\/work\/whats-new-in-imanage-wdw-2021-10.html"]}]},{"@type":"ImageObject","inLanguage":"es-ES","@id":"https:\/\/docs.imanage.com\/work\/whats-new-in-imanage-wdw-2021-10.html#primaryimage","url":"https:\/\/docs.imanage.com\/wp-content\/uploads\/2021\/09\/mail_merge_01-1024x151.png","contentUrl":"https:\/\/docs.imanage.com\/wp-content\/uploads\/2021\/09\/mail_merge_01-1024x151.png"},{"@type":"BreadcrumbList","@id":"https:\/\/docs.imanage.com\/work\/whats-new-in-imanage-wdw-2021-10.html#breadcrumb","itemListElement":[{"@type":"ListItem","position":1,"name":"Home","item":"https:\/\/docs.imanage.com\/"},{"@type":"ListItem","position":2,"name":"Work","item":"https:\/\/docs.imanage.com\/work.html"},{"@type":"ListItem","position":3,"name":"What&#8217;s new in iManage Work Desktop for Windows"}]},{"@type":"WebSite","@id":"https:\/\/docs.imanage.com\/#website","url":"https:\/\/docs.imanage.com\/","name":"Docs - iManage","description":"","potentialAction":[{"@type":"SearchAction","target":{"@type":"EntryPoint","urlTemplate":"https:\/\/docs.imanage.com\/?s={search_term_string}"},"query-input":{"@type":"PropertyValueSpecification","valueRequired":true,"valueName":"search_term_string"}}],"inLanguage":"es-ES"}]}},"_links":{"self":[{"href":"https:\/\/docs.imanage.com\/es\/wp-json\/wp\/v2\/pages\/644","targetHints":{"allow":["GET"]}}],"collection":[{"href":"https:\/\/docs.imanage.com\/es\/wp-json\/wp\/v2\/pages"}],"about":[{"href":"https:\/\/docs.imanage.com\/es\/wp-json\/wp\/v2\/types\/page"}],"author":[{"embeddable":true,"href":"https:\/\/docs.imanage.com\/es\/wp-json\/wp\/v2\/users\/4"}],"replies":[{"embeddable":true,"href":"https:\/\/docs.imanage.com\/es\/wp-json\/wp\/v2\/comments?post=644"}],"version-history":[{"count":0,"href":"https:\/\/docs.imanage.com\/es\/wp-json\/wp\/v2\/pages\/644\/revisions"}],"up":[{"embeddable":true,"href":"https:\/\/docs.imanage.com\/es\/wp-json\/wp\/v2\/pages\/146"}],"wp:attachment":[{"href":"https:\/\/docs.imanage.com\/es\/wp-json\/wp\/v2\/media?parent=644"}],"curies":[{"name":"wp","href":"https:\/\/api.w.org\/{rel}","templated":true}]}}