{"id":711,"date":"2021-09-28T13:00:57","date_gmt":"2021-09-28T13:00:57","guid":{"rendered":"https:\/\/docs.imanage.com\/?page_id=711"},"modified":"2024-04-16T17:20:33","modified_gmt":"2024-04-16T17:20:33","slug":"whats-new-in-imanage-wdw-2022-02","status":"publish","type":"page","link":"https:\/\/docs.imanage.com\/es\/work\/whats-new-in-imanage-wdw-2022-02.html","title":{"rendered":"Novedades de iManage Work Desktop para Windows"},"content":{"rendered":"<p><strong>Versi\u00f3n 10.7.1.20 (Noviembre 2022)<\/strong><\/p>\n<h2>Mejoras generales<\/h2>\n<p>Esta versi\u00f3n soluciona varios problemas. No se incluyen nuevas caracter\u00edsticas en esta versi\u00f3n.<\/p>\n<p><strong>Versi\u00f3n 10.7.1.1 (Junio 2022)<\/strong><\/p>\n<h2>Mejoras generales<\/h2>\n<p>Con el fin de mejorar la usabilidad y el rendimiento general, se han a\u00f1adido varios cambios. En particular,<\/p>\n<ul>\n<li>Los problemas resueltos relacionados con la resoluci\u00f3n de visualizaci\u00f3n\/escala de los cuadros de di\u00e1logo integrados de iManage (Abrir iManage, Guardar iManage, etc.). A partir de ahora, cuando cambie la resoluci\u00f3n y los valores de visualizaci\u00f3n de su monitor o use m\u00faltiples monitores cada uno de ellos con un ajuste de visualizaci\u00f3n diferente, los cuadros de di\u00e1logo integrados de iManage se mostrar\u00e1n de acuerdo con los ajustes del monitor. Ya no aparecer\u00e1n borrosos, en blanco o desplazados.<\/li>\n<li>Los problemas resueltos relacionados con la creaci\u00f3n de archivos PDF usando la opci\u00f3n <strong>Guardar como PDF<\/strong> de iManage en Microsoft Word. Cuando trate de crear archivos PDF guardados en su m\u00e1quina local, se seleccionar\u00e1 <strong>Nuevo documento<\/strong> por defecto. Cuando trate de crear archivos PDF a partir de documentos guardados en iManage Work, se seleccionar\u00e1 <strong>Nueva versi\u00f3n<\/strong> por defecto.<\/li>\n<li>Los problemas resueltos relacionados con los archivos de configuraci\u00f3n que no se descargan para ciertos usuarios de iManage Cloud.<\/li>\n<li>Los problemas resueltos relacionados con los documentos de Microsoft Word que no se registraban cuando se abr\u00edan en Vista protegida se cerraron despu\u00e9s de realizar modificaciones.<\/li>\n<\/ul>\n<p><strong>Versi\u00f3n 10.7.0.105 (Abril 2022)<\/strong><\/p>\n<h2>El panel de trabajo de iManage ahora muestra respuestas en tiempo real al arrastrar correos electr\u00f3nicos para archivarlos<\/h2>\n<p>El panel de trabajo de iManage se actualiza autom\u00e1ticamente cuando arrastra correos electr\u00f3nicos o archivos adjuntos a una carpeta en el panel de trabajo de iManage para archivarlos. En otras palabras, puede ver los cambios tan pronto como se archiva el correo electr\u00f3nico o el archivo adjunto. Esto elimina la necesidad de actualizar manualmente el panel de trabajo de iManage para confirmar que se ha archivado.<\/p>\n<p><strong>\u00a0<\/strong><strong>NOTA<\/strong>: Esta funci\u00f3n requiere iManage Work Desktop para Windows 10.6.0 o superior, la versi\u00f3n web de iManage Work 10.4.x, y las actualizaciones del servicio de octubre de 2021 para los usuarios de iManage Work Cloud.<\/p>\n<p><img loading=\"lazy\" decoding=\"async\" class=\"alignnone wp-image-775\" src=\"https:\/\/docs.imanage.com\/wp-content\/uploads\/2022\/03\/WorkPanelRefresh_2.gif\" alt=\"\" width=\"800\" height=\"390\" \/><\/p>\n<h2>Modifique sus archivos PDF en Adobe Acrobat Pro y Adobe Acrobat Reader en modo protegido<\/h2>\n<p>Si su organizaci\u00f3n le permite usar Adobe Acrobat Pro o Adobe Acrobat Reader solo en modo protegido, ahora puede modificar archivos PDF guardados en iManage Work usando estas aplicaciones incluso cuando el modo protegido est\u00e9 habilitado.<\/p>\n<p>Con el modo protegido habilitado en Adobe Acrobat Pro y Adobe Acrobat Reader, el complemento iManage Work est\u00e1 deshabilitado en estas aplicaciones y no puede ver las opciones de iManage Work, como Abrir, Guardar como, etc. Sin embargo, cuando modifica archivos PDF en iManage Work usando estas aplicaciones, todas sus ediciones se guardan en iManage Work. Para habilitar esta funci\u00f3n o para obtener m\u00e1s informaci\u00f3n sobre esta funci\u00f3n, contacte con su administrador.<\/p>\n<p><img loading=\"lazy\" decoding=\"async\" class=\"alignnone wp-image-776\" src=\"https:\/\/docs.imanage.com\/wp-content\/uploads\/2022\/03\/NonIntegration.gif\" alt=\"\" width=\"800\" height=\"450\" \/><\/p>\n<h2>El franc\u00e9s canadiense ahora es compatible con iManage Work Desktop para Windows<\/h2>\n<p>iManage Work Desktop para Windows ahora muestra franc\u00e9s canadiense cuando el idioma de visualizaci\u00f3n de Microsoft Windows y Microsoft Office est\u00e1n configurados en franc\u00e9s canadiense.\u00a0 Para obtener m\u00e1s informaci\u00f3n, consulte a su administrador.<\/p>\n<h1>Novedades de iManage Drive<\/h1>\n<p><strong>Versi\u00f3n 10.8.0 (Septiembre 2022)<\/strong><\/p>\n<h2 id=\"id-.ForBeamerv10.8.0-B\u00fasquedaahoradisponibleeniManageDrive\">\u00fasqueda ahora disponible en iManage Drive<\/h2>\n<p><span class=\"confluence-embedded-file-wrapper confluence-embedded-manual-size\">Ahora puede buscar uno o varios documentos guardados en un espacio de trabajo sincronizado desde iManage Drive. Selecciona <img loading=\"lazy\" decoding=\"async\" class=\"alignnone wp-image-821\" src=\"https:\/\/docs.imanage.com\/wp-content\/uploads\/2022\/09\/Screenshot-2022-07-24-at-10.00.32-PM-1.png\" alt=\"\" width=\"25\" height=\"28\" \/><\/span>\u00a0(icono de b\u00fasqueda) en iManage Drive para abrir la ventana de\u00a0<strong>b\u00fasqueda\u00a0<\/strong>dentro de la aplicaci\u00f3n y buscar documentos mediante una palabra clave, el t\u00edtulo del documento, el autor\/operador precedido por el s\u00edmbolo @ o el n\u00famero de documento precedido por el s\u00edmbolo #.\u00a0Para m\u00e1s informaci\u00f3n sobre esta funci\u00f3n, dir\u00edjase a la secci\u00f3n\u00a0<a class=\"external-link\" href=\"https:\/\/docs.imanage.com\/drive-windows-help\/10.8.0\/en\/Searching_for_documents_in_iManage_Drive.html\" rel=\"nofollow\"><em>B\u00fasqueda de documentos en iManage Drive<\/em><\/a>\u00a0en\u00a0<a class=\"external-link\" href=\"https:\/\/docs.imanage.com\/drive-windows-help\/10.8.0\/en\/iManage_Drive_User_Guide.html\" rel=\"nofollow\"><em>Ayuda al usuario de iManage Drive<\/em><\/a>.\u00a0La funci\u00f3n de b\u00fasqueda est\u00e1 disponible en iManage Drive 10.8.0 o versiones posteriores.<\/p>\n<p><img loading=\"lazy\" decoding=\"async\" class=\"alignnone wp-image-822 size-full\" src=\"https:\/\/docs.imanage.com\/wp-content\/uploads\/2022\/09\/3_searchwindows.gif\" alt=\"\" width=\"820\" height=\"659\" \/><\/p>\n<p><strong>Versi\u00f3n anterior:<\/strong>\u00a0<a href=\"https:\/\/docs.imanage.com\/es\/work\/whats-new-in-imanage-wdw-2021-10.html\">iManage Work Desktop for Windows 10.6.0<\/a><\/p>\n","protected":false},"excerpt":{"rendered":"<p>Versi\u00f3n 10.7.1.20 (Noviembre 2022) Mejoras generales Esta versi\u00f3n soluciona varios problemas. No se incluyen nuevas caracter\u00edsticas en esta versi\u00f3n. Versi\u00f3n 10.7.1.1 (Junio 2022) Mejoras generales Con el fin de mejorar la usabilidad y el rendimiento general, se han a\u00f1adido varios cambios. En particular, Los problemas resueltos relacionados con la resoluci\u00f3n de visualizaci\u00f3n\/escala de los cuadros [&hellip;]<\/p>\n","protected":false},"author":4,"featured_media":0,"parent":146,"menu_order":0,"comment_status":"closed","ping_status":"closed","template":"","meta":{"_acf_changed":false,"footnotes":""},"class_list":["post-711","page","type-page","status-publish","hentry"],"translation":{"provider":"WPGlobus","version":"3.0.2","language":"es","enabled_languages":["en","de","fr","qc","jp","br","es","zh"],"languages":{"en":{"title":true,"content":true,"excerpt":false},"de":{"title":true,"content":true,"excerpt":false},"fr":{"title":true,"content":true,"excerpt":false},"qc":{"title":true,"content":true,"excerpt":false},"jp":{"title":true,"content":true,"excerpt":false},"br":{"title":true,"content":true,"excerpt":false},"es":{"title":true,"content":true,"excerpt":false},"zh":{"title":true,"content":true,"excerpt":false}}},"acf":[],"yoast_head":"<!-- This site is optimized with the Yoast SEO plugin v27.3 - https:\/\/yoast.com\/product\/yoast-seo-wordpress\/ -->\n<title>Novedades de iManage Work Desktop para Windows &#8211; Docs - iManage<\/title>\n<meta name=\"robots\" content=\"index, follow, max-snippet:-1, max-image-preview:large, max-video-preview:-1\" \/>\n<link rel=\"canonical\" href=\"https:\/\/docs.imanage.com\/work\/whats-new-in-imanage-wdw-2022-02.html\" \/>\n<meta property=\"og:locale\" content=\"es_ES\" \/>\n<meta property=\"og:type\" content=\"article\" \/>\n<meta property=\"og:title\" content=\"Novedades de iManage Work Desktop para Windows &#8211; Docs - iManage\" \/>\n<meta property=\"og:url\" content=\"https:\/\/docs.imanage.com\/work\/whats-new-in-imanage-wdw-2022-02.html\" \/>\n<meta property=\"og:site_name\" content=\"Docs - iManage\" \/>\n<meta property=\"article:modified_time\" content=\"2024-04-16T17:20:33+00:00\" \/>\n<meta property=\"og:image\" content=\"https:\/\/docs.imanage.com\/wp-content\/uploads\/2022\/03\/WorkPanelRefresh_2.gif\" \/>\n<meta name=\"twitter:card\" content=\"summary_large_image\" \/>\n<meta name=\"twitter:label1\" content=\"Est. reading time\" \/>\n\t<meta name=\"twitter:data1\" content=\"2 minutes\" \/>\n<script type=\"application\/ld+json\" class=\"yoast-schema-graph\">{\"@context\":\"https:\\\/\\\/schema.org\",\"@graph\":[{\"@type\":\"WebPage\",\"@id\":\"https:\\\/\\\/docs.imanage.com\\\/work\\\/whats-new-in-imanage-wdw-2022-02.html\",\"url\":\"https:\\\/\\\/docs.imanage.com\\\/work\\\/whats-new-in-imanage-wdw-2022-02.html\",\"name\":\"Novedades de iManage Work Desktop para Windows &#8211; Docs - iManage\",\"isPartOf\":{\"@id\":\"https:\\\/\\\/docs.imanage.com\\\/#website\"},\"primaryImageOfPage\":{\"@id\":\"https:\\\/\\\/docs.imanage.com\\\/work\\\/whats-new-in-imanage-wdw-2022-02.html#primaryimage\"},\"image\":{\"@id\":\"https:\\\/\\\/docs.imanage.com\\\/work\\\/whats-new-in-imanage-wdw-2022-02.html#primaryimage\"},\"thumbnailUrl\":\"https:\\\/\\\/docs.imanage.com\\\/wp-content\\\/uploads\\\/2022\\\/03\\\/WorkPanelRefresh_2.gif\",\"datePublished\":\"2021-09-28T13:00:57+00:00\",\"dateModified\":\"2024-04-16T17:20:33+00:00\",\"breadcrumb\":{\"@id\":\"https:\\\/\\\/docs.imanage.com\\\/work\\\/whats-new-in-imanage-wdw-2022-02.html#breadcrumb\"},\"inLanguage\":\"es-ES\",\"potentialAction\":[{\"@type\":\"ReadAction\",\"target\":[\"https:\\\/\\\/docs.imanage.com\\\/work\\\/whats-new-in-imanage-wdw-2022-02.html\"]}]},{\"@type\":\"ImageObject\",\"inLanguage\":\"es-ES\",\"@id\":\"https:\\\/\\\/docs.imanage.com\\\/work\\\/whats-new-in-imanage-wdw-2022-02.html#primaryimage\",\"url\":\"https:\\\/\\\/docs.imanage.com\\\/wp-content\\\/uploads\\\/2022\\\/03\\\/WorkPanelRefresh_2.gif\",\"contentUrl\":\"https:\\\/\\\/docs.imanage.com\\\/wp-content\\\/uploads\\\/2022\\\/03\\\/WorkPanelRefresh_2.gif\"},{\"@type\":\"BreadcrumbList\",\"@id\":\"https:\\\/\\\/docs.imanage.com\\\/work\\\/whats-new-in-imanage-wdw-2022-02.html#breadcrumb\",\"itemListElement\":[{\"@type\":\"ListItem\",\"position\":1,\"name\":\"Home\",\"item\":\"https:\\\/\\\/docs.imanage.com\\\/\"},{\"@type\":\"ListItem\",\"position\":2,\"name\":\"Work\",\"item\":\"https:\\\/\\\/docs.imanage.com\\\/work.html\"},{\"@type\":\"ListItem\",\"position\":3,\"name\":\"What\u2019s new in iManage Work Desktop for Windows\"}]},{\"@type\":\"WebSite\",\"@id\":\"https:\\\/\\\/docs.imanage.com\\\/#website\",\"url\":\"https:\\\/\\\/docs.imanage.com\\\/\",\"name\":\"Docs - iManage\",\"description\":\"\",\"potentialAction\":[{\"@type\":\"SearchAction\",\"target\":{\"@type\":\"EntryPoint\",\"urlTemplate\":\"https:\\\/\\\/docs.imanage.com\\\/?s={search_term_string}\"},\"query-input\":{\"@type\":\"PropertyValueSpecification\",\"valueRequired\":true,\"valueName\":\"search_term_string\"}}],\"inLanguage\":\"es-ES\"}]}<\/script>\n<!-- \/ Yoast SEO plugin. -->","yoast_head_json":{"title":"Novedades de iManage Work Desktop para Windows &#8211; Docs - iManage","robots":{"index":"index","follow":"follow","max-snippet":"max-snippet:-1","max-image-preview":"max-image-preview:large","max-video-preview":"max-video-preview:-1"},"canonical":"https:\/\/docs.imanage.com\/work\/whats-new-in-imanage-wdw-2022-02.html","og_locale":"es_ES","og_type":"article","og_title":"Novedades de iManage Work Desktop para Windows &#8211; Docs - iManage","og_url":"https:\/\/docs.imanage.com\/work\/whats-new-in-imanage-wdw-2022-02.html","og_site_name":"Docs - iManage","article_modified_time":"2024-04-16T17:20:33+00:00","og_image":[{"url":"https:\/\/docs.imanage.com\/wp-content\/uploads\/2022\/03\/WorkPanelRefresh_2.gif","type":"","width":"","height":""}],"twitter_card":"summary_large_image","twitter_misc":{"Est. reading time":"2 minutes"},"schema":{"@context":"https:\/\/schema.org","@graph":[{"@type":"WebPage","@id":"https:\/\/docs.imanage.com\/work\/whats-new-in-imanage-wdw-2022-02.html","url":"https:\/\/docs.imanage.com\/work\/whats-new-in-imanage-wdw-2022-02.html","name":"Novedades de iManage Work Desktop para Windows &#8211; Docs - iManage","isPartOf":{"@id":"https:\/\/docs.imanage.com\/#website"},"primaryImageOfPage":{"@id":"https:\/\/docs.imanage.com\/work\/whats-new-in-imanage-wdw-2022-02.html#primaryimage"},"image":{"@id":"https:\/\/docs.imanage.com\/work\/whats-new-in-imanage-wdw-2022-02.html#primaryimage"},"thumbnailUrl":"https:\/\/docs.imanage.com\/wp-content\/uploads\/2022\/03\/WorkPanelRefresh_2.gif","datePublished":"2021-09-28T13:00:57+00:00","dateModified":"2024-04-16T17:20:33+00:00","breadcrumb":{"@id":"https:\/\/docs.imanage.com\/work\/whats-new-in-imanage-wdw-2022-02.html#breadcrumb"},"inLanguage":"es-ES","potentialAction":[{"@type":"ReadAction","target":["https:\/\/docs.imanage.com\/work\/whats-new-in-imanage-wdw-2022-02.html"]}]},{"@type":"ImageObject","inLanguage":"es-ES","@id":"https:\/\/docs.imanage.com\/work\/whats-new-in-imanage-wdw-2022-02.html#primaryimage","url":"https:\/\/docs.imanage.com\/wp-content\/uploads\/2022\/03\/WorkPanelRefresh_2.gif","contentUrl":"https:\/\/docs.imanage.com\/wp-content\/uploads\/2022\/03\/WorkPanelRefresh_2.gif"},{"@type":"BreadcrumbList","@id":"https:\/\/docs.imanage.com\/work\/whats-new-in-imanage-wdw-2022-02.html#breadcrumb","itemListElement":[{"@type":"ListItem","position":1,"name":"Home","item":"https:\/\/docs.imanage.com\/"},{"@type":"ListItem","position":2,"name":"Work","item":"https:\/\/docs.imanage.com\/work.html"},{"@type":"ListItem","position":3,"name":"What\u2019s new in iManage Work Desktop for Windows"}]},{"@type":"WebSite","@id":"https:\/\/docs.imanage.com\/#website","url":"https:\/\/docs.imanage.com\/","name":"Docs - iManage","description":"","potentialAction":[{"@type":"SearchAction","target":{"@type":"EntryPoint","urlTemplate":"https:\/\/docs.imanage.com\/?s={search_term_string}"},"query-input":{"@type":"PropertyValueSpecification","valueRequired":true,"valueName":"search_term_string"}}],"inLanguage":"es-ES"}]}},"_links":{"self":[{"href":"https:\/\/docs.imanage.com\/es\/wp-json\/wp\/v2\/pages\/711","targetHints":{"allow":["GET"]}}],"collection":[{"href":"https:\/\/docs.imanage.com\/es\/wp-json\/wp\/v2\/pages"}],"about":[{"href":"https:\/\/docs.imanage.com\/es\/wp-json\/wp\/v2\/types\/page"}],"author":[{"embeddable":true,"href":"https:\/\/docs.imanage.com\/es\/wp-json\/wp\/v2\/users\/4"}],"replies":[{"embeddable":true,"href":"https:\/\/docs.imanage.com\/es\/wp-json\/wp\/v2\/comments?post=711"}],"version-history":[{"count":0,"href":"https:\/\/docs.imanage.com\/es\/wp-json\/wp\/v2\/pages\/711\/revisions"}],"up":[{"embeddable":true,"href":"https:\/\/docs.imanage.com\/es\/wp-json\/wp\/v2\/pages\/146"}],"wp:attachment":[{"href":"https:\/\/docs.imanage.com\/es\/wp-json\/wp\/v2\/media?parent=711"}],"curies":[{"name":"wp","href":"https:\/\/api.w.org\/{rel}","templated":true}]}}