{"id":717,"date":"2021-10-20T15:42:40","date_gmt":"2021-10-20T15:42:40","guid":{"rendered":"https:\/\/docs.imanage.com\/?page_id=717"},"modified":"2021-11-15T11:36:04","modified_gmt":"2021-11-15T11:36:04","slug":"whats-new-in-imanage-work-2021-10","status":"publish","type":"page","link":"https:\/\/docs.imanage.com\/es\/whats-new-in-imanage-work-2021-10.html","title":{"rendered":"Novedades de iManage Work"},"content":{"rendered":"<h1>Hacer que los resultados de la b\u00fasqueda sean m\u00e1s relevantes<\/h1>\n<p>iManage Work ahora admite criterios de clasificaci\u00f3n persistentes, para que pueda ver los resultados m\u00e1s relevantes para usted, en todo momento. Ahora puede establecer las propiedades para ordenar la b\u00fasqueda que m\u00e1s le convengan, y se guardar\u00e1n autom\u00e1ticamente para usted. Los criterios de clasificaci\u00f3n se guardan de forma independiente para las vistas de cuadr\u00edcula y de lista.<br \/>\n<img loading=\"lazy\" decoding=\"async\" class=\"gifplayer alignnone wp-image-664 size-large black-border\" src=\"https:\/\/docs.imanage.com\/wp-content\/uploads\/2021\/10\/Screenshot-2021-10-28-at-4.26.07-PM.png\" alt=\"\" width=\"900\" height=\"504\" data-gif=\"https:\/\/docs.imanage.com\/wp-content\/uploads\/2021\/11\/Persist-search-and-sort_820px.gif\" \/><\/p>\n<h1>M\u00e1s flexibilidad con los accesos directos a las carpetas<\/h1>\n<p>Ahora puede a\u00f1adir accesos directos a cualquier carpeta o subcarpeta, lo que le permite gestionar su contenido de forma m\u00e1s eficiente. Tambi\u00e9n hemos facilitado el traslado de los accesos directos de las carpetas de una ubicaci\u00f3n a otra, y hemos a\u00f1adido soporte para mover los accesos directos de las carpetas dentro o fuera de las carpetas y subcarpetas.<br \/>\n<img loading=\"lazy\" decoding=\"async\" class=\"gifplayer alignnone wp-image-664 size-large black-border\" src=\"https:\/\/docs.imanage.com\/wp-content\/uploads\/2021\/11\/Move-FS_DnD.jpg\" alt=\"\" width=\"900\" height=\"504\" data-gif=\"https:\/\/docs.imanage.com\/wp-content\/uploads\/2021\/11\/Move-FS_DnD_820px.gif\" \/><\/p>\n","protected":false},"excerpt":{"rendered":"<p>Hacer que los resultados de la b\u00fasqueda sean m\u00e1s relevantes iManage Work ahora admite criterios de clasificaci\u00f3n persistentes, para que pueda ver los resultados m\u00e1s relevantes para usted, en todo momento. Ahora puede establecer las propiedades para ordenar la b\u00fasqueda que m\u00e1s le convengan, y se guardar\u00e1n autom\u00e1ticamente para usted. Los criterios de clasificaci\u00f3n se [&hellip;]<\/p>\n","protected":false},"author":4,"featured_media":0,"parent":0,"menu_order":0,"comment_status":"closed","ping_status":"closed","template":"","meta":{"_acf_changed":false,"footnotes":""},"class_list":["post-717","page","type-page","status-publish","hentry"],"translation":{"provider":"WPGlobus","version":"3.0.2","language":"es","enabled_languages":["en","de","fr","qc","jp","br","es","zh"],"languages":{"en":{"title":true,"content":true,"excerpt":false},"de":{"title":true,"content":true,"excerpt":false},"fr":{"title":true,"content":true,"excerpt":false},"qc":{"title":false,"content":false,"excerpt":false},"jp":{"title":true,"content":true,"excerpt":false},"br":{"title":true,"content":true,"excerpt":false},"es":{"title":true,"content":true,"excerpt":false},"zh":{"title":true,"content":true,"excerpt":false}}},"acf":[],"yoast_head":"<!-- This site is optimized with the Yoast SEO plugin v27.4 - https:\/\/yoast.com\/product\/yoast-seo-wordpress\/ -->\n<title>Novedades de iManage Work &#8211; Docs - iManage<\/title>\n<meta name=\"robots\" content=\"index, follow, max-snippet:-1, max-image-preview:large, max-video-preview:-1\" \/>\n<link rel=\"canonical\" href=\"https:\/\/docs.imanage.com\/de\/whats-new-in-imanage-work-2021-10.html\" \/>\n<meta property=\"og:locale\" content=\"es_ES\" \/>\n<meta property=\"og:type\" content=\"article\" \/>\n<meta property=\"og:title\" content=\"Novedades de iManage Work &#8211; Docs - iManage\" \/>\n<meta property=\"og:url\" content=\"https:\/\/docs.imanage.com\/de\/whats-new-in-imanage-work-2021-10.html\" \/>\n<meta property=\"og:site_name\" content=\"Docs - iManage\" \/>\n<meta property=\"article:modified_time\" content=\"2021-11-15T11:36:04+00:00\" \/>\n<meta property=\"og:image\" content=\"https:\/\/docs.imanage.com\/wp-content\/uploads\/2021\/10\/Screenshot-2021-10-28-at-4.26.07-PM.png\" \/>\n<meta name=\"twitter:card\" content=\"summary_large_image\" \/>\n<meta name=\"twitter:label1\" content=\"Est. reading time\" \/>\n\t<meta name=\"twitter:data1\" content=\"3 minutes\" \/>\n<script type=\"application\/ld+json\" class=\"yoast-schema-graph\">{\"@context\":\"https:\\\/\\\/schema.org\",\"@graph\":[{\"@type\":\"WebPage\",\"@id\":\"https:\\\/\\\/docs.imanage.com\\\/de\\\/whats-new-in-imanage-work-2021-10.html\",\"url\":\"https:\\\/\\\/docs.imanage.com\\\/de\\\/whats-new-in-imanage-work-2021-10.html\",\"name\":\"Novedades de iManage Work &#8211; Docs - iManage\",\"isPartOf\":{\"@id\":\"https:\\\/\\\/docs.imanage.com\\\/#website\"},\"primaryImageOfPage\":{\"@id\":\"https:\\\/\\\/docs.imanage.com\\\/de\\\/whats-new-in-imanage-work-2021-10.html#primaryimage\"},\"image\":{\"@id\":\"https:\\\/\\\/docs.imanage.com\\\/de\\\/whats-new-in-imanage-work-2021-10.html#primaryimage\"},\"thumbnailUrl\":\"https:\\\/\\\/docs.imanage.com\\\/wp-content\\\/uploads\\\/2021\\\/10\\\/Screenshot-2021-10-28-at-4.26.07-PM.png\",\"datePublished\":\"2021-10-20T15:42:40+00:00\",\"dateModified\":\"2021-11-15T11:36:04+00:00\",\"breadcrumb\":{\"@id\":\"https:\\\/\\\/docs.imanage.com\\\/de\\\/whats-new-in-imanage-work-2021-10.html#breadcrumb\"},\"inLanguage\":\"es-ES\",\"potentialAction\":[{\"@type\":\"ReadAction\",\"target\":[\"https:\\\/\\\/docs.imanage.com\\\/de\\\/whats-new-in-imanage-work-2021-10.html\"]}]},{\"@type\":\"ImageObject\",\"inLanguage\":\"es-ES\",\"@id\":\"https:\\\/\\\/docs.imanage.com\\\/de\\\/whats-new-in-imanage-work-2021-10.html#primaryimage\",\"url\":\"https:\\\/\\\/docs.imanage.com\\\/wp-content\\\/uploads\\\/2021\\\/10\\\/Screenshot-2021-10-28-at-4.26.07-PM.png\",\"contentUrl\":\"https:\\\/\\\/docs.imanage.com\\\/wp-content\\\/uploads\\\/2021\\\/10\\\/Screenshot-2021-10-28-at-4.26.07-PM.png\"},{\"@type\":\"BreadcrumbList\",\"@id\":\"https:\\\/\\\/docs.imanage.com\\\/de\\\/whats-new-in-imanage-work-2021-10.html#breadcrumb\",\"itemListElement\":[{\"@type\":\"ListItem\",\"position\":1,\"name\":\"Home\",\"item\":\"https:\\\/\\\/docs.imanage.com\\\/\"},{\"@type\":\"ListItem\",\"position\":2,\"name\":\"Neuheiten in iManage Work\"}]},{\"@type\":\"WebSite\",\"@id\":\"https:\\\/\\\/docs.imanage.com\\\/#website\",\"url\":\"https:\\\/\\\/docs.imanage.com\\\/\",\"name\":\"Docs - iManage\",\"description\":\"\",\"potentialAction\":[{\"@type\":\"SearchAction\",\"target\":{\"@type\":\"EntryPoint\",\"urlTemplate\":\"https:\\\/\\\/docs.imanage.com\\\/?s={search_term_string}\"},\"query-input\":{\"@type\":\"PropertyValueSpecification\",\"valueRequired\":true,\"valueName\":\"search_term_string\"}}],\"inLanguage\":\"es-ES\"}]}<\/script>\n<!-- \/ Yoast SEO plugin. -->","yoast_head_json":{"title":"Novedades de iManage Work &#8211; Docs - iManage","robots":{"index":"index","follow":"follow","max-snippet":"max-snippet:-1","max-image-preview":"max-image-preview:large","max-video-preview":"max-video-preview:-1"},"canonical":"https:\/\/docs.imanage.com\/de\/whats-new-in-imanage-work-2021-10.html","og_locale":"es_ES","og_type":"article","og_title":"Novedades de iManage Work &#8211; Docs - iManage","og_url":"https:\/\/docs.imanage.com\/de\/whats-new-in-imanage-work-2021-10.html","og_site_name":"Docs - iManage","article_modified_time":"2021-11-15T11:36:04+00:00","og_image":[{"url":"https:\/\/docs.imanage.com\/wp-content\/uploads\/2021\/10\/Screenshot-2021-10-28-at-4.26.07-PM.png","type":"","width":"","height":""}],"twitter_card":"summary_large_image","twitter_misc":{"Est. reading time":"3 minutes"},"schema":{"@context":"https:\/\/schema.org","@graph":[{"@type":"WebPage","@id":"https:\/\/docs.imanage.com\/de\/whats-new-in-imanage-work-2021-10.html","url":"https:\/\/docs.imanage.com\/de\/whats-new-in-imanage-work-2021-10.html","name":"Novedades de iManage Work &#8211; Docs - iManage","isPartOf":{"@id":"https:\/\/docs.imanage.com\/#website"},"primaryImageOfPage":{"@id":"https:\/\/docs.imanage.com\/de\/whats-new-in-imanage-work-2021-10.html#primaryimage"},"image":{"@id":"https:\/\/docs.imanage.com\/de\/whats-new-in-imanage-work-2021-10.html#primaryimage"},"thumbnailUrl":"https:\/\/docs.imanage.com\/wp-content\/uploads\/2021\/10\/Screenshot-2021-10-28-at-4.26.07-PM.png","datePublished":"2021-10-20T15:42:40+00:00","dateModified":"2021-11-15T11:36:04+00:00","breadcrumb":{"@id":"https:\/\/docs.imanage.com\/de\/whats-new-in-imanage-work-2021-10.html#breadcrumb"},"inLanguage":"es-ES","potentialAction":[{"@type":"ReadAction","target":["https:\/\/docs.imanage.com\/de\/whats-new-in-imanage-work-2021-10.html"]}]},{"@type":"ImageObject","inLanguage":"es-ES","@id":"https:\/\/docs.imanage.com\/de\/whats-new-in-imanage-work-2021-10.html#primaryimage","url":"https:\/\/docs.imanage.com\/wp-content\/uploads\/2021\/10\/Screenshot-2021-10-28-at-4.26.07-PM.png","contentUrl":"https:\/\/docs.imanage.com\/wp-content\/uploads\/2021\/10\/Screenshot-2021-10-28-at-4.26.07-PM.png"},{"@type":"BreadcrumbList","@id":"https:\/\/docs.imanage.com\/de\/whats-new-in-imanage-work-2021-10.html#breadcrumb","itemListElement":[{"@type":"ListItem","position":1,"name":"Home","item":"https:\/\/docs.imanage.com\/"},{"@type":"ListItem","position":2,"name":"Neuheiten in iManage Work"}]},{"@type":"WebSite","@id":"https:\/\/docs.imanage.com\/#website","url":"https:\/\/docs.imanage.com\/","name":"Docs - iManage","description":"","potentialAction":[{"@type":"SearchAction","target":{"@type":"EntryPoint","urlTemplate":"https:\/\/docs.imanage.com\/?s={search_term_string}"},"query-input":{"@type":"PropertyValueSpecification","valueRequired":true,"valueName":"search_term_string"}}],"inLanguage":"es-ES"}]}},"_links":{"self":[{"href":"https:\/\/docs.imanage.com\/es\/wp-json\/wp\/v2\/pages\/717","targetHints":{"allow":["GET"]}}],"collection":[{"href":"https:\/\/docs.imanage.com\/es\/wp-json\/wp\/v2\/pages"}],"about":[{"href":"https:\/\/docs.imanage.com\/es\/wp-json\/wp\/v2\/types\/page"}],"author":[{"embeddable":true,"href":"https:\/\/docs.imanage.com\/es\/wp-json\/wp\/v2\/users\/4"}],"replies":[{"embeddable":true,"href":"https:\/\/docs.imanage.com\/es\/wp-json\/wp\/v2\/comments?post=717"}],"version-history":[{"count":0,"href":"https:\/\/docs.imanage.com\/es\/wp-json\/wp\/v2\/pages\/717\/revisions"}],"wp:attachment":[{"href":"https:\/\/docs.imanage.com\/es\/wp-json\/wp\/v2\/media?parent=717"}],"curies":[{"name":"wp","href":"https:\/\/api.w.org\/{rel}","templated":true}]}}