{"id":794,"date":"2022-04-22T09:46:17","date_gmt":"2022-04-22T09:46:17","guid":{"rendered":"https:\/\/docs.imanage.com\/?page_id=794"},"modified":"2024-04-16T17:21:25","modified_gmt":"2024-04-16T17:21:25","slug":"whats-new-in-imanage-wdw-10-8-0","status":"publish","type":"page","link":"https:\/\/docs.imanage.com\/es\/work\/whats-new-in-imanage-wdw-10-8-0.html","title":{"rendered":"Novedades de iManage Work Desktop for Windows"},"content":{"rendered":"<p>Versi\u00f3n 10.8.0.98 (Octubre 2022)<\/p>\n<h2>Vincule o incruste archivos de Microsoft Excel junto con Administrador de enlaces de iManage<\/h2>\n<p>Para acceder r\u00e1pidamente a informaci\u00f3n relacionada de otro archivo de Microsoft Excel, ahora puede insertar un enlace directo en una hoja de c\u00e1lculo. Tambi\u00e9n puede incrustar un archivo completo de Microsoft Excel en la hoja de c\u00e1lculo. Esto es posible con el panel Administrador de enlaces de iManage.<\/p>\n<p>Para usar el panel Administrador de enlaces de iManage, debe tener:<\/p>\n<ul>\n<li>Microsoft Excel 2016 o Microsoft Excel en Microsoft 365.<\/li>\n<li>iManage Drive 10.7.1 o superior instalado y funcionando.<\/li>\n<\/ul>\n<p>Para obtener m\u00e1s informaci\u00f3n, contacte con su administrador.<\/p>\n<p><img loading=\"lazy\" decoding=\"async\" class=\"alignnone wp-image-811 size-full\" src=\"https:\/\/docs.imanage.com\/wp-content\/uploads\/2022\/09\/04_OLE_Linking.gif\" alt=\"\" width=\"920\" height=\"519\" \/><\/p>\n<h2>Cambiar el nombre del asunto del correo electr\u00f3nico en iManage Work al archivar correos electr\u00f3nicos<\/h2>\n<p>Puede actualizar el asunto de un correo electr\u00f3nico cuando est\u00e9 archivando correos electr\u00f3nicos en iManage Work. Esto puede hacerlo seleccionando la casilla <img loading=\"lazy\" decoding=\"async\" class=\"alignnone size-full wp-image-809\" src=\"https:\/\/docs.imanage.com\/wp-content\/uploads\/2022\/08\/checkbox_rename_filing.png\" alt=\"\" width=\"42\" height=\"29\" \/>(<strong>Cambiar el nombre de los correos electr\u00f3nicos seleccionados al archivar<\/strong>) que est\u00e1 disponible en la barra de herramientas de EMM y el cuadro de di\u00e1logo\u00a0<strong>Seleccionar ubicaci\u00f3n de archivado<\/strong>\u00a0. Para habilitar esta funci\u00f3n, consulte a su administrador.<\/p>\n<p><strong>NOTA<\/strong>: Cuando cambia el asunto del correo electr\u00f3nico antes de archivarlo en iManage Work,<\/p>\n<ul>\n<li>Solo se actualiza con el nuevo nombre el campo\u00a0<strong>Asunto <\/strong>en iManage Work.<\/li>\n<li>El asunto del correo electr\u00f3nico no cambia en Microsoft Outlook.<\/li>\n<li>El asunto original se muestra cuando abre, responde o reenv\u00eda el correo electr\u00f3nico desde iManage Work o Panel de iManage Work.<\/li>\n<\/ul>\n<p><img loading=\"lazy\" decoding=\"async\" class=\"alignnone size-full wp-image-812\" src=\"https:\/\/docs.imanage.com\/wp-content\/uploads\/2022\/09\/01_RenameEmails.gif\" alt=\"\" width=\"920\" height=\"472\" \/><\/p>\n<h2>iManage Work Desktop for Windows es compatible con accesibilidad 508<\/h2>\n<p>iManage Work Desktop for Windows es compatible con 508 de acuerdo con los reglamentos gubernamentales de la\u00a0 Secci\u00f3n 508 de los EE. UU.<\/p>\n<p>Ahora puede usar el software de lectura de pantalla JAWS 2021 o JAWS 2022 para leer o usar las alternativas del teclado para los clics del rat\u00f3n cuando use:<\/p>\n<ul>\n<li>La pesta\u00f1a, cinta, men\u00fas, cuadros de di\u00e1logo y paneles de iManage disponibles en las aplicaciones de Microsoft Word, Microsoft Excel, Microsoft PowerPoint, Microsoft Outlook, Microsoft Visio y MS Project<\/li>\n<li>La pesta\u00f1a, men\u00fas, cuadros de di\u00e1logo y paneles de iManage disponibles en Adobe Acrobat\u00a0Reader DC\u00a0y Adobe Acrobat Pro DC<\/li>\n<li>La barra de herramientas de gesti\u00f3n del correo electr\u00f3nico y el cuadro de di\u00e1logo Seleccionar ubicaci\u00f3n de archivo en Microsoft Outlook<\/li>\n<li id=\"title-text\" class=\"with-breadcrumbs\"><span class=\"sv-ti-title-text\">Panel de iManage Work<\/span><\/li>\n<li id=\"title-text\" class=\"with-breadcrumbs\">iManage Work Agent<\/li>\n<\/ul>\n<p>Para habilitar esta funci\u00f3n, consulte a su administrador.<\/p>\n<h2>Insertar archivos adjuntos de iManage Work desde la pesta\u00f1a Insertar<\/h2>\n<p>Puede insertar documentos guardados en iManage Work cuando cree tareas, reuniones o citas mediante la opci\u00f3n <strong>Insertar archivo adjunto de iManage <\/strong>que ahora est\u00e1 disponible en la pesta\u00f1a Insertar de la ventana <strong>Nueva tarea<\/strong>,<strong> Nueva reuni\u00f3n <\/strong>o <strong>Nueva cita<\/strong> de Microsoft Outlook.<\/p>\n<p>Ventana Nueva cita<\/p>\n<h1><img loading=\"lazy\" decoding=\"async\" class=\"alignnone wp-image-816 size-full\" style=\"font-size: 1rem;\" src=\"https:\/\/docs.imanage.com\/wp-content\/uploads\/2022\/09\/02_Attachment_meeting-1.gif\" alt=\"\" width=\"920\" height=\"472\" \/><\/h1>\n<p>Ventana Nueva tarea<\/p>\n<p><img loading=\"lazy\" decoding=\"async\" class=\"alignnone wp-image-817 size-full\" src=\"https:\/\/docs.imanage.com\/wp-content\/uploads\/2022\/09\/03_Attachment_Task-1.gif\" alt=\"\" width=\"920\" height=\"472\" \/><\/p>\n<h1>Novedades de iManage Drive<\/h1>\n<p><strong>Versi\u00f3n 10.8.0 (Septiembre 2022)<\/strong><\/p>\n<h2 id=\"id-.ForBeamerv10.8.0-B\u00fasquedaahoradisponibleeniManageDrive\">\u00fasqueda ahora disponible en iManage Drive<\/h2>\n<p><span class=\"confluence-embedded-file-wrapper confluence-embedded-manual-size\">Ahora puede buscar uno o varios documentos guardados en un espacio de trabajo sincronizado desde iManage Drive. Selecciona <img loading=\"lazy\" decoding=\"async\" class=\"alignnone wp-image-821\" src=\"https:\/\/docs.imanage.com\/wp-content\/uploads\/2022\/09\/Screenshot-2022-07-24-at-10.00.32-PM-1.png\" alt=\"\" width=\"25\" height=\"28\" \/><\/span>\u00a0(icono de b\u00fasqueda) en iManage Drive para abrir la ventana de\u00a0<strong>b\u00fasqueda\u00a0<\/strong>dentro de la aplicaci\u00f3n y buscar documentos mediante una palabra clave, el t\u00edtulo del documento, el autor\/operador precedido por el s\u00edmbolo @ o el n\u00famero de documento precedido por el s\u00edmbolo #.\u00a0Para m\u00e1s informaci\u00f3n sobre esta funci\u00f3n, dir\u00edjase a la secci\u00f3n\u00a0<a class=\"external-link\" href=\"https:\/\/docs.imanage.com\/drive-windows-help\/10.8.0\/en\/Searching_for_documents_in_iManage_Drive.html\" rel=\"nofollow\"><em>B\u00fasqueda de documentos en iManage Drive<\/em><\/a>\u00a0en\u00a0<a class=\"external-link\" href=\"https:\/\/docs.imanage.com\/drive-windows-help\/10.8.0\/en\/iManage_Drive_User_Guide.html\" rel=\"nofollow\"><em>Ayuda al usuario de iManage Drive<\/em><\/a>.\u00a0La funci\u00f3n de b\u00fasqueda est\u00e1 disponible en iManage Drive 10.8.0 o versiones posteriores.<\/p>\n<p><img loading=\"lazy\" decoding=\"async\" class=\"alignnone wp-image-822 size-full\" src=\"https:\/\/docs.imanage.com\/wp-content\/uploads\/2022\/09\/3_searchwindows.gif\" alt=\"\" width=\"820\" height=\"659\" \/><\/p>\n<p><strong>Previous release<\/strong>:\u00a0<a href=\"https:\/\/docs.imanage.com\/es\/work\/whats-new-in-imanage-wdw-2022-02.html\">iManage Desktop for Windows 10.7<\/a><\/p>\n","protected":false},"excerpt":{"rendered":"<p>Versi\u00f3n 10.8.0.98 (Octubre 2022) Vincule o incruste archivos de Microsoft Excel junto con Administrador de enlaces de iManage Para acceder r\u00e1pidamente a informaci\u00f3n relacionada de otro archivo de Microsoft Excel, ahora puede insertar un enlace directo en una hoja de c\u00e1lculo. Tambi\u00e9n puede incrustar un archivo completo de Microsoft Excel en la hoja de c\u00e1lculo. [&hellip;]<\/p>\n","protected":false},"author":4,"featured_media":0,"parent":146,"menu_order":0,"comment_status":"closed","ping_status":"closed","template":"","meta":{"_acf_changed":false,"footnotes":""},"class_list":["post-794","page","type-page","status-publish","hentry"],"translation":{"provider":"WPGlobus","version":"3.0.2","language":"es","enabled_languages":["en","de","fr","qc","jp","br","es","zh"],"languages":{"en":{"title":true,"content":true,"excerpt":false},"de":{"title":true,"content":true,"excerpt":false},"fr":{"title":true,"content":true,"excerpt":false},"qc":{"title":true,"content":true,"excerpt":false},"jp":{"title":true,"content":true,"excerpt":false},"br":{"title":true,"content":true,"excerpt":false},"es":{"title":true,"content":true,"excerpt":false},"zh":{"title":true,"content":true,"excerpt":false}}},"acf":[],"yoast_head":"<!-- This site is optimized with the Yoast SEO plugin v27.3 - https:\/\/yoast.com\/product\/yoast-seo-wordpress\/ -->\n<title>Novedades de iManage Work Desktop for Windows &#8211; Docs - iManage<\/title>\n<meta name=\"robots\" content=\"index, follow, max-snippet:-1, max-image-preview:large, max-video-preview:-1\" \/>\n<link rel=\"canonical\" href=\"https:\/\/docs.imanage.com\/work\/whats-new-in-imanage-wdw-10-8-0.html\" \/>\n<meta property=\"og:locale\" content=\"es_ES\" \/>\n<meta property=\"og:type\" content=\"article\" \/>\n<meta property=\"og:title\" content=\"Novedades de iManage Work Desktop for Windows &#8211; Docs - iManage\" \/>\n<meta property=\"og:url\" content=\"https:\/\/docs.imanage.com\/work\/whats-new-in-imanage-wdw-10-8-0.html\" \/>\n<meta property=\"og:site_name\" content=\"Docs - iManage\" \/>\n<meta property=\"article:modified_time\" content=\"2024-04-16T17:21:25+00:00\" \/>\n<meta property=\"og:image\" content=\"https:\/\/docs.imanage.com\/wp-content\/uploads\/2022\/09\/04_OLE_Linking.gif\" \/>\n<meta name=\"twitter:card\" content=\"summary_large_image\" \/>\n<meta name=\"twitter:label1\" content=\"Est. reading time\" \/>\n\t<meta name=\"twitter:data1\" content=\"4 minutes\" \/>\n<script type=\"application\/ld+json\" class=\"yoast-schema-graph\">{\"@context\":\"https:\\\/\\\/schema.org\",\"@graph\":[{\"@type\":\"WebPage\",\"@id\":\"https:\\\/\\\/docs.imanage.com\\\/work\\\/whats-new-in-imanage-wdw-10-8-0.html\",\"url\":\"https:\\\/\\\/docs.imanage.com\\\/work\\\/whats-new-in-imanage-wdw-10-8-0.html\",\"name\":\"Novedades de iManage Work Desktop for Windows &#8211; Docs - iManage\",\"isPartOf\":{\"@id\":\"https:\\\/\\\/docs.imanage.com\\\/#website\"},\"primaryImageOfPage\":{\"@id\":\"https:\\\/\\\/docs.imanage.com\\\/work\\\/whats-new-in-imanage-wdw-10-8-0.html#primaryimage\"},\"image\":{\"@id\":\"https:\\\/\\\/docs.imanage.com\\\/work\\\/whats-new-in-imanage-wdw-10-8-0.html#primaryimage\"},\"thumbnailUrl\":\"https:\\\/\\\/docs.imanage.com\\\/wp-content\\\/uploads\\\/2022\\\/09\\\/04_OLE_Linking.gif\",\"datePublished\":\"2022-04-22T09:46:17+00:00\",\"dateModified\":\"2024-04-16T17:21:25+00:00\",\"breadcrumb\":{\"@id\":\"https:\\\/\\\/docs.imanage.com\\\/work\\\/whats-new-in-imanage-wdw-10-8-0.html#breadcrumb\"},\"inLanguage\":\"es-ES\",\"potentialAction\":[{\"@type\":\"ReadAction\",\"target\":[\"https:\\\/\\\/docs.imanage.com\\\/work\\\/whats-new-in-imanage-wdw-10-8-0.html\"]}]},{\"@type\":\"ImageObject\",\"inLanguage\":\"es-ES\",\"@id\":\"https:\\\/\\\/docs.imanage.com\\\/work\\\/whats-new-in-imanage-wdw-10-8-0.html#primaryimage\",\"url\":\"https:\\\/\\\/docs.imanage.com\\\/wp-content\\\/uploads\\\/2022\\\/09\\\/04_OLE_Linking.gif\",\"contentUrl\":\"https:\\\/\\\/docs.imanage.com\\\/wp-content\\\/uploads\\\/2022\\\/09\\\/04_OLE_Linking.gif\"},{\"@type\":\"BreadcrumbList\",\"@id\":\"https:\\\/\\\/docs.imanage.com\\\/work\\\/whats-new-in-imanage-wdw-10-8-0.html#breadcrumb\",\"itemListElement\":[{\"@type\":\"ListItem\",\"position\":1,\"name\":\"Home\",\"item\":\"https:\\\/\\\/docs.imanage.com\\\/\"},{\"@type\":\"ListItem\",\"position\":2,\"name\":\"Work\",\"item\":\"https:\\\/\\\/docs.imanage.com\\\/work.html\"},{\"@type\":\"ListItem\",\"position\":3,\"name\":\"What\u2019s new in iManage Work Desktop for Windows\"}]},{\"@type\":\"WebSite\",\"@id\":\"https:\\\/\\\/docs.imanage.com\\\/#website\",\"url\":\"https:\\\/\\\/docs.imanage.com\\\/\",\"name\":\"Docs - iManage\",\"description\":\"\",\"potentialAction\":[{\"@type\":\"SearchAction\",\"target\":{\"@type\":\"EntryPoint\",\"urlTemplate\":\"https:\\\/\\\/docs.imanage.com\\\/?s={search_term_string}\"},\"query-input\":{\"@type\":\"PropertyValueSpecification\",\"valueRequired\":true,\"valueName\":\"search_term_string\"}}],\"inLanguage\":\"es-ES\"}]}<\/script>\n<!-- \/ Yoast SEO plugin. -->","yoast_head_json":{"title":"Novedades de iManage Work Desktop for Windows &#8211; Docs - iManage","robots":{"index":"index","follow":"follow","max-snippet":"max-snippet:-1","max-image-preview":"max-image-preview:large","max-video-preview":"max-video-preview:-1"},"canonical":"https:\/\/docs.imanage.com\/work\/whats-new-in-imanage-wdw-10-8-0.html","og_locale":"es_ES","og_type":"article","og_title":"Novedades de iManage Work Desktop for Windows &#8211; Docs - iManage","og_url":"https:\/\/docs.imanage.com\/work\/whats-new-in-imanage-wdw-10-8-0.html","og_site_name":"Docs - iManage","article_modified_time":"2024-04-16T17:21:25+00:00","og_image":[{"url":"https:\/\/docs.imanage.com\/wp-content\/uploads\/2022\/09\/04_OLE_Linking.gif","type":"","width":"","height":""}],"twitter_card":"summary_large_image","twitter_misc":{"Est. reading time":"4 minutes"},"schema":{"@context":"https:\/\/schema.org","@graph":[{"@type":"WebPage","@id":"https:\/\/docs.imanage.com\/work\/whats-new-in-imanage-wdw-10-8-0.html","url":"https:\/\/docs.imanage.com\/work\/whats-new-in-imanage-wdw-10-8-0.html","name":"Novedades de iManage Work Desktop for Windows &#8211; Docs - iManage","isPartOf":{"@id":"https:\/\/docs.imanage.com\/#website"},"primaryImageOfPage":{"@id":"https:\/\/docs.imanage.com\/work\/whats-new-in-imanage-wdw-10-8-0.html#primaryimage"},"image":{"@id":"https:\/\/docs.imanage.com\/work\/whats-new-in-imanage-wdw-10-8-0.html#primaryimage"},"thumbnailUrl":"https:\/\/docs.imanage.com\/wp-content\/uploads\/2022\/09\/04_OLE_Linking.gif","datePublished":"2022-04-22T09:46:17+00:00","dateModified":"2024-04-16T17:21:25+00:00","breadcrumb":{"@id":"https:\/\/docs.imanage.com\/work\/whats-new-in-imanage-wdw-10-8-0.html#breadcrumb"},"inLanguage":"es-ES","potentialAction":[{"@type":"ReadAction","target":["https:\/\/docs.imanage.com\/work\/whats-new-in-imanage-wdw-10-8-0.html"]}]},{"@type":"ImageObject","inLanguage":"es-ES","@id":"https:\/\/docs.imanage.com\/work\/whats-new-in-imanage-wdw-10-8-0.html#primaryimage","url":"https:\/\/docs.imanage.com\/wp-content\/uploads\/2022\/09\/04_OLE_Linking.gif","contentUrl":"https:\/\/docs.imanage.com\/wp-content\/uploads\/2022\/09\/04_OLE_Linking.gif"},{"@type":"BreadcrumbList","@id":"https:\/\/docs.imanage.com\/work\/whats-new-in-imanage-wdw-10-8-0.html#breadcrumb","itemListElement":[{"@type":"ListItem","position":1,"name":"Home","item":"https:\/\/docs.imanage.com\/"},{"@type":"ListItem","position":2,"name":"Work","item":"https:\/\/docs.imanage.com\/work.html"},{"@type":"ListItem","position":3,"name":"What\u2019s new in iManage Work Desktop for Windows"}]},{"@type":"WebSite","@id":"https:\/\/docs.imanage.com\/#website","url":"https:\/\/docs.imanage.com\/","name":"Docs - iManage","description":"","potentialAction":[{"@type":"SearchAction","target":{"@type":"EntryPoint","urlTemplate":"https:\/\/docs.imanage.com\/?s={search_term_string}"},"query-input":{"@type":"PropertyValueSpecification","valueRequired":true,"valueName":"search_term_string"}}],"inLanguage":"es-ES"}]}},"_links":{"self":[{"href":"https:\/\/docs.imanage.com\/es\/wp-json\/wp\/v2\/pages\/794","targetHints":{"allow":["GET"]}}],"collection":[{"href":"https:\/\/docs.imanage.com\/es\/wp-json\/wp\/v2\/pages"}],"about":[{"href":"https:\/\/docs.imanage.com\/es\/wp-json\/wp\/v2\/types\/page"}],"author":[{"embeddable":true,"href":"https:\/\/docs.imanage.com\/es\/wp-json\/wp\/v2\/users\/4"}],"replies":[{"embeddable":true,"href":"https:\/\/docs.imanage.com\/es\/wp-json\/wp\/v2\/comments?post=794"}],"version-history":[{"count":0,"href":"https:\/\/docs.imanage.com\/es\/wp-json\/wp\/v2\/pages\/794\/revisions"}],"up":[{"embeddable":true,"href":"https:\/\/docs.imanage.com\/es\/wp-json\/wp\/v2\/pages\/146"}],"wp:attachment":[{"href":"https:\/\/docs.imanage.com\/es\/wp-json\/wp\/v2\/media?parent=794"}],"curies":[{"name":"wp","href":"https:\/\/api.w.org\/{rel}","templated":true}]}}