{"id":832,"date":"2022-11-11T18:32:52","date_gmt":"2022-11-11T18:32:52","guid":{"rendered":"https:\/\/docs.imanage.com\/?page_id=832"},"modified":"2024-04-16T18:16:34","modified_gmt":"2024-04-16T18:16:34","slug":"whats-new-in-imanage-wdw-10-9-0","status":"publish","type":"page","link":"https:\/\/docs.imanage.com\/es\/work\/whats-new-in-imanage-wdw-10-9-0.html","title":{"rendered":"Novedades de iManage Work Desktop for Windows"},"content":{"rendered":"<p>Versi\u00f3n n\u00fam: 10.9.1.14 (septiembre 2023)<\/p>\n<h2>El cuadro de di\u00e1logo Guardar Como guarda la \u00faltima localizaci\u00f3n<\/h2>\n<p>Desde ahora, cuando utilice la opci\u00f3n de iManage Guardar como para guardar un nuevo documento o un archivo adjunto, el cuadro de di\u00e1logo de iManage Guardar como guarda la \u00faltima localizaci\u00f3n, lo que significa que no tiene que buscar en la carpeta en cada ocasi\u00f3n.<\/p>\n<p>Adem\u00e1s, cuando guarde un documento existente con la opci\u00f3n Guardar como, el cuadro de di\u00e1logo de Guardar como navegar\u00e1 por defecto a la localizaci\u00f3n desde la que se haya abierto el documento.<\/p>\n<h2>\u00a0Accesibilidad al panel de iManage fuera de l\u00ednea mejorada<\/h2>\n<p>Ahora puede utilizar el lector de pantalla Acceso a la tarea por voz (JAWS) 2022 con el panel de iManage fuera de l\u00ednea Tambi\u00e9n puede usar las alternativas de teclado para hacer clic en el panel de iManage fuera de l\u00ednea.<\/p>\n<p>Para m\u00e1s informaci\u00f3n sobre c\u00f3mo utilizar las alternativas de teclado para el panel de iManage fuera de l\u00ednea, consulte la secci\u00f3n <em>Ver y subir archivos fuera de l\u00ednea <\/em>en el <em>Escritorio de iManage Work de la ayuda de Windows.<\/em><\/p>\n<h2>Proceso de inicio de sesi\u00f3n en el escritorio de iManage Work for Windows m\u00e1s eficiente<\/h2>\n<p>Ahora puede iniciar sesi\u00f3n en el escritorio iManage Work for Windows utilizando su navegador predeterminado en lugar del cuadro de di\u00e1logo de inicio de sesi\u00f3n. Esta funci\u00f3n es \u00fatil especialmente cuando surge un problema con el cuadro de di\u00e1logo de inicio de sesi\u00f3n cl\u00e1sico.<\/p>\n<p><img loading=\"lazy\" decoding=\"async\" class=\"alignnone size-full wp-image-877\" src=\"https:\/\/docs.imanage.com\/wp-content\/uploads\/2023\/07\/LoginNew_GIF.gif\" alt=\"\" width=\"1000\" height=\"604\" \/><\/p>\n<p>Versi\u00f3n n\u00fam: 10.9.0.91 (Abril 2023)<\/p>\n<h2>Mejoras en las actualizaciones autom\u00e1ticas de iManage<\/h2>\n<p>Hemos hecho mejoras en nuestras actualizaciones autom\u00e1ticas de iManage. A partir de ahora, despu\u00e9s de instalar iManage Work Desktop for Windows 10.9.0 o actualizar a esta versi\u00f3n:<\/p>\n<ul>\n<li>No tendr\u00e1 que cerrar su aplicaci\u00f3n Microsoft Office o Adobe Acrobat cuando actualice a una versi\u00f3n m\u00e1s reciente de la aplicaci\u00f3n. Cuando se hayan instalado las actualizaciones, se mostrar\u00e1 una barra de informaci\u00f3n amarilla en su aplicaci\u00f3n Microsoft Office, excepto Microsoft Visio.<\/li>\n<li>Puede asegurarse de que las actualizaciones se instalan autom\u00e1ticamente en su equipo sin que tenga que hacer nada.<\/li>\n<\/ul>\n<p><img loading=\"lazy\" decoding=\"async\" class=\"alignnone wp-image-859 size-full\" src=\"https:\/\/docs.imanage.com\/wp-content\/uploads\/2023\/04\/2023-04-12_14-12-43.png\" alt=\"\" width=\"1200\" height=\"60\" srcset=\"https:\/\/docs.imanage.com\/wp-content\/uploads\/2023\/04\/2023-04-12_14-12-43.png 1200w, https:\/\/docs.imanage.com\/wp-content\/uploads\/2023\/04\/2023-04-12_14-12-43-300x15.png 300w, https:\/\/docs.imanage.com\/wp-content\/uploads\/2023\/04\/2023-04-12_14-12-43-1024x51.png 1024w, https:\/\/docs.imanage.com\/wp-content\/uploads\/2023\/04\/2023-04-12_14-12-43-768x38.png 768w\" sizes=\"auto, (max-width: 1200px) 100vw, 1200px\" \/><\/p>\n<p>Para usar todas las ventajas de las actualizaciones autom\u00e1ticas de iManage, consulte a su administrador o la <a href=\"https:\/\/docs.imanage.com\/wdw-install-help\/10.9.0\/en\/iManage_Work_Desktop_for_Windows_Installation_Help.html\"><em>Gu\u00eda de instalaci\u00f3n de iManage Work Desktop for Windows<\/em><\/a>.<\/p>\n<p><strong>NOTA<\/strong>: S\u00f3lo puede usar las ventajas anteriores si est\u00e1 actualizando de iManage Work Desktop for Windows 10.9.0 a una versi\u00f3n m\u00e1s reciente de la aplicaci\u00f3n. Estas ventajas no est\u00e1n disponibles si est\u00e1 actualizando desde una versi\u00f3n anterior de iManage Work Desktop for Windows (10.8.0 y anterior).<\/p>\n<h2>Cambios en la plantilla de coautor\u00eda<\/h2>\n<p>Cuando termine de trabajar en coautor\u00eda en el documento y lo guarde como un documento nuevo, ver\u00e1 una plantilla de correo electr\u00f3nico con enlaces al documento original y al nuevo. Los destinatarios pueden seleccionar el documento antiguo o el documento nuevo para trabajar en coautor\u00eda.<\/p>\n<p><img loading=\"lazy\" decoding=\"async\" class=\"alignnone wp-image-857 size-full\" src=\"https:\/\/docs.imanage.com\/wp-content\/uploads\/2023\/04\/coauthor_template.png\" alt=\"\" width=\"1658\" height=\"729\" srcset=\"https:\/\/docs.imanage.com\/wp-content\/uploads\/2023\/04\/coauthor_template.png 1658w, https:\/\/docs.imanage.com\/wp-content\/uploads\/2023\/04\/coauthor_template-300x132.png 300w, https:\/\/docs.imanage.com\/wp-content\/uploads\/2023\/04\/coauthor_template-1024x450.png 1024w, https:\/\/docs.imanage.com\/wp-content\/uploads\/2023\/04\/coauthor_template-768x338.png 768w, https:\/\/docs.imanage.com\/wp-content\/uploads\/2023\/04\/coauthor_template-1536x675.png 1536w\" sizes=\"auto, (max-width: 1658px) 100vw, 1658px\" \/><\/p>\n<h2>Accesibilidad mejorada al cuadro de di\u00e1logo Explorar y archivar y a la barra de herramientas de EMM<\/h2>\n<p>Ahora puede usar el lector de pantalla JAWS con el cuadro de di\u00e1logo Explorar y archivar y la barra de herramientas de EMM. Tambi\u00e9n puede usar las alternativas de teclado para los clics del rat\u00f3n de la barra de herramientas EMM y el cuadro de di\u00e1logo Seleccionar la ubicaci\u00f3n de archivado.<\/p>\n<p>Para obtener m\u00e1s informaci\u00f3n sobre c\u00f3mo usar las alternativas de teclado para la barra de herramientas de EMM y Seleccionar la ubicaci\u00f3n de archivado, consulte la secci\u00f3n <em>C\u00f3mo usar la barra de herramientas de EMM y el cuadro de di\u00e1logo Seleccionar ubicaci\u00f3n de archivado<\/em> de la <em>Ayuda de iManage Work Desktop for Windows<\/em>.<\/p>\n<h2>Mejoras en el archivado de correo electr\u00f3nico<\/h2>\n<p>Hemos mejorado c\u00f3mo se archivan sus correos electr\u00f3nicos en iManage Work. A partir de ahora,<\/p>\n<ul>\n<li>los correos electr\u00f3nicos se podr\u00e1n archivar, incluso si los ha movido a una ubicaci\u00f3n diferente de su buz\u00f3n.<\/li>\n<li>los correos electr\u00f3nicos que no sean archivados a causa de varios errores, se marcar\u00e1n con un estado de error.<\/li>\n<\/ul>\n<p>Si es propietario del buz\u00f3n en el que est\u00e1 trabajando, podr\u00e1 ver todos los correos electr\u00f3nicos que no se hayan archivado a causa de varios errores seleccionando <strong>Mostrar los errores de archivado<\/strong>, disponible en la pesta\u00f1a iManage de Microsoft Outlook. Todos los correos electr\u00f3nicos que no se hayan archivado podr\u00e1n verse en la carpeta Fallos en el archivado de correos electr\u00f3nicos.<\/p>\n<p><img loading=\"lazy\" decoding=\"async\" class=\"alignnone wp-image-860\" src=\"https:\/\/docs.imanage.com\/wp-content\/uploads\/2023\/04\/GIF_Email_Filing.gif\" alt=\"\" width=\"700\" height=\"306\" \/><\/p>\n<p>Entonces podr\u00e1 usar la opci\u00f3n Reintentar el archivado disponible en el men\u00fa contextual para volver a intentar archivar los correos electr\u00f3nicos. Los correos electr\u00f3nicos se volver\u00e1n a procesar y se archivar\u00e1n en las ubicaciones sugeridas previamente.<\/p>\n<p><img loading=\"lazy\" decoding=\"async\" class=\"alignnone wp-image-861\" src=\"https:\/\/docs.imanage.com\/wp-content\/uploads\/2023\/04\/RetryFiling.gif\" alt=\"\" width=\"700\" height=\"287\" \/><\/p>\n<h1>Novedades de iManage Drive<\/h1>\n<p><strong>Versi\u00f3n: 10.9.0 (Mayo 2023)<\/strong><\/p>\n<h2>Sincronice y abra contenido directamente de iManage Work en iManage Drive<\/h2>\n<p>Ahora puede sincronizar y abrir contenido que haya guardado en iManage Work directamente en iManage Drive. Puede:<\/p>\n<ul>\n<li>seleccionar el espacio de trabajo, carpeta, documento o correo electr\u00f3nico que desea sincronizar, y luego seleccionar <strong>Sincronizar y Abrir en el Explorador de archivos <\/strong>del <img loading=\"lazy\" decoding=\"async\" class=\"alignnone size-full wp-image-847\" src=\"https:\/\/docs.imanage.com\/wp-content\/uploads\/2023\/03\/Screenshot-2023-03-06-at-10.06.34-PM.png\" alt=\"\" width=\"32\" height=\"62\" \/> men\u00fa kebab.<\/li>\n<\/ul>\n<ul class=\"ak-ul\" data-indent-level=\"1\">\n<li>\n<ul>\n<li>seleccionar varios espacios de trabajo y luego seleccionar <img loading=\"lazy\" decoding=\"async\" class=\"alignnone size-full wp-image-848\" src=\"https:\/\/docs.imanage.com\/wp-content\/uploads\/2023\/03\/Screenshot-2023-03-06-at-10.41.27-PM.png\" alt=\"\" width=\"48\" height=\"48\" \/> (<strong>Sincronizar y Abrir en el Explorador de archivos<\/strong>).<\/li>\n<\/ul>\n<\/li>\n<\/ul>\n<p>Si iManage Drive detecta que el elemento seleccionado no ha sido sincronizado, el panel de iManager Drive se abrir\u00e1 y le solicitar\u00e1 confirmar la sincronizaci\u00f3n de los elementos seleccionados. Cuando los elementos se hayan sincronizado, Windows Explorer se abrir\u00e1 y podr\u00e1 ver los elementos sincronizados con estos destacados. Para obtener m\u00e1s informaci\u00f3n, consulte la secci\u00f3n<u> Sincronizar desde iManage Work usando web extensiones<\/u>disponible en\u00a0<a href=\"https:\/\/docs.imanage.com\/drive-windows-help\/10.9.0\/en\/iManage_Drive_Help.html\"><em>Ayuda para\u00a0iManage\u00a0Drive<\/em><\/a>.<\/p>\n<p><strong>NOTA:<\/strong> Su administrador debe habilitar las Extensiones web de iManage Drive en iManage Control Center para que pueda usar esta funci\u00f3n. Para obtener m\u00e1s informaci\u00f3n, contacte con su administrador.<\/p>\n<p data-renderer-start-pos=\"831\"><img loading=\"lazy\" decoding=\"async\" class=\"alignnone wp-image-849 size-full\" src=\"https:\/\/docs.imanage.com\/wp-content\/uploads\/2023\/03\/sync_web.gif\" alt=\"\" width=\"920\" height=\"518\" \/><\/p>\n<h2>Mejoras a la hora de sincronizar y desincronizar asuntos desde el panel de iManage Drive<\/h2>\n<p>Cuando seleccione nuevos asuntos para sincronizar en el cuadro de di\u00e1logo Seleccionar Asunto para sincronizar, aparecer\u00e1n en la parte superior de la lista Seleccionados con la etiqueta\u00a0<strong>Nuevo<\/strong>. Si elige desincronizar un asunto, la etiqueta\u00a0<strong>Para desincronizar\u00a0<\/strong>se mostrar\u00e1 como se muestra en la siguiente figura.<\/p>\n<p><img loading=\"lazy\" decoding=\"async\" class=\"alignnone wp-image-850\" src=\"https:\/\/docs.imanage.com\/wp-content\/uploads\/2023\/03\/Screenshot-2023-03-19-at-4.07.37-PM-300x239.png\" alt=\"\" width=\"700\" height=\"557\" srcset=\"https:\/\/docs.imanage.com\/wp-content\/uploads\/2023\/03\/Screenshot-2023-03-19-at-4.07.37-PM-300x239.png 300w, https:\/\/docs.imanage.com\/wp-content\/uploads\/2023\/03\/Screenshot-2023-03-19-at-4.07.37-PM-1024x815.png 1024w, https:\/\/docs.imanage.com\/wp-content\/uploads\/2023\/03\/Screenshot-2023-03-19-at-4.07.37-PM-768x611.png 768w, https:\/\/docs.imanage.com\/wp-content\/uploads\/2023\/03\/Screenshot-2023-03-19-at-4.07.37-PM-1536x1223.png 1536w, https:\/\/docs.imanage.com\/wp-content\/uploads\/2023\/03\/Screenshot-2023-03-19-at-4.07.37-PM.png 1568w\" sizes=\"auto, (max-width: 700px) 100vw, 700px\" \/><\/p>\n<div class=\"rich-media-item mediaSingleView-content-wrap image-center css-1mzi1es\" data-layout=\"center\" data-node-type=\"mediaSingle\">\n<div class=\"css-1co4408\">\n<div data-context-id=\"270139445\" data-type=\"file\" data-node-type=\"media\" data-width=\"1568\" data-height=\"1248\" data-id=\"956fab6d-ce88-4bd4-bc60-a3c3500ede0f\" data-collection=\"contentId-270139445\" data-file-name=\"Screenshot%202023-03-19%20at%204.07.37%20PM.png?version=1&amp;modificationDate=1679223616207&amp;cacheVersion=1&amp;api=v2&amp;width=720\" data-file-size=\"531470\" data-file-mime-type=\"image\/png\" data-alt=\"\">\n<div id=\"newFileExperienceWrapper\" class=\"new-file-experience-wrapper css-1m3tkab\" data-testid=\"media-card-view\">\n<div class=\"media-file-card-view css-1yn77bd\" data-testid=\"media-file-card-view\" data-test-status=\"complete\" data-test-media-name=\"Screenshot%202023-03-19%20at%204.07.37%20PM.png?version=1&amp;modificationDate=1679223616207&amp;cacheVersion=1&amp;api=v2&amp;width=720\" data-test-progress=\"1\">\n<p>Adem\u00e1s, hemos cambiado la opci\u00f3n del men\u00fa del espacio de trabajo de Desvincular a Desincronizar. Por lo tanto, a partir de ahora, cuando desincronice asuntos del panel iManage Drive de Asuntos Sincronizados, Mis asuntos o Asuntos recientes, debe seleccionar\u00a0<strong>Desincronizar<\/strong>\u00a0en lugar de\u00a0<strong>Desvincular<\/strong>\u00a0como se muestra en la siguiente figura.<\/p>\n<\/div>\n<div data-testid=\"media-file-card-view\" data-test-status=\"complete\" data-test-media-name=\"Screenshot%202023-03-19%20at%204.07.37%20PM.png?version=1&amp;modificationDate=1679223616207&amp;cacheVersion=1&amp;api=v2&amp;width=720\" data-test-progress=\"1\"><\/div>\n<\/div>\n<\/div>\n<\/div>\n<\/div>\n<div class=\"rich-media-item mediaSingleView-content-wrap image-center css-1mzi1es\" data-layout=\"center\" data-node-type=\"mediaSingle\">\n<div class=\"css-bx0m7m\">\n<div data-context-id=\"270139445\" data-type=\"file\" data-node-type=\"media\" data-width=\"804\" data-height=\"478\" data-id=\"ed50029b-ba5a-4a52-9fbf-c6089ee2a5d9\" data-collection=\"contentId-270139445\" data-file-name=\"Screenshot 2023-03-24 at 3.23.50 PM.png\" data-file-size=\"328616\" data-file-mime-type=\"image\/png\" data-alt=\"\">\n<div id=\"newFileExperienceWrapper\" class=\"new-file-experience-wrapper css-blus94\" data-testid=\"media-card-view\">\n<div class=\"media-file-card-view css-1yn77bd\" data-testid=\"media-file-card-view\" data-test-status=\"complete\" data-test-media-name=\"Screenshot 2023-03-24 at 3.23.50 PM.png\" data-test-progress=\"1\"><img decoding=\"async\" draggable=\"false\" src=\"blob:https:\/\/imanage-wiki.atlassian.net\/71bd069f-b39a-4fad-8bb4-31bd0f0bce67#media-blob-url=true&amp;id=ed50029b-ba5a-4a52-9fbf-c6089ee2a5d9&amp;collection=contentId-270139445&amp;contextId=270139445&amp;mimeType=image%2Fpng&amp;name=Screenshot%202023-03-24%20at%203.23.50%20PM.png&amp;size=328616&amp;height=478&amp;width=804&amp;alt=\" alt=\"\" data-testid=\"media-image\" \/><img loading=\"lazy\" decoding=\"async\" class=\"alignnone wp-image-851\" src=\"https:\/\/docs.imanage.com\/wp-content\/uploads\/2023\/03\/Screenshot-2023-03-24-at-3.23.50-PM-300x178.png\" alt=\"\" width=\"700\" height=\"416\" srcset=\"https:\/\/docs.imanage.com\/wp-content\/uploads\/2023\/03\/Screenshot-2023-03-24-at-3.23.50-PM-300x178.png 300w, https:\/\/docs.imanage.com\/wp-content\/uploads\/2023\/03\/Screenshot-2023-03-24-at-3.23.50-PM-1024x609.png 1024w, https:\/\/docs.imanage.com\/wp-content\/uploads\/2023\/03\/Screenshot-2023-03-24-at-3.23.50-PM-768x457.png 768w, https:\/\/docs.imanage.com\/wp-content\/uploads\/2023\/03\/Screenshot-2023-03-24-at-3.23.50-PM-1536x913.png 1536w, https:\/\/docs.imanage.com\/wp-content\/uploads\/2023\/03\/Screenshot-2023-03-24-at-3.23.50-PM.png 1608w\" sizes=\"auto, (max-width: 700px) 100vw, 700px\" \/><\/div>\n<div data-testid=\"media-file-card-view\" data-test-status=\"complete\" data-test-media-name=\"Screenshot 2023-03-24 at 3.23.50 PM.png\" data-test-progress=\"1\">\n<h2>Interfaz de usuario mejorada al ver problemas de sincronizaci\u00f3n<\/h2>\n<p>Hemos mejorado nuestro cuadro de di\u00e1logo Mostrar problemas de sincronizaci\u00f3n en iManage Drive\u00a010.9.0.\u00a0Todos los elementos detectados que tengan un conflicto de sincronizaci\u00f3n ahora est\u00e1n preseleccionados en el cuadro de di\u00e1logo de sincronizaci\u00f3n. Adem\u00e1s,\u00a0las opciones disponibles para resolver los problemas de sincronizaci\u00f3n ahora se muestran de forma destacada en la parte inferior del cuadro de di\u00e1logo.<\/p>\n<p>Tambi\u00e9n se ha a\u00f1adido texto adicional para ayudarlo a realizar la acci\u00f3n m\u00e1s adecuada. Para obtener m\u00e1s informaci\u00f3n sobre c\u00f3mo gestionar los problemas de sincronizaci\u00f3n, consulte la secci\u00f3n\u00a0<a href=\"https:\/\/docs.imanage.com\/drive-windows-help\/10.9.0\/en\/Managing_file_sync_issues.html\"><em>Gestionar problemas de sincronizaci\u00f3n de archivos<\/em><\/a>\u00a0disponible en<a href=\"https:\/\/docs.imanage.com\/drive-windows-help\/10.9.0\/en\/iManage_Drive_Help.html\"><em>Ayuda para\u00a0iManage\u00a0Drive<\/em><\/a>.<\/p>\n<\/div>\n<\/div>\n<\/div>\n<\/div>\n<\/div>\n<p><img loading=\"lazy\" decoding=\"async\" class=\"alignnone wp-image-852\" src=\"https:\/\/docs.imanage.com\/wp-content\/uploads\/2023\/03\/Screenshot-2023-03-18-at-10.05.58-AM-300x203.png\" alt=\"\" width=\"700\" height=\"473\" srcset=\"https:\/\/docs.imanage.com\/wp-content\/uploads\/2023\/03\/Screenshot-2023-03-18-at-10.05.58-AM-300x203.png 300w, https:\/\/docs.imanage.com\/wp-content\/uploads\/2023\/03\/Screenshot-2023-03-18-at-10.05.58-AM-768x519.png 768w, https:\/\/docs.imanage.com\/wp-content\/uploads\/2023\/03\/Screenshot-2023-03-18-at-10.05.58-AM.png 827w\" sizes=\"auto, (max-width: 700px) 100vw, 700px\" \/><\/p>\n<p><strong>Versi\u00f3n anterior:<\/strong>\u00a0<a href=\"https:\/\/docs.imanage.com\/es\/work\/whats-new-in-imanage-wdw-10-8-0.html\">iManage Work Desktop for Windows 10.8.0 e iManage Drive 10.8.0<\/a><\/p>\n","protected":false},"excerpt":{"rendered":"<p>Versi\u00f3n n\u00fam: 10.9.1.14 (septiembre 2023) El cuadro de di\u00e1logo Guardar Como guarda la \u00faltima localizaci\u00f3n Desde ahora, cuando utilice la opci\u00f3n de iManage Guardar como para guardar un nuevo documento o un archivo adjunto, el cuadro de di\u00e1logo de iManage Guardar como guarda la \u00faltima localizaci\u00f3n, lo que significa que no tiene que buscar en [&hellip;]<\/p>\n","protected":false},"author":4,"featured_media":0,"parent":146,"menu_order":0,"comment_status":"closed","ping_status":"closed","template":"","meta":{"_acf_changed":false,"footnotes":""},"class_list":["post-832","page","type-page","status-publish","hentry"],"translation":{"provider":"WPGlobus","version":"3.0.2","language":"es","enabled_languages":["en","de","fr","qc","jp","br","es","zh"],"languages":{"en":{"title":true,"content":true,"excerpt":false},"de":{"title":true,"content":true,"excerpt":false},"fr":{"title":true,"content":true,"excerpt":false},"qc":{"title":true,"content":true,"excerpt":false},"jp":{"title":true,"content":true,"excerpt":false},"br":{"title":true,"content":true,"excerpt":false},"es":{"title":true,"content":true,"excerpt":false},"zh":{"title":true,"content":true,"excerpt":false}}},"acf":[],"yoast_head":"<!-- This site is optimized with the Yoast SEO plugin v27.3 - https:\/\/yoast.com\/product\/yoast-seo-wordpress\/ -->\n<title>Novedades de iManage Work Desktop for Windows &#8211; Docs - iManage<\/title>\n<meta name=\"robots\" content=\"index, follow, max-snippet:-1, max-image-preview:large, max-video-preview:-1\" \/>\n<link rel=\"canonical\" href=\"https:\/\/docs.imanage.com\/work\/whats-new-in-imanage-wdw-10-9-0.html\" \/>\n<meta property=\"og:locale\" content=\"es_ES\" \/>\n<meta property=\"og:type\" content=\"article\" \/>\n<meta property=\"og:title\" content=\"Novedades de iManage Work Desktop for Windows &#8211; Docs - iManage\" \/>\n<meta property=\"og:url\" content=\"https:\/\/docs.imanage.com\/work\/whats-new-in-imanage-wdw-10-9-0.html\" \/>\n<meta property=\"og:site_name\" content=\"Docs - iManage\" \/>\n<meta property=\"article:modified_time\" content=\"2024-04-16T18:16:34+00:00\" \/>\n<meta property=\"og:image\" content=\"https:\/\/docs.imanage.com\/wp-content\/uploads\/2023\/07\/LoginNew_GIF.gif\" \/>\n<meta name=\"twitter:card\" content=\"summary_large_image\" \/>\n<meta name=\"twitter:label1\" content=\"Est. reading time\" \/>\n\t<meta name=\"twitter:data1\" content=\"7 minutes\" \/>\n<script type=\"application\/ld+json\" class=\"yoast-schema-graph\">{\"@context\":\"https:\\\/\\\/schema.org\",\"@graph\":[{\"@type\":\"WebPage\",\"@id\":\"https:\\\/\\\/docs.imanage.com\\\/work\\\/whats-new-in-imanage-wdw-10-9-0.html\",\"url\":\"https:\\\/\\\/docs.imanage.com\\\/work\\\/whats-new-in-imanage-wdw-10-9-0.html\",\"name\":\"Novedades de iManage Work Desktop for Windows &#8211; Docs - iManage\",\"isPartOf\":{\"@id\":\"https:\\\/\\\/docs.imanage.com\\\/#website\"},\"primaryImageOfPage\":{\"@id\":\"https:\\\/\\\/docs.imanage.com\\\/work\\\/whats-new-in-imanage-wdw-10-9-0.html#primaryimage\"},\"image\":{\"@id\":\"https:\\\/\\\/docs.imanage.com\\\/work\\\/whats-new-in-imanage-wdw-10-9-0.html#primaryimage\"},\"thumbnailUrl\":\"https:\\\/\\\/docs.imanage.com\\\/wp-content\\\/uploads\\\/2023\\\/07\\\/LoginNew_GIF.gif\",\"datePublished\":\"2022-11-11T18:32:52+00:00\",\"dateModified\":\"2024-04-16T18:16:34+00:00\",\"breadcrumb\":{\"@id\":\"https:\\\/\\\/docs.imanage.com\\\/work\\\/whats-new-in-imanage-wdw-10-9-0.html#breadcrumb\"},\"inLanguage\":\"es-ES\",\"potentialAction\":[{\"@type\":\"ReadAction\",\"target\":[\"https:\\\/\\\/docs.imanage.com\\\/work\\\/whats-new-in-imanage-wdw-10-9-0.html\"]}]},{\"@type\":\"ImageObject\",\"inLanguage\":\"es-ES\",\"@id\":\"https:\\\/\\\/docs.imanage.com\\\/work\\\/whats-new-in-imanage-wdw-10-9-0.html#primaryimage\",\"url\":\"https:\\\/\\\/docs.imanage.com\\\/wp-content\\\/uploads\\\/2023\\\/07\\\/LoginNew_GIF.gif\",\"contentUrl\":\"https:\\\/\\\/docs.imanage.com\\\/wp-content\\\/uploads\\\/2023\\\/07\\\/LoginNew_GIF.gif\"},{\"@type\":\"BreadcrumbList\",\"@id\":\"https:\\\/\\\/docs.imanage.com\\\/work\\\/whats-new-in-imanage-wdw-10-9-0.html#breadcrumb\",\"itemListElement\":[{\"@type\":\"ListItem\",\"position\":1,\"name\":\"Home\",\"item\":\"https:\\\/\\\/docs.imanage.com\\\/\"},{\"@type\":\"ListItem\",\"position\":2,\"name\":\"Work\",\"item\":\"https:\\\/\\\/docs.imanage.com\\\/work.html\"},{\"@type\":\"ListItem\",\"position\":3,\"name\":\"What&#8217;s new in iManage Work Desktop for Windows\"}]},{\"@type\":\"WebSite\",\"@id\":\"https:\\\/\\\/docs.imanage.com\\\/#website\",\"url\":\"https:\\\/\\\/docs.imanage.com\\\/\",\"name\":\"Docs - iManage\",\"description\":\"\",\"potentialAction\":[{\"@type\":\"SearchAction\",\"target\":{\"@type\":\"EntryPoint\",\"urlTemplate\":\"https:\\\/\\\/docs.imanage.com\\\/?s={search_term_string}\"},\"query-input\":{\"@type\":\"PropertyValueSpecification\",\"valueRequired\":true,\"valueName\":\"search_term_string\"}}],\"inLanguage\":\"es-ES\"}]}<\/script>\n<!-- \/ Yoast SEO plugin. -->","yoast_head_json":{"title":"Novedades de iManage Work Desktop for Windows &#8211; Docs - iManage","robots":{"index":"index","follow":"follow","max-snippet":"max-snippet:-1","max-image-preview":"max-image-preview:large","max-video-preview":"max-video-preview:-1"},"canonical":"https:\/\/docs.imanage.com\/work\/whats-new-in-imanage-wdw-10-9-0.html","og_locale":"es_ES","og_type":"article","og_title":"Novedades de iManage Work Desktop for Windows &#8211; Docs - iManage","og_url":"https:\/\/docs.imanage.com\/work\/whats-new-in-imanage-wdw-10-9-0.html","og_site_name":"Docs - iManage","article_modified_time":"2024-04-16T18:16:34+00:00","og_image":[{"url":"https:\/\/docs.imanage.com\/wp-content\/uploads\/2023\/07\/LoginNew_GIF.gif","type":"","width":"","height":""}],"twitter_card":"summary_large_image","twitter_misc":{"Est. reading time":"7 minutes"},"schema":{"@context":"https:\/\/schema.org","@graph":[{"@type":"WebPage","@id":"https:\/\/docs.imanage.com\/work\/whats-new-in-imanage-wdw-10-9-0.html","url":"https:\/\/docs.imanage.com\/work\/whats-new-in-imanage-wdw-10-9-0.html","name":"Novedades de iManage Work Desktop for Windows &#8211; Docs - iManage","isPartOf":{"@id":"https:\/\/docs.imanage.com\/#website"},"primaryImageOfPage":{"@id":"https:\/\/docs.imanage.com\/work\/whats-new-in-imanage-wdw-10-9-0.html#primaryimage"},"image":{"@id":"https:\/\/docs.imanage.com\/work\/whats-new-in-imanage-wdw-10-9-0.html#primaryimage"},"thumbnailUrl":"https:\/\/docs.imanage.com\/wp-content\/uploads\/2023\/07\/LoginNew_GIF.gif","datePublished":"2022-11-11T18:32:52+00:00","dateModified":"2024-04-16T18:16:34+00:00","breadcrumb":{"@id":"https:\/\/docs.imanage.com\/work\/whats-new-in-imanage-wdw-10-9-0.html#breadcrumb"},"inLanguage":"es-ES","potentialAction":[{"@type":"ReadAction","target":["https:\/\/docs.imanage.com\/work\/whats-new-in-imanage-wdw-10-9-0.html"]}]},{"@type":"ImageObject","inLanguage":"es-ES","@id":"https:\/\/docs.imanage.com\/work\/whats-new-in-imanage-wdw-10-9-0.html#primaryimage","url":"https:\/\/docs.imanage.com\/wp-content\/uploads\/2023\/07\/LoginNew_GIF.gif","contentUrl":"https:\/\/docs.imanage.com\/wp-content\/uploads\/2023\/07\/LoginNew_GIF.gif"},{"@type":"BreadcrumbList","@id":"https:\/\/docs.imanage.com\/work\/whats-new-in-imanage-wdw-10-9-0.html#breadcrumb","itemListElement":[{"@type":"ListItem","position":1,"name":"Home","item":"https:\/\/docs.imanage.com\/"},{"@type":"ListItem","position":2,"name":"Work","item":"https:\/\/docs.imanage.com\/work.html"},{"@type":"ListItem","position":3,"name":"What&#8217;s new in iManage Work Desktop for Windows"}]},{"@type":"WebSite","@id":"https:\/\/docs.imanage.com\/#website","url":"https:\/\/docs.imanage.com\/","name":"Docs - iManage","description":"","potentialAction":[{"@type":"SearchAction","target":{"@type":"EntryPoint","urlTemplate":"https:\/\/docs.imanage.com\/?s={search_term_string}"},"query-input":{"@type":"PropertyValueSpecification","valueRequired":true,"valueName":"search_term_string"}}],"inLanguage":"es-ES"}]}},"_links":{"self":[{"href":"https:\/\/docs.imanage.com\/es\/wp-json\/wp\/v2\/pages\/832","targetHints":{"allow":["GET"]}}],"collection":[{"href":"https:\/\/docs.imanage.com\/es\/wp-json\/wp\/v2\/pages"}],"about":[{"href":"https:\/\/docs.imanage.com\/es\/wp-json\/wp\/v2\/types\/page"}],"author":[{"embeddable":true,"href":"https:\/\/docs.imanage.com\/es\/wp-json\/wp\/v2\/users\/4"}],"replies":[{"embeddable":true,"href":"https:\/\/docs.imanage.com\/es\/wp-json\/wp\/v2\/comments?post=832"}],"version-history":[{"count":0,"href":"https:\/\/docs.imanage.com\/es\/wp-json\/wp\/v2\/pages\/832\/revisions"}],"up":[{"embeddable":true,"href":"https:\/\/docs.imanage.com\/es\/wp-json\/wp\/v2\/pages\/146"}],"wp:attachment":[{"href":"https:\/\/docs.imanage.com\/es\/wp-json\/wp\/v2\/media?parent=832"}],"curies":[{"name":"wp","href":"https:\/\/api.w.org\/{rel}","templated":true}]}}