{"id":837,"date":"2023-02-14T09:09:48","date_gmt":"2023-02-14T09:09:48","guid":{"rendered":"https:\/\/docs.imanage.com\/?page_id=837"},"modified":"2023-06-12T09:38:51","modified_gmt":"2023-06-12T09:38:51","slug":"whats-new-in-imanage-drive-m-10-9-0","status":"publish","type":"page","link":"https:\/\/docs.imanage.com\/es\/work\/whats-new-in-imanage-drive-m-10-9-0.html","title":{"rendered":"Novedades de iManage Drive for Mac"},"content":{"rendered":"<p><strong>Versi\u00f3n: 10.9.0 (Junio 2023)<\/strong><\/p>\n<h2>Sincronice y abra contenido directamente de iManage Work en iManage Drive<\/h2>\n<p>Ahora puede sincronizar y abrir contenido que haya guardado en iManage Work directamente en iManage Drive. Puede:<\/p>\n<ul>\n<li>seleccionar el espacio de trabajo, carpeta, documento o correo electr\u00f3nico que desea sincronizar, y luego seleccionar <strong>Sincronizar y Abrir en el Explorador de archivos <\/strong>del <img loading=\"lazy\" decoding=\"async\" class=\"alignnone size-full wp-image-847\" src=\"https:\/\/docs.imanage.com\/wp-content\/uploads\/2023\/03\/Screenshot-2023-03-06-at-10.06.34-PM.png\" alt=\"\" width=\"32\" height=\"62\" \/> men\u00fa kebab.<\/li>\n<li>seleccionar varios espacios de trabajo y luego seleccionar <img loading=\"lazy\" decoding=\"async\" class=\"alignnone size-full wp-image-848\" src=\"https:\/\/docs.imanage.com\/wp-content\/uploads\/2023\/03\/Screenshot-2023-03-06-at-10.41.27-PM.png\" alt=\"\" width=\"48\" height=\"48\" \/> (<strong>Sincronizar y Abrir en el Explorador de archivos<\/strong>).<\/li>\n<\/ul>\n<p>Si iManage Drive detecta que el elemento seleccionado no ha sido sincronizado, el panel de iManager Drive se abrir\u00e1 y le solicitar\u00e1 confirmar la sincronizaci\u00f3n de los elementos seleccionados. Cuando los elementos se hayan sincronizado, Finder se abrir\u00e1 y podr\u00e1 ver los elementos sincronizados con estos destacados. Para obtener m\u00e1s informaci\u00f3n, consulte la secci\u00f3n<a href=\"https:\/\/docs.imanage.com\/drive-mac-help\/10.9.0\/en\/Syncing_from_iManage_Work_using_web_extensions.html\"> Sincronizar desde iManage Work usando web extensiones<\/a> <span style=\"font-size: 1rem;\">disponible en\u00a0<\/span><a style=\"font-size: 1rem;\" href=\"https:\/\/docs.imanage.com\/drive-mac-help\/10.9.0\/en\/iManage_Drive_for_Mac_User_Help.html\"><em>Ayuda para iManage Drive for Mac<\/em><\/a><span style=\"font-size: 1rem;\">.<\/span><\/p>\n<p><strong>NOTA:<\/strong> Su administrador debe habilitar las Extensiones web de iManage Drive for Mac en iManage Control Center para que pueda usar esta funci\u00f3n. Para obtener m\u00e1s informaci\u00f3n, contacte con su administrador.<\/p>\n<p><img loading=\"lazy\" decoding=\"async\" class=\"alignnone wp-image-869\" src=\"https:\/\/docs.imanage.com\/wp-content\/uploads\/2023\/06\/WhatsNew_DriveMac.gif\" alt=\"\" width=\"800\" height=\"539\" \/><\/p>\n<h2>Mejoras a la hora de sincronizar y desincronizar asuntos desde el panel de iManage Drive for Mac<\/h2>\n<p>Cuando seleccione nuevos asuntos para sincronizar en el cuadro de di\u00e1logo Seleccionar Asunto para sincronizar, aparecer\u00e1n en la parte superior de la lista Seleccionados con la etiqueta\u00a0<strong>Nuevo<\/strong>. Si elige desincronizar un asunto, la etiqueta\u00a0<strong>Para desincronizar\u00a0<\/strong>se mostrar\u00e1 como se muestra en la siguiente figura.<\/p>\n<p><img loading=\"lazy\" decoding=\"async\" class=\"alignnone wp-image-865\" src=\"https:\/\/docs.imanage.com\/wp-content\/uploads\/2023\/05\/2023-04-05_23-12-25.png\" alt=\"\" width=\"800\" height=\"630\" srcset=\"https:\/\/docs.imanage.com\/wp-content\/uploads\/2023\/05\/2023-04-05_23-12-25.png 1566w, https:\/\/docs.imanage.com\/wp-content\/uploads\/2023\/05\/2023-04-05_23-12-25-300x236.png 300w, https:\/\/docs.imanage.com\/wp-content\/uploads\/2023\/05\/2023-04-05_23-12-25-1024x807.png 1024w, https:\/\/docs.imanage.com\/wp-content\/uploads\/2023\/05\/2023-04-05_23-12-25-768x605.png 768w, https:\/\/docs.imanage.com\/wp-content\/uploads\/2023\/05\/2023-04-05_23-12-25-1536x1210.png 1536w\" sizes=\"auto, (max-width: 800px) 100vw, 800px\" \/><\/p>\n<p>Adem\u00e1s, hemos cambiado la opci\u00f3n del men\u00fa del espacio de trabajo de Desvincular a Desincronizar. Por lo tanto, a partir de ahora, cuando desincronice asuntos del panel iManage Drive for Mac de Asuntos Sincronizados, Mis asuntos o Asuntos recientes, debe seleccionar <strong>Desincronizar<\/strong>\u00a0en lugar de\u00a0<strong>Desvincular<\/strong>\u00a0como se muestra en la siguiente figura.<\/p>\n<p><img loading=\"lazy\" decoding=\"async\" class=\"alignnone wp-image-866\" src=\"https:\/\/docs.imanage.com\/wp-content\/uploads\/2023\/05\/Screenshot-2023-03-24-at-3.23.50-PM.png\" alt=\"\" width=\"800\" height=\"476\" srcset=\"https:\/\/docs.imanage.com\/wp-content\/uploads\/2023\/05\/Screenshot-2023-03-24-at-3.23.50-PM.png 1608w, https:\/\/docs.imanage.com\/wp-content\/uploads\/2023\/05\/Screenshot-2023-03-24-at-3.23.50-PM-300x178.png 300w, https:\/\/docs.imanage.com\/wp-content\/uploads\/2023\/05\/Screenshot-2023-03-24-at-3.23.50-PM-1024x609.png 1024w, https:\/\/docs.imanage.com\/wp-content\/uploads\/2023\/05\/Screenshot-2023-03-24-at-3.23.50-PM-768x457.png 768w, https:\/\/docs.imanage.com\/wp-content\/uploads\/2023\/05\/Screenshot-2023-03-24-at-3.23.50-PM-1536x913.png 1536w\" sizes=\"auto, (max-width: 800px) 100vw, 800px\" \/><\/p>\n<div class=\"rich-media-item mediaSingleView-content-wrap image-center css-1mzi1es\" data-layout=\"center\" data-node-type=\"mediaSingle\">\n<div class=\"css-bx0m7m\">\n<div data-context-id=\"270139445\" data-type=\"file\" data-node-type=\"media\" data-width=\"804\" data-height=\"478\" data-id=\"ed50029b-ba5a-4a52-9fbf-c6089ee2a5d9\" data-collection=\"contentId-270139445\" data-file-name=\"Screenshot 2023-03-24 at 3.23.50 PM.png\" data-file-size=\"328616\" data-file-mime-type=\"image\/png\" data-alt=\"\">\n<div id=\"newFileExperienceWrapper\" class=\"new-file-experience-wrapper css-blus94\" data-testid=\"media-card-view\">\n<div data-testid=\"media-file-card-view\" data-test-status=\"complete\" data-test-media-name=\"Screenshot 2023-03-24 at 3.23.50 PM.png\" data-test-progress=\"1\">\n<h2>Interfaz de usuario mejorada al ver problemas de sincronizaci\u00f3n<\/h2>\n<p>Hemos mejorado nuestro cuadro de di\u00e1logo Mostrar problemas de sincronizaci\u00f3n en iManage Drive for Mac 10.9.0. Todos los elementos detectados que tengan un conflicto de sincronizaci\u00f3n ahora est\u00e1n preseleccionados en el cuadro de di\u00e1logo de sincronizaci\u00f3n. Adem\u00e1s, las opciones disponibles para resolver los problemas de sincronizaci\u00f3n ahora se muestran de forma destacada en la parte inferior del cuadro de di\u00e1logo.<\/p>\n<p>Tambi\u00e9n se ha a\u00f1adido texto adicional para ayudarlo a realizar la acci\u00f3n m\u00e1s adecuada. Para obtener m\u00e1s informaci\u00f3n sobre c\u00f3mo gestionar los problemas de sincronizaci\u00f3n, consulte la secci\u00f3n\u00a0<a href=\"https:\/\/docs.imanage.com\/drive-mac-help\/10.9.0\/en\/Managing_file_sync_issues.html\"><em>Gestionar problemas de sincronizaci\u00f3n de archivos<\/em><\/a>\u00a0disponible en <a href=\"https:\/\/docs.imanage.com\/drive-mac-help\/10.9.0\/en\/iManage_Drive_for_Mac_User_Help.html\"><em>Ayuda para iManage Drive for Mac<\/em><\/a>.<\/p>\n<\/div>\n<\/div>\n<\/div>\n<\/div>\n<\/div>\n<p><img loading=\"lazy\" decoding=\"async\" class=\"alignnone wp-image-867\" src=\"https:\/\/docs.imanage.com\/wp-content\/uploads\/2023\/05\/Screenshot-2023-03-18-at-10.05.58-AM.png\" alt=\"\" width=\"800\" height=\"549\" srcset=\"https:\/\/docs.imanage.com\/wp-content\/uploads\/2023\/05\/Screenshot-2023-03-18-at-10.05.58-AM.png 826w, https:\/\/docs.imanage.com\/wp-content\/uploads\/2023\/05\/Screenshot-2023-03-18-at-10.05.58-AM-300x206.png 300w, https:\/\/docs.imanage.com\/wp-content\/uploads\/2023\/05\/Screenshot-2023-03-18-at-10.05.58-AM-768x527.png 768w\" sizes=\"auto, (max-width: 800px) 100vw, 800px\" \/><\/p>\n","protected":false},"excerpt":{"rendered":"<p>Versi\u00f3n: 10.9.0 (Junio 2023) Sincronice y abra contenido directamente de iManage Work en iManage Drive Ahora puede sincronizar y abrir contenido que haya guardado en iManage Work directamente en iManage Drive. Puede: seleccionar el espacio de trabajo, carpeta, documento o correo electr\u00f3nico que desea sincronizar, y luego seleccionar Sincronizar y Abrir en el Explorador de [&hellip;]<\/p>\n","protected":false},"author":4,"featured_media":0,"parent":146,"menu_order":0,"comment_status":"closed","ping_status":"closed","template":"","meta":{"_acf_changed":false,"footnotes":""},"class_list":["post-837","page","type-page","status-publish","hentry"],"translation":{"provider":"WPGlobus","version":"3.0.2","language":"es","enabled_languages":["en","de","fr","qc","jp","br","es","zh"],"languages":{"en":{"title":true,"content":true,"excerpt":false},"de":{"title":true,"content":true,"excerpt":false},"fr":{"title":true,"content":true,"excerpt":false},"qc":{"title":false,"content":false,"excerpt":false},"jp":{"title":true,"content":true,"excerpt":false},"br":{"title":true,"content":true,"excerpt":false},"es":{"title":true,"content":true,"excerpt":false},"zh":{"title":true,"content":true,"excerpt":false}}},"acf":[],"yoast_head":"<!-- This site is optimized with the Yoast SEO plugin v27.3 - https:\/\/yoast.com\/product\/yoast-seo-wordpress\/ -->\n<title>Novedades de iManage Drive for Mac &#8211; Docs - iManage<\/title>\n<meta name=\"robots\" content=\"index, follow, max-snippet:-1, max-image-preview:large, max-video-preview:-1\" \/>\n<link rel=\"canonical\" href=\"https:\/\/docs.imanage.com\/work\/whats-new-in-imanage-drive-m-10-9-0.html\" \/>\n<meta property=\"og:locale\" content=\"es_ES\" \/>\n<meta property=\"og:type\" content=\"article\" \/>\n<meta property=\"og:title\" content=\"Novedades de iManage Drive for Mac &#8211; Docs - iManage\" \/>\n<meta property=\"og:url\" content=\"https:\/\/docs.imanage.com\/work\/whats-new-in-imanage-drive-m-10-9-0.html\" \/>\n<meta property=\"og:site_name\" content=\"Docs - iManage\" \/>\n<meta property=\"article:modified_time\" content=\"2023-06-12T09:38:51+00:00\" \/>\n<meta property=\"og:image\" content=\"https:\/\/docs.imanage.com\/wp-content\/uploads\/2023\/03\/Screenshot-2023-03-06-at-10.06.34-PM.png\" \/>\n<meta name=\"twitter:card\" content=\"summary_large_image\" \/>\n<meta name=\"twitter:label1\" content=\"Est. reading time\" \/>\n\t<meta name=\"twitter:data1\" content=\"3 minutes\" \/>\n<script type=\"application\/ld+json\" class=\"yoast-schema-graph\">{\"@context\":\"https:\\\/\\\/schema.org\",\"@graph\":[{\"@type\":\"WebPage\",\"@id\":\"https:\\\/\\\/docs.imanage.com\\\/work\\\/whats-new-in-imanage-drive-m-10-9-0.html\",\"url\":\"https:\\\/\\\/docs.imanage.com\\\/work\\\/whats-new-in-imanage-drive-m-10-9-0.html\",\"name\":\"Novedades de iManage Drive for Mac &#8211; Docs - iManage\",\"isPartOf\":{\"@id\":\"https:\\\/\\\/docs.imanage.com\\\/#website\"},\"primaryImageOfPage\":{\"@id\":\"https:\\\/\\\/docs.imanage.com\\\/work\\\/whats-new-in-imanage-drive-m-10-9-0.html#primaryimage\"},\"image\":{\"@id\":\"https:\\\/\\\/docs.imanage.com\\\/work\\\/whats-new-in-imanage-drive-m-10-9-0.html#primaryimage\"},\"thumbnailUrl\":\"https:\\\/\\\/docs.imanage.com\\\/wp-content\\\/uploads\\\/2023\\\/03\\\/Screenshot-2023-03-06-at-10.06.34-PM.png\",\"datePublished\":\"2023-02-14T09:09:48+00:00\",\"dateModified\":\"2023-06-12T09:38:51+00:00\",\"breadcrumb\":{\"@id\":\"https:\\\/\\\/docs.imanage.com\\\/work\\\/whats-new-in-imanage-drive-m-10-9-0.html#breadcrumb\"},\"inLanguage\":\"es-ES\",\"potentialAction\":[{\"@type\":\"ReadAction\",\"target\":[\"https:\\\/\\\/docs.imanage.com\\\/work\\\/whats-new-in-imanage-drive-m-10-9-0.html\"]}]},{\"@type\":\"ImageObject\",\"inLanguage\":\"es-ES\",\"@id\":\"https:\\\/\\\/docs.imanage.com\\\/work\\\/whats-new-in-imanage-drive-m-10-9-0.html#primaryimage\",\"url\":\"https:\\\/\\\/docs.imanage.com\\\/wp-content\\\/uploads\\\/2023\\\/03\\\/Screenshot-2023-03-06-at-10.06.34-PM.png\",\"contentUrl\":\"https:\\\/\\\/docs.imanage.com\\\/wp-content\\\/uploads\\\/2023\\\/03\\\/Screenshot-2023-03-06-at-10.06.34-PM.png\"},{\"@type\":\"BreadcrumbList\",\"@id\":\"https:\\\/\\\/docs.imanage.com\\\/work\\\/whats-new-in-imanage-drive-m-10-9-0.html#breadcrumb\",\"itemListElement\":[{\"@type\":\"ListItem\",\"position\":1,\"name\":\"Home\",\"item\":\"https:\\\/\\\/docs.imanage.com\\\/\"},{\"@type\":\"ListItem\",\"position\":2,\"name\":\"Work\",\"item\":\"https:\\\/\\\/docs.imanage.com\\\/work.html\"},{\"@type\":\"ListItem\",\"position\":3,\"name\":\"What&#8217;s new in iManage Drive for Mac\"}]},{\"@type\":\"WebSite\",\"@id\":\"https:\\\/\\\/docs.imanage.com\\\/#website\",\"url\":\"https:\\\/\\\/docs.imanage.com\\\/\",\"name\":\"Docs - iManage\",\"description\":\"\",\"potentialAction\":[{\"@type\":\"SearchAction\",\"target\":{\"@type\":\"EntryPoint\",\"urlTemplate\":\"https:\\\/\\\/docs.imanage.com\\\/?s={search_term_string}\"},\"query-input\":{\"@type\":\"PropertyValueSpecification\",\"valueRequired\":true,\"valueName\":\"search_term_string\"}}],\"inLanguage\":\"es-ES\"}]}<\/script>\n<!-- \/ Yoast SEO plugin. -->","yoast_head_json":{"title":"Novedades de iManage Drive for Mac &#8211; Docs - iManage","robots":{"index":"index","follow":"follow","max-snippet":"max-snippet:-1","max-image-preview":"max-image-preview:large","max-video-preview":"max-video-preview:-1"},"canonical":"https:\/\/docs.imanage.com\/work\/whats-new-in-imanage-drive-m-10-9-0.html","og_locale":"es_ES","og_type":"article","og_title":"Novedades de iManage Drive for Mac &#8211; Docs - iManage","og_url":"https:\/\/docs.imanage.com\/work\/whats-new-in-imanage-drive-m-10-9-0.html","og_site_name":"Docs - iManage","article_modified_time":"2023-06-12T09:38:51+00:00","og_image":[{"url":"https:\/\/docs.imanage.com\/wp-content\/uploads\/2023\/03\/Screenshot-2023-03-06-at-10.06.34-PM.png","type":"","width":"","height":""}],"twitter_card":"summary_large_image","twitter_misc":{"Est. reading time":"3 minutes"},"schema":{"@context":"https:\/\/schema.org","@graph":[{"@type":"WebPage","@id":"https:\/\/docs.imanage.com\/work\/whats-new-in-imanage-drive-m-10-9-0.html","url":"https:\/\/docs.imanage.com\/work\/whats-new-in-imanage-drive-m-10-9-0.html","name":"Novedades de iManage Drive for Mac &#8211; Docs - iManage","isPartOf":{"@id":"https:\/\/docs.imanage.com\/#website"},"primaryImageOfPage":{"@id":"https:\/\/docs.imanage.com\/work\/whats-new-in-imanage-drive-m-10-9-0.html#primaryimage"},"image":{"@id":"https:\/\/docs.imanage.com\/work\/whats-new-in-imanage-drive-m-10-9-0.html#primaryimage"},"thumbnailUrl":"https:\/\/docs.imanage.com\/wp-content\/uploads\/2023\/03\/Screenshot-2023-03-06-at-10.06.34-PM.png","datePublished":"2023-02-14T09:09:48+00:00","dateModified":"2023-06-12T09:38:51+00:00","breadcrumb":{"@id":"https:\/\/docs.imanage.com\/work\/whats-new-in-imanage-drive-m-10-9-0.html#breadcrumb"},"inLanguage":"es-ES","potentialAction":[{"@type":"ReadAction","target":["https:\/\/docs.imanage.com\/work\/whats-new-in-imanage-drive-m-10-9-0.html"]}]},{"@type":"ImageObject","inLanguage":"es-ES","@id":"https:\/\/docs.imanage.com\/work\/whats-new-in-imanage-drive-m-10-9-0.html#primaryimage","url":"https:\/\/docs.imanage.com\/wp-content\/uploads\/2023\/03\/Screenshot-2023-03-06-at-10.06.34-PM.png","contentUrl":"https:\/\/docs.imanage.com\/wp-content\/uploads\/2023\/03\/Screenshot-2023-03-06-at-10.06.34-PM.png"},{"@type":"BreadcrumbList","@id":"https:\/\/docs.imanage.com\/work\/whats-new-in-imanage-drive-m-10-9-0.html#breadcrumb","itemListElement":[{"@type":"ListItem","position":1,"name":"Home","item":"https:\/\/docs.imanage.com\/"},{"@type":"ListItem","position":2,"name":"Work","item":"https:\/\/docs.imanage.com\/work.html"},{"@type":"ListItem","position":3,"name":"What&#8217;s new in iManage Drive for Mac"}]},{"@type":"WebSite","@id":"https:\/\/docs.imanage.com\/#website","url":"https:\/\/docs.imanage.com\/","name":"Docs - iManage","description":"","potentialAction":[{"@type":"SearchAction","target":{"@type":"EntryPoint","urlTemplate":"https:\/\/docs.imanage.com\/?s={search_term_string}"},"query-input":{"@type":"PropertyValueSpecification","valueRequired":true,"valueName":"search_term_string"}}],"inLanguage":"es-ES"}]}},"_links":{"self":[{"href":"https:\/\/docs.imanage.com\/es\/wp-json\/wp\/v2\/pages\/837","targetHints":{"allow":["GET"]}}],"collection":[{"href":"https:\/\/docs.imanage.com\/es\/wp-json\/wp\/v2\/pages"}],"about":[{"href":"https:\/\/docs.imanage.com\/es\/wp-json\/wp\/v2\/types\/page"}],"author":[{"embeddable":true,"href":"https:\/\/docs.imanage.com\/es\/wp-json\/wp\/v2\/users\/4"}],"replies":[{"embeddable":true,"href":"https:\/\/docs.imanage.com\/es\/wp-json\/wp\/v2\/comments?post=837"}],"version-history":[{"count":0,"href":"https:\/\/docs.imanage.com\/es\/wp-json\/wp\/v2\/pages\/837\/revisions"}],"up":[{"embeddable":true,"href":"https:\/\/docs.imanage.com\/es\/wp-json\/wp\/v2\/pages\/146"}],"wp:attachment":[{"href":"https:\/\/docs.imanage.com\/es\/wp-json\/wp\/v2\/media?parent=837"}],"curies":[{"name":"wp","href":"https:\/\/api.w.org\/{rel}","templated":true}]}}