{"id":11,"date":"2019-03-04T21:55:02","date_gmt":"2019-03-04T21:55:02","guid":{"rendered":"http:\/\/192.168.12.75\/sample\/wpglobus\/?page_id=11"},"modified":"2019-04-11T07:14:12","modified_gmt":"2019-04-11T07:14:12","slug":"whats_new","status":"publish","type":"page","link":"https:\/\/docs.imanage.com\/fr\/work\/whats_new.html","title":{"rendered":"Quoi de neuf?"},"content":{"rendered":"<p><strong>Des versions<\/strong><\/p>\n<ul>\n<li>iManage Work Desktop for Windows 10.2.0.185<\/li>\n<li>iManage Agent Services 10.2.0.73<\/li>\n<li>iManage Installer 10.2.0.49<\/li>\n<\/ul>\n<h1>Trier le contenu pour une meilleure visualisation et un acc\u00e8s facile<\/h1>\n<p>Vous pouvez maintenant trier votre contenu par ordre croissant ou d\u00e9croissant pour trouver rapidement votre article dans la liste.<\/p>\n<h1>Restez \u00e0 jour avec les derni\u00e8res fonctionnalit\u00e9s<\/h1>\n<p>Gr\u00e2ce aux mises \u00e0 jour automatiques iManage, vous pouvez rester inform\u00e9 des derniers clients iManage Work et installer leurs mises \u00e0 jour en fonction de votre emploi du temps. Vous pouvez m\u00eame annuler les mises \u00e0 jour si n\u00e9cessaire.<\/p>\n<h1>Recherche d&#8217;espace de travail am\u00e9lior\u00e9e<\/h1>\n<p>Semblable \u00e0 la recherche de documents et de courriers \u00e9lectroniques, vous pouvez d\u00e9sormais s\u00e9lectionner rapidement les valeurs suivantes pour les recherches dans l&#8217;espace de travail: Titre, Description, Propri\u00e9taire et Mot cl\u00e9.<\/p>\n<h1>Classer tous les emails dans la conversation<\/h1>\n<p>Vous pouvez classer tous les emails dans la conversation en un seul clic.<\/p>\n<h1>Voir tous les e-mails dans une liste chronologique ou en tant que conversations<\/h1>\n<p>Vous pouvez maintenant d\u00e9sactiver la vue de conversation par d\u00e9faut pour voir une liste chronologique des e-mails.<\/p>\n<p><strong>Pour plus d&#8217;informations, consultez la documentation iManage Work.<\/strong><\/p>\n","protected":false},"excerpt":{"rendered":"<p>Des versions iManage Work Desktop for Windows 10.2.0.185 iManage Agent Services 10.2.0.73 iManage Installer 10.2.0.49 Trier le contenu pour une meilleure visualisation et un acc\u00e8s facile Vous pouvez maintenant trier votre contenu par ordre croissant ou d\u00e9croissant pour trouver rapidement votre article dans la liste. Restez \u00e0 jour avec les derni\u00e8res fonctionnalit\u00e9s Gr\u00e2ce aux mises [&hellip;]<\/p>\n","protected":false},"author":4,"featured_media":0,"parent":146,"menu_order":0,"comment_status":"closed","ping_status":"closed","template":"","meta":{"_acf_changed":false,"footnotes":""},"class_list":["post-11","page","type-page","status-publish","hentry"],"translation":{"provider":"WPGlobus","version":"3.0.2","language":"fr","enabled_languages":["en","de","fr","qc","jp","br","es","zh"],"languages":{"en":{"title":true,"content":true,"excerpt":false},"de":{"title":true,"content":true,"excerpt":false},"fr":{"title":true,"content":true,"excerpt":false},"qc":{"title":false,"content":false,"excerpt":false},"jp":{"title":true,"content":true,"excerpt":false},"br":{"title":true,"content":true,"excerpt":false},"es":{"title":true,"content":true,"excerpt":false},"zh":{"title":false,"content":false,"excerpt":false}}},"acf":[],"yoast_head":"<!-- This site is optimized with the Yoast SEO plugin v27.6 - https:\/\/yoast.com\/product\/yoast-seo-wordpress\/ -->\n<title>Quoi de neuf? &#8211; Docs - iManage<\/title>\n<meta name=\"robots\" content=\"index, follow, max-snippet:-1, max-image-preview:large, max-video-preview:-1\" \/>\n<link rel=\"canonical\" href=\"https:\/\/docs.imanage.com\/work\/whats_new.html\" \/>\n<meta property=\"og:locale\" content=\"fr_FR\" \/>\n<meta property=\"og:type\" content=\"article\" \/>\n<meta property=\"og:title\" content=\"Quoi de neuf? &#8211; Docs - iManage\" \/>\n<meta property=\"og:url\" content=\"https:\/\/docs.imanage.com\/work\/whats_new.html\" \/>\n<meta property=\"og:site_name\" content=\"Docs - iManage\" \/>\n<meta property=\"article:modified_time\" content=\"2019-04-11T07:14:12+00:00\" \/>\n<meta property=\"og:image\" content=\"https:\/\/docs.imanage.com\/wp-content\/uploads\/2019\/02\/sogreni_new-300x15.png\" \/>\n<meta name=\"twitter:card\" content=\"summary_large_image\" \/>\n<meta name=\"twitter:label1\" content=\"Est. reading time\" \/>\n\t<meta name=\"twitter:data1\" content=\"6 minutes\" \/>\n<script type=\"application\/ld+json\" class=\"yoast-schema-graph\">{\"@context\":\"https:\\\/\\\/schema.org\",\"@graph\":[{\"@type\":\"WebPage\",\"@id\":\"https:\\\/\\\/docs.imanage.com\\\/work\\\/whats_new.html\",\"url\":\"https:\\\/\\\/docs.imanage.com\\\/work\\\/whats_new.html\",\"name\":\"Quoi de neuf? &#8211; Docs - iManage\",\"isPartOf\":{\"@id\":\"https:\\\/\\\/docs.imanage.com\\\/#website\"},\"primaryImageOfPage\":{\"@id\":\"https:\\\/\\\/docs.imanage.com\\\/work\\\/whats_new.html#primaryimage\"},\"image\":{\"@id\":\"https:\\\/\\\/docs.imanage.com\\\/work\\\/whats_new.html#primaryimage\"},\"thumbnailUrl\":\"https:\\\/\\\/docs.imanage.com\\\/wp-content\\\/uploads\\\/2019\\\/02\\\/sogreni_new-300x15.png\",\"datePublished\":\"2019-03-04T21:55:02+00:00\",\"dateModified\":\"2019-04-11T07:14:12+00:00\",\"breadcrumb\":{\"@id\":\"https:\\\/\\\/docs.imanage.com\\\/work\\\/whats_new.html#breadcrumb\"},\"inLanguage\":\"fr-FR\",\"potentialAction\":[{\"@type\":\"ReadAction\",\"target\":[\"https:\\\/\\\/docs.imanage.com\\\/work\\\/whats_new.html\"]}]},{\"@type\":\"ImageObject\",\"inLanguage\":\"fr-FR\",\"@id\":\"https:\\\/\\\/docs.imanage.com\\\/work\\\/whats_new.html#primaryimage\",\"url\":\"https:\\\/\\\/docs.imanage.com\\\/wp-content\\\/uploads\\\/2019\\\/02\\\/sogreni_new-300x15.png\",\"contentUrl\":\"https:\\\/\\\/docs.imanage.com\\\/wp-content\\\/uploads\\\/2019\\\/02\\\/sogreni_new-300x15.png\"},{\"@type\":\"BreadcrumbList\",\"@id\":\"https:\\\/\\\/docs.imanage.com\\\/work\\\/whats_new.html#breadcrumb\",\"itemListElement\":[{\"@type\":\"ListItem\",\"position\":1,\"name\":\"Home\",\"item\":\"https:\\\/\\\/docs.imanage.com\\\/\"},{\"@type\":\"ListItem\",\"position\":2,\"name\":\"Work\",\"item\":\"https:\\\/\\\/docs.imanage.com\\\/work.html\"},{\"@type\":\"ListItem\",\"position\":3,\"name\":\"What&#8217;s New?\"}]},{\"@type\":\"WebSite\",\"@id\":\"https:\\\/\\\/docs.imanage.com\\\/#website\",\"url\":\"https:\\\/\\\/docs.imanage.com\\\/\",\"name\":\"Docs - iManage\",\"description\":\"\",\"potentialAction\":[{\"@type\":\"SearchAction\",\"target\":{\"@type\":\"EntryPoint\",\"urlTemplate\":\"https:\\\/\\\/docs.imanage.com\\\/?s={search_term_string}\"},\"query-input\":{\"@type\":\"PropertyValueSpecification\",\"valueRequired\":true,\"valueName\":\"search_term_string\"}}],\"inLanguage\":\"fr-FR\"}]}<\/script>\n<!-- \/ Yoast SEO plugin. -->","yoast_head_json":{"title":"Quoi de neuf? &#8211; Docs - iManage","robots":{"index":"index","follow":"follow","max-snippet":"max-snippet:-1","max-image-preview":"max-image-preview:large","max-video-preview":"max-video-preview:-1"},"canonical":"https:\/\/docs.imanage.com\/work\/whats_new.html","og_locale":"fr_FR","og_type":"article","og_title":"Quoi de neuf? &#8211; Docs - iManage","og_url":"https:\/\/docs.imanage.com\/work\/whats_new.html","og_site_name":"Docs - iManage","article_modified_time":"2019-04-11T07:14:12+00:00","og_image":[{"url":"https:\/\/docs.imanage.com\/wp-content\/uploads\/2019\/02\/sogreni_new-300x15.png","type":"","width":"","height":""}],"twitter_card":"summary_large_image","twitter_misc":{"Est. reading time":"6 minutes"},"schema":{"@context":"https:\/\/schema.org","@graph":[{"@type":"WebPage","@id":"https:\/\/docs.imanage.com\/work\/whats_new.html","url":"https:\/\/docs.imanage.com\/work\/whats_new.html","name":"Quoi de neuf? &#8211; Docs - iManage","isPartOf":{"@id":"https:\/\/docs.imanage.com\/#website"},"primaryImageOfPage":{"@id":"https:\/\/docs.imanage.com\/work\/whats_new.html#primaryimage"},"image":{"@id":"https:\/\/docs.imanage.com\/work\/whats_new.html#primaryimage"},"thumbnailUrl":"https:\/\/docs.imanage.com\/wp-content\/uploads\/2019\/02\/sogreni_new-300x15.png","datePublished":"2019-03-04T21:55:02+00:00","dateModified":"2019-04-11T07:14:12+00:00","breadcrumb":{"@id":"https:\/\/docs.imanage.com\/work\/whats_new.html#breadcrumb"},"inLanguage":"fr-FR","potentialAction":[{"@type":"ReadAction","target":["https:\/\/docs.imanage.com\/work\/whats_new.html"]}]},{"@type":"ImageObject","inLanguage":"fr-FR","@id":"https:\/\/docs.imanage.com\/work\/whats_new.html#primaryimage","url":"https:\/\/docs.imanage.com\/wp-content\/uploads\/2019\/02\/sogreni_new-300x15.png","contentUrl":"https:\/\/docs.imanage.com\/wp-content\/uploads\/2019\/02\/sogreni_new-300x15.png"},{"@type":"BreadcrumbList","@id":"https:\/\/docs.imanage.com\/work\/whats_new.html#breadcrumb","itemListElement":[{"@type":"ListItem","position":1,"name":"Home","item":"https:\/\/docs.imanage.com\/"},{"@type":"ListItem","position":2,"name":"Work","item":"https:\/\/docs.imanage.com\/work.html"},{"@type":"ListItem","position":3,"name":"What&#8217;s New?"}]},{"@type":"WebSite","@id":"https:\/\/docs.imanage.com\/#website","url":"https:\/\/docs.imanage.com\/","name":"Docs - iManage","description":"","potentialAction":[{"@type":"SearchAction","target":{"@type":"EntryPoint","urlTemplate":"https:\/\/docs.imanage.com\/?s={search_term_string}"},"query-input":{"@type":"PropertyValueSpecification","valueRequired":true,"valueName":"search_term_string"}}],"inLanguage":"fr-FR"}]}},"_links":{"self":[{"href":"https:\/\/docs.imanage.com\/fr\/wp-json\/wp\/v2\/pages\/11","targetHints":{"allow":["GET"]}}],"collection":[{"href":"https:\/\/docs.imanage.com\/fr\/wp-json\/wp\/v2\/pages"}],"about":[{"href":"https:\/\/docs.imanage.com\/fr\/wp-json\/wp\/v2\/types\/page"}],"author":[{"embeddable":true,"href":"https:\/\/docs.imanage.com\/fr\/wp-json\/wp\/v2\/users\/4"}],"replies":[{"embeddable":true,"href":"https:\/\/docs.imanage.com\/fr\/wp-json\/wp\/v2\/comments?post=11"}],"version-history":[{"count":0,"href":"https:\/\/docs.imanage.com\/fr\/wp-json\/wp\/v2\/pages\/11\/revisions"}],"up":[{"embeddable":true,"href":"https:\/\/docs.imanage.com\/fr\/wp-json\/wp\/v2\/pages\/146"}],"wp:attachment":[{"href":"https:\/\/docs.imanage.com\/fr\/wp-json\/wp\/v2\/media?parent=11"}],"curies":[{"name":"wp","href":"https:\/\/api.w.org\/{rel}","templated":true}]}}