{"id":2,"date":"2018-06-22T05:55:25","date_gmt":"2018-06-22T05:55:25","guid":{"rendered":"http:\/\/192.168.12.75\/sample\/wpglobus\/?page_id=2"},"modified":"2019-05-17T11:59:41","modified_gmt":"2019-05-17T11:59:41","slug":"wdw-10-2-19-03","status":"publish","type":"page","link":"https:\/\/docs.imanage.com\/fr\/work\/wdw-10-2-19-03.html","title":{"rendered":"Nouveaut\u00e9s de iManage Work Desktop pour Windows &#8211; Avril 2019"},"content":{"rendered":"<p><strong>Version: 10.2.1.142<\/strong><\/p>\n<h1>Rappel d&#8217;enregistrement automatique<\/h1>\n<p>Ouvrez-vous souvent des documents et les laissez-vous extraits par inadvertance, ce qui fait que vos coll\u00e8gues vous le rappellent quand ils tentent sans succ\u00e8s de les \u00e9diter?<\/p>\n<p>iManage Work Desktop pour Windows vous rappelle automatiquement tout document ouvert ou extrait, ce qui vous aide \u00e0 r\u00e9duire au minimum le verrouillage accidentel d&#8217;un document, afin que votre \u00e9quipe puisse continuer \u00e0 acc\u00e9der aux documents importants.<\/p>\n<p><img loading=\"lazy\" decoding=\"async\" class=\"alignnone wp-image-311 size-full\" src=\"https:\/\/docs.imanage.com\/wp-content\/uploads\/2019\/05\/04_Notification-Popup-2-1.gif\" alt=\"\" width=\"786\" height=\"469\" \/><\/p>\n<h1>Indicateur visuel pour Enregistrer et Synchroniser<\/h1>\n<p>Lorsque vous modifiez un document et utilisez l&#8217;option<strong> Enregistrer et Synchroniser<\/strong> pour enregistrer les modifications, vous avez maintenant un indicateur visuel indiquant la progression, et une confirmation du fait que les modifications ont \u00e9t\u00e9 t\u00e9l\u00e9charg\u00e9es sur iManage Work.<\/p>\n<p><img loading=\"lazy\" decoding=\"async\" class=\"alignnone size-full wp-image-309\" src=\"https:\/\/docs.imanage.com\/wp-content\/uploads\/2019\/05\/02_Gif-Save-Sync-1.gif\" alt=\"\" width=\"786\" height=\"469\" \/><\/p>\n<h1>Modifier la langue de l&#8217;interface utilisateur pour le le Panneau de travail iManage<\/h1>\n<p>Le Panneau de travail n&#8217;a plus besoin d&#8217;\u00eatre dans la m\u00eame langue que Windows d\u00e9sormais! Vous pouvez changer la langue du Panneau de travail par n&#8217;importe quelle langue support\u00e9e par iManage Work Desktop pour Windows 10.2.1 \u00e0 l&#8217;aide de la nouvelle option <strong>WebLocale<\/strong> du fichier imEmm.config.<\/p>\n<h1>Nouveaux raccourcis clavier pour le Panneau de travail iManage<\/h1>\n<p>Les raccourcis clavier suivants sont maintenant disponibles pour manipuler le niveau de zoom ou recharger le panneau:<\/p>\n<ul>\n<li><span class=\"inline-comment-marker\" data-ref=\"1323525a-1ca7-4ae0-9016-82818c7c5139\">Touche CTRL + molette de la souris OU touche CTRL et touche + ou -: Pour augmenter ou diminuer le niveau de zoom.<\/span><\/li>\n<li>Touche CTRL + F5: Recharger le contenu.<\/li>\n<li>Touche CTRL + 0 (z\u00e9ro): Pour r\u00e9initialiser le niveau de zoom.<\/li>\n<\/ul>\n<h1>Lancer automatiquement le Panneau de travail iManage au d\u00e9marrage de MS Outlook<\/h1>\n<p>Devez-vous ouvrir le Panneau de travail iManage \u00e0 chaque fois que vous red\u00e9marrez Outlook? Maintenant, vous pouvez facilement configurer le Panneau de travail pour qu&#8217;il se lance automatiquement, afin que vous puissiez rapidement reprendre votre travail.<\/p>\n<p><img loading=\"lazy\" decoding=\"async\" class=\"alignnone size-full wp-image-308\" src=\"https:\/\/docs.imanage.com\/wp-content\/uploads\/2019\/05\/01_Option-to-Display_Panel-1.gif\" alt=\"\" width=\"768\" height=\"413\" \/><\/p>\n<h1 id=\"id-.iManageWork10forOfficeandEmailManagementforOutlookReleaseNotes(10.1)v10.2.1-Optionforre-enablingdisablediManageWorkadd-insforMicrosoftOffice\">R\u00e9activer les compl\u00e9ments d&#8217;iManage Work d\u00e9sactiv\u00e9s pour Microsoft Office<\/h1>\n<p>Souhaitez-vous \u00e9viter de parcourir la liste des compl\u00e9ments d\u00e9sactiv\u00e9s pour diff\u00e9rentes applications, et devoir les activer chaque fois qu&#8217;elles sont d\u00e9sactiv\u00e9es pour une raison quelconque? La r\u00e9activation automatique des compl\u00e9ments d&#8217;iManage Work pour les applications Microsoft Office (Outlook, Word, PowerPoint, Excel, Visio et MS Project) peut d\u00e9sormais \u00eatre configur\u00e9e \u00e0 l&#8217;aide de la nouvelle <strong>iwReEnabledAddinOption<\/strong> dans le fichier imWorkOptions.xml.<\/p>\n<h1 id=\"id-.iManageWork10forOfficeandEmailManagementforOutlookReleaseNotes(10.1)v10.2.1-Visualindicatorfordocumentsdeclaredasrecords\">Indicateur visuel pour les documents d\u00e9clar\u00e9s en tant qu&#8217;enregistrements<\/h1>\n<p>Pour faciliter l&#8217;identification des documents d\u00e9clar\u00e9s en tant qu&#8217;enregistrements dans Microsoft Office, les documents r\u00e9pertori\u00e9s dans le mode Backstage affichent une ic\u00f4ne repr\u00e9sentant un maillet\u00a0<img loading=\"lazy\" decoding=\"async\" class=\"alignnone size-full wp-image-284\" src=\"https:\/\/docs.imanage.com\/wp-content\/uploads\/2019\/03\/RecordOverlay-1.png\" alt=\"\" width=\"24\" height=\"24\" \/> sur le document.<\/p>\n<p><img loading=\"lazy\" decoding=\"async\" class=\"alignnone size-full wp-image-310\" src=\"https:\/\/docs.imanage.com\/wp-content\/uploads\/2019\/05\/03_GIF_DeclareAsRecordIcon-2-1.gif\" alt=\"\" width=\"820\" height=\"485\" \/><\/p>\n","protected":false},"excerpt":{"rendered":"<p>Version: 10.2.1.142 Rappel d&#8217;enregistrement automatique Ouvrez-vous souvent des documents et les laissez-vous extraits par inadvertance, ce qui fait que vos coll\u00e8gues vous le rappellent quand ils tentent sans succ\u00e8s de les \u00e9diter? iManage Work Desktop pour Windows vous rappelle automatiquement tout document ouvert ou extrait, ce qui vous aide \u00e0 r\u00e9duire au minimum le verrouillage [&hellip;]<\/p>\n","protected":false},"author":4,"featured_media":0,"parent":146,"menu_order":0,"comment_status":"closed","ping_status":"open","template":"","meta":{"_acf_changed":false,"footnotes":""},"class_list":["post-2","page","type-page","status-publish","hentry"],"translation":{"provider":"WPGlobus","version":"3.0.2","language":"fr","enabled_languages":["en","de","fr","qc","jp","br","es","zh"],"languages":{"en":{"title":true,"content":true,"excerpt":false},"de":{"title":true,"content":true,"excerpt":false},"fr":{"title":true,"content":true,"excerpt":false},"qc":{"title":false,"content":false,"excerpt":false},"jp":{"title":true,"content":true,"excerpt":false},"br":{"title":true,"content":true,"excerpt":false},"es":{"title":true,"content":true,"excerpt":false},"zh":{"title":true,"content":true,"excerpt":false}}},"acf":[],"yoast_head":"<!-- This site is optimized with the Yoast SEO plugin v27.5 - https:\/\/yoast.com\/product\/yoast-seo-wordpress\/ -->\n<title>Nouveaut\u00e9s de iManage Work Desktop pour Windows - Avril 2019 &#8211; Docs - iManage<\/title>\n<meta name=\"robots\" content=\"index, follow, max-snippet:-1, max-image-preview:large, max-video-preview:-1\" \/>\n<link rel=\"canonical\" href=\"https:\/\/docs.imanage.com\/br\/work\/wdw-10-2-19-03.html\" \/>\n<meta property=\"og:locale\" content=\"fr_FR\" \/>\n<meta property=\"og:type\" content=\"article\" \/>\n<meta property=\"og:title\" content=\"Nouveaut\u00e9s de iManage Work Desktop pour Windows - Avril 2019 &#8211; Docs - iManage\" \/>\n<meta property=\"og:url\" content=\"https:\/\/docs.imanage.com\/br\/work\/wdw-10-2-19-03.html\" \/>\n<meta property=\"og:site_name\" content=\"Docs - iManage\" \/>\n<meta property=\"article:modified_time\" content=\"2019-05-17T11:59:41+00:00\" \/>\n<meta property=\"og:image\" content=\"https:\/\/docs.imanage.com\/wp-content\/uploads\/2019\/04\/04_Notification-Popup-2-1.gif\" \/>\n<meta name=\"twitter:card\" content=\"summary_large_image\" \/>\n<meta name=\"twitter:label1\" content=\"Est. reading time\" \/>\n\t<meta name=\"twitter:data1\" content=\"11 minutes\" \/>\n<script type=\"application\/ld+json\" class=\"yoast-schema-graph\">{\"@context\":\"https:\\\/\\\/schema.org\",\"@graph\":[{\"@type\":\"WebPage\",\"@id\":\"https:\\\/\\\/docs.imanage.com\\\/br\\\/work\\\/wdw-10-2-19-03.html\",\"url\":\"https:\\\/\\\/docs.imanage.com\\\/br\\\/work\\\/wdw-10-2-19-03.html\",\"name\":\"Nouveaut\u00e9s de iManage Work Desktop pour Windows - Avril 2019 &#8211; Docs - iManage\",\"isPartOf\":{\"@id\":\"https:\\\/\\\/docs.imanage.com\\\/#website\"},\"primaryImageOfPage\":{\"@id\":\"https:\\\/\\\/docs.imanage.com\\\/br\\\/work\\\/wdw-10-2-19-03.html#primaryimage\"},\"image\":{\"@id\":\"https:\\\/\\\/docs.imanage.com\\\/br\\\/work\\\/wdw-10-2-19-03.html#primaryimage\"},\"thumbnailUrl\":\"https:\\\/\\\/docs.imanage.com\\\/wp-content\\\/uploads\\\/2019\\\/04\\\/04_Notification-Popup-2-1.gif\",\"datePublished\":\"2018-06-22T05:55:25+00:00\",\"dateModified\":\"2019-05-17T11:59:41+00:00\",\"breadcrumb\":{\"@id\":\"https:\\\/\\\/docs.imanage.com\\\/br\\\/work\\\/wdw-10-2-19-03.html#breadcrumb\"},\"inLanguage\":\"fr-FR\",\"potentialAction\":[{\"@type\":\"ReadAction\",\"target\":[\"https:\\\/\\\/docs.imanage.com\\\/br\\\/work\\\/wdw-10-2-19-03.html\"]}]},{\"@type\":\"ImageObject\",\"inLanguage\":\"fr-FR\",\"@id\":\"https:\\\/\\\/docs.imanage.com\\\/br\\\/work\\\/wdw-10-2-19-03.html#primaryimage\",\"url\":\"https:\\\/\\\/docs.imanage.com\\\/wp-content\\\/uploads\\\/2019\\\/04\\\/04_Notification-Popup-2-1.gif\",\"contentUrl\":\"https:\\\/\\\/docs.imanage.com\\\/wp-content\\\/uploads\\\/2019\\\/04\\\/04_Notification-Popup-2-1.gif\"},{\"@type\":\"BreadcrumbList\",\"@id\":\"https:\\\/\\\/docs.imanage.com\\\/br\\\/work\\\/wdw-10-2-19-03.html#breadcrumb\",\"itemListElement\":[{\"@type\":\"ListItem\",\"position\":1,\"name\":\"Home\",\"item\":\"https:\\\/\\\/docs.imanage.com\\\/\"},{\"@type\":\"ListItem\",\"position\":2,\"name\":\"Work\",\"item\":\"https:\\\/\\\/docs.imanage.com\\\/work.html\"},{\"@type\":\"ListItem\",\"position\":3,\"name\":\"Novidades no iManage Desktop Work for Windows &#8211; Abril de 2019\"}]},{\"@type\":\"WebSite\",\"@id\":\"https:\\\/\\\/docs.imanage.com\\\/#website\",\"url\":\"https:\\\/\\\/docs.imanage.com\\\/\",\"name\":\"Docs - iManage\",\"description\":\"\",\"potentialAction\":[{\"@type\":\"SearchAction\",\"target\":{\"@type\":\"EntryPoint\",\"urlTemplate\":\"https:\\\/\\\/docs.imanage.com\\\/?s={search_term_string}\"},\"query-input\":{\"@type\":\"PropertyValueSpecification\",\"valueRequired\":true,\"valueName\":\"search_term_string\"}}],\"inLanguage\":\"fr-FR\"}]}<\/script>\n<!-- \/ Yoast SEO plugin. -->","yoast_head_json":{"title":"Nouveaut\u00e9s de iManage Work Desktop pour Windows - Avril 2019 &#8211; Docs - iManage","robots":{"index":"index","follow":"follow","max-snippet":"max-snippet:-1","max-image-preview":"max-image-preview:large","max-video-preview":"max-video-preview:-1"},"canonical":"https:\/\/docs.imanage.com\/br\/work\/wdw-10-2-19-03.html","og_locale":"fr_FR","og_type":"article","og_title":"Nouveaut\u00e9s de iManage Work Desktop pour Windows - Avril 2019 &#8211; Docs - iManage","og_url":"https:\/\/docs.imanage.com\/br\/work\/wdw-10-2-19-03.html","og_site_name":"Docs - iManage","article_modified_time":"2019-05-17T11:59:41+00:00","og_image":[{"url":"https:\/\/docs.imanage.com\/wp-content\/uploads\/2019\/04\/04_Notification-Popup-2-1.gif","type":"","width":"","height":""}],"twitter_card":"summary_large_image","twitter_misc":{"Est. reading time":"11 minutes"},"schema":{"@context":"https:\/\/schema.org","@graph":[{"@type":"WebPage","@id":"https:\/\/docs.imanage.com\/br\/work\/wdw-10-2-19-03.html","url":"https:\/\/docs.imanage.com\/br\/work\/wdw-10-2-19-03.html","name":"Nouveaut\u00e9s de iManage Work Desktop pour Windows - Avril 2019 &#8211; Docs - iManage","isPartOf":{"@id":"https:\/\/docs.imanage.com\/#website"},"primaryImageOfPage":{"@id":"https:\/\/docs.imanage.com\/br\/work\/wdw-10-2-19-03.html#primaryimage"},"image":{"@id":"https:\/\/docs.imanage.com\/br\/work\/wdw-10-2-19-03.html#primaryimage"},"thumbnailUrl":"https:\/\/docs.imanage.com\/wp-content\/uploads\/2019\/04\/04_Notification-Popup-2-1.gif","datePublished":"2018-06-22T05:55:25+00:00","dateModified":"2019-05-17T11:59:41+00:00","breadcrumb":{"@id":"https:\/\/docs.imanage.com\/br\/work\/wdw-10-2-19-03.html#breadcrumb"},"inLanguage":"fr-FR","potentialAction":[{"@type":"ReadAction","target":["https:\/\/docs.imanage.com\/br\/work\/wdw-10-2-19-03.html"]}]},{"@type":"ImageObject","inLanguage":"fr-FR","@id":"https:\/\/docs.imanage.com\/br\/work\/wdw-10-2-19-03.html#primaryimage","url":"https:\/\/docs.imanage.com\/wp-content\/uploads\/2019\/04\/04_Notification-Popup-2-1.gif","contentUrl":"https:\/\/docs.imanage.com\/wp-content\/uploads\/2019\/04\/04_Notification-Popup-2-1.gif"},{"@type":"BreadcrumbList","@id":"https:\/\/docs.imanage.com\/br\/work\/wdw-10-2-19-03.html#breadcrumb","itemListElement":[{"@type":"ListItem","position":1,"name":"Home","item":"https:\/\/docs.imanage.com\/"},{"@type":"ListItem","position":2,"name":"Work","item":"https:\/\/docs.imanage.com\/work.html"},{"@type":"ListItem","position":3,"name":"Novidades no iManage Desktop Work for Windows &#8211; Abril de 2019"}]},{"@type":"WebSite","@id":"https:\/\/docs.imanage.com\/#website","url":"https:\/\/docs.imanage.com\/","name":"Docs - iManage","description":"","potentialAction":[{"@type":"SearchAction","target":{"@type":"EntryPoint","urlTemplate":"https:\/\/docs.imanage.com\/?s={search_term_string}"},"query-input":{"@type":"PropertyValueSpecification","valueRequired":true,"valueName":"search_term_string"}}],"inLanguage":"fr-FR"}]}},"_links":{"self":[{"href":"https:\/\/docs.imanage.com\/fr\/wp-json\/wp\/v2\/pages\/2","targetHints":{"allow":["GET"]}}],"collection":[{"href":"https:\/\/docs.imanage.com\/fr\/wp-json\/wp\/v2\/pages"}],"about":[{"href":"https:\/\/docs.imanage.com\/fr\/wp-json\/wp\/v2\/types\/page"}],"author":[{"embeddable":true,"href":"https:\/\/docs.imanage.com\/fr\/wp-json\/wp\/v2\/users\/4"}],"replies":[{"embeddable":true,"href":"https:\/\/docs.imanage.com\/fr\/wp-json\/wp\/v2\/comments?post=2"}],"version-history":[{"count":0,"href":"https:\/\/docs.imanage.com\/fr\/wp-json\/wp\/v2\/pages\/2\/revisions"}],"up":[{"embeddable":true,"href":"https:\/\/docs.imanage.com\/fr\/wp-json\/wp\/v2\/pages\/146"}],"wp:attachment":[{"href":"https:\/\/docs.imanage.com\/fr\/wp-json\/wp\/v2\/media?parent=2"}],"curies":[{"name":"wp","href":"https:\/\/api.w.org\/{rel}","templated":true}]}}