{"id":249,"date":"2019-06-05T21:22:34","date_gmt":"2019-06-05T21:22:34","guid":{"rendered":"https:\/\/docs.imanage.com\/?page_id=249"},"modified":"2020-09-07T10:36:34","modified_gmt":"2020-09-07T10:36:34","slug":"whats-new-in-imanage-work","status":"publish","type":"page","link":"https:\/\/docs.imanage.com\/fr\/whats-new-in-imanage-work.html","title":{"rendered":"Quoi de neuf dans iManage Work?"},"content":{"rendered":"<h1>Juin 2019<\/h1>\n<h3>T\u00e9l\u00e9charger plusieurs fichiers<\/h3>\n<p>S\u00e9lectionner plusieurs fichiers et les t\u00e9l\u00e9chargez vers un emplacement sur votre ordinateur. Lors du t\u00e9l\u00e9chargement des fichiers, vous pouvez choisir de t\u00e9l\u00e9charger les fichiers s\u00e9par\u00e9ment ou de t\u00e9l\u00e9charger un fichier ZIP garantissant que tous les fichiers t\u00e9l\u00e9charg\u00e9s sont compress\u00e9s pour faciliter leur partage.<\/p>\n<h3>Relocaliser le contenu des r\u00e9sultats de recherche ou des listes r\u00e9centes<\/h3>\n<p>Auparavant, les utilisateurs devaient naviguer dans chaque dossier afin de pouvoir d\u00e9placer les documents, ce qui \u00e9tait fastidieux et chronophage. Les utilisateurs peuvent d\u00e9sormais rechercher des documents et les d\u00e9placer dans un autre dossier de destination, ce qui simplifie grandement l&#8217;organisation des fichiers. Si un document est r\u00e9f\u00e9renc\u00e9 \u00e0 plusieurs emplacements, les utilisateurs en seront inform\u00e9s afin de pouvoir d\u00e9cider quels documents ils ont l&#8217;intention de d\u00e9placer.<\/p>\n<h3>Partager facilement vos courriels avec des parties externes<\/h3>\n<p>Il y a des fois o\u00f9 vous devez joindre un email en r\u00e9f\u00e9rence. Il est plus facile que jamais de partager des emails class\u00e9s avec vos clients. Vous pouvez simplement copier des emails dans les dossiers de vos clients ou partager des liens s\u00e9curis\u00e9s, qui peuvent \u00eatre g\u00e9r\u00e9s avec la fonction de suivi et d&#8217;expiration si n\u00e9cessaire.<\/p>\n<h3>Supprimer efficacement plusieurs versions d&#8217;un document<\/h3>\n<p>Vous pouvez d\u00e9sormais supprimer la totalit\u00e9 d&#8217;un document en une seule op\u00e9ration, y compris, par exemple, les versions multiples. Les privil\u00e8ges de s\u00e9curit\u00e9 sont toujours respect\u00e9s, ce qui signifie que si vous n&#8217;avez pas acc\u00e8s \u00e0 une version d&#8217;un document, vous ne pourrez pas le supprimer. Si vous supprimez accidentellement le document, vous pouvez facilement le restaurer \u00e0 partir de votre corbeille Work 10, sans avoir \u00e0 recourir \u00e0 l&#8217;aide du service informatique.<\/p>\n<h3>Acc\u00e9der rapidement aux \u00e9l\u00e9ments qui comptent pour vous<\/h3>\n<p>Votre travail tourne-t-il autour de Projets, plut\u00f4t que de documents individuels ou d&#8217;emails. Vous pouvez maintenant d\u00e9finir votre page d&#8217;accueil afin d&#8217;afficher au choix Projets r\u00e9cents, Emails, ou m\u00eame Clients\/Engagements. Alternativement, si vous pr\u00e9f\u00e9rez commencer votre journ\u00e9e en acc\u00e9dant \u00e0 un \u00e9l\u00e9ment favori, tel qu&#8217;un mod\u00e8le de document, vous pouvez \u00e9galement le faire avec iManage Work.<\/p>\n<h1>Am\u00e9liorations g\u00e9n\u00e9rales<\/h1>\n<ul>\n<li>Si un espace de travail cible supprim\u00e9 est toujours r\u00e9pertori\u00e9 sous une cat\u00e9gorie dans Mes Objets, vous pouvez supprimer cet espace de travail et nettoyer Mes Objets.<\/li>\n<li>La recherche a \u00e9t\u00e9 am\u00e9lior\u00e9e pour traiter de fa\u00e7on appropri\u00e9e les requ\u00eates comprenant des num\u00e9ros de document s\u00e9par\u00e9s par des virgules ou des espaces.<\/li>\n<\/ul>\n<h1>Am\u00e9lioration de la convivialit\u00e9, de la stabilit\u00e9 et des performances<\/h1>\n<p>Afin d&#8217;am\u00e9liorer l&#8217;ergonomie et les performances globales, plusieurs am\u00e9liorations et corrections ont \u00e9t\u00e9 ajout\u00e9es<\/p>\n","protected":false},"excerpt":{"rendered":"<p>Juin 2019 T\u00e9l\u00e9charger plusieurs fichiers S\u00e9lectionner plusieurs fichiers et les t\u00e9l\u00e9chargez vers un emplacement sur votre ordinateur. Lors du t\u00e9l\u00e9chargement des fichiers, vous pouvez choisir de t\u00e9l\u00e9charger les fichiers s\u00e9par\u00e9ment ou de t\u00e9l\u00e9charger un fichier ZIP garantissant que tous les fichiers t\u00e9l\u00e9charg\u00e9s sont compress\u00e9s pour faciliter leur partage. Relocaliser le contenu des r\u00e9sultats de recherche [&hellip;]<\/p>\n","protected":false},"author":4,"featured_media":0,"parent":0,"menu_order":0,"comment_status":"closed","ping_status":"closed","template":"","meta":{"_acf_changed":false,"footnotes":""},"class_list":["post-249","page","type-page","status-publish","hentry"],"translation":{"provider":"WPGlobus","version":"3.0.2","language":"fr","enabled_languages":["en","de","fr","qc","jp","br","es","zh"],"languages":{"en":{"title":true,"content":true,"excerpt":false},"de":{"title":true,"content":true,"excerpt":false},"fr":{"title":true,"content":true,"excerpt":false},"qc":{"title":false,"content":false,"excerpt":false},"jp":{"title":true,"content":true,"excerpt":false},"br":{"title":true,"content":true,"excerpt":false},"es":{"title":true,"content":true,"excerpt":false},"zh":{"title":true,"content":true,"excerpt":false}}},"acf":[],"yoast_head":"<!-- This site is optimized with the Yoast SEO plugin v27.3 - https:\/\/yoast.com\/product\/yoast-seo-wordpress\/ -->\n<title>Quoi de neuf dans iManage Work? &#8211; Docs - iManage<\/title>\n<meta name=\"robots\" content=\"index, follow, max-snippet:-1, max-image-preview:large, max-video-preview:-1\" \/>\n<link rel=\"canonical\" href=\"https:\/\/docs.imanage.com\/jp\/whats-new-in-imanage-work.html\" \/>\n<meta property=\"og:locale\" content=\"fr_FR\" \/>\n<meta property=\"og:type\" content=\"article\" \/>\n<meta property=\"og:title\" content=\"Quoi de neuf dans iManage Work? &#8211; Docs - iManage\" \/>\n<meta property=\"og:url\" content=\"https:\/\/docs.imanage.com\/jp\/whats-new-in-imanage-work.html\" \/>\n<meta property=\"og:site_name\" content=\"Docs - iManage\" \/>\n<meta property=\"article:modified_time\" content=\"2020-09-07T10:36:34+00:00\" \/>\n<meta property=\"og:image\" content=\"https:\/\/docs.imanage.com\/wp-content\/uploads\/2019\/06\/02_Downloading-multiple-items.gif\" \/>\n<meta name=\"twitter:card\" content=\"summary_large_image\" \/>\n<meta name=\"twitter:label1\" content=\"Est. reading time\" \/>\n\t<meta name=\"twitter:data1\" content=\"11 minutes\" \/>\n<script type=\"application\/ld+json\" class=\"yoast-schema-graph\">{\"@context\":\"https:\\\/\\\/schema.org\",\"@graph\":[{\"@type\":\"WebPage\",\"@id\":\"https:\\\/\\\/docs.imanage.com\\\/jp\\\/whats-new-in-imanage-work.html\",\"url\":\"https:\\\/\\\/docs.imanage.com\\\/jp\\\/whats-new-in-imanage-work.html\",\"name\":\"Quoi de neuf dans iManage Work? &#8211; Docs - iManage\",\"isPartOf\":{\"@id\":\"https:\\\/\\\/docs.imanage.com\\\/#website\"},\"primaryImageOfPage\":{\"@id\":\"https:\\\/\\\/docs.imanage.com\\\/jp\\\/whats-new-in-imanage-work.html#primaryimage\"},\"image\":{\"@id\":\"https:\\\/\\\/docs.imanage.com\\\/jp\\\/whats-new-in-imanage-work.html#primaryimage\"},\"thumbnailUrl\":\"https:\\\/\\\/docs.imanage.com\\\/wp-content\\\/uploads\\\/2019\\\/06\\\/02_Downloading-multiple-items.gif\",\"datePublished\":\"2019-06-05T21:22:34+00:00\",\"dateModified\":\"2020-09-07T10:36:34+00:00\",\"breadcrumb\":{\"@id\":\"https:\\\/\\\/docs.imanage.com\\\/jp\\\/whats-new-in-imanage-work.html#breadcrumb\"},\"inLanguage\":\"fr-FR\",\"potentialAction\":[{\"@type\":\"ReadAction\",\"target\":[\"https:\\\/\\\/docs.imanage.com\\\/jp\\\/whats-new-in-imanage-work.html\"]}]},{\"@type\":\"ImageObject\",\"inLanguage\":\"fr-FR\",\"@id\":\"https:\\\/\\\/docs.imanage.com\\\/jp\\\/whats-new-in-imanage-work.html#primaryimage\",\"url\":\"https:\\\/\\\/docs.imanage.com\\\/wp-content\\\/uploads\\\/2019\\\/06\\\/02_Downloading-multiple-items.gif\",\"contentUrl\":\"https:\\\/\\\/docs.imanage.com\\\/wp-content\\\/uploads\\\/2019\\\/06\\\/02_Downloading-multiple-items.gif\"},{\"@type\":\"BreadcrumbList\",\"@id\":\"https:\\\/\\\/docs.imanage.com\\\/jp\\\/whats-new-in-imanage-work.html#breadcrumb\",\"itemListElement\":[{\"@type\":\"ListItem\",\"position\":1,\"name\":\"Home\",\"item\":\"https:\\\/\\\/docs.imanage.com\\\/\"},{\"@type\":\"ListItem\",\"position\":2,\"name\":\"iManage Work\u306e\u65b0\u6a5f\u80fd\uff1f\"}]},{\"@type\":\"WebSite\",\"@id\":\"https:\\\/\\\/docs.imanage.com\\\/#website\",\"url\":\"https:\\\/\\\/docs.imanage.com\\\/\",\"name\":\"Docs - iManage\",\"description\":\"\",\"potentialAction\":[{\"@type\":\"SearchAction\",\"target\":{\"@type\":\"EntryPoint\",\"urlTemplate\":\"https:\\\/\\\/docs.imanage.com\\\/?s={search_term_string}\"},\"query-input\":{\"@type\":\"PropertyValueSpecification\",\"valueRequired\":true,\"valueName\":\"search_term_string\"}}],\"inLanguage\":\"fr-FR\"}]}<\/script>\n<!-- \/ Yoast SEO plugin. -->","yoast_head_json":{"title":"Quoi de neuf dans iManage Work? &#8211; Docs - iManage","robots":{"index":"index","follow":"follow","max-snippet":"max-snippet:-1","max-image-preview":"max-image-preview:large","max-video-preview":"max-video-preview:-1"},"canonical":"https:\/\/docs.imanage.com\/jp\/whats-new-in-imanage-work.html","og_locale":"fr_FR","og_type":"article","og_title":"Quoi de neuf dans iManage Work? &#8211; Docs - iManage","og_url":"https:\/\/docs.imanage.com\/jp\/whats-new-in-imanage-work.html","og_site_name":"Docs - iManage","article_modified_time":"2020-09-07T10:36:34+00:00","og_image":[{"url":"https:\/\/docs.imanage.com\/wp-content\/uploads\/2019\/06\/02_Downloading-multiple-items.gif","type":"","width":"","height":""}],"twitter_card":"summary_large_image","twitter_misc":{"Est. reading time":"11 minutes"},"schema":{"@context":"https:\/\/schema.org","@graph":[{"@type":"WebPage","@id":"https:\/\/docs.imanage.com\/jp\/whats-new-in-imanage-work.html","url":"https:\/\/docs.imanage.com\/jp\/whats-new-in-imanage-work.html","name":"Quoi de neuf dans iManage Work? &#8211; Docs - iManage","isPartOf":{"@id":"https:\/\/docs.imanage.com\/#website"},"primaryImageOfPage":{"@id":"https:\/\/docs.imanage.com\/jp\/whats-new-in-imanage-work.html#primaryimage"},"image":{"@id":"https:\/\/docs.imanage.com\/jp\/whats-new-in-imanage-work.html#primaryimage"},"thumbnailUrl":"https:\/\/docs.imanage.com\/wp-content\/uploads\/2019\/06\/02_Downloading-multiple-items.gif","datePublished":"2019-06-05T21:22:34+00:00","dateModified":"2020-09-07T10:36:34+00:00","breadcrumb":{"@id":"https:\/\/docs.imanage.com\/jp\/whats-new-in-imanage-work.html#breadcrumb"},"inLanguage":"fr-FR","potentialAction":[{"@type":"ReadAction","target":["https:\/\/docs.imanage.com\/jp\/whats-new-in-imanage-work.html"]}]},{"@type":"ImageObject","inLanguage":"fr-FR","@id":"https:\/\/docs.imanage.com\/jp\/whats-new-in-imanage-work.html#primaryimage","url":"https:\/\/docs.imanage.com\/wp-content\/uploads\/2019\/06\/02_Downloading-multiple-items.gif","contentUrl":"https:\/\/docs.imanage.com\/wp-content\/uploads\/2019\/06\/02_Downloading-multiple-items.gif"},{"@type":"BreadcrumbList","@id":"https:\/\/docs.imanage.com\/jp\/whats-new-in-imanage-work.html#breadcrumb","itemListElement":[{"@type":"ListItem","position":1,"name":"Home","item":"https:\/\/docs.imanage.com\/"},{"@type":"ListItem","position":2,"name":"iManage Work\u306e\u65b0\u6a5f\u80fd\uff1f"}]},{"@type":"WebSite","@id":"https:\/\/docs.imanage.com\/#website","url":"https:\/\/docs.imanage.com\/","name":"Docs - iManage","description":"","potentialAction":[{"@type":"SearchAction","target":{"@type":"EntryPoint","urlTemplate":"https:\/\/docs.imanage.com\/?s={search_term_string}"},"query-input":{"@type":"PropertyValueSpecification","valueRequired":true,"valueName":"search_term_string"}}],"inLanguage":"fr-FR"}]}},"_links":{"self":[{"href":"https:\/\/docs.imanage.com\/fr\/wp-json\/wp\/v2\/pages\/249","targetHints":{"allow":["GET"]}}],"collection":[{"href":"https:\/\/docs.imanage.com\/fr\/wp-json\/wp\/v2\/pages"}],"about":[{"href":"https:\/\/docs.imanage.com\/fr\/wp-json\/wp\/v2\/types\/page"}],"author":[{"embeddable":true,"href":"https:\/\/docs.imanage.com\/fr\/wp-json\/wp\/v2\/users\/4"}],"replies":[{"embeddable":true,"href":"https:\/\/docs.imanage.com\/fr\/wp-json\/wp\/v2\/comments?post=249"}],"version-history":[{"count":0,"href":"https:\/\/docs.imanage.com\/fr\/wp-json\/wp\/v2\/pages\/249\/revisions"}],"wp:attachment":[{"href":"https:\/\/docs.imanage.com\/fr\/wp-json\/wp\/v2\/media?parent=249"}],"curies":[{"name":"wp","href":"https:\/\/api.w.org\/{rel}","templated":true}]}}