{"id":302,"date":"2019-05-15T04:56:30","date_gmt":"2019-05-15T04:56:30","guid":{"rendered":"https:\/\/docs.imanage.com\/?page_id=302"},"modified":"2019-06-12T08:42:13","modified_gmt":"2019-06-12T08:42:13","slug":"wdw-10-2-19-05","status":"publish","type":"page","link":"https:\/\/docs.imanage.com\/fr\/work\/wdw-10-2-19-05.html","title":{"rendered":"Quoi de neuf dans iManage Work Desktop pour Windows \u2013 Juin 2019"},"content":{"rendered":"<p><strong>Version: 10.2.2.20<\/strong><\/p>\n<h1>Liens simples au format texte lors de l&#8217;insertion de pi\u00e8ces jointes<\/h1>\n<p>Les liens simplifi\u00e9s au format texte garantissent que le corps de votre email ne sera pas reformat\u00e9 lors de l&#8217;insertion de pi\u00e8ces jointes iManage en liens. Cela vous permet de copier et coller facilement le lien format\u00e9 dans une autre section de l&#8217;email.<\/p>\n<p><img loading=\"lazy\" decoding=\"async\" class=\"alignnone size-full wp-image-330\" src=\"https:\/\/docs.imanage.com\/wp-content\/uploads\/2019\/06\/Inserting-link-as-text-format-2.gif\" alt=\"\" width=\"960\" height=\"514\" \/><\/p>\n<h1>Pr\u00e9visualiser les liens NRL sans ouvrir les pi\u00e8ces jointes<\/h1>\n<p>Vous n&#8217;avez plus besoin d&#8217;ouvrir iManage Work pour afficher les pi\u00e8ces jointes des emails. Vous pouvez pr\u00e9visualiser les pi\u00e8ces jointes NRL dans Microsoft Outlook en cliquant simplement sur l&#8217;ic\u00f4ne de pi\u00e8ce jointe dans le Volet de Lecture.<\/p>\n<h1>Ouvrir automatiquement le panneau iManage Work dans Outlook<\/h1>\n<p>Souhaitez-vous que le panneau iManage Work s&#8217;ouvre automatiquement lorsque vous lancez Outlook? iManage conservera d\u00e9sormais votre derni\u00e8re pr\u00e9f\u00e9rence, ce qui signifie que si le panneau de travail est ouvert alors qu&#8217;Outlook est ferm\u00e9, il s&#8217;ouvrira automatiquement \u00e0 l&#8217;ouverture d&#8217;Outlook.<\/p>\n<h1>Retrouver tous les emails class\u00e9s en naviguant dans le dossier li\u00e9<\/h1>\n<p>Vous n&#8217;avez plus besoin d&#8217;ouvrir iManage Work explicitement pour consulter tous les emails class\u00e9s dans un dossier li\u00e9. Avec une simple option <strong>Aller au Dossier iManage<\/strong>, vous pouvez trouver rapidement tous les emails class\u00e9s dans le dossier li\u00e9 et reprendre votre travail.<\/p>\n<p><img loading=\"lazy\" decoding=\"async\" class=\"alignnone size-full wp-image-304\" src=\"https:\/\/docs.imanage.com\/wp-content\/uploads\/2019\/05\/Go-to-iManage-Folder.gif\" alt=\"\" width=\"960\" height=\"512\" \/><\/p>\n<h1>Am\u00e9liorations g\u00e9n\u00e9rales<\/h1>\n<ul>\n<li>R\u00e9solution du probl\u00e8me qui emp\u00eachait l&#8217;enregistrement de nouveaux documents PDF de plus de 25 Mo.<\/li>\n<li>R\u00e9solution du probl\u00e8me qui emp\u00eachait d&#8217;ajouter des \u00e9tiquettes de bagage \u00e0 l&#8217;objet d&#8217;un email pendant l&#8217;envoi et le classement lorsque l&#8217;emplacement du classement \u00e9tait un emplacement r\u00e9cent.<\/li>\n<\/ul>\n<h1>Am\u00e9lioration de la convivialit\u00e9, de la stabilit\u00e9 et des performances<\/h1>\n<p>Afin d&#8217;am\u00e9liorer la convivialit\u00e9 et les performances globales, plusieurs modifications et corrections ont \u00e9t\u00e9 ajout\u00e9es. En particulier,<\/p>\n<ul>\n<li>L&#8217;am\u00e9lioration des performances de l&#8217;ouverture des fichiers dans iManage Work<\/li>\n<li>La r\u00e9solution du probl\u00e8me d&#8217;affichage intermittent du panneau iManage Work sous la forme d&#8217;un panneau gris pour certains utilisateurs<\/li>\n<\/ul>\n<p>&nbsp;<\/p>\n<p><strong>Version pr\u00e9c\u00e9dente<\/strong><\/p>\n<p><a href=\"https:\/\/docs.imanage.com\/work\/wdw-10-2-19-03.html\">iManage Work Desktop pour Windows \u2013 Avril 2019<\/a><\/p>\n","protected":false},"excerpt":{"rendered":"<p>Version: 10.2.2.20 Liens simples au format texte lors de l&#8217;insertion de pi\u00e8ces jointes Les liens simplifi\u00e9s au format texte garantissent que le corps de votre email ne sera pas reformat\u00e9 lors de l&#8217;insertion de pi\u00e8ces jointes iManage en liens. Cela vous permet de copier et coller facilement le lien format\u00e9 dans une autre section de [&hellip;]<\/p>\n","protected":false},"author":4,"featured_media":0,"parent":146,"menu_order":0,"comment_status":"closed","ping_status":"closed","template":"","meta":{"_acf_changed":false,"footnotes":""},"class_list":["post-302","page","type-page","status-publish","hentry"],"translation":{"provider":"WPGlobus","version":"3.0.2","language":"fr","enabled_languages":["en","de","fr","qc","jp","br","es","zh"],"languages":{"en":{"title":true,"content":true,"excerpt":false},"de":{"title":true,"content":true,"excerpt":false},"fr":{"title":true,"content":true,"excerpt":false},"qc":{"title":false,"content":false,"excerpt":false},"jp":{"title":true,"content":true,"excerpt":false},"br":{"title":true,"content":true,"excerpt":false},"es":{"title":true,"content":true,"excerpt":false},"zh":{"title":true,"content":true,"excerpt":false}}},"acf":[],"yoast_head":"<!-- This site is optimized with the Yoast SEO plugin v27.4 - https:\/\/yoast.com\/product\/yoast-seo-wordpress\/ -->\n<title>Quoi de neuf dans iManage Work Desktop pour Windows \u2013 Juin 2019 &#8211; Docs - iManage<\/title>\n<meta name=\"robots\" content=\"index, follow, max-snippet:-1, max-image-preview:large, max-video-preview:-1\" \/>\n<link rel=\"canonical\" href=\"https:\/\/docs.imanage.com\/es\/work\/wdw-10-2-19-05.html\" \/>\n<meta property=\"og:locale\" content=\"fr_FR\" \/>\n<meta property=\"og:type\" content=\"article\" \/>\n<meta property=\"og:title\" content=\"Quoi de neuf dans iManage Work Desktop pour Windows \u2013 Juin 2019 &#8211; Docs - iManage\" \/>\n<meta property=\"og:url\" content=\"https:\/\/docs.imanage.com\/es\/work\/wdw-10-2-19-05.html\" \/>\n<meta property=\"og:site_name\" content=\"Docs - iManage\" \/>\n<meta property=\"article:modified_time\" content=\"2019-06-12T08:42:13+00:00\" \/>\n<meta property=\"og:image\" content=\"https:\/\/docs.imanage.com\/wp-content\/uploads\/2019\/05\/Inserting-link-as-text-format.gif\" \/>\n<meta name=\"twitter:card\" content=\"summary_large_image\" \/>\n<meta name=\"twitter:label1\" content=\"Est. reading time\" \/>\n\t<meta name=\"twitter:data1\" content=\"8 minutes\" \/>\n<script type=\"application\/ld+json\" class=\"yoast-schema-graph\">{\"@context\":\"https:\\\/\\\/schema.org\",\"@graph\":[{\"@type\":\"WebPage\",\"@id\":\"https:\\\/\\\/docs.imanage.com\\\/es\\\/work\\\/wdw-10-2-19-05.html\",\"url\":\"https:\\\/\\\/docs.imanage.com\\\/es\\\/work\\\/wdw-10-2-19-05.html\",\"name\":\"Quoi de neuf dans iManage Work Desktop pour Windows \u2013 Juin 2019 &#8211; Docs - iManage\",\"isPartOf\":{\"@id\":\"https:\\\/\\\/docs.imanage.com\\\/#website\"},\"primaryImageOfPage\":{\"@id\":\"https:\\\/\\\/docs.imanage.com\\\/es\\\/work\\\/wdw-10-2-19-05.html#primaryimage\"},\"image\":{\"@id\":\"https:\\\/\\\/docs.imanage.com\\\/es\\\/work\\\/wdw-10-2-19-05.html#primaryimage\"},\"thumbnailUrl\":\"https:\\\/\\\/docs.imanage.com\\\/wp-content\\\/uploads\\\/2019\\\/05\\\/Inserting-link-as-text-format.gif\",\"datePublished\":\"2019-05-15T04:56:30+00:00\",\"dateModified\":\"2019-06-12T08:42:13+00:00\",\"description\":\"The latest iManage Work Desktop for Windows release offers better user experience, seamless previewing, and enhanced authentication security.\",\"breadcrumb\":{\"@id\":\"https:\\\/\\\/docs.imanage.com\\\/es\\\/work\\\/wdw-10-2-19-05.html#breadcrumb\"},\"inLanguage\":\"fr-FR\",\"potentialAction\":[{\"@type\":\"ReadAction\",\"target\":[\"https:\\\/\\\/docs.imanage.com\\\/es\\\/work\\\/wdw-10-2-19-05.html\"]}]},{\"@type\":\"ImageObject\",\"inLanguage\":\"fr-FR\",\"@id\":\"https:\\\/\\\/docs.imanage.com\\\/es\\\/work\\\/wdw-10-2-19-05.html#primaryimage\",\"url\":\"https:\\\/\\\/docs.imanage.com\\\/wp-content\\\/uploads\\\/2019\\\/05\\\/Inserting-link-as-text-format.gif\",\"contentUrl\":\"https:\\\/\\\/docs.imanage.com\\\/wp-content\\\/uploads\\\/2019\\\/05\\\/Inserting-link-as-text-format.gif\"},{\"@type\":\"BreadcrumbList\",\"@id\":\"https:\\\/\\\/docs.imanage.com\\\/es\\\/work\\\/wdw-10-2-19-05.html#breadcrumb\",\"itemListElement\":[{\"@type\":\"ListItem\",\"position\":1,\"name\":\"Home\",\"item\":\"https:\\\/\\\/docs.imanage.com\\\/\"},{\"@type\":\"ListItem\",\"position\":2,\"name\":\"Work\",\"item\":\"https:\\\/\\\/docs.imanage.com\\\/work.html\"},{\"@type\":\"ListItem\",\"position\":3,\"name\":\"Qu\u00e9 hay de nuevo en iManage Work Desktop para Windows \u2013 Junio 2019\"}]},{\"@type\":\"WebSite\",\"@id\":\"https:\\\/\\\/docs.imanage.com\\\/#website\",\"url\":\"https:\\\/\\\/docs.imanage.com\\\/\",\"name\":\"Docs - iManage\",\"description\":\"\",\"potentialAction\":[{\"@type\":\"SearchAction\",\"target\":{\"@type\":\"EntryPoint\",\"urlTemplate\":\"https:\\\/\\\/docs.imanage.com\\\/?s={search_term_string}\"},\"query-input\":{\"@type\":\"PropertyValueSpecification\",\"valueRequired\":true,\"valueName\":\"search_term_string\"}}],\"inLanguage\":\"fr-FR\"}]}<\/script>\n<!-- \/ Yoast SEO plugin. -->","yoast_head_json":{"title":"Quoi de neuf dans iManage Work Desktop pour Windows \u2013 Juin 2019 &#8211; Docs - iManage","robots":{"index":"index","follow":"follow","max-snippet":"max-snippet:-1","max-image-preview":"max-image-preview:large","max-video-preview":"max-video-preview:-1"},"canonical":"https:\/\/docs.imanage.com\/es\/work\/wdw-10-2-19-05.html","og_locale":"fr_FR","og_type":"article","og_title":"Quoi de neuf dans iManage Work Desktop pour Windows \u2013 Juin 2019 &#8211; Docs - iManage","og_url":"https:\/\/docs.imanage.com\/es\/work\/wdw-10-2-19-05.html","og_site_name":"Docs - iManage","article_modified_time":"2019-06-12T08:42:13+00:00","og_image":[{"url":"https:\/\/docs.imanage.com\/wp-content\/uploads\/2019\/05\/Inserting-link-as-text-format.gif","type":"","width":"","height":""}],"twitter_card":"summary_large_image","twitter_misc":{"Est. reading time":"8 minutes"},"schema":{"@context":"https:\/\/schema.org","@graph":[{"@type":"WebPage","@id":"https:\/\/docs.imanage.com\/es\/work\/wdw-10-2-19-05.html","url":"https:\/\/docs.imanage.com\/es\/work\/wdw-10-2-19-05.html","name":"Quoi de neuf dans iManage Work Desktop pour Windows \u2013 Juin 2019 &#8211; Docs - iManage","isPartOf":{"@id":"https:\/\/docs.imanage.com\/#website"},"primaryImageOfPage":{"@id":"https:\/\/docs.imanage.com\/es\/work\/wdw-10-2-19-05.html#primaryimage"},"image":{"@id":"https:\/\/docs.imanage.com\/es\/work\/wdw-10-2-19-05.html#primaryimage"},"thumbnailUrl":"https:\/\/docs.imanage.com\/wp-content\/uploads\/2019\/05\/Inserting-link-as-text-format.gif","datePublished":"2019-05-15T04:56:30+00:00","dateModified":"2019-06-12T08:42:13+00:00","description":"The latest iManage Work Desktop for Windows release offers better user experience, seamless previewing, and enhanced authentication security.","breadcrumb":{"@id":"https:\/\/docs.imanage.com\/es\/work\/wdw-10-2-19-05.html#breadcrumb"},"inLanguage":"fr-FR","potentialAction":[{"@type":"ReadAction","target":["https:\/\/docs.imanage.com\/es\/work\/wdw-10-2-19-05.html"]}]},{"@type":"ImageObject","inLanguage":"fr-FR","@id":"https:\/\/docs.imanage.com\/es\/work\/wdw-10-2-19-05.html#primaryimage","url":"https:\/\/docs.imanage.com\/wp-content\/uploads\/2019\/05\/Inserting-link-as-text-format.gif","contentUrl":"https:\/\/docs.imanage.com\/wp-content\/uploads\/2019\/05\/Inserting-link-as-text-format.gif"},{"@type":"BreadcrumbList","@id":"https:\/\/docs.imanage.com\/es\/work\/wdw-10-2-19-05.html#breadcrumb","itemListElement":[{"@type":"ListItem","position":1,"name":"Home","item":"https:\/\/docs.imanage.com\/"},{"@type":"ListItem","position":2,"name":"Work","item":"https:\/\/docs.imanage.com\/work.html"},{"@type":"ListItem","position":3,"name":"Qu\u00e9 hay de nuevo en iManage Work Desktop para Windows \u2013 Junio 2019"}]},{"@type":"WebSite","@id":"https:\/\/docs.imanage.com\/#website","url":"https:\/\/docs.imanage.com\/","name":"Docs - iManage","description":"","potentialAction":[{"@type":"SearchAction","target":{"@type":"EntryPoint","urlTemplate":"https:\/\/docs.imanage.com\/?s={search_term_string}"},"query-input":{"@type":"PropertyValueSpecification","valueRequired":true,"valueName":"search_term_string"}}],"inLanguage":"fr-FR"}]}},"_links":{"self":[{"href":"https:\/\/docs.imanage.com\/fr\/wp-json\/wp\/v2\/pages\/302","targetHints":{"allow":["GET"]}}],"collection":[{"href":"https:\/\/docs.imanage.com\/fr\/wp-json\/wp\/v2\/pages"}],"about":[{"href":"https:\/\/docs.imanage.com\/fr\/wp-json\/wp\/v2\/types\/page"}],"author":[{"embeddable":true,"href":"https:\/\/docs.imanage.com\/fr\/wp-json\/wp\/v2\/users\/4"}],"replies":[{"embeddable":true,"href":"https:\/\/docs.imanage.com\/fr\/wp-json\/wp\/v2\/comments?post=302"}],"version-history":[{"count":0,"href":"https:\/\/docs.imanage.com\/fr\/wp-json\/wp\/v2\/pages\/302\/revisions"}],"up":[{"embeddable":true,"href":"https:\/\/docs.imanage.com\/fr\/wp-json\/wp\/v2\/pages\/146"}],"wp:attachment":[{"href":"https:\/\/docs.imanage.com\/fr\/wp-json\/wp\/v2\/media?parent=302"}],"curies":[{"name":"wp","href":"https:\/\/api.w.org\/{rel}","templated":true}]}}