{"id":346,"date":"2019-07-04T17:35:05","date_gmt":"2019-07-04T17:35:05","guid":{"rendered":"https:\/\/docs.imanage.com\/?page_id=346"},"modified":"2020-02-20T18:04:58","modified_gmt":"2020-02-20T18:04:58","slug":"whats-new-in-imanage-work-2020-01","status":"publish","type":"page","link":"https:\/\/docs.imanage.com\/fr\/whats-new-in-imanage-work-2020-01.html","title":{"rendered":"Quoi de neuf dans iManage Work &#8211; Janvier 2020"},"content":{"rendered":"<p><strong>Ic\u00f4ne Bient\u00f4t disponible soulignant les fonctionnalit\u00e9s \u00e0 venir<\/strong><\/p>\n<p>Indique que l\u2019aper\u00e7u anticip\u00e9 des fonctionnalit\u00e9s est activ\u00e9 pour vous via <strong>Bient\u00f4t disponible<\/strong>. Consultez la liste des aper\u00e7us de fonctionnalit\u00e9s en survolant l\u2019ic\u00f4ne Bient\u00f4t disponible adjacente au menu utilisateur.<\/p>\n<p><img loading=\"lazy\" decoding=\"async\" class=\"black-border alignnone wp-image-436\" src=\"https:\/\/docs.imanage.com\/wp-content\/uploads\/2020\/02\/french-coming-soon-300x57.png\" alt=\"\" width=\"320\" height=\"61\" srcset=\"https:\/\/docs.imanage.com\/wp-content\/uploads\/2020\/02\/french-coming-soon-300x57.png 300w, https:\/\/docs.imanage.com\/wp-content\/uploads\/2020\/02\/french-coming-soon-768x147.png 768w, https:\/\/docs.imanage.com\/wp-content\/uploads\/2020\/02\/french-coming-soon.png 1005w\" sizes=\"auto, (max-width: 320px) 100vw, 320px\" \/><\/p>\n<p><strong>Affichage de l\u2019arborescence<\/strong><\/p>\n<p>iManage Work a am\u00e9lior\u00e9 l\u2019exp\u00e9rience de navigation en offrant un affichage en arborescence de dossiers extensible gr\u00e2ce \u00e0 <strong>Bient\u00f4t disponible<\/strong>. Vous pouvez l\u2019utiliser pour naviguer facilement entre les emplacements et sous-dossiers disponibles. Dans Microsoft Outlook, vous pouvez trouver l\u2019affichage en arborescence dans l\u2019onglet <strong>Parcourir<\/strong> du panneau iManage Work lorsqu\u2019il est ancr\u00e9.<\/p>\n<p><strong>REMARQUE\u00a0:<\/strong> Les filtres \u00e0 ont \u00e9t\u00e9 d\u00e9plac\u00e9s \u00e0 droite sous le bouton <strong>Filtres<\/strong>\u00a0. L\u2019affichage en arborescence n\u2019est pas disponible pour les appareils mobiles dot\u00e9s de petits \u00e9crans.<\/p>\n<p><img loading=\"lazy\" decoding=\"async\" class=\"alignnone size-full wp-image-389 black-border\" src=\"https:\/\/docs.imanage.com\/wp-content\/uploads\/2019\/12\/FILTER_Placement_Simple_360.png\" alt=\"\" width=\"360\" height=\"246\" srcset=\"https:\/\/docs.imanage.com\/wp-content\/uploads\/2019\/12\/FILTER_Placement_Simple_360.png 360w, https:\/\/docs.imanage.com\/wp-content\/uploads\/2019\/12\/FILTER_Placement_Simple_360-300x205.png 300w\" sizes=\"auto, (max-width: 360px) 100vw, 360px\" \/><\/p>\n<p><strong>Promouvoir la version la plus r\u00e9cente d\u2019un document pr\u00e9c\u00e9demment modifi\u00e9.<\/strong><\/p>\n<p>Vous pouvez maintenant utiliser la chronologie du document pour promouvoir la derni\u00e8re version d\u2019un document pr\u00e9c\u00e9demment modifi\u00e9, sans avoir \u00e0 t\u00e9l\u00e9charger le document.<br \/>\n<strong>REMARQUE\u00a0:<\/strong> Cette fonction est disponible uniquement pour les utilisateurs de iManage Cloud.<\/p>\n<p><strong>Supprimer plusieurs fichiers<\/strong><\/p>\n<p>Choisissez jusqu\u2019\u00e0 50\u00a0\u00e9l\u00e9ments (affichage en liste) ou jusqu\u2019\u00e0 5\u00a0000\u00a0\u00e9l\u00e9ments (affichage en grille), puis d\u00e9placez-les vers la corbeille ou supprimez-les.<\/p>\n<p><img loading=\"lazy\" decoding=\"async\" class=\"black-border alignnone wp-image-437\" src=\"https:\/\/docs.imanage.com\/wp-content\/uploads\/2020\/02\/French-delete-multiple-files-1024x259.png\" alt=\"\" width=\"1020\" height=\"258\" srcset=\"https:\/\/docs.imanage.com\/wp-content\/uploads\/2020\/02\/French-delete-multiple-files-1024x259.png 1024w, https:\/\/docs.imanage.com\/wp-content\/uploads\/2020\/02\/French-delete-multiple-files-300x76.png 300w, https:\/\/docs.imanage.com\/wp-content\/uploads\/2020\/02\/French-delete-multiple-files-768x194.png 768w, https:\/\/docs.imanage.com\/wp-content\/uploads\/2020\/02\/French-delete-multiple-files-1536x389.png 1536w, https:\/\/docs.imanage.com\/wp-content\/uploads\/2020\/02\/French-delete-multiple-files.png 1868w\" sizes=\"auto, (max-width: 1020px) 100vw, 1020px\" \/><\/p>\n<p>Vous pouvez supprimer toutes les versions d\u2019un document s\u00e9lectionn\u00e9 ou seulement la version actuellement s\u00e9lectionn\u00e9e.<\/p>\n<p><strong>\u00c9tendue de recherche permanente pour les sous-dossiers<\/strong><\/p>\n<p>Recherchez des fichiers dans un dossier et tous les sous-dossiers qui se trouvent dans celui-ci sans avoir \u00e0 d\u00e9finir de pr\u00e9f\u00e9rences pour chaque recherche.<\/p>\n<p><strong>Affichage en grille, d\u00e9sormais disponible par d\u00e9faut avec des am\u00e9liorations suppl\u00e9mentaires<\/strong><\/p>\n<p>Auparavant disponible comme une fonctionnalit\u00e9 Bient\u00f4t disponible, l\u2019affichage en grille est d\u00e9sormais disponible par d\u00e9faut. Choisissez entre l\u2019affichage en liste ou l\u2019affichage en grille selon votre pr\u00e9f\u00e9rence.<\/p>\n<p><img loading=\"lazy\" decoding=\"async\" class=\"black-border alignnone wp-image-438\" src=\"https:\/\/docs.imanage.com\/wp-content\/uploads\/2020\/02\/french-dd-250x190.png\" alt=\"\" width=\"150\" height=\"94\" srcset=\"https:\/\/docs.imanage.com\/wp-content\/uploads\/2020\/02\/french-dd-300x187.png 300w, https:\/\/docs.imanage.com\/wp-content\/uploads\/2020\/02\/french-dd.png 481w\" sizes=\"auto, (max-width: 150px) 100vw, 150px\" \/><\/p>\n","protected":false},"excerpt":{"rendered":"<p>Ic\u00f4ne Bient\u00f4t disponible soulignant les fonctionnalit\u00e9s \u00e0 venir Indique que l\u2019aper\u00e7u anticip\u00e9 des fonctionnalit\u00e9s est activ\u00e9 pour vous via Bient\u00f4t disponible. Consultez la liste des aper\u00e7us de fonctionnalit\u00e9s en survolant l\u2019ic\u00f4ne Bient\u00f4t disponible adjacente au menu utilisateur. Affichage de l\u2019arborescence iManage Work a am\u00e9lior\u00e9 l\u2019exp\u00e9rience de navigation en offrant un affichage en arborescence de dossiers [&hellip;]<\/p>\n","protected":false},"author":4,"featured_media":0,"parent":0,"menu_order":0,"comment_status":"closed","ping_status":"closed","template":"","meta":{"_acf_changed":false,"footnotes":""},"class_list":["post-346","page","type-page","status-publish","hentry"],"translation":{"provider":"WPGlobus","version":"3.0.2","language":"fr","enabled_languages":["en","de","fr","qc","jp","br","es","zh"],"languages":{"en":{"title":true,"content":true,"excerpt":false},"de":{"title":true,"content":true,"excerpt":false},"fr":{"title":true,"content":true,"excerpt":false},"qc":{"title":false,"content":false,"excerpt":false},"jp":{"title":true,"content":true,"excerpt":false},"br":{"title":true,"content":true,"excerpt":false},"es":{"title":true,"content":true,"excerpt":false},"zh":{"title":true,"content":true,"excerpt":false}}},"acf":[],"yoast_head":"<!-- This site is optimized with the Yoast SEO plugin v27.4 - https:\/\/yoast.com\/product\/yoast-seo-wordpress\/ -->\n<title>Quoi de neuf dans iManage Work - Janvier 2020 &#8211; Docs - iManage<\/title>\n<meta name=\"robots\" content=\"index, follow, max-snippet:-1, max-image-preview:large, max-video-preview:-1\" \/>\n<link rel=\"canonical\" href=\"https:\/\/docs.imanage.com\/zh\/whats-new-in-imanage-work-2020-01.html\" \/>\n<meta property=\"og:locale\" content=\"fr_FR\" \/>\n<meta property=\"og:type\" content=\"article\" \/>\n<meta property=\"og:title\" content=\"Quoi de neuf dans iManage Work - Janvier 2020 &#8211; Docs - iManage\" \/>\n<meta property=\"og:url\" content=\"https:\/\/docs.imanage.com\/zh\/whats-new-in-imanage-work-2020-01.html\" \/>\n<meta property=\"og:site_name\" content=\"Docs - iManage\" \/>\n<meta property=\"article:modified_time\" content=\"2020-02-20T18:04:58+00:00\" \/>\n<meta property=\"og:image\" content=\"https:\/\/docs.imanage.com\/wp-content\/uploads\/2020\/01\/coming-soon-icon-250x129.png\" \/>\n<meta name=\"twitter:card\" content=\"summary_large_image\" \/>\n<meta name=\"twitter:label1\" content=\"Est. reading time\" \/>\n\t<meta name=\"twitter:data1\" content=\"8 minutes\" \/>\n<script type=\"application\/ld+json\" class=\"yoast-schema-graph\">{\"@context\":\"https:\\\/\\\/schema.org\",\"@graph\":[{\"@type\":\"WebPage\",\"@id\":\"https:\\\/\\\/docs.imanage.com\\\/zh\\\/whats-new-in-imanage-work-2020-01.html\",\"url\":\"https:\\\/\\\/docs.imanage.com\\\/zh\\\/whats-new-in-imanage-work-2020-01.html\",\"name\":\"Quoi de neuf dans iManage Work - Janvier 2020 &#8211; Docs - iManage\",\"isPartOf\":{\"@id\":\"https:\\\/\\\/docs.imanage.com\\\/#website\"},\"primaryImageOfPage\":{\"@id\":\"https:\\\/\\\/docs.imanage.com\\\/zh\\\/whats-new-in-imanage-work-2020-01.html#primaryimage\"},\"image\":{\"@id\":\"https:\\\/\\\/docs.imanage.com\\\/zh\\\/whats-new-in-imanage-work-2020-01.html#primaryimage\"},\"thumbnailUrl\":\"https:\\\/\\\/docs.imanage.com\\\/wp-content\\\/uploads\\\/2020\\\/01\\\/coming-soon-icon-250x129.png\",\"datePublished\":\"2019-07-04T17:35:05+00:00\",\"dateModified\":\"2020-02-20T18:04:58+00:00\",\"breadcrumb\":{\"@id\":\"https:\\\/\\\/docs.imanage.com\\\/zh\\\/whats-new-in-imanage-work-2020-01.html#breadcrumb\"},\"inLanguage\":\"fr-FR\",\"potentialAction\":[{\"@type\":\"ReadAction\",\"target\":[\"https:\\\/\\\/docs.imanage.com\\\/zh\\\/whats-new-in-imanage-work-2020-01.html\"]}]},{\"@type\":\"ImageObject\",\"inLanguage\":\"fr-FR\",\"@id\":\"https:\\\/\\\/docs.imanage.com\\\/zh\\\/whats-new-in-imanage-work-2020-01.html#primaryimage\",\"url\":\"https:\\\/\\\/docs.imanage.com\\\/wp-content\\\/uploads\\\/2020\\\/01\\\/coming-soon-icon-250x129.png\",\"contentUrl\":\"https:\\\/\\\/docs.imanage.com\\\/wp-content\\\/uploads\\\/2020\\\/01\\\/coming-soon-icon-250x129.png\"},{\"@type\":\"BreadcrumbList\",\"@id\":\"https:\\\/\\\/docs.imanage.com\\\/zh\\\/whats-new-in-imanage-work-2020-01.html#breadcrumb\",\"itemListElement\":[{\"@type\":\"ListItem\",\"position\":1,\"name\":\"Home\",\"item\":\"https:\\\/\\\/docs.imanage.com\\\/\"},{\"@type\":\"ListItem\",\"position\":2,\"name\":\"iManage Work \u65b0\u589e\u529f\u80fd \u2013 2020 \u5e74 1 \u6708\"}]},{\"@type\":\"WebSite\",\"@id\":\"https:\\\/\\\/docs.imanage.com\\\/#website\",\"url\":\"https:\\\/\\\/docs.imanage.com\\\/\",\"name\":\"Docs - iManage\",\"description\":\"\",\"potentialAction\":[{\"@type\":\"SearchAction\",\"target\":{\"@type\":\"EntryPoint\",\"urlTemplate\":\"https:\\\/\\\/docs.imanage.com\\\/?s={search_term_string}\"},\"query-input\":{\"@type\":\"PropertyValueSpecification\",\"valueRequired\":true,\"valueName\":\"search_term_string\"}}],\"inLanguage\":\"fr-FR\"}]}<\/script>\n<!-- \/ Yoast SEO plugin. -->","yoast_head_json":{"title":"Quoi de neuf dans iManage Work - Janvier 2020 &#8211; Docs - iManage","robots":{"index":"index","follow":"follow","max-snippet":"max-snippet:-1","max-image-preview":"max-image-preview:large","max-video-preview":"max-video-preview:-1"},"canonical":"https:\/\/docs.imanage.com\/zh\/whats-new-in-imanage-work-2020-01.html","og_locale":"fr_FR","og_type":"article","og_title":"Quoi de neuf dans iManage Work - Janvier 2020 &#8211; Docs - iManage","og_url":"https:\/\/docs.imanage.com\/zh\/whats-new-in-imanage-work-2020-01.html","og_site_name":"Docs - iManage","article_modified_time":"2020-02-20T18:04:58+00:00","og_image":[{"url":"https:\/\/docs.imanage.com\/wp-content\/uploads\/2020\/01\/coming-soon-icon-250x129.png","type":"","width":"","height":""}],"twitter_card":"summary_large_image","twitter_misc":{"Est. reading time":"8 minutes"},"schema":{"@context":"https:\/\/schema.org","@graph":[{"@type":"WebPage","@id":"https:\/\/docs.imanage.com\/zh\/whats-new-in-imanage-work-2020-01.html","url":"https:\/\/docs.imanage.com\/zh\/whats-new-in-imanage-work-2020-01.html","name":"Quoi de neuf dans iManage Work - Janvier 2020 &#8211; Docs - iManage","isPartOf":{"@id":"https:\/\/docs.imanage.com\/#website"},"primaryImageOfPage":{"@id":"https:\/\/docs.imanage.com\/zh\/whats-new-in-imanage-work-2020-01.html#primaryimage"},"image":{"@id":"https:\/\/docs.imanage.com\/zh\/whats-new-in-imanage-work-2020-01.html#primaryimage"},"thumbnailUrl":"https:\/\/docs.imanage.com\/wp-content\/uploads\/2020\/01\/coming-soon-icon-250x129.png","datePublished":"2019-07-04T17:35:05+00:00","dateModified":"2020-02-20T18:04:58+00:00","breadcrumb":{"@id":"https:\/\/docs.imanage.com\/zh\/whats-new-in-imanage-work-2020-01.html#breadcrumb"},"inLanguage":"fr-FR","potentialAction":[{"@type":"ReadAction","target":["https:\/\/docs.imanage.com\/zh\/whats-new-in-imanage-work-2020-01.html"]}]},{"@type":"ImageObject","inLanguage":"fr-FR","@id":"https:\/\/docs.imanage.com\/zh\/whats-new-in-imanage-work-2020-01.html#primaryimage","url":"https:\/\/docs.imanage.com\/wp-content\/uploads\/2020\/01\/coming-soon-icon-250x129.png","contentUrl":"https:\/\/docs.imanage.com\/wp-content\/uploads\/2020\/01\/coming-soon-icon-250x129.png"},{"@type":"BreadcrumbList","@id":"https:\/\/docs.imanage.com\/zh\/whats-new-in-imanage-work-2020-01.html#breadcrumb","itemListElement":[{"@type":"ListItem","position":1,"name":"Home","item":"https:\/\/docs.imanage.com\/"},{"@type":"ListItem","position":2,"name":"iManage Work \u65b0\u589e\u529f\u80fd \u2013 2020 \u5e74 1 \u6708"}]},{"@type":"WebSite","@id":"https:\/\/docs.imanage.com\/#website","url":"https:\/\/docs.imanage.com\/","name":"Docs - iManage","description":"","potentialAction":[{"@type":"SearchAction","target":{"@type":"EntryPoint","urlTemplate":"https:\/\/docs.imanage.com\/?s={search_term_string}"},"query-input":{"@type":"PropertyValueSpecification","valueRequired":true,"valueName":"search_term_string"}}],"inLanguage":"fr-FR"}]}},"_links":{"self":[{"href":"https:\/\/docs.imanage.com\/fr\/wp-json\/wp\/v2\/pages\/346","targetHints":{"allow":["GET"]}}],"collection":[{"href":"https:\/\/docs.imanage.com\/fr\/wp-json\/wp\/v2\/pages"}],"about":[{"href":"https:\/\/docs.imanage.com\/fr\/wp-json\/wp\/v2\/types\/page"}],"author":[{"embeddable":true,"href":"https:\/\/docs.imanage.com\/fr\/wp-json\/wp\/v2\/users\/4"}],"replies":[{"embeddable":true,"href":"https:\/\/docs.imanage.com\/fr\/wp-json\/wp\/v2\/comments?post=346"}],"version-history":[{"count":0,"href":"https:\/\/docs.imanage.com\/fr\/wp-json\/wp\/v2\/pages\/346\/revisions"}],"wp:attachment":[{"href":"https:\/\/docs.imanage.com\/fr\/wp-json\/wp\/v2\/media?parent=346"}],"curies":[{"name":"wp","href":"https:\/\/api.w.org\/{rel}","templated":true}]}}