{"id":464,"date":"2020-02-25T06:20:55","date_gmt":"2020-02-25T06:20:55","guid":{"rendered":"https:\/\/docs.imanage.com\/?page_id=464"},"modified":"2020-08-03T13:27:28","modified_gmt":"2020-08-03T13:27:28","slug":"whats-new-in-imanage-wdw-2020-03","status":"publish","type":"page","link":"https:\/\/docs.imanage.com\/fr\/work\/whats-new-in-imanage-wdw-2020-03.html","title":{"rendered":"Quoi de neuf dans iManage Work Desktop for Windows &#8211; Juin 2020"},"content":{"rendered":"<h4><strong>Build: 10.2.6.107<\/strong><\/h4>\n<h1>S\u00e9lectionnez l\u2019en-t\u00eate de la colonne de l\u2019espace de travail \u00e0 afficher dans les bo\u00eetes de dialogue de classement des e-mails<\/h1>\n<p>Vous pouvez d\u00e9sormais s\u00e9lectionner l\u2019en-t\u00eate de la colonne de l\u2019espace de travail que vous voulez voir dans les bo\u00eetes de dialogue de classement des e-mails.\u00a0 S\u00e9lectionnez \u00a0dans la bo\u00eete de dialogue <strong>Envoyer et Classer<\/strong>, la bo\u00eete de dialogue <strong>Naviguer et Classer<\/strong> et la bo\u00eete de dialogue de classement dans la barre d\u2019outils <strong>iManage Work<\/strong> pour ajouter ou supprimer les intitul\u00e9s de colonne par d\u00e9faut configur\u00e9s par votre administrateur. Vous pouvez \u00e9galement cliquer avec le bouton droit de la souris sur n\u2019importe quelle colonne existante pour ajouter ou supprimer des intitul\u00e9s de colonne dans ces bo\u00eetes de dialogue de classement. De plus, vous pouvez r\u00e9organiser les titres de ces colonnes avec le glisser-d\u00e9poser.<\/p>\n<p>Les modifications apport\u00e9es sont enregistr\u00e9es sur votre machine et appara\u00eetront dans les trois\u00a0bo\u00eetes de dialogue de classement et lors du classement des e-mails hors ligne.<\/p>\n<p><strong>REMARQUE\u00a0:<\/strong> Si vous souhaitez afficher un champ\/en-t\u00eate personnalis\u00e9 sur la colonne qui n&#8217;est pas disponible actuellement, contactez votre administrateur.<\/p>\n<p><img loading=\"lazy\" decoding=\"async\" class=\"alignnone size-full wp-image-511\" src=\"https:\/\/docs.imanage.com\/wp-content\/uploads\/2020\/07\/Gif-file-for-Whats-new-page.gif\" alt=\"\" width=\"920\" height=\"446\" \/><\/p>\n","protected":false},"excerpt":{"rendered":"<p>Build: 10.2.6.107 S\u00e9lectionnez l\u2019en-t\u00eate de la colonne de l\u2019espace de travail \u00e0 afficher dans les bo\u00eetes de dialogue de classement des e-mails Vous pouvez d\u00e9sormais s\u00e9lectionner l\u2019en-t\u00eate de la colonne de l\u2019espace de travail que vous voulez voir dans les bo\u00eetes de dialogue de classement des e-mails.\u00a0 S\u00e9lectionnez \u00a0dans la bo\u00eete de dialogue Envoyer et [&hellip;]<\/p>\n","protected":false},"author":4,"featured_media":0,"parent":146,"menu_order":0,"comment_status":"closed","ping_status":"closed","template":"","meta":{"_acf_changed":false,"footnotes":""},"class_list":["post-464","page","type-page","status-publish","hentry"],"translation":{"provider":"WPGlobus","version":"3.0.2","language":"fr","enabled_languages":["en","de","fr","qc","jp","br","es","zh"],"languages":{"en":{"title":true,"content":true,"excerpt":false},"de":{"title":true,"content":true,"excerpt":false},"fr":{"title":true,"content":true,"excerpt":false},"qc":{"title":false,"content":false,"excerpt":false},"jp":{"title":true,"content":true,"excerpt":false},"br":{"title":true,"content":true,"excerpt":false},"es":{"title":true,"content":true,"excerpt":false},"zh":{"title":true,"content":true,"excerpt":false}}},"acf":[],"yoast_head":"<!-- This site is optimized with the Yoast SEO plugin v27.4 - https:\/\/yoast.com\/product\/yoast-seo-wordpress\/ -->\n<title>Quoi de neuf dans iManage Work Desktop for Windows - Juin 2020 &#8211; Docs - iManage<\/title>\n<meta name=\"robots\" content=\"index, follow, max-snippet:-1, max-image-preview:large, max-video-preview:-1\" \/>\n<link rel=\"canonical\" href=\"https:\/\/docs.imanage.com\/work\/whats-new-in-imanage-wdw-2020-03.html\" \/>\n<meta property=\"og:locale\" content=\"fr_FR\" \/>\n<meta property=\"og:type\" content=\"article\" \/>\n<meta property=\"og:title\" content=\"Quoi de neuf dans iManage Work Desktop for Windows - Juin 2020 &#8211; Docs - iManage\" \/>\n<meta property=\"og:url\" content=\"https:\/\/docs.imanage.com\/work\/whats-new-in-imanage-wdw-2020-03.html\" \/>\n<meta property=\"og:site_name\" content=\"Docs - iManage\" \/>\n<meta property=\"article:modified_time\" content=\"2020-08-03T13:27:28+00:00\" \/>\n<meta property=\"og:image\" content=\"https:\/\/docs.imanage.com\/wp-content\/uploads\/2020\/03\/gear.png\" \/>\n<meta name=\"twitter:card\" content=\"summary_large_image\" \/>\n<meta name=\"twitter:label1\" content=\"Est. reading time\" \/>\n\t<meta name=\"twitter:data1\" content=\"5 minutes\" \/>\n<script type=\"application\/ld+json\" class=\"yoast-schema-graph\">{\"@context\":\"https:\\\/\\\/schema.org\",\"@graph\":[{\"@type\":\"WebPage\",\"@id\":\"https:\\\/\\\/docs.imanage.com\\\/work\\\/whats-new-in-imanage-wdw-2020-03.html\",\"url\":\"https:\\\/\\\/docs.imanage.com\\\/work\\\/whats-new-in-imanage-wdw-2020-03.html\",\"name\":\"Quoi de neuf dans iManage Work Desktop for Windows - Juin 2020 &#8211; Docs - iManage\",\"isPartOf\":{\"@id\":\"https:\\\/\\\/docs.imanage.com\\\/#website\"},\"primaryImageOfPage\":{\"@id\":\"https:\\\/\\\/docs.imanage.com\\\/work\\\/whats-new-in-imanage-wdw-2020-03.html#primaryimage\"},\"image\":{\"@id\":\"https:\\\/\\\/docs.imanage.com\\\/work\\\/whats-new-in-imanage-wdw-2020-03.html#primaryimage\"},\"thumbnailUrl\":\"https:\\\/\\\/docs.imanage.com\\\/wp-content\\\/uploads\\\/2020\\\/03\\\/gear.png\",\"datePublished\":\"2020-02-25T06:20:55+00:00\",\"dateModified\":\"2020-08-03T13:27:28+00:00\",\"breadcrumb\":{\"@id\":\"https:\\\/\\\/docs.imanage.com\\\/work\\\/whats-new-in-imanage-wdw-2020-03.html#breadcrumb\"},\"inLanguage\":\"fr-FR\",\"potentialAction\":[{\"@type\":\"ReadAction\",\"target\":[\"https:\\\/\\\/docs.imanage.com\\\/work\\\/whats-new-in-imanage-wdw-2020-03.html\"]}]},{\"@type\":\"ImageObject\",\"inLanguage\":\"fr-FR\",\"@id\":\"https:\\\/\\\/docs.imanage.com\\\/work\\\/whats-new-in-imanage-wdw-2020-03.html#primaryimage\",\"url\":\"https:\\\/\\\/docs.imanage.com\\\/wp-content\\\/uploads\\\/2020\\\/03\\\/gear.png\",\"contentUrl\":\"https:\\\/\\\/docs.imanage.com\\\/wp-content\\\/uploads\\\/2020\\\/03\\\/gear.png\"},{\"@type\":\"BreadcrumbList\",\"@id\":\"https:\\\/\\\/docs.imanage.com\\\/work\\\/whats-new-in-imanage-wdw-2020-03.html#breadcrumb\",\"itemListElement\":[{\"@type\":\"ListItem\",\"position\":1,\"name\":\"Home\",\"item\":\"https:\\\/\\\/docs.imanage.com\\\/\"},{\"@type\":\"ListItem\",\"position\":2,\"name\":\"Work\",\"item\":\"https:\\\/\\\/docs.imanage.com\\\/work.html\"},{\"@type\":\"ListItem\",\"position\":3,\"name\":\"What&#8217;s New in iManage Work Desktop for Windows &#8211; June 2020\"}]},{\"@type\":\"WebSite\",\"@id\":\"https:\\\/\\\/docs.imanage.com\\\/#website\",\"url\":\"https:\\\/\\\/docs.imanage.com\\\/\",\"name\":\"Docs - iManage\",\"description\":\"\",\"potentialAction\":[{\"@type\":\"SearchAction\",\"target\":{\"@type\":\"EntryPoint\",\"urlTemplate\":\"https:\\\/\\\/docs.imanage.com\\\/?s={search_term_string}\"},\"query-input\":{\"@type\":\"PropertyValueSpecification\",\"valueRequired\":true,\"valueName\":\"search_term_string\"}}],\"inLanguage\":\"fr-FR\"}]}<\/script>\n<!-- \/ Yoast SEO plugin. -->","yoast_head_json":{"title":"Quoi de neuf dans iManage Work Desktop for Windows - Juin 2020 &#8211; Docs - iManage","robots":{"index":"index","follow":"follow","max-snippet":"max-snippet:-1","max-image-preview":"max-image-preview:large","max-video-preview":"max-video-preview:-1"},"canonical":"https:\/\/docs.imanage.com\/work\/whats-new-in-imanage-wdw-2020-03.html","og_locale":"fr_FR","og_type":"article","og_title":"Quoi de neuf dans iManage Work Desktop for Windows - Juin 2020 &#8211; Docs - iManage","og_url":"https:\/\/docs.imanage.com\/work\/whats-new-in-imanage-wdw-2020-03.html","og_site_name":"Docs - iManage","article_modified_time":"2020-08-03T13:27:28+00:00","og_image":[{"url":"https:\/\/docs.imanage.com\/wp-content\/uploads\/2020\/03\/gear.png","type":"","width":"","height":""}],"twitter_card":"summary_large_image","twitter_misc":{"Est. reading time":"5 minutes"},"schema":{"@context":"https:\/\/schema.org","@graph":[{"@type":"WebPage","@id":"https:\/\/docs.imanage.com\/work\/whats-new-in-imanage-wdw-2020-03.html","url":"https:\/\/docs.imanage.com\/work\/whats-new-in-imanage-wdw-2020-03.html","name":"Quoi de neuf dans iManage Work Desktop for Windows - Juin 2020 &#8211; Docs - iManage","isPartOf":{"@id":"https:\/\/docs.imanage.com\/#website"},"primaryImageOfPage":{"@id":"https:\/\/docs.imanage.com\/work\/whats-new-in-imanage-wdw-2020-03.html#primaryimage"},"image":{"@id":"https:\/\/docs.imanage.com\/work\/whats-new-in-imanage-wdw-2020-03.html#primaryimage"},"thumbnailUrl":"https:\/\/docs.imanage.com\/wp-content\/uploads\/2020\/03\/gear.png","datePublished":"2020-02-25T06:20:55+00:00","dateModified":"2020-08-03T13:27:28+00:00","breadcrumb":{"@id":"https:\/\/docs.imanage.com\/work\/whats-new-in-imanage-wdw-2020-03.html#breadcrumb"},"inLanguage":"fr-FR","potentialAction":[{"@type":"ReadAction","target":["https:\/\/docs.imanage.com\/work\/whats-new-in-imanage-wdw-2020-03.html"]}]},{"@type":"ImageObject","inLanguage":"fr-FR","@id":"https:\/\/docs.imanage.com\/work\/whats-new-in-imanage-wdw-2020-03.html#primaryimage","url":"https:\/\/docs.imanage.com\/wp-content\/uploads\/2020\/03\/gear.png","contentUrl":"https:\/\/docs.imanage.com\/wp-content\/uploads\/2020\/03\/gear.png"},{"@type":"BreadcrumbList","@id":"https:\/\/docs.imanage.com\/work\/whats-new-in-imanage-wdw-2020-03.html#breadcrumb","itemListElement":[{"@type":"ListItem","position":1,"name":"Home","item":"https:\/\/docs.imanage.com\/"},{"@type":"ListItem","position":2,"name":"Work","item":"https:\/\/docs.imanage.com\/work.html"},{"@type":"ListItem","position":3,"name":"What&#8217;s New in iManage Work Desktop for Windows &#8211; June 2020"}]},{"@type":"WebSite","@id":"https:\/\/docs.imanage.com\/#website","url":"https:\/\/docs.imanage.com\/","name":"Docs - iManage","description":"","potentialAction":[{"@type":"SearchAction","target":{"@type":"EntryPoint","urlTemplate":"https:\/\/docs.imanage.com\/?s={search_term_string}"},"query-input":{"@type":"PropertyValueSpecification","valueRequired":true,"valueName":"search_term_string"}}],"inLanguage":"fr-FR"}]}},"_links":{"self":[{"href":"https:\/\/docs.imanage.com\/fr\/wp-json\/wp\/v2\/pages\/464","targetHints":{"allow":["GET"]}}],"collection":[{"href":"https:\/\/docs.imanage.com\/fr\/wp-json\/wp\/v2\/pages"}],"about":[{"href":"https:\/\/docs.imanage.com\/fr\/wp-json\/wp\/v2\/types\/page"}],"author":[{"embeddable":true,"href":"https:\/\/docs.imanage.com\/fr\/wp-json\/wp\/v2\/users\/4"}],"replies":[{"embeddable":true,"href":"https:\/\/docs.imanage.com\/fr\/wp-json\/wp\/v2\/comments?post=464"}],"version-history":[{"count":0,"href":"https:\/\/docs.imanage.com\/fr\/wp-json\/wp\/v2\/pages\/464\/revisions"}],"up":[{"embeddable":true,"href":"https:\/\/docs.imanage.com\/fr\/wp-json\/wp\/v2\/pages\/146"}],"wp:attachment":[{"href":"https:\/\/docs.imanage.com\/fr\/wp-json\/wp\/v2\/media?parent=464"}],"curies":[{"name":"wp","href":"https:\/\/api.w.org\/{rel}","templated":true}]}}