{"id":508,"date":"2020-06-22T12:51:53","date_gmt":"2020-06-22T12:51:53","guid":{"rendered":"https:\/\/docs.imanage.com\/?page_id=508"},"modified":"2020-10-20T18:52:31","modified_gmt":"2020-10-20T18:52:31","slug":"whats-new-in-imanage-work-desktop-for-windows-june-2020","status":"publish","type":"page","link":"https:\/\/docs.imanage.com\/fr\/work\/whats-new-in-imanage-work-desktop-for-windows-june-2020.html","title":{"rendered":"Quoi de neuf dans iManage Work Desktop for Windows &#8211; Octobre 2020"},"content":{"rendered":"<h4><strong>Build: 10.2.7.90<\/strong><\/h4>\n<h1>Performances am\u00e9lior\u00e9es<\/h1>\n<p>L\u2019am\u00e9lioration des performances est un effort continu et avec ce lancement nous nous sommes concentr\u00e9s sur :<\/p>\n<ul>\n<li style=\"list-style-type: none;\">\n<ul>\n<li style=\"list-style-type: none;\">\n<ul>\n<li>Enregistrement des documents en cours en tant que nouvelle version.<\/li>\n<li>Ouverture de documents de iManage Work web client en particulier sur des r\u00e9seaux \u00e0 forte latence.<\/li>\n<li>Ouverture de documents d\u2019applications int\u00e9gr\u00e9es.<\/li>\n<li>Ouverture de la derni\u00e8re version des documents de iManage Work Server.<\/li>\n<li>Ouverture d\u2019espaces de travail, de dossiers, et de sous-dossiers de iManage Work.<\/li>\n<li>Naviguer dans la bo\u00eete de dialogue<strong> Ouvrir.<\/strong><\/li>\n<li>Acc\u00e9der \u00e0 <strong>Work Panel <\/strong>dans Microsoft Outlook.<\/li>\n<li>Extraire les donn\u00e9es en fonction de l\u2019application des filtres.<\/li>\n<li>G\u00e9rer la d\u00e9tection des r\u00e9seaux aux connexions VPN.<\/li>\n<\/ul>\n<\/li>\n<\/ul>\n<\/li>\n<\/ul>\n","protected":false},"excerpt":{"rendered":"<p>Build: 10.2.7.90 Performances am\u00e9lior\u00e9es L\u2019am\u00e9lioration des performances est un effort continu et avec ce lancement nous nous sommes concentr\u00e9s sur : Enregistrement des documents en cours en tant que nouvelle version. Ouverture de documents de iManage Work web client en particulier sur des r\u00e9seaux \u00e0 forte latence. Ouverture de documents d\u2019applications int\u00e9gr\u00e9es. Ouverture de la [&hellip;]<\/p>\n","protected":false},"author":4,"featured_media":0,"parent":146,"menu_order":0,"comment_status":"closed","ping_status":"closed","template":"","meta":{"_acf_changed":false,"footnotes":""},"class_list":["post-508","page","type-page","status-publish","hentry"],"translation":{"provider":"WPGlobus","version":"3.0.2","language":"fr","enabled_languages":["en","de","fr","qc","jp","br","es","zh"],"languages":{"en":{"title":true,"content":true,"excerpt":false},"de":{"title":true,"content":true,"excerpt":false},"fr":{"title":true,"content":true,"excerpt":false},"qc":{"title":false,"content":false,"excerpt":false},"jp":{"title":true,"content":true,"excerpt":false},"br":{"title":true,"content":true,"excerpt":false},"es":{"title":true,"content":true,"excerpt":false},"zh":{"title":true,"content":true,"excerpt":false}}},"acf":[],"yoast_head":"<!-- This site is optimized with the Yoast SEO plugin v27.3 - https:\/\/yoast.com\/product\/yoast-seo-wordpress\/ -->\n<title>Quoi de neuf dans iManage Work Desktop for Windows - Octobre 2020 &#8211; Docs - iManage<\/title>\n<meta name=\"robots\" content=\"index, follow, max-snippet:-1, max-image-preview:large, max-video-preview:-1\" \/>\n<link rel=\"canonical\" href=\"https:\/\/docs.imanage.com\/work\/whats-new-in-imanage-work-desktop-for-windows-june-2020.html\" \/>\n<meta property=\"og:locale\" content=\"fr_FR\" \/>\n<meta property=\"og:type\" content=\"article\" \/>\n<meta property=\"og:title\" content=\"Quoi de neuf dans iManage Work Desktop for Windows - Octobre 2020 &#8211; Docs - iManage\" \/>\n<meta property=\"og:url\" content=\"https:\/\/docs.imanage.com\/work\/whats-new-in-imanage-work-desktop-for-windows-june-2020.html\" \/>\n<meta property=\"og:site_name\" content=\"Docs - iManage\" \/>\n<meta property=\"article:modified_time\" content=\"2020-10-20T18:52:31+00:00\" \/>\n<meta name=\"twitter:card\" content=\"summary_large_image\" \/>\n<meta name=\"twitter:label1\" content=\"Est. reading time\" \/>\n\t<meta name=\"twitter:data1\" content=\"3 minutes\" \/>\n<script type=\"application\/ld+json\" class=\"yoast-schema-graph\">{\"@context\":\"https:\\\/\\\/schema.org\",\"@graph\":[{\"@type\":\"WebPage\",\"@id\":\"https:\\\/\\\/docs.imanage.com\\\/work\\\/whats-new-in-imanage-work-desktop-for-windows-june-2020.html\",\"url\":\"https:\\\/\\\/docs.imanage.com\\\/work\\\/whats-new-in-imanage-work-desktop-for-windows-june-2020.html\",\"name\":\"Quoi de neuf dans iManage Work Desktop for Windows - Octobre 2020 &#8211; Docs - iManage\",\"isPartOf\":{\"@id\":\"https:\\\/\\\/docs.imanage.com\\\/#website\"},\"datePublished\":\"2020-06-22T12:51:53+00:00\",\"dateModified\":\"2020-10-20T18:52:31+00:00\",\"breadcrumb\":{\"@id\":\"https:\\\/\\\/docs.imanage.com\\\/work\\\/whats-new-in-imanage-work-desktop-for-windows-june-2020.html#breadcrumb\"},\"inLanguage\":\"fr-FR\",\"potentialAction\":[{\"@type\":\"ReadAction\",\"target\":[\"https:\\\/\\\/docs.imanage.com\\\/work\\\/whats-new-in-imanage-work-desktop-for-windows-june-2020.html\"]}]},{\"@type\":\"BreadcrumbList\",\"@id\":\"https:\\\/\\\/docs.imanage.com\\\/work\\\/whats-new-in-imanage-work-desktop-for-windows-june-2020.html#breadcrumb\",\"itemListElement\":[{\"@type\":\"ListItem\",\"position\":1,\"name\":\"Home\",\"item\":\"https:\\\/\\\/docs.imanage.com\\\/\"},{\"@type\":\"ListItem\",\"position\":2,\"name\":\"Work\",\"item\":\"https:\\\/\\\/docs.imanage.com\\\/work.html\"},{\"@type\":\"ListItem\",\"position\":3,\"name\":\"What&#8217;s New in iManage Work Desktop for Windows &#8211; October 2020\"}]},{\"@type\":\"WebSite\",\"@id\":\"https:\\\/\\\/docs.imanage.com\\\/#website\",\"url\":\"https:\\\/\\\/docs.imanage.com\\\/\",\"name\":\"Docs - iManage\",\"description\":\"\",\"potentialAction\":[{\"@type\":\"SearchAction\",\"target\":{\"@type\":\"EntryPoint\",\"urlTemplate\":\"https:\\\/\\\/docs.imanage.com\\\/?s={search_term_string}\"},\"query-input\":{\"@type\":\"PropertyValueSpecification\",\"valueRequired\":true,\"valueName\":\"search_term_string\"}}],\"inLanguage\":\"fr-FR\"}]}<\/script>\n<!-- \/ Yoast SEO plugin. -->","yoast_head_json":{"title":"Quoi de neuf dans iManage Work Desktop for Windows - Octobre 2020 &#8211; Docs - iManage","robots":{"index":"index","follow":"follow","max-snippet":"max-snippet:-1","max-image-preview":"max-image-preview:large","max-video-preview":"max-video-preview:-1"},"canonical":"https:\/\/docs.imanage.com\/work\/whats-new-in-imanage-work-desktop-for-windows-june-2020.html","og_locale":"fr_FR","og_type":"article","og_title":"Quoi de neuf dans iManage Work Desktop for Windows - Octobre 2020 &#8211; Docs - iManage","og_url":"https:\/\/docs.imanage.com\/work\/whats-new-in-imanage-work-desktop-for-windows-june-2020.html","og_site_name":"Docs - iManage","article_modified_time":"2020-10-20T18:52:31+00:00","twitter_card":"summary_large_image","twitter_misc":{"Est. reading time":"3 minutes"},"schema":{"@context":"https:\/\/schema.org","@graph":[{"@type":"WebPage","@id":"https:\/\/docs.imanage.com\/work\/whats-new-in-imanage-work-desktop-for-windows-june-2020.html","url":"https:\/\/docs.imanage.com\/work\/whats-new-in-imanage-work-desktop-for-windows-june-2020.html","name":"Quoi de neuf dans iManage Work Desktop for Windows - Octobre 2020 &#8211; Docs - iManage","isPartOf":{"@id":"https:\/\/docs.imanage.com\/#website"},"datePublished":"2020-06-22T12:51:53+00:00","dateModified":"2020-10-20T18:52:31+00:00","breadcrumb":{"@id":"https:\/\/docs.imanage.com\/work\/whats-new-in-imanage-work-desktop-for-windows-june-2020.html#breadcrumb"},"inLanguage":"fr-FR","potentialAction":[{"@type":"ReadAction","target":["https:\/\/docs.imanage.com\/work\/whats-new-in-imanage-work-desktop-for-windows-june-2020.html"]}]},{"@type":"BreadcrumbList","@id":"https:\/\/docs.imanage.com\/work\/whats-new-in-imanage-work-desktop-for-windows-june-2020.html#breadcrumb","itemListElement":[{"@type":"ListItem","position":1,"name":"Home","item":"https:\/\/docs.imanage.com\/"},{"@type":"ListItem","position":2,"name":"Work","item":"https:\/\/docs.imanage.com\/work.html"},{"@type":"ListItem","position":3,"name":"What&#8217;s New in iManage Work Desktop for Windows &#8211; October 2020"}]},{"@type":"WebSite","@id":"https:\/\/docs.imanage.com\/#website","url":"https:\/\/docs.imanage.com\/","name":"Docs - iManage","description":"","potentialAction":[{"@type":"SearchAction","target":{"@type":"EntryPoint","urlTemplate":"https:\/\/docs.imanage.com\/?s={search_term_string}"},"query-input":{"@type":"PropertyValueSpecification","valueRequired":true,"valueName":"search_term_string"}}],"inLanguage":"fr-FR"}]}},"_links":{"self":[{"href":"https:\/\/docs.imanage.com\/fr\/wp-json\/wp\/v2\/pages\/508","targetHints":{"allow":["GET"]}}],"collection":[{"href":"https:\/\/docs.imanage.com\/fr\/wp-json\/wp\/v2\/pages"}],"about":[{"href":"https:\/\/docs.imanage.com\/fr\/wp-json\/wp\/v2\/types\/page"}],"author":[{"embeddable":true,"href":"https:\/\/docs.imanage.com\/fr\/wp-json\/wp\/v2\/users\/4"}],"replies":[{"embeddable":true,"href":"https:\/\/docs.imanage.com\/fr\/wp-json\/wp\/v2\/comments?post=508"}],"version-history":[{"count":0,"href":"https:\/\/docs.imanage.com\/fr\/wp-json\/wp\/v2\/pages\/508\/revisions"}],"up":[{"embeddable":true,"href":"https:\/\/docs.imanage.com\/fr\/wp-json\/wp\/v2\/pages\/146"}],"wp:attachment":[{"href":"https:\/\/docs.imanage.com\/fr\/wp-json\/wp\/v2\/media?parent=508"}],"curies":[{"name":"wp","href":"https:\/\/api.w.org\/{rel}","templated":true}]}}