{"id":513,"date":"2020-07-06T06:37:03","date_gmt":"2020-07-06T06:37:03","guid":{"rendered":"https:\/\/docs.imanage.com\/?page_id=513"},"modified":"2020-08-12T05:23:15","modified_gmt":"2020-08-12T05:23:15","slug":"whats-new-in-imanage-work-2020-07","status":"publish","type":"page","link":"https:\/\/docs.imanage.com\/fr\/whats-new-in-imanage-work-2020-07.html","title":{"rendered":"Quoi de neuf dans iManage Work &#8211; Juillet 2020"},"content":{"rendered":"<h1><span style=\"font-size: 1.5rem;\">Affichage de l\u2019arborescence standard<br \/>\n<\/span><\/h1>\n<p>Auparavant disponible via <strong>Bient\u00f4t disponible<\/strong>, l\u2019arborescence sera d\u00e9sormais l\u2019affichage par d\u00e9faut pour les utilisateurs de iManage Work et du panneau iManage Work pour Microsoft Outlook.<\/p>\n<h1>D\u00e9placer les dossiers \u00e0 l\u2019aide du menu contextuel ou kebab<\/h1>\n<p>R\u00e9organisez la structure de vos dossiers en d\u00e9pla\u00e7ant les dossiers, les dossiers de recherche et les raccourcis de dossiers \u00e0 l\u2019aide du menu contextuel ou kebab. Les sous-dossiers, les documents et les e-mails contenus dans un dossier se d\u00e9placent avec le dossier parent lorsqu\u2019il est d\u00e9plac\u00e9. Le d\u00e9placement d\u2019un dossier de recherche n\u2019affecte pas les crit\u00e8res de recherche sur la base desquels le dossier de recherche a \u00e9t\u00e9 enregistr\u00e9.<\/p>\n<p><img loading=\"lazy\" decoding=\"async\" class=\"alignnone wp-image-514 black-border\" src=\"https:\/\/docs.imanage.com\/wp-content\/uploads\/2020\/07\/Moving-folders-using-context-or-kebab-menu.png\" alt=\"\" width=\"200\" height=\"173\" \/><\/p>\n<p><strong>REMARQUE<\/strong>: La cr\u00e9ation de raccourcis de documents est possible uniquement si votre configuration permet aux objets d&#8217;\u00eatre cr\u00e9\u00e9s au niveau de la racine de l&#8217;espace de travail.<\/p>\n<h1>D\u00e9placer les cat\u00e9gories en utilisant le menu contextuel ou kebab<\/h1>\n<p>D\u00e9placez une cat\u00e9gorie dans une autre cat\u00e9gorie situ\u00e9e dans la section <strong>Mes dossiers<\/strong> ou <strong>Mes favoris<\/strong>.<\/p>\n<h1>Cr\u00e9er des raccourcis dans les dossiers de documents \u00e0 l\u2019aide du menu contextuel ou kebab<\/h1>\n<p>Cr\u00e9ez un raccourci de document vers un dossier de documents vers un autre espace de travail ou un autre onglet situ\u00e9 dans la m\u00eame base de donn\u00e9es ou dans une base de donn\u00e9es diff\u00e9rente.<br \/>\n<img loading=\"lazy\" decoding=\"async\" class=\"black-border alignnone wp-image-517\" src=\"https:\/\/docs.imanage.com\/wp-content\/uploads\/2020\/07\/create-document-folder-shortcut.png\" alt=\"\" width=\"220\" height=\"165\" \/><\/p>\n<h1>D\u00e9placer les raccourcis \u00e0 l\u2019aide du menu contextuel ou kebab<\/h1>\n<p>D\u00e9placez les raccourcis de l\u2019espace de travail, les raccourcis des documents et les raccourcis des dossiers d\u2019un endroit \u00e0 l\u2019autre.<br \/>\n<img loading=\"lazy\" decoding=\"async\" class=\"black-border alignnone wp-image-518\" src=\"https:\/\/docs.imanage.com\/wp-content\/uploads\/2020\/07\/Moving-shortcuts.png\" alt=\"\" width=\"220\" height=\"190\" \/><\/p>\n<h1>Flux de travail am\u00e9lior\u00e9 pour la suppression des documents<\/h1>\n<p>Supprimez des documents d\u2019un dossier en utilisant le menu contextuel ou kebab. Les options offertes aux utilisateurs pour supprimer le document varient en fonction du nombre de versions et de r\u00e9f\u00e9rences qu\u2019un document poss\u00e8de, par exemple\u00a0:<br \/>\n&#8211; Document avec une seule version et sans r\u00e9f\u00e9rence<br \/>\n&#8211; Document avec plusieurs versions et sans r\u00e9f\u00e9rences<br \/>\n&#8211; Document comportant une seule version et des r\u00e9f\u00e9rences dans plusieurs endroits<br \/>\nDocument comportant plusieurs versions et r\u00e9f\u00e9rences dans plusieurs endroits<br \/>\n&#8211; Documents multiples avec r\u00e9f\u00e9rences multiples<br \/>\nPour plus d\u2019informations, r\u00e9f\u00e9rez-vous \u00e0 <a href=\"https:\/\/docs.imanage.com\/work-web-help\/10.3.0\/en-US\/Deleting_a_document.html\">Supprimer un document<\/a>.<\/p>\n<h1>Configurations administratives am\u00e9lior\u00e9es dans le Centre de contr\u00f4le iManage<\/h1>\n<p><strong>D\u00e9finir le comportement par d\u00e9faut des clics sur le titre des documents\u00a0:<br \/>\n<\/strong>L\u2019option <strong><em>Ouvrir en vue prot\u00e9g\u00e9e<\/em><\/strong> permet d\u2019ouvrir les documents Microsoft Office en vue prot\u00e9g\u00e9e afin d\u2019\u00e9viter que les utilisateurs ne laissent accidentellement des documents dans un \u00e9tat d\u2019extraction.<\/p>\n<p><img loading=\"lazy\" decoding=\"async\" class=\"black-border alignnone wp-image-519\" src=\"https:\/\/docs.imanage.com\/wp-content\/uploads\/2020\/07\/Open-in-protexted-view-1024x219.png\" alt=\"\" width=\"720\" height=\"154\" srcset=\"https:\/\/docs.imanage.com\/wp-content\/uploads\/2020\/07\/Open-in-protexted-view-1024x219.png 1024w, https:\/\/docs.imanage.com\/wp-content\/uploads\/2020\/07\/Open-in-protexted-view-300x64.png 300w, https:\/\/docs.imanage.com\/wp-content\/uploads\/2020\/07\/Open-in-protexted-view-768x164.png 768w, https:\/\/docs.imanage.com\/wp-content\/uploads\/2020\/07\/Open-in-protexted-view.png 1062w\" sizes=\"auto, (max-width: 720px) 100vw, 720px\" \/><\/p>\n<p><strong>Option de menu Suppression unifi\u00e9e dans le iManage Control Center :<\/strong><br \/>\nLe menu explicite <strong><em>Suppression d\u2019un raccourci<\/em><\/strong> est maintenant supprim\u00e9 du iManage Control Center. Par cons\u00e9quent, l\u2019option <strong><em>Supprimer<\/em><\/strong> est maintenant sensible au contexte et appara\u00eet dans le menu contextuel pour les documents, les e-mails et les dossiers, tandis que l\u2019option <strong><em>Supprimer le raccourci<\/em><\/strong> appara\u00eet pour les raccourcis de documents, d\u2019e-mails et de dossiers lorsque l\u2019option Supprimer est incluse dans les menus contextuels respectifs.<\/p>\n<h1>Possibilit\u00e9 d\u2019effectuer plusieurs op\u00e9rations dans l\u2019arborescence en utilisant le glisser-d\u00e9poser<\/h1>\n<p><strong>D\u00e9veloppez et parcourez les n\u0153uds des arborescences\u00a0:<\/strong><\/p>\n<p>Faites glisser les \u00e9l\u00e9ments du panneau central, survolez l\u2019arborescence pour d\u00e9velopper les n\u0153uds et d\u00e9posez les \u00e9l\u00e9ments o\u00f9 un conteneur est mis en \u00e9vidence par un contour bleu.<\/p>\n<p><img decoding=\"async\" class=\"alignnone wp-image-521 size-large black-border\" src=\"https:\/\/docs.imanage.com\/work-web-help\/10.3.0\/en-US\/images\/download\/attachments\/85082028\/expand_and_browse_tree_using_DnD.gif\" alt=\"\" width=\"700\" \/><\/p>\n<p>La liste des actions possibles qui peuvent \u00eatre r\u00e9alis\u00e9es en utilisant les touches de s\u00e9lection est affich\u00e9e dans l\u2019invite du message d\u2019aide.<\/p>\n<p><img loading=\"lazy\" decoding=\"async\" class=\"black-border alignnone wp-image-522 size-medium\" src=\"https:\/\/docs.imanage.com\/wp-content\/uploads\/2020\/07\/helper-message-on-windows-300x68.png\" alt=\"\" width=\"300\" height=\"68\" srcset=\"https:\/\/docs.imanage.com\/wp-content\/uploads\/2020\/07\/helper-message-on-windows-300x68.png 300w, https:\/\/docs.imanage.com\/wp-content\/uploads\/2020\/07\/helper-message-on-windows.png 506w\" sizes=\"auto, (max-width: 300px) 100vw, 300px\" \/><\/p>\n<p>En fonction des navigateurs et du syst\u00e8me d\u2019exploitation utilis\u00e9s par les utilisateurs, le comportement et la cl\u00e9 utilis\u00e9s pour les op\u00e9rations li\u00e9es \u00e0 l\u2019arborescence peuvent varier. Pour plus d\u2019informations, r\u00e9f\u00e9rez-vous \u00e0 <a href=\"https:\/\/docs.imanage.com\/work-web-help\/10.3.0\/en-US\/Keyboard_functions_for_operations_related_to_the_tree.html\">Fonctions du clavier pour les op\u00e9rations li\u00e9es \u00e0 l\u2019arborescence<\/a>.<\/p>\n<p><strong>D\u00e9placer les dossiers de la liste ou de la grille vers l\u2019arborescence\u00a0:<\/strong><\/p>\n<p>D\u00e9placez les dossiers de documents et les dossiers de recherche en utilisant le glisser-d\u00e9poser.<br \/>\n<img decoding=\"async\" class=\"alignnone wp-image-521 size-large black-border\" src=\"https:\/\/docs.imanage.com\/work-web-help\/10.3.0\/en-US\/images\/download\/attachments\/85074216\/Moving_folders_using_DnD.gif\" alt=\"\" width=\"700\" \/><\/p>\n<p><strong>D\u00e9placer les documents et les e-mails dans un dossier de l\u2019arborescence\u00a0:<\/strong><\/p>\n<p>D\u00e9placez des documents et des e-mails vers des dossiers ou des raccourcis de dossiers par glisser-d\u00e9poser.<\/p>\n<p><img decoding=\"async\" class=\"alignnone wp-image-521 size-large black-border\" src=\"https:\/\/docs.imanage.com\/work-web-help\/10.3.0\/en-US\/images\/download\/attachments\/85074212\/Move_emails_using_DnD.gif\" alt=\"\" width=\"700\" \/><\/p>\n<p><strong>Copier les documents dans un dossier de l\u2019arborescence\u00a0:<br \/>\n<\/strong>Faites glisser un document, localisez le dossier de destination, appuyez sur la touche <strong>Ctrl<\/strong>, puis d\u00e9posez-le pour le copier.<\/p>\n<p><img decoding=\"async\" class=\"alignnone wp-image-521 size-large black-border\" src=\"https:\/\/docs.imanage.com\/work-web-help\/10.3.0\/en-US\/images\/download\/attachments\/85082571\/Copy_to_tree_using_dnd.gif\" alt=\"\" width=\"700\" \/><\/p>\n<p>En fonction des navigateurs et du syst\u00e8me d\u2019exploitation utilis\u00e9s par les utilisateurs, le comportement et la cl\u00e9 utilis\u00e9s pour cette fonction peuvent varier. Pour plus d\u2019informations, r\u00e9f\u00e9rez-vous \u00e0 <a href=\"https:\/\/docs.imanage.com\/work-web-help\/10.3.0\/en-US\/Copying_document%28s%29_to_a_folder_in_the_tree_using_drag-and-drop.html\">Copier le(s) document(s) dans un dossier de l\u2019arborescence par glisser-d\u00e9poser<\/a>.<\/p>\n<p><strong>Ajouter la r\u00e9f\u00e9rence du document dans un dossier de l\u2019arborescence\u00a0:<br \/>\n<\/strong>Faites glisser un document, localisez le dossier de destination, appuyez sur la touche <strong>Shift<\/strong>, puis d\u00e9posez-le pour ajouter une r\u00e9f\u00e9rence \u00e0 ce dossier.<\/p>\n<p><img decoding=\"async\" class=\"alignnone wp-image-521 size-large black-border\" src=\"https:\/\/docs.imanage.com\/work-web-help\/10.3.0\/en-US\/images\/download\/attachments\/85090116\/Add_doc_reference_to_tree_using_DnD.gif\" alt=\"\" width=\"700\" \/><\/p>\n<p>Le comportement et la cl\u00e9 utilis\u00e9s pour cette fonction peuvent varier en fonction des navigateurs et du syst\u00e8me d\u2019exploitation utilis\u00e9s par les utilisateurs. Pour plus d\u2019informations, r\u00e9f\u00e9rez-vous \u00e0 <a href=\"https:\/\/docs.imanage.com\/work-web-help\/10.3.0\/en-US\/Keyboard_functions_for_operations_related_to_the_tree.html\">Fonctions du clavier pour les op\u00e9rations li\u00e9es \u00e0 l\u2019arborescence<\/a>.<\/p>\n<p><strong>Ajouter des raccourcis de dossiers dans un espace de travail ou un onglet de l\u2019arborescence\u00a0:<br \/>\n<\/strong>Faites glisser un document\/dossier de recherche, localisez l\u2019espace de travail ou l\u2019onglet de destination, appuyez sur la touche <strong>Shift<\/strong> et d\u00e9posez-le pour ajouter un raccourci de dossier.<\/p>\n<p><img decoding=\"async\" class=\"alignnone wp-image-521 size-large black-border\" src=\"https:\/\/docs.imanage.com\/work-web-help\/10.3.0\/en-US\/images\/download\/attachments\/85096950\/Create_folder_shortcut_in_tree_using_DnD.gif\" alt=\"\" width=\"750\" \/><\/p>\n<p><strong>Ajouter des \u00e9l\u00e9ments \u00e0 Mes favoris dans l\u2019arborescence\u00a0:<br \/>\n<\/strong>Faites un glisser-d\u00e9poser des \u00e9l\u00e9ments du panneau central vers <strong>Mes favoris<\/strong> ou une cat\u00e9gorie imbriqu\u00e9e sous <strong>Mes favoris<\/strong> dans l\u2019arborescence.<\/p>\n<p><img decoding=\"async\" class=\"alignnone wp-image-521 size-large black-border\" src=\"https:\/\/docs.imanage.com\/work-web-help\/10.3.0\/en-US\/images\/download\/attachments\/85098180\/Add_to_my_favorites_using_DnD.gif\" alt=\"\" width=\"750\" \/><\/p>\n<p><strong>D\u00e9placer les cat\u00e9gories vers Mes favoris\/Mes dossiers dans l\u2019arborescence\u00a0:<br \/>\n<\/strong>R\u00e9organisez les cat\u00e9gories dans <strong>Mes dossiers<\/strong> ou <strong>Mes favoris<\/strong> en d\u00e9pla\u00e7ant une ou plusieurs cat\u00e9gories du panneau central vers une autre cat\u00e9gorie dans <strong>Mes dossiers<\/strong> ou <strong>Mes favoris<\/strong> par glisser-d\u00e9poser.<\/p>\n<p><img decoding=\"async\" class=\"alignnone wp-image-521 size-large black-border\" src=\"https:\/\/docs.imanage.com\/work-web-help\/10.3.0\/en-US\/images\/download\/attachments\/89261980\/Moving_categories_using_DnD.gif\" alt=\"\" width=\"750\" \/><\/p>\n<p><strong>Ajout de raccourcis de l\u2019espace de travail \u00e0 Mes favoris\/Mes dossiers ou Cat\u00e9gories dans Mes favoris\/Mes dossiers\u00a0:<br \/>\n<\/strong>Faites glisser un espace de travail, survolez l\u2019arborescence jusqu\u2019\u00e0 ce que vous vous approchiez de <strong>Mes favoris\/Mes dossiers<\/strong> ou de la cat\u00e9gorie de destination \u00e0 l\u2019int\u00e9rieur de celui-ci, puis d\u00e9posez-le.<br \/>\n<img decoding=\"async\" class=\"alignnone wp-image-521 size-large black-border\" src=\"https:\/\/docs.imanage.com\/work-web-help\/10.3.0\/en-US\/images\/download\/attachments\/89263536\/Adding_workspace_shortcuts_using_DnD.gif\" alt=\"\" width=\"750\" \/><\/p>\n<p><strong>Classer des pi\u00e8ces jointes \u00e0 un e-mail dans le panneau iManage Work par glisser-d\u00e9poser<\/strong><\/p>\n<p>Glissez-d\u00e9posez une ou plusieurs pi\u00e8ces jointes de votre bo\u00eete de r\u00e9ception Microsoft Outlook directement dans le panneau de travail sous l\u2019onglet Parcourir de l\u2019arborescence (en mode ancr\u00e9) pour les classer dans iManage Work.<\/p>\n<p>&nbsp;<\/p>\n<p>&nbsp;<\/p>\n<p>&nbsp;<\/p>\n<p>&nbsp;<\/p>\n<p>&nbsp;<\/p>\n<p>&nbsp;<\/p>\n<p>&nbsp;<\/p>\n","protected":false},"excerpt":{"rendered":"<p>Affichage de l\u2019arborescence standard Auparavant disponible via Bient\u00f4t disponible, l\u2019arborescence sera d\u00e9sormais l\u2019affichage par d\u00e9faut pour les utilisateurs de iManage Work et du panneau iManage Work pour Microsoft Outlook. D\u00e9placer les dossiers \u00e0 l\u2019aide du menu contextuel ou kebab R\u00e9organisez la structure de vos dossiers en d\u00e9pla\u00e7ant les dossiers, les dossiers de recherche et les [&hellip;]<\/p>\n","protected":false},"author":4,"featured_media":0,"parent":0,"menu_order":0,"comment_status":"closed","ping_status":"closed","template":"","meta":{"_acf_changed":false,"footnotes":""},"class_list":["post-513","page","type-page","status-publish","hentry"],"translation":{"provider":"WPGlobus","version":"3.0.2","language":"fr","enabled_languages":["en","de","fr","qc","jp","br","es","zh"],"languages":{"en":{"title":true,"content":true,"excerpt":false},"de":{"title":true,"content":true,"excerpt":false},"fr":{"title":true,"content":true,"excerpt":false},"qc":{"title":false,"content":false,"excerpt":false},"jp":{"title":true,"content":true,"excerpt":false},"br":{"title":true,"content":true,"excerpt":false},"es":{"title":true,"content":true,"excerpt":false},"zh":{"title":true,"content":true,"excerpt":false}}},"acf":[],"yoast_head":"<!-- This site is optimized with the Yoast SEO plugin v27.5 - https:\/\/yoast.com\/product\/yoast-seo-wordpress\/ -->\n<title>Quoi de neuf dans iManage Work - Juillet 2020 &#8211; Docs - iManage<\/title>\n<meta name=\"robots\" content=\"index, follow, max-snippet:-1, max-image-preview:large, max-video-preview:-1\" \/>\n<link rel=\"canonical\" href=\"https:\/\/docs.imanage.com\/es\/whats-new-in-imanage-work-2020-07.html\" \/>\n<meta property=\"og:locale\" content=\"fr_FR\" \/>\n<meta property=\"og:type\" content=\"article\" \/>\n<meta property=\"og:title\" content=\"Quoi de neuf dans iManage Work - Juillet 2020 &#8211; Docs - iManage\" \/>\n<meta property=\"og:url\" content=\"https:\/\/docs.imanage.com\/es\/whats-new-in-imanage-work-2020-07.html\" \/>\n<meta property=\"og:site_name\" content=\"Docs - iManage\" \/>\n<meta property=\"article:modified_time\" content=\"2020-08-12T05:23:15+00:00\" \/>\n<meta property=\"og:image\" content=\"https:\/\/docs.imanage.com\/wp-content\/uploads\/2020\/07\/Moving-folders-using-context-or-kebab-menu.png\" \/>\n<meta name=\"twitter:card\" content=\"summary_large_image\" \/>\n<meta name=\"twitter:label1\" content=\"Est. reading time\" \/>\n\t<meta name=\"twitter:data1\" content=\"25 minutes\" \/>\n<script type=\"application\/ld+json\" class=\"yoast-schema-graph\">{\"@context\":\"https:\\\/\\\/schema.org\",\"@graph\":[{\"@type\":\"WebPage\",\"@id\":\"https:\\\/\\\/docs.imanage.com\\\/es\\\/whats-new-in-imanage-work-2020-07.html\",\"url\":\"https:\\\/\\\/docs.imanage.com\\\/es\\\/whats-new-in-imanage-work-2020-07.html\",\"name\":\"Quoi de neuf dans iManage Work - Juillet 2020 &#8211; Docs - iManage\",\"isPartOf\":{\"@id\":\"https:\\\/\\\/docs.imanage.com\\\/#website\"},\"primaryImageOfPage\":{\"@id\":\"https:\\\/\\\/docs.imanage.com\\\/es\\\/whats-new-in-imanage-work-2020-07.html#primaryimage\"},\"image\":{\"@id\":\"https:\\\/\\\/docs.imanage.com\\\/es\\\/whats-new-in-imanage-work-2020-07.html#primaryimage\"},\"thumbnailUrl\":\"https:\\\/\\\/docs.imanage.com\\\/wp-content\\\/uploads\\\/2020\\\/07\\\/Moving-folders-using-context-or-kebab-menu.png\",\"datePublished\":\"2020-07-06T06:37:03+00:00\",\"dateModified\":\"2020-08-12T05:23:15+00:00\",\"breadcrumb\":{\"@id\":\"https:\\\/\\\/docs.imanage.com\\\/es\\\/whats-new-in-imanage-work-2020-07.html#breadcrumb\"},\"inLanguage\":\"fr-FR\",\"potentialAction\":[{\"@type\":\"ReadAction\",\"target\":[\"https:\\\/\\\/docs.imanage.com\\\/es\\\/whats-new-in-imanage-work-2020-07.html\"]}]},{\"@type\":\"ImageObject\",\"inLanguage\":\"fr-FR\",\"@id\":\"https:\\\/\\\/docs.imanage.com\\\/es\\\/whats-new-in-imanage-work-2020-07.html#primaryimage\",\"url\":\"https:\\\/\\\/docs.imanage.com\\\/wp-content\\\/uploads\\\/2020\\\/07\\\/Moving-folders-using-context-or-kebab-menu.png\",\"contentUrl\":\"https:\\\/\\\/docs.imanage.com\\\/wp-content\\\/uploads\\\/2020\\\/07\\\/Moving-folders-using-context-or-kebab-menu.png\"},{\"@type\":\"BreadcrumbList\",\"@id\":\"https:\\\/\\\/docs.imanage.com\\\/es\\\/whats-new-in-imanage-work-2020-07.html#breadcrumb\",\"itemListElement\":[{\"@type\":\"ListItem\",\"position\":1,\"name\":\"Home\",\"item\":\"https:\\\/\\\/docs.imanage.com\\\/\"},{\"@type\":\"ListItem\",\"position\":2,\"name\":\"Novedades en iManage Work &#8211; Julio 2020\"}]},{\"@type\":\"WebSite\",\"@id\":\"https:\\\/\\\/docs.imanage.com\\\/#website\",\"url\":\"https:\\\/\\\/docs.imanage.com\\\/\",\"name\":\"Docs - iManage\",\"description\":\"\",\"potentialAction\":[{\"@type\":\"SearchAction\",\"target\":{\"@type\":\"EntryPoint\",\"urlTemplate\":\"https:\\\/\\\/docs.imanage.com\\\/?s={search_term_string}\"},\"query-input\":{\"@type\":\"PropertyValueSpecification\",\"valueRequired\":true,\"valueName\":\"search_term_string\"}}],\"inLanguage\":\"fr-FR\"}]}<\/script>\n<!-- \/ Yoast SEO plugin. -->","yoast_head_json":{"title":"Quoi de neuf dans iManage Work - Juillet 2020 &#8211; Docs - iManage","robots":{"index":"index","follow":"follow","max-snippet":"max-snippet:-1","max-image-preview":"max-image-preview:large","max-video-preview":"max-video-preview:-1"},"canonical":"https:\/\/docs.imanage.com\/es\/whats-new-in-imanage-work-2020-07.html","og_locale":"fr_FR","og_type":"article","og_title":"Quoi de neuf dans iManage Work - Juillet 2020 &#8211; Docs - iManage","og_url":"https:\/\/docs.imanage.com\/es\/whats-new-in-imanage-work-2020-07.html","og_site_name":"Docs - iManage","article_modified_time":"2020-08-12T05:23:15+00:00","og_image":[{"url":"https:\/\/docs.imanage.com\/wp-content\/uploads\/2020\/07\/Moving-folders-using-context-or-kebab-menu.png","type":"","width":"","height":""}],"twitter_card":"summary_large_image","twitter_misc":{"Est. reading time":"25 minutes"},"schema":{"@context":"https:\/\/schema.org","@graph":[{"@type":"WebPage","@id":"https:\/\/docs.imanage.com\/es\/whats-new-in-imanage-work-2020-07.html","url":"https:\/\/docs.imanage.com\/es\/whats-new-in-imanage-work-2020-07.html","name":"Quoi de neuf dans iManage Work - Juillet 2020 &#8211; Docs - iManage","isPartOf":{"@id":"https:\/\/docs.imanage.com\/#website"},"primaryImageOfPage":{"@id":"https:\/\/docs.imanage.com\/es\/whats-new-in-imanage-work-2020-07.html#primaryimage"},"image":{"@id":"https:\/\/docs.imanage.com\/es\/whats-new-in-imanage-work-2020-07.html#primaryimage"},"thumbnailUrl":"https:\/\/docs.imanage.com\/wp-content\/uploads\/2020\/07\/Moving-folders-using-context-or-kebab-menu.png","datePublished":"2020-07-06T06:37:03+00:00","dateModified":"2020-08-12T05:23:15+00:00","breadcrumb":{"@id":"https:\/\/docs.imanage.com\/es\/whats-new-in-imanage-work-2020-07.html#breadcrumb"},"inLanguage":"fr-FR","potentialAction":[{"@type":"ReadAction","target":["https:\/\/docs.imanage.com\/es\/whats-new-in-imanage-work-2020-07.html"]}]},{"@type":"ImageObject","inLanguage":"fr-FR","@id":"https:\/\/docs.imanage.com\/es\/whats-new-in-imanage-work-2020-07.html#primaryimage","url":"https:\/\/docs.imanage.com\/wp-content\/uploads\/2020\/07\/Moving-folders-using-context-or-kebab-menu.png","contentUrl":"https:\/\/docs.imanage.com\/wp-content\/uploads\/2020\/07\/Moving-folders-using-context-or-kebab-menu.png"},{"@type":"BreadcrumbList","@id":"https:\/\/docs.imanage.com\/es\/whats-new-in-imanage-work-2020-07.html#breadcrumb","itemListElement":[{"@type":"ListItem","position":1,"name":"Home","item":"https:\/\/docs.imanage.com\/"},{"@type":"ListItem","position":2,"name":"Novedades en iManage Work &#8211; Julio 2020"}]},{"@type":"WebSite","@id":"https:\/\/docs.imanage.com\/#website","url":"https:\/\/docs.imanage.com\/","name":"Docs - iManage","description":"","potentialAction":[{"@type":"SearchAction","target":{"@type":"EntryPoint","urlTemplate":"https:\/\/docs.imanage.com\/?s={search_term_string}"},"query-input":{"@type":"PropertyValueSpecification","valueRequired":true,"valueName":"search_term_string"}}],"inLanguage":"fr-FR"}]}},"_links":{"self":[{"href":"https:\/\/docs.imanage.com\/fr\/wp-json\/wp\/v2\/pages\/513","targetHints":{"allow":["GET"]}}],"collection":[{"href":"https:\/\/docs.imanage.com\/fr\/wp-json\/wp\/v2\/pages"}],"about":[{"href":"https:\/\/docs.imanage.com\/fr\/wp-json\/wp\/v2\/types\/page"}],"author":[{"embeddable":true,"href":"https:\/\/docs.imanage.com\/fr\/wp-json\/wp\/v2\/users\/4"}],"replies":[{"embeddable":true,"href":"https:\/\/docs.imanage.com\/fr\/wp-json\/wp\/v2\/comments?post=513"}],"version-history":[{"count":0,"href":"https:\/\/docs.imanage.com\/fr\/wp-json\/wp\/v2\/pages\/513\/revisions"}],"wp:attachment":[{"href":"https:\/\/docs.imanage.com\/fr\/wp-json\/wp\/v2\/media?parent=513"}],"curies":[{"name":"wp","href":"https:\/\/api.w.org\/{rel}","templated":true}]}}