{"id":541,"date":"2020-09-09T12:23:41","date_gmt":"2020-09-09T12:23:41","guid":{"rendered":"https:\/\/docs.imanage.com\/?page_id=541"},"modified":"2021-08-09T16:32:23","modified_gmt":"2021-08-09T16:32:23","slug":"whats-new-in-imanage-work-2020-10","status":"publish","type":"page","link":"https:\/\/docs.imanage.com\/fr\/whats-new-in-imanage-work-2020-10.html","title":{"rendered":"Quoi de neuf dans iManage Work &#8211; Octobre 2020"},"content":{"rendered":"<h1><strong>Pr\u00e9sentation de la fonction glisser-d\u00e9poser pour des flux de travail efficaces<\/strong><\/h1>\n<p>D\u00e9placez un ou plusieurs raccourcis de document \u00e0 l&#8217;aide d&#8217;un simple glisser-d\u00e9poser entre le panneau central et l&#8217;arborescence.<br \/>\n<img decoding=\"async\" class=\"alignnone wp-image-521 size-large black-border\" src=\"https:\/\/docs.imanage.com\/work-web-help\/10.3.2\/en-US\/images\/download\/attachments\/89278760\/dnddoc_shortcuts_from_center_panel_to_tree_July_23.gif\" alt=\"\" width=\"900\" \/><br \/>\nD\u00e9placez le(s) raccourci(s) de l&#8217;espace de travail du panneau central vers <strong>Mes dossiers<\/strong> ou vers la cat\u00e9gorie souhait\u00e9e \u00e0 l&#8217;int\u00e9rieur de ces derniers, dans l&#8217;arborescence, en utilisant glisser-d\u00e9poser.<br \/>\n<img decoding=\"async\" class=\"alignnone wp-image-521 size-large black-border\" src=\"https:\/\/docs.imanage.com\/work-web-help\/10.3.2\/en-US\/images\/download\/attachments\/89279991\/dnd_ws_shortcuts_from_center_panel_to_tree_July_23.gif\" alt=\"\" width=\"900\" \/><\/p>\n<p>D\u00e9placez un ou plusieurs raccourcis de dossier \u00e0 l&#8217;aide d&#8217;un simple glisser-d\u00e9poser entre le panneau central et l&#8217;arborescence.<br \/>\n<img decoding=\"async\" class=\"alignnone wp-image-521 size-large black-border\" src=\"https:\/\/docs.imanage.com\/work-web-help\/10.3.2\/en-US\/images\/download\/attachments\/89284392\/July_28%2C_Move_Folder_shortcuts_using_DnD.gif\" alt=\"\" width=\"900\" \/><\/p>\n<p>D\u00e9placez un ou plusieurs raccourcis du panneau central vers Mes favoris ou vers la cat\u00e9gorie souhait\u00e9e \u00e0 l&#8217;int\u00e9rieur de ces derniers dans l&#8217;arborescence \u00e0 l&#8217;aide de glisser-d\u00e9poser.<br \/>\n<img decoding=\"async\" class=\"alignnone wp-image-521 size-large black-border\" src=\"https:\/\/docs.imanage.com\/work-web-help\/10.3.2\/en-US\/images\/download\/attachments\/89285194\/July_30%2C_DnD_Shortcuts_within_my_favorites.gif\" alt=\"\" width=\"900\" \/><\/p>\n<h1><strong>Les chargements du bureau vers l\u2019arborescence sont d\u00e9sormais pris en charge pour les documents et les dossiers<\/strong><\/h1>\n<p>Une seule action est n\u00e9cessaire pour charger des dossiers ou des documents de votre bureau vers l&#8217;arborescence en utilisant le glisser-d\u00e9poser.<br \/>\n<img decoding=\"async\" class=\"alignnone wp-image-521 size-large black-border\" src=\"https:\/\/docs.imanage.com\/work-web-help\/10.3.2\/en-US\/images\/download\/attachments\/89289833\/Sep_27%2C_Uploading_documents_from_the_desktop_to_a_tree_node_using_drag-and-drop.gif\" alt=\"\" width=\"1080\" \/><\/p>\n<p><img decoding=\"async\" class=\"alignnone wp-image-521 size-large black-border\" src=\"https:\/\/docs.imanage.com\/work-web-help\/10.3.2\/en-US\/images\/download\/attachments\/89289866\/Sep_27%2C_Uploading_folders_from_the_desktop_to_a_tree_node_using_drag-and-drop.gif\" alt=\"\" width=\"1080\" \/><\/p>\n<h1>D\u00e9placez des dossiers et des documents<\/h1>\n<p>En plus du glisser-d\u00e9poser, s\u00e9lectionnez simplement des dossiers et des documents et utilisez l&#8217;option du menu contextuel qui appara\u00eet lorsque vous effectuez un clic droit avec la souris, pour les d\u00e9placer vers un autre emplacement, afin d&#8217;organiser votre travail.<\/p>\n<h1>Affichez encore plus de dossiers dans l&#8217;arborescence<\/h1>\n<p>Vous n&#8217;\u00eates plus limit\u00e9 \u00e0 afficher seulement 50 \u00e9l\u00e9ments dans l&#8217;arborescence. Passez simplement la souris sur <strong>Afficher plus <\/strong>\u00a0pour d\u00e9velopper et afficher plus d&#8217;\u00e9l\u00e9ments directement dans l&#8217;arborescence.<br \/>\n<img decoding=\"async\" class=\"alignnone wp-image-521 size-large black-border\" src=\"https:\/\/docs.imanage.com\/work-web-help\/10.3.2\/en-US\/images\/download\/attachments\/89287368\/Sep_26%2C_Ability_to_show_all_nodes_at_any_level_in_the_tree.gif\" alt=\"\" width=\"900\" \/><\/p>\n<h1>Localisez facilement le dossier parent<\/h1>\n<p>Utilisez l&#8217;option <strong>Afficher dans l&#8217;arborescence <\/strong>\u00a0dans le menu contextuel qui appara\u00eet lorsque vous effectuez un clic droit avec la souris, pour localiser facilement le dossier parent et localiser le chemin exact du dossier. Afficher des documents dans la liste r\u00e9cente ou dans les r\u00e9sultats de la recherche vous permet de trouver facilement l&#8217;emplacement exact du fichier, afin que vous puissiez trouver quels autres fichiers se trouvent dans ce dossier.<br \/>\n<img decoding=\"async\" class=\"alignnone wp-image-521 size-large black-border\" src=\"https:\/\/docs.imanage.com\/work-web-help\/10.3.2\/en-US\/images\/download\/attachments\/93036766\/Sep_01%2C_Show_in_tree_new_context_menu_option.gif\" alt=\"\" width=\"900\" \/><\/p>\n<p>L\u2019affichage des \u00e9l\u00e9ments pr\u00e9sents dans plusieurs emplacements est simplifi\u00e9 gr\u00e2ce \u00e0 une bo\u00eete de dialogue affichant ces emplacements.<br \/>\n<img decoding=\"async\" class=\"alignnone wp-image-521 size-large black-border\" src=\"https:\/\/docs.imanage.com\/work-web-help\/10.3.2\/en-US\/images\/download\/attachments\/93033489\/Sep_27%2C_New_Show_in_Tree_context_menu_option_.gif\" alt=\"\" width=\"900\" \/><\/p>\n<h1>Affichez les filtres appliqu\u00e9s<\/h1>\n<p>Affichez et ajustez facilement les filtres pour pouvoir diviser la quantit\u00e9 de r\u00e9sultats en plus petites parties afin de trouver le contenu le plus pertinent.<br \/>\n<img decoding=\"async\" class=\"alignnone wp-image-521 size-large black-border\" src=\"https:\/\/docs.imanage.com\/work-web-help\/10.3.2\/en-US\/images\/download\/attachments\/93036750\/New_Filter.png\" alt=\"\" width=\"900\" \/><\/p>\n<h1>Les Menus contextuels qui apparaissent lorsque vous effectuez un clic droit avec la souris qui \u00e9taient disponibles auparavant dans le panneau central, sont d\u00e9sormais \u00e9galement disponibles sur les n\u0153uds de l&#8217;arborescence<\/h1>\n<p>C\u2019est plus pratique. Les menus contextuels qui apparaissent lorsque vous effectuez un clic droit avec la souris sont disponibles sur le n\u0153ud de l&#8217;arborescence. Cela vous permet d\u2019\u00e9conomiser du temps en vous permettant d&#8217;effectuer des actions directement lorsque vous parcourez la hi\u00e9rarchie des dossiers. Ce qui fait gagner du temps.<br \/>\n<img decoding=\"async\" class=\"alignnone wp-image-521 size-large black-border\" src=\"https:\/\/docs.imanage.com\/wp-content\/uploads\/2020\/09\/Sep-26-Ability-to-perform-context-menu-operations-on-the-tree-node-1.gif\" alt=\"\" width=\"900\" \/><\/p>\n<h1>Recherche avanc\u00e9e sans quitter MS Outlook<\/h1>\n<p>Allez au-del\u00e0 de la recherche d&#8217;auteur et de titre pour trouver du contenu en fonction de toutes les m\u00e9tadonn\u00e9es \u00e0 l&#8217;aide de la recherche avanc\u00e9e dans le panneau de travail de MS Outlook.<br \/>\n<img decoding=\"async\" class=\"alignnone wp-image-521 size-large black-border\" src=\"https:\/\/docs.imanage.com\/wp-content\/uploads\/2020\/09\/Sep-27-Advanced-search-in-Work-panel-.gif\" alt=\"\" width=\"700\" \/><\/p>\n<p>&nbsp;<\/p>\n<h1><strong>Plus de raccourcis clavier pour une navigation plus rapide<\/strong><\/h1>\n<p><img loading=\"lazy\" decoding=\"async\" class=\"alignnone size-full wp-image-563\" src=\"https:\/\/docs.imanage.com\/wp-content\/uploads\/2020\/10\/French_Table.png\" alt=\"\" width=\"635\" height=\"396\" srcset=\"https:\/\/docs.imanage.com\/wp-content\/uploads\/2020\/10\/French_Table.png 635w, https:\/\/docs.imanage.com\/wp-content\/uploads\/2020\/10\/French_Table-300x187.png 300w\" sizes=\"auto, (max-width: 635px) 100vw, 635px\" \/><\/p>\n","protected":false},"excerpt":{"rendered":"<p>Pr\u00e9sentation de la fonction glisser-d\u00e9poser pour des flux de travail efficaces D\u00e9placez un ou plusieurs raccourcis de document \u00e0 l&#8217;aide d&#8217;un simple glisser-d\u00e9poser entre le panneau central et l&#8217;arborescence. D\u00e9placez le(s) raccourci(s) de l&#8217;espace de travail du panneau central vers Mes dossiers ou vers la cat\u00e9gorie souhait\u00e9e \u00e0 l&#8217;int\u00e9rieur de ces derniers, dans l&#8217;arborescence, en [&hellip;]<\/p>\n","protected":false},"author":4,"featured_media":0,"parent":0,"menu_order":0,"comment_status":"closed","ping_status":"closed","template":"","meta":{"_acf_changed":false,"footnotes":""},"class_list":["post-541","page","type-page","status-publish","hentry"],"translation":{"provider":"WPGlobus","version":"3.0.2","language":"fr","enabled_languages":["en","de","fr","qc","jp","br","es","zh"],"languages":{"en":{"title":true,"content":true,"excerpt":false},"de":{"title":true,"content":true,"excerpt":false},"fr":{"title":true,"content":true,"excerpt":false},"qc":{"title":false,"content":false,"excerpt":false},"jp":{"title":true,"content":true,"excerpt":false},"br":{"title":true,"content":true,"excerpt":false},"es":{"title":true,"content":true,"excerpt":false},"zh":{"title":true,"content":true,"excerpt":false}}},"acf":[],"yoast_head":"<!-- This site is optimized with the Yoast SEO plugin v27.4 - https:\/\/yoast.com\/product\/yoast-seo-wordpress\/ -->\n<title>Quoi de neuf dans iManage Work - Octobre 2020 &#8211; Docs - iManage<\/title>\n<meta name=\"robots\" content=\"index, follow, max-snippet:-1, max-image-preview:large, max-video-preview:-1\" \/>\n<link rel=\"canonical\" href=\"https:\/\/docs.imanage.com\/whats-new-in-imanage-work-2020-10.html\" \/>\n<meta property=\"og:locale\" content=\"fr_FR\" \/>\n<meta property=\"og:type\" content=\"article\" \/>\n<meta property=\"og:title\" content=\"Quoi de neuf dans iManage Work - Octobre 2020 &#8211; Docs - iManage\" \/>\n<meta property=\"og:url\" content=\"https:\/\/docs.imanage.com\/whats-new-in-imanage-work-2020-10.html\" \/>\n<meta property=\"og:site_name\" content=\"Docs - iManage\" \/>\n<meta property=\"article:modified_time\" content=\"2021-08-09T16:32:23+00:00\" \/>\n<meta property=\"og:image\" content=\"https:\/\/docs.imanage.com\/work-web-help\/10.3.2\/en-US\/images\/download\/attachments\/89278760\/dnddoc_shortcuts_from_center_panel_to_tree_July_23.gif\" \/>\n<meta name=\"twitter:card\" content=\"summary_large_image\" \/>\n<meta name=\"twitter:label1\" content=\"Est. reading time\" \/>\n\t<meta name=\"twitter:data1\" content=\"11 minutes\" \/>\n<script type=\"application\/ld+json\" class=\"yoast-schema-graph\">{\"@context\":\"https:\\\/\\\/schema.org\",\"@graph\":[{\"@type\":\"WebPage\",\"@id\":\"https:\\\/\\\/docs.imanage.com\\\/whats-new-in-imanage-work-2020-10.html\",\"url\":\"https:\\\/\\\/docs.imanage.com\\\/whats-new-in-imanage-work-2020-10.html\",\"name\":\"Quoi de neuf dans iManage Work - Octobre 2020 &#8211; Docs - iManage\",\"isPartOf\":{\"@id\":\"https:\\\/\\\/docs.imanage.com\\\/#website\"},\"primaryImageOfPage\":{\"@id\":\"https:\\\/\\\/docs.imanage.com\\\/whats-new-in-imanage-work-2020-10.html#primaryimage\"},\"image\":{\"@id\":\"https:\\\/\\\/docs.imanage.com\\\/whats-new-in-imanage-work-2020-10.html#primaryimage\"},\"thumbnailUrl\":\"https:\\\/\\\/docs.imanage.com\\\/work-web-help\\\/10.3.2\\\/en-US\\\/images\\\/download\\\/attachments\\\/89278760\\\/dnddoc_shortcuts_from_center_panel_to_tree_July_23.gif\",\"datePublished\":\"2020-09-09T12:23:41+00:00\",\"dateModified\":\"2021-08-09T16:32:23+00:00\",\"breadcrumb\":{\"@id\":\"https:\\\/\\\/docs.imanage.com\\\/whats-new-in-imanage-work-2020-10.html#breadcrumb\"},\"inLanguage\":\"fr-FR\",\"potentialAction\":[{\"@type\":\"ReadAction\",\"target\":[\"https:\\\/\\\/docs.imanage.com\\\/whats-new-in-imanage-work-2020-10.html\"]}]},{\"@type\":\"ImageObject\",\"inLanguage\":\"fr-FR\",\"@id\":\"https:\\\/\\\/docs.imanage.com\\\/whats-new-in-imanage-work-2020-10.html#primaryimage\",\"url\":\"https:\\\/\\\/docs.imanage.com\\\/work-web-help\\\/10.3.2\\\/en-US\\\/images\\\/download\\\/attachments\\\/89278760\\\/dnddoc_shortcuts_from_center_panel_to_tree_July_23.gif\",\"contentUrl\":\"https:\\\/\\\/docs.imanage.com\\\/work-web-help\\\/10.3.2\\\/en-US\\\/images\\\/download\\\/attachments\\\/89278760\\\/dnddoc_shortcuts_from_center_panel_to_tree_July_23.gif\"},{\"@type\":\"BreadcrumbList\",\"@id\":\"https:\\\/\\\/docs.imanage.com\\\/whats-new-in-imanage-work-2020-10.html#breadcrumb\",\"itemListElement\":[{\"@type\":\"ListItem\",\"position\":1,\"name\":\"Home\",\"item\":\"https:\\\/\\\/docs.imanage.com\\\/\"},{\"@type\":\"ListItem\",\"position\":2,\"name\":\"What&#8217;s New in iManage Work &#8211; October 2020\"}]},{\"@type\":\"WebSite\",\"@id\":\"https:\\\/\\\/docs.imanage.com\\\/#website\",\"url\":\"https:\\\/\\\/docs.imanage.com\\\/\",\"name\":\"Docs - iManage\",\"description\":\"\",\"potentialAction\":[{\"@type\":\"SearchAction\",\"target\":{\"@type\":\"EntryPoint\",\"urlTemplate\":\"https:\\\/\\\/docs.imanage.com\\\/?s={search_term_string}\"},\"query-input\":{\"@type\":\"PropertyValueSpecification\",\"valueRequired\":true,\"valueName\":\"search_term_string\"}}],\"inLanguage\":\"fr-FR\"}]}<\/script>\n<!-- \/ Yoast SEO plugin. -->","yoast_head_json":{"title":"Quoi de neuf dans iManage Work - Octobre 2020 &#8211; Docs - iManage","robots":{"index":"index","follow":"follow","max-snippet":"max-snippet:-1","max-image-preview":"max-image-preview:large","max-video-preview":"max-video-preview:-1"},"canonical":"https:\/\/docs.imanage.com\/whats-new-in-imanage-work-2020-10.html","og_locale":"fr_FR","og_type":"article","og_title":"Quoi de neuf dans iManage Work - Octobre 2020 &#8211; Docs - iManage","og_url":"https:\/\/docs.imanage.com\/whats-new-in-imanage-work-2020-10.html","og_site_name":"Docs - iManage","article_modified_time":"2021-08-09T16:32:23+00:00","og_image":[{"url":"https:\/\/docs.imanage.com\/work-web-help\/10.3.2\/en-US\/images\/download\/attachments\/89278760\/dnddoc_shortcuts_from_center_panel_to_tree_July_23.gif","type":"","width":"","height":""}],"twitter_card":"summary_large_image","twitter_misc":{"Est. reading time":"11 minutes"},"schema":{"@context":"https:\/\/schema.org","@graph":[{"@type":"WebPage","@id":"https:\/\/docs.imanage.com\/whats-new-in-imanage-work-2020-10.html","url":"https:\/\/docs.imanage.com\/whats-new-in-imanage-work-2020-10.html","name":"Quoi de neuf dans iManage Work - Octobre 2020 &#8211; Docs - iManage","isPartOf":{"@id":"https:\/\/docs.imanage.com\/#website"},"primaryImageOfPage":{"@id":"https:\/\/docs.imanage.com\/whats-new-in-imanage-work-2020-10.html#primaryimage"},"image":{"@id":"https:\/\/docs.imanage.com\/whats-new-in-imanage-work-2020-10.html#primaryimage"},"thumbnailUrl":"https:\/\/docs.imanage.com\/work-web-help\/10.3.2\/en-US\/images\/download\/attachments\/89278760\/dnddoc_shortcuts_from_center_panel_to_tree_July_23.gif","datePublished":"2020-09-09T12:23:41+00:00","dateModified":"2021-08-09T16:32:23+00:00","breadcrumb":{"@id":"https:\/\/docs.imanage.com\/whats-new-in-imanage-work-2020-10.html#breadcrumb"},"inLanguage":"fr-FR","potentialAction":[{"@type":"ReadAction","target":["https:\/\/docs.imanage.com\/whats-new-in-imanage-work-2020-10.html"]}]},{"@type":"ImageObject","inLanguage":"fr-FR","@id":"https:\/\/docs.imanage.com\/whats-new-in-imanage-work-2020-10.html#primaryimage","url":"https:\/\/docs.imanage.com\/work-web-help\/10.3.2\/en-US\/images\/download\/attachments\/89278760\/dnddoc_shortcuts_from_center_panel_to_tree_July_23.gif","contentUrl":"https:\/\/docs.imanage.com\/work-web-help\/10.3.2\/en-US\/images\/download\/attachments\/89278760\/dnddoc_shortcuts_from_center_panel_to_tree_July_23.gif"},{"@type":"BreadcrumbList","@id":"https:\/\/docs.imanage.com\/whats-new-in-imanage-work-2020-10.html#breadcrumb","itemListElement":[{"@type":"ListItem","position":1,"name":"Home","item":"https:\/\/docs.imanage.com\/"},{"@type":"ListItem","position":2,"name":"What&#8217;s New in iManage Work &#8211; October 2020"}]},{"@type":"WebSite","@id":"https:\/\/docs.imanage.com\/#website","url":"https:\/\/docs.imanage.com\/","name":"Docs - iManage","description":"","potentialAction":[{"@type":"SearchAction","target":{"@type":"EntryPoint","urlTemplate":"https:\/\/docs.imanage.com\/?s={search_term_string}"},"query-input":{"@type":"PropertyValueSpecification","valueRequired":true,"valueName":"search_term_string"}}],"inLanguage":"fr-FR"}]}},"_links":{"self":[{"href":"https:\/\/docs.imanage.com\/fr\/wp-json\/wp\/v2\/pages\/541","targetHints":{"allow":["GET"]}}],"collection":[{"href":"https:\/\/docs.imanage.com\/fr\/wp-json\/wp\/v2\/pages"}],"about":[{"href":"https:\/\/docs.imanage.com\/fr\/wp-json\/wp\/v2\/types\/page"}],"author":[{"embeddable":true,"href":"https:\/\/docs.imanage.com\/fr\/wp-json\/wp\/v2\/users\/4"}],"replies":[{"embeddable":true,"href":"https:\/\/docs.imanage.com\/fr\/wp-json\/wp\/v2\/comments?post=541"}],"version-history":[{"count":0,"href":"https:\/\/docs.imanage.com\/fr\/wp-json\/wp\/v2\/pages\/541\/revisions"}],"wp:attachment":[{"href":"https:\/\/docs.imanage.com\/fr\/wp-json\/wp\/v2\/media?parent=541"}],"curies":[{"name":"wp","href":"https:\/\/api.w.org\/{rel}","templated":true}]}}