{"id":548,"date":"2020-09-18T16:52:21","date_gmt":"2020-09-18T16:52:21","guid":{"rendered":"https:\/\/docs.imanage.com\/?page_id=548"},"modified":"2021-02-11T07:37:26","modified_gmt":"2021-02-11T07:37:26","slug":"whats-new-in-imanage-work-desktop-for-windows-october-2020","status":"publish","type":"page","link":"https:\/\/docs.imanage.com\/fr\/whats-new-in-imanage-work-desktop-for-windows-october-2020.html","title":{"rendered":"Quoi de neuf dans iManage Work Desktop for Windows"},"content":{"rendered":"<h4><strong>Build 10.3.0.38 (F\u00e9vrier 2021)<\/strong><\/h4>\n<h1>Am\u00e9liorations g\u00e9n\u00e9rales<\/h1>\n<p>Plusieurs correctifs ont \u00e9t\u00e9 ajout\u00e9s afin d\u2019am\u00e9liorer la convivialit\u00e9 et les performances globales. En particulier,<\/p>\n<ul>\n<li>Les probl\u00e8mes li\u00e9s aux pi\u00e8ces jointes aux e-mails ont \u00e9t\u00e9 r\u00e9solus.<\/li>\n<li>Les probl\u00e8mes li\u00e9s \u00e0 l&#8217;ouverture de documents \u00e0 l&#8217;aide des clients iManage Work Classic ont \u00e9t\u00e9 r\u00e9solus.<\/li>\n<\/ul>\n<h4><strong>Build 10.3.0.31 (Octobre 2020)<\/strong><\/h4>\n<h1><strong>Modifiez la langue de l&#8217;interface utilisateur Windows pour iManage Work Desktop<\/strong><\/h1>\n<p>Vous pouvez d\u00e9sormais modifier facilement la langue de tous les composants de iManage Work Desktop pour Windows, par exemple, ruban iManage, bo\u00eetes de dialogue, iManage <strong>Panneau de travail<\/strong>, sans avoir \u00e0 changer la langue de Microsoft Windows. Une nouvelle configuration iwLocale est d\u00e9sormais disponible et vous permet de d\u00e9finir la langue de l&#8217;interface utilisateur de iManage Work Desktop pour Windows dans Microsoft Office et Microsoft Outlook. Vous pouvez configurer n&#8217;importe quelle langue prise en charge par iManage Work Desktop pour Windows. Contactez votre administrateur si vous devez modifier la langue de l&#8217;interface utilisateur.<\/p>\n<p><strong>REMARQUE :<\/strong> Les langues prises en charge sont l&#8217;anglais (par d\u00e9faut), le fran\u00e7ais (France), l&#8217;allemand, le portugais (Br\u00e9sil), l&#8217;espagnol, le japonais et le chinois simplifi\u00e9.<\/p>\n<p><strong>Version pr\u00e9c\u00e9dente<\/strong>: <a href=\"https:\/\/docs.imanage.com\/work\/whats-new-in-imanage-work-desktop-for-windows-june-2020.html\">iManage Work Desktop for Windows 10.2.7<\/a><\/p>\n","protected":false},"excerpt":{"rendered":"<p>Build 10.3.0.38 (F\u00e9vrier 2021) Am\u00e9liorations g\u00e9n\u00e9rales Plusieurs correctifs ont \u00e9t\u00e9 ajout\u00e9s afin d\u2019am\u00e9liorer la convivialit\u00e9 et les performances globales. En particulier, Les probl\u00e8mes li\u00e9s aux pi\u00e8ces jointes aux e-mails ont \u00e9t\u00e9 r\u00e9solus. Les probl\u00e8mes li\u00e9s \u00e0 l&#8217;ouverture de documents \u00e0 l&#8217;aide des clients iManage Work Classic ont \u00e9t\u00e9 r\u00e9solus. Build 10.3.0.31 (Octobre 2020) Modifiez la [&hellip;]<\/p>\n","protected":false},"author":4,"featured_media":0,"parent":0,"menu_order":0,"comment_status":"closed","ping_status":"closed","template":"","meta":{"_acf_changed":false,"footnotes":""},"class_list":["post-548","page","type-page","status-publish","hentry"],"translation":{"provider":"WPGlobus","version":"3.0.2","language":"fr","enabled_languages":["en","de","fr","qc","jp","br","es","zh"],"languages":{"en":{"title":true,"content":true,"excerpt":false},"de":{"title":true,"content":true,"excerpt":false},"fr":{"title":true,"content":true,"excerpt":false},"qc":{"title":false,"content":false,"excerpt":false},"jp":{"title":true,"content":true,"excerpt":false},"br":{"title":true,"content":true,"excerpt":false},"es":{"title":true,"content":true,"excerpt":false},"zh":{"title":true,"content":true,"excerpt":false}}},"acf":[],"yoast_head":"<!-- This site is optimized with the Yoast SEO plugin v27.3 - https:\/\/yoast.com\/product\/yoast-seo-wordpress\/ -->\n<title>Quoi de neuf dans iManage Work Desktop for Windows &#8211; Docs - iManage<\/title>\n<meta name=\"robots\" content=\"index, follow, max-snippet:-1, max-image-preview:large, max-video-preview:-1\" \/>\n<link rel=\"canonical\" href=\"https:\/\/docs.imanage.com\/whats-new-in-imanage-work-desktop-for-windows-october-2020.html\" \/>\n<meta property=\"og:locale\" content=\"fr_FR\" \/>\n<meta property=\"og:type\" content=\"article\" \/>\n<meta property=\"og:title\" content=\"Quoi de neuf dans iManage Work Desktop for Windows &#8211; Docs - iManage\" \/>\n<meta property=\"og:url\" content=\"https:\/\/docs.imanage.com\/whats-new-in-imanage-work-desktop-for-windows-october-2020.html\" \/>\n<meta property=\"og:site_name\" content=\"Docs - iManage\" \/>\n<meta property=\"article:modified_time\" content=\"2021-02-11T07:37:26+00:00\" \/>\n<meta property=\"og:image\" content=\"https:\/\/docs.imanage.com\/wp-content\/uploads\/2020\/10\/FolderSync.gif\" \/>\n<meta name=\"twitter:card\" content=\"summary_large_image\" \/>\n<meta name=\"twitter:label1\" content=\"Est. reading time\" \/>\n\t<meta name=\"twitter:data1\" content=\"6 minutes\" \/>\n<script type=\"application\/ld+json\" class=\"yoast-schema-graph\">{\"@context\":\"https:\\\/\\\/schema.org\",\"@graph\":[{\"@type\":\"WebPage\",\"@id\":\"https:\\\/\\\/docs.imanage.com\\\/whats-new-in-imanage-work-desktop-for-windows-october-2020.html\",\"url\":\"https:\\\/\\\/docs.imanage.com\\\/whats-new-in-imanage-work-desktop-for-windows-october-2020.html\",\"name\":\"Quoi de neuf dans iManage Work Desktop for Windows &#8211; Docs - iManage\",\"isPartOf\":{\"@id\":\"https:\\\/\\\/docs.imanage.com\\\/#website\"},\"primaryImageOfPage\":{\"@id\":\"https:\\\/\\\/docs.imanage.com\\\/whats-new-in-imanage-work-desktop-for-windows-october-2020.html#primaryimage\"},\"image\":{\"@id\":\"https:\\\/\\\/docs.imanage.com\\\/whats-new-in-imanage-work-desktop-for-windows-october-2020.html#primaryimage\"},\"thumbnailUrl\":\"https:\\\/\\\/docs.imanage.com\\\/wp-content\\\/uploads\\\/2020\\\/10\\\/FolderSync.gif\",\"datePublished\":\"2020-09-18T16:52:21+00:00\",\"dateModified\":\"2021-02-11T07:37:26+00:00\",\"breadcrumb\":{\"@id\":\"https:\\\/\\\/docs.imanage.com\\\/whats-new-in-imanage-work-desktop-for-windows-october-2020.html#breadcrumb\"},\"inLanguage\":\"fr-FR\",\"potentialAction\":[{\"@type\":\"ReadAction\",\"target\":[\"https:\\\/\\\/docs.imanage.com\\\/whats-new-in-imanage-work-desktop-for-windows-october-2020.html\"]}]},{\"@type\":\"ImageObject\",\"inLanguage\":\"fr-FR\",\"@id\":\"https:\\\/\\\/docs.imanage.com\\\/whats-new-in-imanage-work-desktop-for-windows-october-2020.html#primaryimage\",\"url\":\"https:\\\/\\\/docs.imanage.com\\\/wp-content\\\/uploads\\\/2020\\\/10\\\/FolderSync.gif\",\"contentUrl\":\"https:\\\/\\\/docs.imanage.com\\\/wp-content\\\/uploads\\\/2020\\\/10\\\/FolderSync.gif\"},{\"@type\":\"BreadcrumbList\",\"@id\":\"https:\\\/\\\/docs.imanage.com\\\/whats-new-in-imanage-work-desktop-for-windows-october-2020.html#breadcrumb\",\"itemListElement\":[{\"@type\":\"ListItem\",\"position\":1,\"name\":\"Home\",\"item\":\"https:\\\/\\\/docs.imanage.com\\\/\"},{\"@type\":\"ListItem\",\"position\":2,\"name\":\"What&#8217;s New in iManage Work Desktop for Windows\"}]},{\"@type\":\"WebSite\",\"@id\":\"https:\\\/\\\/docs.imanage.com\\\/#website\",\"url\":\"https:\\\/\\\/docs.imanage.com\\\/\",\"name\":\"Docs - iManage\",\"description\":\"\",\"potentialAction\":[{\"@type\":\"SearchAction\",\"target\":{\"@type\":\"EntryPoint\",\"urlTemplate\":\"https:\\\/\\\/docs.imanage.com\\\/?s={search_term_string}\"},\"query-input\":{\"@type\":\"PropertyValueSpecification\",\"valueRequired\":true,\"valueName\":\"search_term_string\"}}],\"inLanguage\":\"fr-FR\"}]}<\/script>\n<!-- \/ Yoast SEO plugin. -->","yoast_head_json":{"title":"Quoi de neuf dans iManage Work Desktop for Windows &#8211; Docs - iManage","robots":{"index":"index","follow":"follow","max-snippet":"max-snippet:-1","max-image-preview":"max-image-preview:large","max-video-preview":"max-video-preview:-1"},"canonical":"https:\/\/docs.imanage.com\/whats-new-in-imanage-work-desktop-for-windows-october-2020.html","og_locale":"fr_FR","og_type":"article","og_title":"Quoi de neuf dans iManage Work Desktop for Windows &#8211; Docs - iManage","og_url":"https:\/\/docs.imanage.com\/whats-new-in-imanage-work-desktop-for-windows-october-2020.html","og_site_name":"Docs - iManage","article_modified_time":"2021-02-11T07:37:26+00:00","og_image":[{"url":"https:\/\/docs.imanage.com\/wp-content\/uploads\/2020\/10\/FolderSync.gif","type":"","width":"","height":""}],"twitter_card":"summary_large_image","twitter_misc":{"Est. reading time":"6 minutes"},"schema":{"@context":"https:\/\/schema.org","@graph":[{"@type":"WebPage","@id":"https:\/\/docs.imanage.com\/whats-new-in-imanage-work-desktop-for-windows-october-2020.html","url":"https:\/\/docs.imanage.com\/whats-new-in-imanage-work-desktop-for-windows-october-2020.html","name":"Quoi de neuf dans iManage Work Desktop for Windows &#8211; Docs - iManage","isPartOf":{"@id":"https:\/\/docs.imanage.com\/#website"},"primaryImageOfPage":{"@id":"https:\/\/docs.imanage.com\/whats-new-in-imanage-work-desktop-for-windows-october-2020.html#primaryimage"},"image":{"@id":"https:\/\/docs.imanage.com\/whats-new-in-imanage-work-desktop-for-windows-october-2020.html#primaryimage"},"thumbnailUrl":"https:\/\/docs.imanage.com\/wp-content\/uploads\/2020\/10\/FolderSync.gif","datePublished":"2020-09-18T16:52:21+00:00","dateModified":"2021-02-11T07:37:26+00:00","breadcrumb":{"@id":"https:\/\/docs.imanage.com\/whats-new-in-imanage-work-desktop-for-windows-october-2020.html#breadcrumb"},"inLanguage":"fr-FR","potentialAction":[{"@type":"ReadAction","target":["https:\/\/docs.imanage.com\/whats-new-in-imanage-work-desktop-for-windows-october-2020.html"]}]},{"@type":"ImageObject","inLanguage":"fr-FR","@id":"https:\/\/docs.imanage.com\/whats-new-in-imanage-work-desktop-for-windows-october-2020.html#primaryimage","url":"https:\/\/docs.imanage.com\/wp-content\/uploads\/2020\/10\/FolderSync.gif","contentUrl":"https:\/\/docs.imanage.com\/wp-content\/uploads\/2020\/10\/FolderSync.gif"},{"@type":"BreadcrumbList","@id":"https:\/\/docs.imanage.com\/whats-new-in-imanage-work-desktop-for-windows-october-2020.html#breadcrumb","itemListElement":[{"@type":"ListItem","position":1,"name":"Home","item":"https:\/\/docs.imanage.com\/"},{"@type":"ListItem","position":2,"name":"What&#8217;s New in iManage Work Desktop for Windows"}]},{"@type":"WebSite","@id":"https:\/\/docs.imanage.com\/#website","url":"https:\/\/docs.imanage.com\/","name":"Docs - iManage","description":"","potentialAction":[{"@type":"SearchAction","target":{"@type":"EntryPoint","urlTemplate":"https:\/\/docs.imanage.com\/?s={search_term_string}"},"query-input":{"@type":"PropertyValueSpecification","valueRequired":true,"valueName":"search_term_string"}}],"inLanguage":"fr-FR"}]}},"_links":{"self":[{"href":"https:\/\/docs.imanage.com\/fr\/wp-json\/wp\/v2\/pages\/548","targetHints":{"allow":["GET"]}}],"collection":[{"href":"https:\/\/docs.imanage.com\/fr\/wp-json\/wp\/v2\/pages"}],"about":[{"href":"https:\/\/docs.imanage.com\/fr\/wp-json\/wp\/v2\/types\/page"}],"author":[{"embeddable":true,"href":"https:\/\/docs.imanage.com\/fr\/wp-json\/wp\/v2\/users\/4"}],"replies":[{"embeddable":true,"href":"https:\/\/docs.imanage.com\/fr\/wp-json\/wp\/v2\/comments?post=548"}],"version-history":[{"count":0,"href":"https:\/\/docs.imanage.com\/fr\/wp-json\/wp\/v2\/pages\/548\/revisions"}],"wp:attachment":[{"href":"https:\/\/docs.imanage.com\/fr\/wp-json\/wp\/v2\/media?parent=548"}],"curies":[{"name":"wp","href":"https:\/\/api.w.org\/{rel}","templated":true}]}}