{"id":571,"date":"2020-11-04T20:13:37","date_gmt":"2020-11-04T20:13:37","guid":{"rendered":"https:\/\/docs.imanage.com\/?page_id=571"},"modified":"2021-08-09T16:19:25","modified_gmt":"2021-08-09T16:19:25","slug":"whats-new-in-imanage-work-2021-02","status":"publish","type":"page","link":"https:\/\/docs.imanage.com\/fr\/whats-new-in-imanage-work-2021-02.html","title":{"rendered":"Nouveaut\u00e9s dans iManage Work"},"content":{"rendered":"<h4>F\u00e9vrier 2021<\/h4>\n<h1><strong>Conna\u00eetre l\u2019\u00e9tat de s\u00e9curit\u00e9 d\u2019un dossier en un clin d\u2019\u0153il<\/strong><\/h1>\n<p>Plus besoin de naviguer dans les propri\u00e9t\u00e9s du dossier pour v\u00e9rifier la s\u00e9curit\u00e9 du dossier. Une nouvelle <img loading=\"lazy\" decoding=\"async\" class=\"alignnone wp-image-576\" src=\"https:\/\/docs.imanage.com\/wp-content\/uploads\/2020\/12\/key-overlay-icon.png\" alt=\"\" width=\"34\" height=\"28\" \/>\u00a0ic\u00f4ne de superposition de cl\u00e9 sur les dossiers qui n&#8217;h\u00e9ritent pas de la s\u00e9curit\u00e9 de son parent.<br \/>\n<img decoding=\"async\" class=\"alignnone wp-image-521 size-large black-border\" src=\"https:\/\/docs.imanage.com\/work-web-help\/10.3.3\/en-US\/images\/download\/attachments\/99821371\/Updation_of_folder_security_for_Folder_or_Tab_or_Category.gif\" alt=\"\" width=\"900\" \/><\/p>\n<h1>Ajoutez un document \u00e0 Mes Favoris,\u00a0directement\u00a0\u00e0 partir de son aper\u00e7u<\/h1>\n<p>Vous avez besoin de pr\u00e9visualiser un document et vous devez l&#8217;ajouter \u00e0 Mes favoris pour pouvoir le retrouver rapidement plus tard ? S\u00e9lectionnez simplement la nouvelle option\u00a0<strong>Ajouter \u00e0 Mes Favoris<\/strong>\u00a0sur la barre d\u2019outils d\u2019aper\u00e7u.<br \/>\n<img loading=\"lazy\" decoding=\"async\" class=\"alignnone size-large wp-image-594 black-border\" src=\"https:\/\/docs.imanage.com\/wp-content\/uploads\/2021\/02\/Adding-a-document-to-My-Fav-in-preview-mode-1024x352.png\" alt=\"\" width=\"525\" height=\"180\" srcset=\"https:\/\/docs.imanage.com\/wp-content\/uploads\/2021\/02\/Adding-a-document-to-My-Fav-in-preview-mode-1024x352.png 1024w, https:\/\/docs.imanage.com\/wp-content\/uploads\/2021\/02\/Adding-a-document-to-My-Fav-in-preview-mode-300x103.png 300w, https:\/\/docs.imanage.com\/wp-content\/uploads\/2021\/02\/Adding-a-document-to-My-Fav-in-preview-mode-768x264.png 768w, https:\/\/docs.imanage.com\/wp-content\/uploads\/2021\/02\/Adding-a-document-to-My-Fav-in-preview-mode.png 1338w\" sizes=\"auto, (max-width: 525px) 100vw, 525px\" \/><\/p>\n<h1>Agrandir ou r\u00e9duire la navigation lat\u00e9rale, plus de pouvoir pour vous!<\/h1>\n<p>Besoin de plus d\u2019espace sur votre \u00e9cran pour afficher davantage d\u2019informations ? Le raccourci du clavier de la barre invers\u00e9e ou l\u2019option du menu hamburger\u00a0 <img loading=\"lazy\" decoding=\"async\" class=\"alignnone wp-image-577\" src=\"https:\/\/docs.imanage.com\/wp-content\/uploads\/2020\/12\/hamburger-menu.png\" alt=\"\" width=\"34\" height=\"32\" \/> situ\u00e9e dans le coin sup\u00e9rieur gauche permet d\u2019agrandir ou de r\u00e9duire la navigation lat\u00e9rale et permet de gagner plus d\u2019espace, plus facilement.<\/p>\n<h1>L&#8217;exportation des m\u00e9tadonn\u00e9es facilite le partage<\/h1>\n<p><strong>La fonction<\/strong>\u00a0export\u00a0vous permet d\u2019exporter les m\u00e9tadonn\u00e9es des \u00e9l\u00e9ments (essentiellement les valeurs de la colonne configur\u00e9es dans les param\u00e8tres de vue en Grille) dans la vue en grille comme un rapport\u00a0.csv.<\/p>\n<p><img decoding=\"async\" class=\"alignnone wp-image-521 size-large black-border\" src=\"https:\/\/docs.imanage.com\/work-web-help\/10.3.3\/en-US\/images\/download\/attachments\/99821407\/Exporting_metadata_from_the_grid_view.gif\" alt=\"\" width=\"900\" \/><\/p>\n<h1>Effectuez davantage d\u2019op\u00e9rations avec les documents de MS Office en utilisant l\u2019option Ouvrir en lecture seule<\/h1>\n<p>Accessible depuis le menu contextuel\/kebab en faisant un clic droit ou depuis le mode aper\u00e7u du document, la nouvelle option\u00a0<strong>Ouvrir en lecture seule<\/strong> vous permet d\u2019effectuer des op\u00e9rations telles que Imprimer, Enregistrer nouveau document\u00a0etc, sans devoir consulter le document.<\/p>\n<p><img loading=\"lazy\" decoding=\"async\" class=\"black-border alignnone wp-image-595\" src=\"https:\/\/docs.imanage.com\/wp-content\/uploads\/2021\/02\/Red-only-in-MS-office.png\" alt=\"\" width=\"200\" height=\"372\" srcset=\"https:\/\/docs.imanage.com\/wp-content\/uploads\/2021\/02\/Red-only-in-MS-office.png 394w, https:\/\/docs.imanage.com\/wp-content\/uploads\/2021\/02\/Red-only-in-MS-office-161x300.png 161w\" sizes=\"auto, (max-width: 200px) 100vw, 200px\" \/><\/p>\n","protected":false},"excerpt":{"rendered":"<p>F\u00e9vrier 2021 Conna\u00eetre l\u2019\u00e9tat de s\u00e9curit\u00e9 d\u2019un dossier en un clin d\u2019\u0153il Plus besoin de naviguer dans les propri\u00e9t\u00e9s du dossier pour v\u00e9rifier la s\u00e9curit\u00e9 du dossier. Une nouvelle \u00a0ic\u00f4ne de superposition de cl\u00e9 sur les dossiers qui n&#8217;h\u00e9ritent pas de la s\u00e9curit\u00e9 de son parent. Ajoutez un document \u00e0 Mes Favoris,\u00a0directement\u00a0\u00e0 partir de son [&hellip;]<\/p>\n","protected":false},"author":4,"featured_media":0,"parent":0,"menu_order":0,"comment_status":"closed","ping_status":"closed","template":"","meta":{"_acf_changed":false,"footnotes":""},"class_list":["post-571","page","type-page","status-publish","hentry"],"translation":{"provider":"WPGlobus","version":"3.0.2","language":"fr","enabled_languages":["en","de","fr","qc","jp","br","es","zh"],"languages":{"en":{"title":true,"content":true,"excerpt":false},"de":{"title":true,"content":true,"excerpt":false},"fr":{"title":true,"content":true,"excerpt":false},"qc":{"title":false,"content":false,"excerpt":false},"jp":{"title":true,"content":true,"excerpt":false},"br":{"title":true,"content":true,"excerpt":false},"es":{"title":true,"content":true,"excerpt":false},"zh":{"title":true,"content":true,"excerpt":false}}},"acf":[],"yoast_head":"<!-- This site is optimized with the Yoast SEO plugin v27.4 - https:\/\/yoast.com\/product\/yoast-seo-wordpress\/ -->\n<title>Nouveaut\u00e9s dans iManage Work &#8211; Docs - iManage<\/title>\n<meta name=\"robots\" content=\"index, follow, max-snippet:-1, max-image-preview:large, max-video-preview:-1\" \/>\n<link rel=\"canonical\" href=\"https:\/\/docs.imanage.com\/zh\/whats-new-in-imanage-work-2021-02.html\" \/>\n<meta property=\"og:locale\" content=\"fr_FR\" \/>\n<meta property=\"og:type\" content=\"article\" \/>\n<meta property=\"og:title\" content=\"Nouveaut\u00e9s dans iManage Work &#8211; Docs - iManage\" \/>\n<meta property=\"og:url\" content=\"https:\/\/docs.imanage.com\/zh\/whats-new-in-imanage-work-2021-02.html\" \/>\n<meta property=\"og:site_name\" content=\"Docs - iManage\" \/>\n<meta property=\"article:modified_time\" content=\"2021-08-09T16:19:25+00:00\" \/>\n<meta property=\"og:image\" content=\"https:\/\/docs.imanage.com\/wp-content\/uploads\/2020\/12\/key-overlay-icon.png\" \/>\n<meta name=\"twitter:card\" content=\"summary_large_image\" \/>\n<meta name=\"twitter:label1\" content=\"Est. reading time\" \/>\n\t<meta name=\"twitter:data1\" content=\"6 minutes\" \/>\n<script type=\"application\/ld+json\" class=\"yoast-schema-graph\">{\"@context\":\"https:\\\/\\\/schema.org\",\"@graph\":[{\"@type\":\"WebPage\",\"@id\":\"https:\\\/\\\/docs.imanage.com\\\/zh\\\/whats-new-in-imanage-work-2021-02.html\",\"url\":\"https:\\\/\\\/docs.imanage.com\\\/zh\\\/whats-new-in-imanage-work-2021-02.html\",\"name\":\"Nouveaut\u00e9s dans iManage Work &#8211; Docs - iManage\",\"isPartOf\":{\"@id\":\"https:\\\/\\\/docs.imanage.com\\\/#website\"},\"primaryImageOfPage\":{\"@id\":\"https:\\\/\\\/docs.imanage.com\\\/zh\\\/whats-new-in-imanage-work-2021-02.html#primaryimage\"},\"image\":{\"@id\":\"https:\\\/\\\/docs.imanage.com\\\/zh\\\/whats-new-in-imanage-work-2021-02.html#primaryimage\"},\"thumbnailUrl\":\"https:\\\/\\\/docs.imanage.com\\\/wp-content\\\/uploads\\\/2020\\\/12\\\/key-overlay-icon.png\",\"datePublished\":\"2020-11-04T20:13:37+00:00\",\"dateModified\":\"2021-08-09T16:19:25+00:00\",\"breadcrumb\":{\"@id\":\"https:\\\/\\\/docs.imanage.com\\\/zh\\\/whats-new-in-imanage-work-2021-02.html#breadcrumb\"},\"inLanguage\":\"fr-FR\",\"potentialAction\":[{\"@type\":\"ReadAction\",\"target\":[\"https:\\\/\\\/docs.imanage.com\\\/zh\\\/whats-new-in-imanage-work-2021-02.html\"]}]},{\"@type\":\"ImageObject\",\"inLanguage\":\"fr-FR\",\"@id\":\"https:\\\/\\\/docs.imanage.com\\\/zh\\\/whats-new-in-imanage-work-2021-02.html#primaryimage\",\"url\":\"https:\\\/\\\/docs.imanage.com\\\/wp-content\\\/uploads\\\/2020\\\/12\\\/key-overlay-icon.png\",\"contentUrl\":\"https:\\\/\\\/docs.imanage.com\\\/wp-content\\\/uploads\\\/2020\\\/12\\\/key-overlay-icon.png\"},{\"@type\":\"BreadcrumbList\",\"@id\":\"https:\\\/\\\/docs.imanage.com\\\/zh\\\/whats-new-in-imanage-work-2021-02.html#breadcrumb\",\"itemListElement\":[{\"@type\":\"ListItem\",\"position\":1,\"name\":\"Home\",\"item\":\"https:\\\/\\\/docs.imanage.com\\\/\"},{\"@type\":\"ListItem\",\"position\":2,\"name\":\"iManage Work \u65b0\u589e\u529f\u80fd\"}]},{\"@type\":\"WebSite\",\"@id\":\"https:\\\/\\\/docs.imanage.com\\\/#website\",\"url\":\"https:\\\/\\\/docs.imanage.com\\\/\",\"name\":\"Docs - iManage\",\"description\":\"\",\"potentialAction\":[{\"@type\":\"SearchAction\",\"target\":{\"@type\":\"EntryPoint\",\"urlTemplate\":\"https:\\\/\\\/docs.imanage.com\\\/?s={search_term_string}\"},\"query-input\":{\"@type\":\"PropertyValueSpecification\",\"valueRequired\":true,\"valueName\":\"search_term_string\"}}],\"inLanguage\":\"fr-FR\"}]}<\/script>\n<!-- \/ Yoast SEO plugin. -->","yoast_head_json":{"title":"Nouveaut\u00e9s dans iManage Work &#8211; Docs - iManage","robots":{"index":"index","follow":"follow","max-snippet":"max-snippet:-1","max-image-preview":"max-image-preview:large","max-video-preview":"max-video-preview:-1"},"canonical":"https:\/\/docs.imanage.com\/zh\/whats-new-in-imanage-work-2021-02.html","og_locale":"fr_FR","og_type":"article","og_title":"Nouveaut\u00e9s dans iManage Work &#8211; Docs - iManage","og_url":"https:\/\/docs.imanage.com\/zh\/whats-new-in-imanage-work-2021-02.html","og_site_name":"Docs - iManage","article_modified_time":"2021-08-09T16:19:25+00:00","og_image":[{"url":"https:\/\/docs.imanage.com\/wp-content\/uploads\/2020\/12\/key-overlay-icon.png","type":"","width":"","height":""}],"twitter_card":"summary_large_image","twitter_misc":{"Est. reading time":"6 minutes"},"schema":{"@context":"https:\/\/schema.org","@graph":[{"@type":"WebPage","@id":"https:\/\/docs.imanage.com\/zh\/whats-new-in-imanage-work-2021-02.html","url":"https:\/\/docs.imanage.com\/zh\/whats-new-in-imanage-work-2021-02.html","name":"Nouveaut\u00e9s dans iManage Work &#8211; Docs - iManage","isPartOf":{"@id":"https:\/\/docs.imanage.com\/#website"},"primaryImageOfPage":{"@id":"https:\/\/docs.imanage.com\/zh\/whats-new-in-imanage-work-2021-02.html#primaryimage"},"image":{"@id":"https:\/\/docs.imanage.com\/zh\/whats-new-in-imanage-work-2021-02.html#primaryimage"},"thumbnailUrl":"https:\/\/docs.imanage.com\/wp-content\/uploads\/2020\/12\/key-overlay-icon.png","datePublished":"2020-11-04T20:13:37+00:00","dateModified":"2021-08-09T16:19:25+00:00","breadcrumb":{"@id":"https:\/\/docs.imanage.com\/zh\/whats-new-in-imanage-work-2021-02.html#breadcrumb"},"inLanguage":"fr-FR","potentialAction":[{"@type":"ReadAction","target":["https:\/\/docs.imanage.com\/zh\/whats-new-in-imanage-work-2021-02.html"]}]},{"@type":"ImageObject","inLanguage":"fr-FR","@id":"https:\/\/docs.imanage.com\/zh\/whats-new-in-imanage-work-2021-02.html#primaryimage","url":"https:\/\/docs.imanage.com\/wp-content\/uploads\/2020\/12\/key-overlay-icon.png","contentUrl":"https:\/\/docs.imanage.com\/wp-content\/uploads\/2020\/12\/key-overlay-icon.png"},{"@type":"BreadcrumbList","@id":"https:\/\/docs.imanage.com\/zh\/whats-new-in-imanage-work-2021-02.html#breadcrumb","itemListElement":[{"@type":"ListItem","position":1,"name":"Home","item":"https:\/\/docs.imanage.com\/"},{"@type":"ListItem","position":2,"name":"iManage Work \u65b0\u589e\u529f\u80fd"}]},{"@type":"WebSite","@id":"https:\/\/docs.imanage.com\/#website","url":"https:\/\/docs.imanage.com\/","name":"Docs - iManage","description":"","potentialAction":[{"@type":"SearchAction","target":{"@type":"EntryPoint","urlTemplate":"https:\/\/docs.imanage.com\/?s={search_term_string}"},"query-input":{"@type":"PropertyValueSpecification","valueRequired":true,"valueName":"search_term_string"}}],"inLanguage":"fr-FR"}]}},"_links":{"self":[{"href":"https:\/\/docs.imanage.com\/fr\/wp-json\/wp\/v2\/pages\/571","targetHints":{"allow":["GET"]}}],"collection":[{"href":"https:\/\/docs.imanage.com\/fr\/wp-json\/wp\/v2\/pages"}],"about":[{"href":"https:\/\/docs.imanage.com\/fr\/wp-json\/wp\/v2\/types\/page"}],"author":[{"embeddable":true,"href":"https:\/\/docs.imanage.com\/fr\/wp-json\/wp\/v2\/users\/4"}],"replies":[{"embeddable":true,"href":"https:\/\/docs.imanage.com\/fr\/wp-json\/wp\/v2\/comments?post=571"}],"version-history":[{"count":0,"href":"https:\/\/docs.imanage.com\/fr\/wp-json\/wp\/v2\/pages\/571\/revisions"}],"wp:attachment":[{"href":"https:\/\/docs.imanage.com\/fr\/wp-json\/wp\/v2\/media?parent=571"}],"curies":[{"name":"wp","href":"https:\/\/api.w.org\/{rel}","templated":true}]}}