{"id":579,"date":"2021-01-08T07:12:30","date_gmt":"2021-01-08T07:12:30","guid":{"rendered":"https:\/\/docs.imanage.com\/?page_id=579"},"modified":"2021-03-01T16:02:05","modified_gmt":"2021-03-01T16:02:05","slug":"whats-new-in-imanage-wdw-02-2021","status":"publish","type":"page","link":"https:\/\/docs.imanage.com\/fr\/work\/whats-new-in-imanage-wdw-02-2021.html","title":{"rendered":"Ce qu\u2019il y a de nouveau dans iManage Work Desktop for Windows"},"content":{"rendered":"<h4>Build: 10.4.0.45 (<strong>Mars<\/strong> 2021)<\/h4>\n<h1>Am\u00e9liorations de la gestion des e-mails pour Microsoft Outlook<\/h1>\n<h3><strong>Classement des e-mails \u00e0 partir de bo\u00eetes aux lettres partag\u00e9es Microsoft Outlook<\/strong><\/h3>\n<p>Si vos coll\u00e8gues et vous-m\u00eame utilisez des bo\u00eetes aux lettres partag\u00e9es Microsoft Outlook dans votre organisation, vous pouvez d\u00e9sormais lier vos dossiers de bo\u00eetes aux lettres partag\u00e9es \u00e0 un dossier iManage Work appropri\u00e9 et vous assurer que tous vos e-mails soient class\u00e9s dans iManage Work. Lorsque vous liez les dossiers de bo\u00eetes aux lettres partag\u00e9es, vous classez des e-mails au nom d&#8217;autres utilisateurs de bo\u00eetes aux lettres partag\u00e9es.<\/p>\n<p><img loading=\"lazy\" decoding=\"async\" class=\"alignnone wp-image-587\" src=\"https:\/\/docs.imanage.com\/wp-content\/uploads\/2021\/01\/GIF_1-1.gif\" alt=\"\" width=\"1000\" height=\"454\" \/><\/p>\n<h3><strong>Faites facilement la distinction entre plusieurs liens NRL<\/strong><\/h3>\n<p>Dans les versions pr\u00e9c\u00e9dentes, pour pouvoir travailler sur un document, il fallait ouvrir tous les liens NRL afin de pouvoir identifier le document requis. \u00c0 partir de cette version, vous n&#8217;\u00eates plus dans l\u2019obligation de le faire. Vous pouvez maintenant voir les informations relatives au lien NRL telles que la version du document et le type de document en un seul coup d&#8217;\u0153il sans avoir \u00e0 l&#8217;ouvrir. Cela permet de distinguer les \u00e9l\u00e9ments plus facilement, en particulier lorsqu&#8217;il existe plusieurs liens NRL, de sorte que vous savez que vous ouvrez toujours le bon lien d\u00e8s la premi\u00e8re fois. Veuillez contacter votre administrateur pour obtenir de plus informations sur la configuration des liens NRL.<\/p>\n<h3><img loading=\"lazy\" decoding=\"async\" class=\"alignnone wp-image-591\" src=\"https:\/\/docs.imanage.com\/wp-content\/uploads\/2021\/02\/wdw_latest_01-1.png\" alt=\"\" width=\"1000\" height=\"301\" srcset=\"https:\/\/docs.imanage.com\/wp-content\/uploads\/2021\/02\/wdw_latest_01-1.png 1425w, https:\/\/docs.imanage.com\/wp-content\/uploads\/2021\/02\/wdw_latest_01-1-300x90.png 300w, https:\/\/docs.imanage.com\/wp-content\/uploads\/2021\/02\/wdw_latest_01-1-1024x308.png 1024w, https:\/\/docs.imanage.com\/wp-content\/uploads\/2021\/02\/wdw_latest_01-1-768x231.png 768w\" sizes=\"auto, (max-width: 1000px) 100vw, 1000px\" \/><\/h3>\n<h3><strong>Am\u00e9liorez le classement des e-mails gr\u00e2ce \u00e0 des options personnalis\u00e9es<\/strong><\/h3>\n<p>iManage Work Desktop for Windows inclut d\u00e9sormais des boutons personnalis\u00e9s dans la barre d&#8217;outils de gestion des e-mails pour faciliter le classement des e-mails. Vous pouvez utiliser ces boutons personnalis\u00e9s pour d\u00e9velopper les principaux cas d&#8217;utilisation de la gestion des e-mails, par exemple en invitant un utilisateur \u00e0 entrer des commentaires lors du classement d&#8217;e-mails. Veuillez contacter votre administrateur pour obtenir de plus amples informations sur ces boutons personnalis\u00e9s.<\/p>\n<h1>Ce qu\u2019il y a de nouveau dans iManage Drive<\/h1>\n<p><strong>Build: 10.4.1 (Mars 2021)<\/strong><\/p>\n<h3>Support concernant les langues<\/h3>\n<p>Utilisez iManage Drive dans votre langue maternelle\/pr\u00e9f\u00e9r\u00e9e\u00a0! L&#8217;application est d\u00e9sormais disponible dans les m\u00eames langues que celles prises en charge par iManage Work, \u00e0 savoir\u00a0:<\/p>\n<ul>\n<li>Anglais (\u00c9tats-Unis)<\/li>\n<li>France (France)<\/li>\n<li>Allemand (Allemagne)<\/li>\n<li>Portugais (br\u00e9silien)<\/li>\n<li>Espagnol (Espagne)<\/li>\n<li>Chinois (Chine)<\/li>\n<li>Japonais (Japon)<\/li>\n<\/ul>\n<p><img loading=\"lazy\" decoding=\"async\" class=\"alignnone wp-image-597\" src=\"https:\/\/docs.imanage.com\/wp-content\/uploads\/2021\/02\/WinLang.gif\" alt=\"\" width=\"1000\" height=\"625\" \/><\/p>\n<h3>Prise en charge des libell\u00e9s personnalis\u00e9s<\/h3>\n<p>iManage Drive prend d\u00e9sormais en charge les libell\u00e9s personnalis\u00e9s dans iManage Work pour modifier les \u00e9tiquettes de l&#8217;interface utilisateur (IU) dans iManage Drive, telles que Dossier, Mon Work, Documents, etc. Par exemple, si votre administrateur d\u2019iManage Work choisit de nommer les Dossiers <em>\u00a0Espaces de travail <\/em>\u00a0; la m\u00eame chose se refl\u00e9tera dans l&#8217;interface utilisateur d&#8217;iManage Drive. \u00c9tant donn\u00e9 que les \u00e9tiquettes sont traduites en diff\u00e9rentes langues pour chacune des langues prises en charge, elles s&#8217;affichent dans la langue s\u00e9lectionn\u00e9e lorsque vous utilisez iManage Drive pour vous connecter \u00e0 iManage Work.<\/p>\n<h3>iManage Drive disponible pour macOS<\/h3>\n<p>La version \u00ab\u00a0General Availability (GA)\u00a0\u00bb d&#8217;iManage Drive pour Mac 10.4.1 garantit que vous pouvez d\u00e9sormais acc\u00e9der et mettre \u00e0 jour le contenu d\u2019iManage Work en utilisant votre Mac. L&#8217;application s&#8217;ex\u00e9cute sous macOS Catalina 10.15.6 ou Big Sur et vous permet d&#8217;acc\u00e9der rapidement au contenu d\u2019iManage \u00e0 partir de la \u00a0fen\u00eatre du Finder \u00a0et du menu iManage Drive dans la barre de menus de votre Mac.<\/p>\n<p><img loading=\"lazy\" decoding=\"async\" class=\"alignnone wp-image-598\" src=\"https:\/\/docs.imanage.com\/wp-content\/uploads\/2021\/02\/DriveMac.gif\" alt=\"\" width=\"1000\" height=\"625\" \/><\/p>\n<h3>Possibilit\u00e9 de partager des liens iManage<\/h3>\n<p>Cliquez avec le bouton droit de la souris sur tout contenu (dossiers et fichiers) de votre lecteur mapp\u00e9 que vous souhaitez partager avec d&#8217;autres utilisateurs d&#8217;iManage Work, s\u00e9lectionnez <strong>\u00a0Copier le lien <\/strong>\u00a0et collez-le dans un e-mail ou dans tout autre moyen de communication que vous utilisez. Lorsque le r\u00e9cepteur s\u00e9lectionne le lien, le contenu s&#8217;ouvre dans iManage Work.<\/p>\n<p><img loading=\"lazy\" decoding=\"async\" class=\"alignnone wp-image-599\" src=\"https:\/\/docs.imanage.com\/wp-content\/uploads\/2021\/02\/WinCopyLink.gif\" alt=\"\" width=\"1000\" height=\"625\" \/><\/p>\n<p><strong>Version pr\u00e9c\u00e9dente<\/strong>: <a href=\"https:\/\/docs.imanage.com\/fr\/whats-new-in-imanage-work-desktop-for-windows-october-2020.html\">iManage Desktop for Windows \u2013 10.3.0<\/a><\/p>\n","protected":false},"excerpt":{"rendered":"<p>Build: 10.4.0.45 (Mars 2021) Am\u00e9liorations de la gestion des e-mails pour Microsoft Outlook Classement des e-mails \u00e0 partir de bo\u00eetes aux lettres partag\u00e9es Microsoft Outlook Si vos coll\u00e8gues et vous-m\u00eame utilisez des bo\u00eetes aux lettres partag\u00e9es Microsoft Outlook dans votre organisation, vous pouvez d\u00e9sormais lier vos dossiers de bo\u00eetes aux lettres partag\u00e9es \u00e0 un dossier [&hellip;]<\/p>\n","protected":false},"author":4,"featured_media":0,"parent":146,"menu_order":0,"comment_status":"closed","ping_status":"closed","template":"","meta":{"_acf_changed":false,"footnotes":""},"class_list":["post-579","page","type-page","status-publish","hentry"],"translation":{"provider":"WPGlobus","version":"3.0.2","language":"fr","enabled_languages":["en","de","fr","qc","jp","br","es","zh"],"languages":{"en":{"title":true,"content":true,"excerpt":false},"de":{"title":true,"content":true,"excerpt":false},"fr":{"title":true,"content":true,"excerpt":false},"qc":{"title":false,"content":false,"excerpt":false},"jp":{"title":true,"content":true,"excerpt":false},"br":{"title":true,"content":true,"excerpt":false},"es":{"title":true,"content":true,"excerpt":false},"zh":{"title":true,"content":true,"excerpt":false}}},"acf":[],"yoast_head":"<!-- This site is optimized with the Yoast SEO plugin v27.3 - https:\/\/yoast.com\/product\/yoast-seo-wordpress\/ -->\n<title>Ce qu\u2019il y a de nouveau dans iManage Work Desktop for Windows &#8211; Docs - iManage<\/title>\n<meta name=\"robots\" content=\"index, follow, max-snippet:-1, max-image-preview:large, max-video-preview:-1\" \/>\n<link rel=\"canonical\" href=\"https:\/\/docs.imanage.com\/br\/work\/whats-new-in-imanage-wdw-02-2021.html\" \/>\n<meta property=\"og:locale\" content=\"fr_FR\" \/>\n<meta property=\"og:type\" content=\"article\" \/>\n<meta property=\"og:title\" content=\"Ce qu\u2019il y a de nouveau dans iManage Work Desktop for Windows &#8211; Docs - iManage\" \/>\n<meta property=\"og:url\" content=\"https:\/\/docs.imanage.com\/br\/work\/whats-new-in-imanage-wdw-02-2021.html\" \/>\n<meta property=\"og:site_name\" content=\"Docs - iManage\" \/>\n<meta property=\"article:modified_time\" content=\"2021-03-01T16:02:05+00:00\" \/>\n<meta property=\"og:image\" content=\"https:\/\/docs.imanage.com\/wp-content\/uploads\/2021\/01\/GIF_1-1.gif\" \/>\n<meta name=\"twitter:card\" content=\"summary_large_image\" \/>\n<meta name=\"twitter:label1\" content=\"Est. reading time\" \/>\n\t<meta name=\"twitter:data1\" content=\"15 minutes\" \/>\n<script type=\"application\/ld+json\" class=\"yoast-schema-graph\">{\"@context\":\"https:\\\/\\\/schema.org\",\"@graph\":[{\"@type\":\"WebPage\",\"@id\":\"https:\\\/\\\/docs.imanage.com\\\/br\\\/work\\\/whats-new-in-imanage-wdw-02-2021.html\",\"url\":\"https:\\\/\\\/docs.imanage.com\\\/br\\\/work\\\/whats-new-in-imanage-wdw-02-2021.html\",\"name\":\"Ce qu\u2019il y a de nouveau dans iManage Work Desktop for Windows &#8211; Docs - iManage\",\"isPartOf\":{\"@id\":\"https:\\\/\\\/docs.imanage.com\\\/#website\"},\"primaryImageOfPage\":{\"@id\":\"https:\\\/\\\/docs.imanage.com\\\/br\\\/work\\\/whats-new-in-imanage-wdw-02-2021.html#primaryimage\"},\"image\":{\"@id\":\"https:\\\/\\\/docs.imanage.com\\\/br\\\/work\\\/whats-new-in-imanage-wdw-02-2021.html#primaryimage\"},\"thumbnailUrl\":\"https:\\\/\\\/docs.imanage.com\\\/wp-content\\\/uploads\\\/2021\\\/01\\\/GIF_1-1.gif\",\"datePublished\":\"2021-01-08T07:12:30+00:00\",\"dateModified\":\"2021-03-01T16:02:05+00:00\",\"breadcrumb\":{\"@id\":\"https:\\\/\\\/docs.imanage.com\\\/br\\\/work\\\/whats-new-in-imanage-wdw-02-2021.html#breadcrumb\"},\"inLanguage\":\"fr-FR\",\"potentialAction\":[{\"@type\":\"ReadAction\",\"target\":[\"https:\\\/\\\/docs.imanage.com\\\/br\\\/work\\\/whats-new-in-imanage-wdw-02-2021.html\"]}]},{\"@type\":\"ImageObject\",\"inLanguage\":\"fr-FR\",\"@id\":\"https:\\\/\\\/docs.imanage.com\\\/br\\\/work\\\/whats-new-in-imanage-wdw-02-2021.html#primaryimage\",\"url\":\"https:\\\/\\\/docs.imanage.com\\\/wp-content\\\/uploads\\\/2021\\\/01\\\/GIF_1-1.gif\",\"contentUrl\":\"https:\\\/\\\/docs.imanage.com\\\/wp-content\\\/uploads\\\/2021\\\/01\\\/GIF_1-1.gif\"},{\"@type\":\"BreadcrumbList\",\"@id\":\"https:\\\/\\\/docs.imanage.com\\\/br\\\/work\\\/whats-new-in-imanage-wdw-02-2021.html#breadcrumb\",\"itemListElement\":[{\"@type\":\"ListItem\",\"position\":1,\"name\":\"Home\",\"item\":\"https:\\\/\\\/docs.imanage.com\\\/\"},{\"@type\":\"ListItem\",\"position\":2,\"name\":\"Work\",\"item\":\"https:\\\/\\\/docs.imanage.com\\\/work.html\"},{\"@type\":\"ListItem\",\"position\":3,\"name\":\"O que h\u00e1 de novo no iManage Work Desktop for Windows\"}]},{\"@type\":\"WebSite\",\"@id\":\"https:\\\/\\\/docs.imanage.com\\\/#website\",\"url\":\"https:\\\/\\\/docs.imanage.com\\\/\",\"name\":\"Docs - iManage\",\"description\":\"\",\"potentialAction\":[{\"@type\":\"SearchAction\",\"target\":{\"@type\":\"EntryPoint\",\"urlTemplate\":\"https:\\\/\\\/docs.imanage.com\\\/?s={search_term_string}\"},\"query-input\":{\"@type\":\"PropertyValueSpecification\",\"valueRequired\":true,\"valueName\":\"search_term_string\"}}],\"inLanguage\":\"fr-FR\"}]}<\/script>\n<!-- \/ Yoast SEO plugin. -->","yoast_head_json":{"title":"Ce qu\u2019il y a de nouveau dans iManage Work Desktop for Windows &#8211; Docs - iManage","robots":{"index":"index","follow":"follow","max-snippet":"max-snippet:-1","max-image-preview":"max-image-preview:large","max-video-preview":"max-video-preview:-1"},"canonical":"https:\/\/docs.imanage.com\/br\/work\/whats-new-in-imanage-wdw-02-2021.html","og_locale":"fr_FR","og_type":"article","og_title":"Ce qu\u2019il y a de nouveau dans iManage Work Desktop for Windows &#8211; Docs - iManage","og_url":"https:\/\/docs.imanage.com\/br\/work\/whats-new-in-imanage-wdw-02-2021.html","og_site_name":"Docs - iManage","article_modified_time":"2021-03-01T16:02:05+00:00","og_image":[{"url":"https:\/\/docs.imanage.com\/wp-content\/uploads\/2021\/01\/GIF_1-1.gif","type":"","width":"","height":""}],"twitter_card":"summary_large_image","twitter_misc":{"Est. reading time":"15 minutes"},"schema":{"@context":"https:\/\/schema.org","@graph":[{"@type":"WebPage","@id":"https:\/\/docs.imanage.com\/br\/work\/whats-new-in-imanage-wdw-02-2021.html","url":"https:\/\/docs.imanage.com\/br\/work\/whats-new-in-imanage-wdw-02-2021.html","name":"Ce qu\u2019il y a de nouveau dans iManage Work Desktop for Windows &#8211; Docs - iManage","isPartOf":{"@id":"https:\/\/docs.imanage.com\/#website"},"primaryImageOfPage":{"@id":"https:\/\/docs.imanage.com\/br\/work\/whats-new-in-imanage-wdw-02-2021.html#primaryimage"},"image":{"@id":"https:\/\/docs.imanage.com\/br\/work\/whats-new-in-imanage-wdw-02-2021.html#primaryimage"},"thumbnailUrl":"https:\/\/docs.imanage.com\/wp-content\/uploads\/2021\/01\/GIF_1-1.gif","datePublished":"2021-01-08T07:12:30+00:00","dateModified":"2021-03-01T16:02:05+00:00","breadcrumb":{"@id":"https:\/\/docs.imanage.com\/br\/work\/whats-new-in-imanage-wdw-02-2021.html#breadcrumb"},"inLanguage":"fr-FR","potentialAction":[{"@type":"ReadAction","target":["https:\/\/docs.imanage.com\/br\/work\/whats-new-in-imanage-wdw-02-2021.html"]}]},{"@type":"ImageObject","inLanguage":"fr-FR","@id":"https:\/\/docs.imanage.com\/br\/work\/whats-new-in-imanage-wdw-02-2021.html#primaryimage","url":"https:\/\/docs.imanage.com\/wp-content\/uploads\/2021\/01\/GIF_1-1.gif","contentUrl":"https:\/\/docs.imanage.com\/wp-content\/uploads\/2021\/01\/GIF_1-1.gif"},{"@type":"BreadcrumbList","@id":"https:\/\/docs.imanage.com\/br\/work\/whats-new-in-imanage-wdw-02-2021.html#breadcrumb","itemListElement":[{"@type":"ListItem","position":1,"name":"Home","item":"https:\/\/docs.imanage.com\/"},{"@type":"ListItem","position":2,"name":"Work","item":"https:\/\/docs.imanage.com\/work.html"},{"@type":"ListItem","position":3,"name":"O que h\u00e1 de novo no iManage Work Desktop for Windows"}]},{"@type":"WebSite","@id":"https:\/\/docs.imanage.com\/#website","url":"https:\/\/docs.imanage.com\/","name":"Docs - iManage","description":"","potentialAction":[{"@type":"SearchAction","target":{"@type":"EntryPoint","urlTemplate":"https:\/\/docs.imanage.com\/?s={search_term_string}"},"query-input":{"@type":"PropertyValueSpecification","valueRequired":true,"valueName":"search_term_string"}}],"inLanguage":"fr-FR"}]}},"_links":{"self":[{"href":"https:\/\/docs.imanage.com\/fr\/wp-json\/wp\/v2\/pages\/579","targetHints":{"allow":["GET"]}}],"collection":[{"href":"https:\/\/docs.imanage.com\/fr\/wp-json\/wp\/v2\/pages"}],"about":[{"href":"https:\/\/docs.imanage.com\/fr\/wp-json\/wp\/v2\/types\/page"}],"author":[{"embeddable":true,"href":"https:\/\/docs.imanage.com\/fr\/wp-json\/wp\/v2\/users\/4"}],"replies":[{"embeddable":true,"href":"https:\/\/docs.imanage.com\/fr\/wp-json\/wp\/v2\/comments?post=579"}],"version-history":[{"count":0,"href":"https:\/\/docs.imanage.com\/fr\/wp-json\/wp\/v2\/pages\/579\/revisions"}],"up":[{"embeddable":true,"href":"https:\/\/docs.imanage.com\/fr\/wp-json\/wp\/v2\/pages\/146"}],"wp:attachment":[{"href":"https:\/\/docs.imanage.com\/fr\/wp-json\/wp\/v2\/media?parent=579"}],"curies":[{"name":"wp","href":"https:\/\/api.w.org\/{rel}","templated":true}]}}