{"id":581,"date":"2021-01-15T12:07:35","date_gmt":"2021-01-15T12:07:35","guid":{"rendered":"https:\/\/docs.imanage.com\/?page_id=581"},"modified":"2021-10-21T12:43:07","modified_gmt":"2021-10-21T12:43:07","slug":"whats-new-in-imanage-work-2021-09","status":"publish","type":"page","link":"https:\/\/docs.imanage.com\/fr\/whats-new-in-imanage-work-2021-09.html","title":{"rendered":"Nouveaut\u00e9s dans iManage Work"},"content":{"rendered":"<p><strong>Juillet 2021<\/strong><\/p>\n<h1>Cr\u00e9ez une nouvelle version d\u2019un document, en toute simplicit\u00e9\u00a0!<\/h1>\n<p>Vous pouvez d\u00e9sormais copier un document et cr\u00e9er une nouvelle version sans devoir l&#8217;ouvrir ou le t\u00e9l\u00e9charger au pr\u00e9alable, ce qui vous fait gagner du temps.<br \/>\n<img loading=\"lazy\" decoding=\"async\" class=\"gifplayer alignnone wp-image-664 size-large black-border\" src=\"https:\/\/docs.imanage.com\/wp-content\/uploads\/2021\/07\/Sep-2021-rel-Copy-as-new-version--1024x573.jpg\" alt=\"\" width=\"900\" height=\"504\" data-gif=\"https:\/\/docs.imanage.com\/wp-content\/uploads\/2021\/07\/Sep-2021-rel-Copy-as-new-version-.gif\" srcset=\"https:\/\/docs.imanage.com\/wp-content\/uploads\/2021\/07\/Sep-2021-rel-Copy-as-new-version--1024x573.jpg 1024w, https:\/\/docs.imanage.com\/wp-content\/uploads\/2021\/07\/Sep-2021-rel-Copy-as-new-version--300x168.jpg 300w, https:\/\/docs.imanage.com\/wp-content\/uploads\/2021\/07\/Sep-2021-rel-Copy-as-new-version--768x430.jpg 768w, https:\/\/docs.imanage.com\/wp-content\/uploads\/2021\/07\/Sep-2021-rel-Copy-as-new-version--1536x860.jpg 1536w, https:\/\/docs.imanage.com\/wp-content\/uploads\/2021\/07\/Sep-2021-rel-Copy-as-new-version--2048x1146.jpg 2048w\" sizes=\"auto, (max-width: 900px) 100vw, 900px\" \/><\/p>\n<h1>Copie du lien en un seul clic..<\/h1>\n<p>Copiez et partagez un lien vers un fichier ou un projet en un seul clic. Le nouvel outil de lien de copie permet de partager rapidement et facilement du contenu avec des coll\u00e8gues d&#8217;un simple clic de souris. Gagnez du temps en copiant d&#8217;un seul clic un lien vers un fichier ou un projet et en le partageant avec vos coll\u00e8gues.<br \/>\n<img loading=\"lazy\" decoding=\"async\" class=\"gifplayer alignnone wp-image-664 size-large black-border\" src=\"https:\/\/docs.imanage.com\/wp-content\/uploads\/2021\/07\/Sep-2021-rel-Simplified-copy-link-workflow-.jpg\" alt=\"\" width=\"900\" height=\"504\" data-gif=\"https:\/\/docs.imanage.com\/wp-content\/uploads\/2021\/07\/Sep-2021-rel-Simplified-copy-link-workflow-.gif\" \/><\/p>\n<h1>Restez toujours \u00e0 jour<\/h1>\n<p>Lorsque vous cliquez sur un lien pour pr\u00e9visualiser un document, vous \u00eates automatiquement dirig\u00e9 vers la derni\u00e8re version. Cela vous permet de rester au courant des derni\u00e8res modifications et vous donne la possibilit\u00e9 de v\u00e9rifier facilement l&#8217;historique du document en passant \u00e0 la vue du document.<br \/>\n<img loading=\"lazy\" decoding=\"async\" class=\"gifplayer alignnone wp-image-664 size-large black-border\" src=\"https:\/\/docs.imanage.com\/wp-content\/uploads\/2021\/08\/Sep-2021-rel-Always-stay-current.jpg\" alt=\"\" width=\"900\" height=\"504\" data-gif=\"https:\/\/docs.imanage.com\/wp-content\/uploads\/2021\/08\/Sep-2021-rel-Always-stay-current.gif\" \/><\/p>\n<p><strong>REMARQUE<\/strong>\u00a0: Pour activer cette fonction, les administrateurs peuvent modifier les param\u00e8tres de l&#8217;application suivante\u00a0<a href=\"https:\/\/docs.imanage.com\/cloud\/cc-help\/en\/Upcoming_Features.html\">iManage Control Center<\/a>.<\/p>\n<h1>Nouveaux sous-menus d\u00e9di\u00e9s aux op\u00e9rations sur les documents<\/h1>\n<p>De nouveaux sous-menus pour les op\u00e9rations sur les documents permettent d&#8217;Ouvrir ou de Copier rapidement et facilement des documents, afin que vous puissiez vous concentrer sur votre travail.<br \/>\n<img loading=\"lazy\" decoding=\"async\" class=\"gifplayer alignnone wp-image-664 size-large black-border\" src=\"https:\/\/docs.imanage.com\/wp-content\/uploads\/2021\/07\/Sep-2021-rel-Open-and-copy-sub-menu.jpg\" alt=\"\" width=\"900\" height=\"504\" data-gif=\"https:\/\/docs.imanage.com\/wp-content\/uploads\/2021\/07\/Sep-2021-rel-Open-and-copy-sub-menu.gif\" \/><\/p>\n<h1>\u00c9liminer l&#8217;exposition accidentelle du contenu<\/h1>\n<p>Lorsque vous donnez aux utilisateurs, aux auteurs ou aux groupes l&#8217;acc\u00e8s au contenu, vous pouvez rapidement voir s&#8217;ils disposent des droits d&#8217;acc\u00e8s appropri\u00e9s, ce qui \u00e9limine le risque de partager accidentellement du contenu.<br \/>\n<img loading=\"lazy\" decoding=\"async\" class=\"gifplayer alignnone wp-image-664 size-large black-border\" src=\"https:\/\/docs.imanage.com\/wp-content\/uploads\/2021\/08\/Eliminate-accidental-exposure.jpg\" alt=\"\" width=\"900\" height=\"504\" data-gif=\"https:\/\/docs.imanage.com\/wp-content\/uploads\/2021\/08\/Eliminate-accidental-exposure.gif\" \/><\/p>\n<h1>Acc\u00e9dez facilement aux dossiers r\u00e9cents.<\/h1>\n<p>Vous voulez retrouver les dossiers dans lesquels vous avez r\u00e9cemment sauvegard\u00e9 du contenu ou class\u00e9 des e-mails ? D\u00e9sormais, ces dossiers sont facilement accessibles d&#8217;un simple clic. En outre, la recherche par dossier est disponible \u00e0 partir de l&#8217;exp\u00e9rience de recherche simple, ce qui vous permet de trouver rapidement des dossiers particuliers sans avoir \u00e0 utiliser la Recherche Avanc\u00e9e.<br \/>\n<img loading=\"lazy\" decoding=\"async\" class=\"gifplayer alignnone wp-image-664 size-large black-border\" src=\"https:\/\/docs.imanage.com\/wp-content\/uploads\/2021\/08\/Easily-access-Recent-Folders.jpg\" alt=\"\" width=\"900\" height=\"504\" data-gif=\"https:\/\/docs.imanage.com\/wp-content\/uploads\/2021\/08\/Easily-access-Recent-Folders.gif\" \/><\/p>\n<h1>D\u00e9placez le panneau de progression n&#8217;importe o\u00f9<\/h1>\n<p>Vous travaillez sur un petit \u00e9cran et avez besoin d&#8217;une plus grande surface de visualisation ?\u00a0Faites glisser et d\u00e9placez le panneau de progression n\u2019importe o\u00f9 dans iManage Work. La position du panneau de progression que vous avez d\u00e9finie est m\u00e9moris\u00e9e jusqu\u2019\u00e0 ce que vous le d\u00e9placiez \u00e0 nouveau\u00a0!<br \/>\n<img loading=\"lazy\" decoding=\"async\" class=\"gifplayer alignnone wp-image-664 size-large black-border\" style=\"font-size: 1rem;\" src=\"https:\/\/docs.imanage.com\/wp-content\/uploads\/2021\/07\/Sep-2021-rel-Moving-progress-panel.jpg\" alt=\"\" width=\"900\" height=\"504\" data-gif=\"https:\/\/docs.imanage.com\/wp-content\/uploads\/2021\/07\/Sep-2021-rel-Moving-progress-panel.gif\" \/><\/p>\n<p><a href=\"https:\/\/docs.imanage.com\/whats-new-in-imanage-work-2021-02.html\">Version pr\u00e9c\u00e9dente<\/a><\/p>\n","protected":false},"excerpt":{"rendered":"<p>Juillet 2021 Cr\u00e9ez une nouvelle version d\u2019un document, en toute simplicit\u00e9\u00a0! Vous pouvez d\u00e9sormais copier un document et cr\u00e9er une nouvelle version sans devoir l&#8217;ouvrir ou le t\u00e9l\u00e9charger au pr\u00e9alable, ce qui vous fait gagner du temps. Copie du lien en un seul clic.. Copiez et partagez un lien vers un fichier ou un projet [&hellip;]<\/p>\n","protected":false},"author":4,"featured_media":0,"parent":0,"menu_order":0,"comment_status":"closed","ping_status":"closed","template":"","meta":{"_acf_changed":false,"footnotes":""},"class_list":["post-581","page","type-page","status-publish","hentry"],"translation":{"provider":"WPGlobus","version":"3.0.2","language":"fr","enabled_languages":["en","de","fr","qc","jp","br","es","zh"],"languages":{"en":{"title":true,"content":true,"excerpt":false},"de":{"title":true,"content":true,"excerpt":false},"fr":{"title":true,"content":true,"excerpt":false},"qc":{"title":false,"content":false,"excerpt":false},"jp":{"title":true,"content":true,"excerpt":false},"br":{"title":true,"content":true,"excerpt":false},"es":{"title":true,"content":true,"excerpt":false},"zh":{"title":true,"content":true,"excerpt":false}}},"acf":[],"yoast_head":"<!-- This site is optimized with the Yoast SEO plugin v27.4 - https:\/\/yoast.com\/product\/yoast-seo-wordpress\/ -->\n<title>Nouveaut\u00e9s dans iManage Work &#8211; Docs - iManage<\/title>\n<meta name=\"robots\" content=\"index, follow, max-snippet:-1, max-image-preview:large, max-video-preview:-1\" \/>\n<link rel=\"canonical\" href=\"https:\/\/docs.imanage.com\/whats-new-in-imanage-work-2021-09.html\" \/>\n<meta property=\"og:locale\" content=\"fr_FR\" \/>\n<meta property=\"og:type\" content=\"article\" \/>\n<meta property=\"og:title\" content=\"Nouveaut\u00e9s dans iManage Work &#8211; Docs - iManage\" \/>\n<meta property=\"og:url\" content=\"https:\/\/docs.imanage.com\/whats-new-in-imanage-work-2021-09.html\" \/>\n<meta property=\"og:site_name\" content=\"Docs - iManage\" \/>\n<meta property=\"article:modified_time\" content=\"2021-10-21T12:43:07+00:00\" \/>\n<meta property=\"og:image\" content=\"https:\/\/docs.imanage.com\/wp-content\/uploads\/2021\/07\/Sep-2021-rel-Copy-as-new-version--1024x573.jpg\" \/>\n<meta name=\"twitter:card\" content=\"summary_large_image\" \/>\n<meta name=\"twitter:label1\" content=\"Est. reading time\" \/>\n\t<meta name=\"twitter:data1\" content=\"9 minutes\" \/>\n<script type=\"application\/ld+json\" class=\"yoast-schema-graph\">{\"@context\":\"https:\\\/\\\/schema.org\",\"@graph\":[{\"@type\":\"WebPage\",\"@id\":\"https:\\\/\\\/docs.imanage.com\\\/whats-new-in-imanage-work-2021-09.html\",\"url\":\"https:\\\/\\\/docs.imanage.com\\\/whats-new-in-imanage-work-2021-09.html\",\"name\":\"Nouveaut\u00e9s dans iManage Work &#8211; Docs - iManage\",\"isPartOf\":{\"@id\":\"https:\\\/\\\/docs.imanage.com\\\/#website\"},\"primaryImageOfPage\":{\"@id\":\"https:\\\/\\\/docs.imanage.com\\\/whats-new-in-imanage-work-2021-09.html#primaryimage\"},\"image\":{\"@id\":\"https:\\\/\\\/docs.imanage.com\\\/whats-new-in-imanage-work-2021-09.html#primaryimage\"},\"thumbnailUrl\":\"https:\\\/\\\/docs.imanage.com\\\/wp-content\\\/uploads\\\/2021\\\/07\\\/Sep-2021-rel-Copy-as-new-version--1024x573.jpg\",\"datePublished\":\"2021-01-15T12:07:35+00:00\",\"dateModified\":\"2021-10-21T12:43:07+00:00\",\"breadcrumb\":{\"@id\":\"https:\\\/\\\/docs.imanage.com\\\/whats-new-in-imanage-work-2021-09.html#breadcrumb\"},\"inLanguage\":\"fr-FR\",\"potentialAction\":[{\"@type\":\"ReadAction\",\"target\":[\"https:\\\/\\\/docs.imanage.com\\\/whats-new-in-imanage-work-2021-09.html\"]}]},{\"@type\":\"ImageObject\",\"inLanguage\":\"fr-FR\",\"@id\":\"https:\\\/\\\/docs.imanage.com\\\/whats-new-in-imanage-work-2021-09.html#primaryimage\",\"url\":\"https:\\\/\\\/docs.imanage.com\\\/wp-content\\\/uploads\\\/2021\\\/07\\\/Sep-2021-rel-Copy-as-new-version--1024x573.jpg\",\"contentUrl\":\"https:\\\/\\\/docs.imanage.com\\\/wp-content\\\/uploads\\\/2021\\\/07\\\/Sep-2021-rel-Copy-as-new-version--1024x573.jpg\"},{\"@type\":\"BreadcrumbList\",\"@id\":\"https:\\\/\\\/docs.imanage.com\\\/whats-new-in-imanage-work-2021-09.html#breadcrumb\",\"itemListElement\":[{\"@type\":\"ListItem\",\"position\":1,\"name\":\"Home\",\"item\":\"https:\\\/\\\/docs.imanage.com\\\/\"},{\"@type\":\"ListItem\",\"position\":2,\"name\":\"What&#8217;s New in iManage Work\"}]},{\"@type\":\"WebSite\",\"@id\":\"https:\\\/\\\/docs.imanage.com\\\/#website\",\"url\":\"https:\\\/\\\/docs.imanage.com\\\/\",\"name\":\"Docs - iManage\",\"description\":\"\",\"potentialAction\":[{\"@type\":\"SearchAction\",\"target\":{\"@type\":\"EntryPoint\",\"urlTemplate\":\"https:\\\/\\\/docs.imanage.com\\\/?s={search_term_string}\"},\"query-input\":{\"@type\":\"PropertyValueSpecification\",\"valueRequired\":true,\"valueName\":\"search_term_string\"}}],\"inLanguage\":\"fr-FR\"}]}<\/script>\n<!-- \/ Yoast SEO plugin. -->","yoast_head_json":{"title":"Nouveaut\u00e9s dans iManage Work &#8211; Docs - iManage","robots":{"index":"index","follow":"follow","max-snippet":"max-snippet:-1","max-image-preview":"max-image-preview:large","max-video-preview":"max-video-preview:-1"},"canonical":"https:\/\/docs.imanage.com\/whats-new-in-imanage-work-2021-09.html","og_locale":"fr_FR","og_type":"article","og_title":"Nouveaut\u00e9s dans iManage Work &#8211; Docs - iManage","og_url":"https:\/\/docs.imanage.com\/whats-new-in-imanage-work-2021-09.html","og_site_name":"Docs - iManage","article_modified_time":"2021-10-21T12:43:07+00:00","og_image":[{"url":"https:\/\/docs.imanage.com\/wp-content\/uploads\/2021\/07\/Sep-2021-rel-Copy-as-new-version--1024x573.jpg","type":"","width":"","height":""}],"twitter_card":"summary_large_image","twitter_misc":{"Est. reading time":"9 minutes"},"schema":{"@context":"https:\/\/schema.org","@graph":[{"@type":"WebPage","@id":"https:\/\/docs.imanage.com\/whats-new-in-imanage-work-2021-09.html","url":"https:\/\/docs.imanage.com\/whats-new-in-imanage-work-2021-09.html","name":"Nouveaut\u00e9s dans iManage Work &#8211; Docs - iManage","isPartOf":{"@id":"https:\/\/docs.imanage.com\/#website"},"primaryImageOfPage":{"@id":"https:\/\/docs.imanage.com\/whats-new-in-imanage-work-2021-09.html#primaryimage"},"image":{"@id":"https:\/\/docs.imanage.com\/whats-new-in-imanage-work-2021-09.html#primaryimage"},"thumbnailUrl":"https:\/\/docs.imanage.com\/wp-content\/uploads\/2021\/07\/Sep-2021-rel-Copy-as-new-version--1024x573.jpg","datePublished":"2021-01-15T12:07:35+00:00","dateModified":"2021-10-21T12:43:07+00:00","breadcrumb":{"@id":"https:\/\/docs.imanage.com\/whats-new-in-imanage-work-2021-09.html#breadcrumb"},"inLanguage":"fr-FR","potentialAction":[{"@type":"ReadAction","target":["https:\/\/docs.imanage.com\/whats-new-in-imanage-work-2021-09.html"]}]},{"@type":"ImageObject","inLanguage":"fr-FR","@id":"https:\/\/docs.imanage.com\/whats-new-in-imanage-work-2021-09.html#primaryimage","url":"https:\/\/docs.imanage.com\/wp-content\/uploads\/2021\/07\/Sep-2021-rel-Copy-as-new-version--1024x573.jpg","contentUrl":"https:\/\/docs.imanage.com\/wp-content\/uploads\/2021\/07\/Sep-2021-rel-Copy-as-new-version--1024x573.jpg"},{"@type":"BreadcrumbList","@id":"https:\/\/docs.imanage.com\/whats-new-in-imanage-work-2021-09.html#breadcrumb","itemListElement":[{"@type":"ListItem","position":1,"name":"Home","item":"https:\/\/docs.imanage.com\/"},{"@type":"ListItem","position":2,"name":"What&#8217;s New in iManage Work"}]},{"@type":"WebSite","@id":"https:\/\/docs.imanage.com\/#website","url":"https:\/\/docs.imanage.com\/","name":"Docs - iManage","description":"","potentialAction":[{"@type":"SearchAction","target":{"@type":"EntryPoint","urlTemplate":"https:\/\/docs.imanage.com\/?s={search_term_string}"},"query-input":{"@type":"PropertyValueSpecification","valueRequired":true,"valueName":"search_term_string"}}],"inLanguage":"fr-FR"}]}},"_links":{"self":[{"href":"https:\/\/docs.imanage.com\/fr\/wp-json\/wp\/v2\/pages\/581","targetHints":{"allow":["GET"]}}],"collection":[{"href":"https:\/\/docs.imanage.com\/fr\/wp-json\/wp\/v2\/pages"}],"about":[{"href":"https:\/\/docs.imanage.com\/fr\/wp-json\/wp\/v2\/types\/page"}],"author":[{"embeddable":true,"href":"https:\/\/docs.imanage.com\/fr\/wp-json\/wp\/v2\/users\/4"}],"replies":[{"embeddable":true,"href":"https:\/\/docs.imanage.com\/fr\/wp-json\/wp\/v2\/comments?post=581"}],"version-history":[{"count":0,"href":"https:\/\/docs.imanage.com\/fr\/wp-json\/wp\/v2\/pages\/581\/revisions"}],"wp:attachment":[{"href":"https:\/\/docs.imanage.com\/fr\/wp-json\/wp\/v2\/media?parent=581"}],"curies":[{"name":"wp","href":"https:\/\/api.w.org\/{rel}","templated":true}]}}