{"id":610,"date":"2021-03-26T08:22:04","date_gmt":"2021-03-26T08:22:04","guid":{"rendered":"https:\/\/docs.imanage.com\/?page_id=610"},"modified":"2022-10-17T08:20:40","modified_gmt":"2022-10-17T08:20:40","slug":"whats-new-in-imanage-wdw-2021","status":"publish","type":"page","link":"https:\/\/docs.imanage.com\/fr\/work\/whats-new-in-imanage-wdw-2021.html","title":{"rendered":"Ce qu\u2019il y a de nouveau dans iManage Work Desktop for Windows"},"content":{"rendered":"<h4>Version: 10.5.0.43 (Juin 2021)<\/h4>\n<h1>Am\u00e9liorations de la gestion des e-mails pour Microsoft Outlook<\/h1>\n<h3>Ne perdez jamais votre place lors de la fixation ou du d\u00e9tachement du iManage Work Panel<\/h3>\n<p>Vous pouvez d\u00e9sormais installer ou d\u00e9sancrer le \u00a0<strong>iManage<\/strong>\u00a0Work Panel, sans avoir \u00e0 craindre de perdre votre place. Cette mise \u00e0 jour vous permet de naviguer vers un dossier ou un document,\u00a0puis d\u2019installer et d\u00e9sancrer le <strong>\u00a0iManage Work Panel <\/strong>tout en sauvegardant automatiquement votre parcours de navigation.\u00a0Cela vous fait gagner du temps et vous permet de rester concentr\u00e9 sur votre travail.<\/p>\n<p><img loading=\"lazy\" decoding=\"async\" class=\"alignnone wp-image-625\" src=\"https:\/\/docs.imanage.com\/wp-content\/uploads\/2021\/05\/Undock-a-doc-1.gif\" alt=\"\" width=\"1000\" height=\"564\" \/><\/p>\n<h1>Am\u00e9liorations lorsque vous travaillez avec des documents<\/h1>\n<h3>Modifications des notifications d\u2019e-mail pour la co-authoring<\/h3>\n<p>Dans les versions pr\u00e9c\u00e9dentes, lorsque vous envoyiez une notification par courriel pour coauteur un document, les destinataires n\u2019avaient aucun moyen de savoir qui pouvait modifier le document et qui pouvait simplement le voir. Dans la nouvelle version d\u2019iManage Work, lorsque vous envoyez une invitation par courriel, le courriel indique clairement les noms des destinataires et s\u2019ils disposent de l\u2019autorisation de la modifier, ou de simplement l\u2019afficher. Veuillez contacter votre administrateur pour en savoir plus sur comment activer cette fonctionnalit\u00e9.<\/p>\n<h4><img loading=\"lazy\" decoding=\"async\" class=\"alignnone wp-image-621\" src=\"https:\/\/docs.imanage.com\/wp-content\/uploads\/2021\/05\/Screenshot-2021-05-13-at-2.00.26-PM-1024x428.png\" alt=\"\" width=\"1000\" height=\"418\" srcset=\"https:\/\/docs.imanage.com\/wp-content\/uploads\/2021\/05\/Screenshot-2021-05-13-at-2.00.26-PM-1024x428.png 1024w, https:\/\/docs.imanage.com\/wp-content\/uploads\/2021\/05\/Screenshot-2021-05-13-at-2.00.26-PM-300x125.png 300w, https:\/\/docs.imanage.com\/wp-content\/uploads\/2021\/05\/Screenshot-2021-05-13-at-2.00.26-PM-768x321.png 768w, https:\/\/docs.imanage.com\/wp-content\/uploads\/2021\/05\/Screenshot-2021-05-13-at-2.00.26-PM-1536x642.png 1536w, https:\/\/docs.imanage.com\/wp-content\/uploads\/2021\/05\/Screenshot-2021-05-13-at-2.00.26-PM-2048x856.png 2048w\" sizes=\"auto, (max-width: 1000px) 100vw, 1000px\" \/><\/h4>\n<h3>Enregistrement du PDF comme nouveau document plus facile<\/h3>\n<p>Auparavant, lorsque vous vouliez enregistrer un nouveau document Microsoft Office dans iManage Work 10 en tant que fichier PDF, l\u2019option par d\u00e9faut \u00e9tait <strong>Nouvelle version<\/strong>. Par cons\u00e9quent, si vous vouliez enregistrer le fichier PDF comme un nouveau document, vous avez d\u00fb changer l\u2019option de <strong>Nouvelle version<\/strong>\u00a0\u00e0\u00a0<strong>Nouveau document<\/strong>.\u00a0Vous pouvez d\u00e9sormais d\u00e9finir le <strong>Nouveau document <\/strong>comme option par d\u00e9faut, ce qui vous fait gagner du temps car vous n\u2019avez pas \u00e0 s\u00e9lectionner cette option \u00e0 chaque fois que vous enregistrez un fichier PDF. Veuillez contacter votre administrateur pour en savoir plus sur comment activer cette configuration.<\/p>\n<p><img loading=\"lazy\" decoding=\"async\" class=\"alignnone wp-image-622\" src=\"https:\/\/docs.imanage.com\/wp-content\/uploads\/2021\/05\/Screenshot-2021-05-13-at-1.19.19-PM-1024x850.png\" alt=\"\" width=\"720\" height=\"598\" srcset=\"https:\/\/docs.imanage.com\/wp-content\/uploads\/2021\/05\/Screenshot-2021-05-13-at-1.19.19-PM-1024x850.png 1024w, https:\/\/docs.imanage.com\/wp-content\/uploads\/2021\/05\/Screenshot-2021-05-13-at-1.19.19-PM-300x249.png 300w, https:\/\/docs.imanage.com\/wp-content\/uploads\/2021\/05\/Screenshot-2021-05-13-at-1.19.19-PM-768x638.png 768w, https:\/\/docs.imanage.com\/wp-content\/uploads\/2021\/05\/Screenshot-2021-05-13-at-1.19.19-PM-1536x1275.png 1536w, https:\/\/docs.imanage.com\/wp-content\/uploads\/2021\/05\/Screenshot-2021-05-13-at-1.19.19-PM.png 1650w\" sizes=\"auto, (max-width: 720px) 100vw, 720px\" \/><\/p>\n<h1>Ce qu\u2019il y a de nouveau dans iManage Drive<\/h1>\n<p><strong>Version: 10.5.1 (juillet\u00a02021)<\/strong><\/p>\n<h1><strong>Acc\u00e9dez aux dossiers Mes affaires et Affaires r\u00e9centes \u00e0 partir de votre dossier mapp\u00e9<\/strong><\/h1>\n<ul>\n<li>Le iManage Drive r\u00e9pertorie vos dossiers Mes\u00a0affaires et Affaires\u00a0r\u00e9centes dans votre dossier mapp\u00e9.<\/li>\n<li>Si vous utilisez iManage FileShare, la migration vers le iManage Drive est facile et ne modifie en rien votre comportement d\u2019utilisateur.<\/li>\n<\/ul>\n<p><img loading=\"lazy\" decoding=\"async\" class=\"alignnone wp-image-645 size-full\" src=\"https:\/\/docs.imanage.com\/wp-content\/uploads\/2021\/07\/Mac_Mymatters.gif\" alt=\"\" width=\"720\" height=\"417\" \/><\/p>\n<h1><strong>Affichez la progression de la synchronisation des espaces de travail dans le panneau iManage Drive<\/strong><\/h1>\n<p>Vous vous demandez quand la synchronisation sera effectu\u00e9e pour les diff\u00e9rents espaces de travail que vous avez s\u00e9lectionn\u00e9s\u00a0? Le panneau iManage Drive affiche des mises \u00e0 jour constantes sur la progression de la synchronisation, en particulier pour les affaires comportant un grand nombre de dossiers et de documents dont la synchronisation peut prendre un certain temps.<\/p>\n<p>Tous les espaces de travail que vous avez choisi de synchroniser sont r\u00e9pertori\u00e9s dans la file d\u2019attente et seront synchronis\u00e9s dans l\u2019ordre indiqu\u00e9.<\/p>\n<p><img loading=\"lazy\" decoding=\"async\" class=\"alignnone size-full wp-image-647\" src=\"https:\/\/docs.imanage.com\/wp-content\/uploads\/2021\/07\/Mac_Mattersync.gif\" alt=\"\" width=\"720\" height=\"433\" \/><\/p>\n<h1><strong>T\u00e9l\u00e9chargez une nouvelle version du fichier en faisant un clic droit<\/strong><\/h1>\n<p>Faites un clic droit sur un fichier dans votre dossier mapp\u00e9 et utilisez l\u2019option <strong>T\u00e9l\u00e9charger une nouvelle version <\/strong>pour s\u00e9lectionner n\u2019importe quel fichier dans votre dossier local ou sur votre bureau afin de cr\u00e9er une nouvelle version. Le nouveau fichier peut avoir le m\u00eame format que la version actuelle ou \u00eatre dans un autre format. Par exemple, vous travaillez sur les \u00e9tats financiers annuels de votre organisation au format Microsoft Word, puis vous t\u00e9l\u00e9chargez la version finale au format PDF \u00e0 l\u2019aide de votre dossier mapp\u00e9.<\/p>\n<p>Lorsque le iManage Drive se synchronise, ce fichier est t\u00e9l\u00e9charg\u00e9 vers iManage Work et remplace la version pr\u00e9c\u00e9dente dans le dossier mapp\u00e9.<\/p>\n<p><strong>REMARQUE<\/strong>: Cette option n\u2019est pas disponible pour les fichiers d\u00e9clar\u00e9s en tant qu\u2019enregistrement ou pour les fichiers extraits, et n\u2019est pas prise en charge pour les e-mails.<\/p>\n<p><strong>Version pr\u00e9c\u00e9dente<\/strong>: <a href=\"https:\/\/docs.imanage.com\/fr\/work\/whats-new-in-imanage-wdw-02-2021.html\">iManage Desktop for Windows &#8211; 10.4.0\u00a0et iManage Drive 10.4.1<\/a><\/p>\n","protected":false},"excerpt":{"rendered":"<p>Version: 10.5.0.43 (Juin 2021) Am\u00e9liorations de la gestion des e-mails pour Microsoft Outlook Ne perdez jamais votre place lors de la fixation ou du d\u00e9tachement du iManage Work Panel Vous pouvez d\u00e9sormais installer ou d\u00e9sancrer le \u00a0iManage\u00a0Work Panel, sans avoir \u00e0 craindre de perdre votre place. Cette mise \u00e0 jour vous permet de naviguer vers [&hellip;]<\/p>\n","protected":false},"author":4,"featured_media":0,"parent":146,"menu_order":0,"comment_status":"closed","ping_status":"closed","template":"","meta":{"_acf_changed":false,"footnotes":""},"class_list":["post-610","page","type-page","status-publish","hentry"],"translation":{"provider":"WPGlobus","version":"3.0.2","language":"fr","enabled_languages":["en","de","fr","qc","jp","br","es","zh"],"languages":{"en":{"title":true,"content":true,"excerpt":false},"de":{"title":true,"content":true,"excerpt":false},"fr":{"title":true,"content":true,"excerpt":false},"qc":{"title":false,"content":false,"excerpt":false},"jp":{"title":true,"content":true,"excerpt":false},"br":{"title":true,"content":true,"excerpt":false},"es":{"title":true,"content":true,"excerpt":false},"zh":{"title":true,"content":true,"excerpt":false}}},"acf":[],"yoast_head":"<!-- This site is optimized with the Yoast SEO plugin v27.3 - https:\/\/yoast.com\/product\/yoast-seo-wordpress\/ -->\n<title>Ce qu\u2019il y a de nouveau dans iManage Work Desktop for Windows &#8211; Docs - iManage<\/title>\n<meta name=\"robots\" content=\"index, follow, max-snippet:-1, max-image-preview:large, max-video-preview:-1\" \/>\n<link rel=\"canonical\" href=\"https:\/\/docs.imanage.com\/work\/whats-new-in-imanage-wdw-2021.html\" \/>\n<meta property=\"og:locale\" content=\"fr_FR\" \/>\n<meta property=\"og:type\" content=\"article\" \/>\n<meta property=\"og:title\" content=\"Ce qu\u2019il y a de nouveau dans iManage Work Desktop for Windows &#8211; Docs - iManage\" \/>\n<meta property=\"og:url\" content=\"https:\/\/docs.imanage.com\/work\/whats-new-in-imanage-wdw-2021.html\" \/>\n<meta property=\"og:site_name\" content=\"Docs - iManage\" \/>\n<meta property=\"article:modified_time\" content=\"2022-10-17T08:20:40+00:00\" \/>\n<meta property=\"og:image\" content=\"https:\/\/docs.imanage.com\/wp-content\/uploads\/2021\/05\/Undock-a-doc-1.gif\" \/>\n<meta name=\"twitter:card\" content=\"summary_large_image\" \/>\n<meta name=\"twitter:label1\" content=\"Est. reading time\" \/>\n\t<meta name=\"twitter:data1\" content=\"4 minutes\" \/>\n<script type=\"application\/ld+json\" class=\"yoast-schema-graph\">{\"@context\":\"https:\\\/\\\/schema.org\",\"@graph\":[{\"@type\":\"WebPage\",\"@id\":\"https:\\\/\\\/docs.imanage.com\\\/work\\\/whats-new-in-imanage-wdw-2021.html\",\"url\":\"https:\\\/\\\/docs.imanage.com\\\/work\\\/whats-new-in-imanage-wdw-2021.html\",\"name\":\"Ce qu\u2019il y a de nouveau dans iManage Work Desktop for Windows &#8211; Docs - iManage\",\"isPartOf\":{\"@id\":\"https:\\\/\\\/docs.imanage.com\\\/#website\"},\"primaryImageOfPage\":{\"@id\":\"https:\\\/\\\/docs.imanage.com\\\/work\\\/whats-new-in-imanage-wdw-2021.html#primaryimage\"},\"image\":{\"@id\":\"https:\\\/\\\/docs.imanage.com\\\/work\\\/whats-new-in-imanage-wdw-2021.html#primaryimage\"},\"thumbnailUrl\":\"https:\\\/\\\/docs.imanage.com\\\/wp-content\\\/uploads\\\/2021\\\/05\\\/Undock-a-doc-1.gif\",\"datePublished\":\"2021-03-26T08:22:04+00:00\",\"dateModified\":\"2022-10-17T08:20:40+00:00\",\"breadcrumb\":{\"@id\":\"https:\\\/\\\/docs.imanage.com\\\/work\\\/whats-new-in-imanage-wdw-2021.html#breadcrumb\"},\"inLanguage\":\"fr-FR\",\"potentialAction\":[{\"@type\":\"ReadAction\",\"target\":[\"https:\\\/\\\/docs.imanage.com\\\/work\\\/whats-new-in-imanage-wdw-2021.html\"]}]},{\"@type\":\"ImageObject\",\"inLanguage\":\"fr-FR\",\"@id\":\"https:\\\/\\\/docs.imanage.com\\\/work\\\/whats-new-in-imanage-wdw-2021.html#primaryimage\",\"url\":\"https:\\\/\\\/docs.imanage.com\\\/wp-content\\\/uploads\\\/2021\\\/05\\\/Undock-a-doc-1.gif\",\"contentUrl\":\"https:\\\/\\\/docs.imanage.com\\\/wp-content\\\/uploads\\\/2021\\\/05\\\/Undock-a-doc-1.gif\"},{\"@type\":\"BreadcrumbList\",\"@id\":\"https:\\\/\\\/docs.imanage.com\\\/work\\\/whats-new-in-imanage-wdw-2021.html#breadcrumb\",\"itemListElement\":[{\"@type\":\"ListItem\",\"position\":1,\"name\":\"Home\",\"item\":\"https:\\\/\\\/docs.imanage.com\\\/\"},{\"@type\":\"ListItem\",\"position\":2,\"name\":\"Work\",\"item\":\"https:\\\/\\\/docs.imanage.com\\\/work.html\"},{\"@type\":\"ListItem\",\"position\":3,\"name\":\"What&#8217;s new in iManage Work Desktop for Windows\"}]},{\"@type\":\"WebSite\",\"@id\":\"https:\\\/\\\/docs.imanage.com\\\/#website\",\"url\":\"https:\\\/\\\/docs.imanage.com\\\/\",\"name\":\"Docs - iManage\",\"description\":\"\",\"potentialAction\":[{\"@type\":\"SearchAction\",\"target\":{\"@type\":\"EntryPoint\",\"urlTemplate\":\"https:\\\/\\\/docs.imanage.com\\\/?s={search_term_string}\"},\"query-input\":{\"@type\":\"PropertyValueSpecification\",\"valueRequired\":true,\"valueName\":\"search_term_string\"}}],\"inLanguage\":\"fr-FR\"}]}<\/script>\n<!-- \/ Yoast SEO plugin. -->","yoast_head_json":{"title":"Ce qu\u2019il y a de nouveau dans iManage Work Desktop for Windows &#8211; Docs - iManage","robots":{"index":"index","follow":"follow","max-snippet":"max-snippet:-1","max-image-preview":"max-image-preview:large","max-video-preview":"max-video-preview:-1"},"canonical":"https:\/\/docs.imanage.com\/work\/whats-new-in-imanage-wdw-2021.html","og_locale":"fr_FR","og_type":"article","og_title":"Ce qu\u2019il y a de nouveau dans iManage Work Desktop for Windows &#8211; Docs - iManage","og_url":"https:\/\/docs.imanage.com\/work\/whats-new-in-imanage-wdw-2021.html","og_site_name":"Docs - iManage","article_modified_time":"2022-10-17T08:20:40+00:00","og_image":[{"url":"https:\/\/docs.imanage.com\/wp-content\/uploads\/2021\/05\/Undock-a-doc-1.gif","type":"","width":"","height":""}],"twitter_card":"summary_large_image","twitter_misc":{"Est. reading time":"4 minutes"},"schema":{"@context":"https:\/\/schema.org","@graph":[{"@type":"WebPage","@id":"https:\/\/docs.imanage.com\/work\/whats-new-in-imanage-wdw-2021.html","url":"https:\/\/docs.imanage.com\/work\/whats-new-in-imanage-wdw-2021.html","name":"Ce qu\u2019il y a de nouveau dans iManage Work Desktop for Windows &#8211; Docs - iManage","isPartOf":{"@id":"https:\/\/docs.imanage.com\/#website"},"primaryImageOfPage":{"@id":"https:\/\/docs.imanage.com\/work\/whats-new-in-imanage-wdw-2021.html#primaryimage"},"image":{"@id":"https:\/\/docs.imanage.com\/work\/whats-new-in-imanage-wdw-2021.html#primaryimage"},"thumbnailUrl":"https:\/\/docs.imanage.com\/wp-content\/uploads\/2021\/05\/Undock-a-doc-1.gif","datePublished":"2021-03-26T08:22:04+00:00","dateModified":"2022-10-17T08:20:40+00:00","breadcrumb":{"@id":"https:\/\/docs.imanage.com\/work\/whats-new-in-imanage-wdw-2021.html#breadcrumb"},"inLanguage":"fr-FR","potentialAction":[{"@type":"ReadAction","target":["https:\/\/docs.imanage.com\/work\/whats-new-in-imanage-wdw-2021.html"]}]},{"@type":"ImageObject","inLanguage":"fr-FR","@id":"https:\/\/docs.imanage.com\/work\/whats-new-in-imanage-wdw-2021.html#primaryimage","url":"https:\/\/docs.imanage.com\/wp-content\/uploads\/2021\/05\/Undock-a-doc-1.gif","contentUrl":"https:\/\/docs.imanage.com\/wp-content\/uploads\/2021\/05\/Undock-a-doc-1.gif"},{"@type":"BreadcrumbList","@id":"https:\/\/docs.imanage.com\/work\/whats-new-in-imanage-wdw-2021.html#breadcrumb","itemListElement":[{"@type":"ListItem","position":1,"name":"Home","item":"https:\/\/docs.imanage.com\/"},{"@type":"ListItem","position":2,"name":"Work","item":"https:\/\/docs.imanage.com\/work.html"},{"@type":"ListItem","position":3,"name":"What&#8217;s new in iManage Work Desktop for Windows"}]},{"@type":"WebSite","@id":"https:\/\/docs.imanage.com\/#website","url":"https:\/\/docs.imanage.com\/","name":"Docs - iManage","description":"","potentialAction":[{"@type":"SearchAction","target":{"@type":"EntryPoint","urlTemplate":"https:\/\/docs.imanage.com\/?s={search_term_string}"},"query-input":{"@type":"PropertyValueSpecification","valueRequired":true,"valueName":"search_term_string"}}],"inLanguage":"fr-FR"}]}},"_links":{"self":[{"href":"https:\/\/docs.imanage.com\/fr\/wp-json\/wp\/v2\/pages\/610","targetHints":{"allow":["GET"]}}],"collection":[{"href":"https:\/\/docs.imanage.com\/fr\/wp-json\/wp\/v2\/pages"}],"about":[{"href":"https:\/\/docs.imanage.com\/fr\/wp-json\/wp\/v2\/types\/page"}],"author":[{"embeddable":true,"href":"https:\/\/docs.imanage.com\/fr\/wp-json\/wp\/v2\/users\/4"}],"replies":[{"embeddable":true,"href":"https:\/\/docs.imanage.com\/fr\/wp-json\/wp\/v2\/comments?post=610"}],"version-history":[{"count":0,"href":"https:\/\/docs.imanage.com\/fr\/wp-json\/wp\/v2\/pages\/610\/revisions"}],"up":[{"embeddable":true,"href":"https:\/\/docs.imanage.com\/fr\/wp-json\/wp\/v2\/pages\/146"}],"wp:attachment":[{"href":"https:\/\/docs.imanage.com\/fr\/wp-json\/wp\/v2\/media?parent=610"}],"curies":[{"name":"wp","href":"https:\/\/api.w.org\/{rel}","templated":true}]}}