{"id":643,"date":"2021-07-14T08:28:36","date_gmt":"2021-07-14T08:28:36","guid":{"rendered":"https:\/\/docs.imanage.com\/?page_id=643"},"modified":"2021-07-28T09:42:28","modified_gmt":"2021-07-28T09:42:28","slug":"whats-new-in-imanage-drive-mac-2021-07","status":"publish","type":"page","link":"https:\/\/docs.imanage.com\/fr\/whats-new-in-imanage-drive-mac-2021-07.html","title":{"rendered":"Ce qu\u2019il y a de nouveau dans iManage Drive"},"content":{"rendered":"<p><strong>Version\u00a0: 10.5.1 (juillet\u00a02021)<\/strong><\/p>\n<h1><strong>Acc\u00e9dez aux dossiers Mes affaires et Affaires r\u00e9centes \u00e0 partir de votre dossier mapp\u00e9<\/strong><\/h1>\n<ul>\n<li>Le iManage Drive r\u00e9pertorie vos dossiers Mes\u00a0affaires et Affaires\u00a0r\u00e9centes dans votre dossier mapp\u00e9.<\/li>\n<li>Si vous utilisez iManage FileShare, la migration vers le iManage Drive est facile et ne modifie en rien votre comportement d\u2019utilisateur.<\/li>\n<\/ul>\n<p><img loading=\"lazy\" decoding=\"async\" class=\"alignnone wp-image-645 size-full\" src=\"https:\/\/docs.imanage.com\/wp-content\/uploads\/2021\/07\/Mac_Mymatters.gif\" alt=\"\" width=\"720\" height=\"417\" \/><\/p>\n<h1><strong>Affichez la progression de la synchronisation des espaces de travail dans le panneau iManage Drive<\/strong><\/h1>\n<p>Vous vous demandez quand la synchronisation sera effectu\u00e9e pour les diff\u00e9rents espaces de travail que vous avez s\u00e9lectionn\u00e9s\u00a0? Le panneau iManage Drive affiche des mises \u00e0 jour constantes sur la progression de la synchronisation, en particulier pour les affaires comportant un grand nombre de dossiers et de documents dont la synchronisation peut prendre un certain temps.<\/p>\n<p>Tous les espaces de travail que vous avez choisi de synchroniser sont r\u00e9pertori\u00e9s dans la file d\u2019attente et seront synchronis\u00e9s dans l\u2019ordre indiqu\u00e9.<\/p>\n<p><img loading=\"lazy\" decoding=\"async\" class=\"alignnone size-full wp-image-647\" src=\"https:\/\/docs.imanage.com\/wp-content\/uploads\/2021\/07\/Mac_Mattersync.gif\" alt=\"\" width=\"720\" height=\"433\" \/><\/p>\n<h1><strong>T\u00e9l\u00e9chargez une nouvelle version du fichier en faisant un clic droit<\/strong><\/h1>\n<p>Faites un clic droit sur un fichier dans votre dossier mapp\u00e9 et utilisez l\u2019option <strong>T\u00e9l\u00e9charger une nouvelle version <\/strong>pour s\u00e9lectionner n\u2019importe quel fichier dans votre dossier local ou sur votre bureau afin de cr\u00e9er une nouvelle version. Le nouveau fichier peut avoir le m\u00eame format que la version actuelle ou \u00eatre dans un autre format. Par exemple, vous travaillez sur les \u00e9tats financiers annuels de votre organisation au format Microsoft Word, puis vous t\u00e9l\u00e9chargez la version finale au format PDF \u00e0 l\u2019aide de votre dossier mapp\u00e9.<\/p>\n<p>Lorsque le iManage Drive se synchronise, ce fichier est t\u00e9l\u00e9charg\u00e9 vers iManage Work et remplace la version pr\u00e9c\u00e9dente dans le dossier mapp\u00e9.<\/p>\n<p><strong>REMARQUE\u00a0:<\/strong> Cette option n\u2019est pas disponible pour les fichiers d\u00e9clar\u00e9s en tant qu\u2019enregistrement ou pour les fichiers extraits, et n\u2019est pas prise en charge pour les e-mails.<\/p>\n","protected":false},"excerpt":{"rendered":"<p>Version\u00a0: 10.5.1 (juillet\u00a02021) Acc\u00e9dez aux dossiers Mes affaires et Affaires r\u00e9centes \u00e0 partir de votre dossier mapp\u00e9 Le iManage Drive r\u00e9pertorie vos dossiers Mes\u00a0affaires et Affaires\u00a0r\u00e9centes dans votre dossier mapp\u00e9. Si vous utilisez iManage FileShare, la migration vers le iManage Drive est facile et ne modifie en rien votre comportement d\u2019utilisateur. Affichez la progression de [&hellip;]<\/p>\n","protected":false},"author":4,"featured_media":0,"parent":0,"menu_order":0,"comment_status":"closed","ping_status":"closed","template":"","meta":{"_acf_changed":false,"footnotes":""},"class_list":["post-643","page","type-page","status-publish","hentry"],"translation":{"provider":"WPGlobus","version":"3.0.2","language":"fr","enabled_languages":["en","de","fr","qc","jp","br","es","zh"],"languages":{"en":{"title":true,"content":true,"excerpt":false},"de":{"title":true,"content":true,"excerpt":false},"fr":{"title":true,"content":true,"excerpt":false},"qc":{"title":false,"content":false,"excerpt":false},"jp":{"title":true,"content":true,"excerpt":false},"br":{"title":true,"content":true,"excerpt":false},"es":{"title":true,"content":true,"excerpt":false},"zh":{"title":true,"content":true,"excerpt":false}}},"acf":[],"yoast_head":"<!-- This site is optimized with the Yoast SEO plugin v27.3 - https:\/\/yoast.com\/product\/yoast-seo-wordpress\/ -->\n<title>Ce qu\u2019il y a de nouveau dans iManage Drive &#8211; Docs - iManage<\/title>\n<meta name=\"robots\" content=\"index, follow, max-snippet:-1, max-image-preview:large, max-video-preview:-1\" \/>\n<link rel=\"canonical\" href=\"https:\/\/docs.imanage.com\/whats-new-in-imanage-drive-mac-2021-07.html\" \/>\n<meta property=\"og:locale\" content=\"fr_FR\" \/>\n<meta property=\"og:type\" content=\"article\" \/>\n<meta property=\"og:title\" content=\"Ce qu\u2019il y a de nouveau dans iManage Drive &#8211; Docs - iManage\" \/>\n<meta property=\"og:url\" content=\"https:\/\/docs.imanage.com\/whats-new-in-imanage-drive-mac-2021-07.html\" \/>\n<meta property=\"og:site_name\" content=\"Docs - iManage\" \/>\n<meta property=\"article:modified_time\" content=\"2021-07-28T09:42:28+00:00\" \/>\n<meta property=\"og:image\" content=\"https:\/\/docs.imanage.com\/wp-content\/uploads\/2021\/07\/Mac_Mymatters.gif\" \/>\n<meta name=\"twitter:card\" content=\"summary_large_image\" \/>\n<meta name=\"twitter:label1\" content=\"Est. reading time\" \/>\n\t<meta name=\"twitter:data1\" content=\"7 minutes\" \/>\n<script type=\"application\/ld+json\" class=\"yoast-schema-graph\">{\"@context\":\"https:\\\/\\\/schema.org\",\"@graph\":[{\"@type\":\"WebPage\",\"@id\":\"https:\\\/\\\/docs.imanage.com\\\/whats-new-in-imanage-drive-mac-2021-07.html\",\"url\":\"https:\\\/\\\/docs.imanage.com\\\/whats-new-in-imanage-drive-mac-2021-07.html\",\"name\":\"Ce qu\u2019il y a de nouveau dans iManage Drive &#8211; Docs - iManage\",\"isPartOf\":{\"@id\":\"https:\\\/\\\/docs.imanage.com\\\/#website\"},\"primaryImageOfPage\":{\"@id\":\"https:\\\/\\\/docs.imanage.com\\\/whats-new-in-imanage-drive-mac-2021-07.html#primaryimage\"},\"image\":{\"@id\":\"https:\\\/\\\/docs.imanage.com\\\/whats-new-in-imanage-drive-mac-2021-07.html#primaryimage\"},\"thumbnailUrl\":\"https:\\\/\\\/docs.imanage.com\\\/wp-content\\\/uploads\\\/2021\\\/07\\\/Mac_Mymatters.gif\",\"datePublished\":\"2021-07-14T08:28:36+00:00\",\"dateModified\":\"2021-07-28T09:42:28+00:00\",\"breadcrumb\":{\"@id\":\"https:\\\/\\\/docs.imanage.com\\\/whats-new-in-imanage-drive-mac-2021-07.html#breadcrumb\"},\"inLanguage\":\"fr-FR\",\"potentialAction\":[{\"@type\":\"ReadAction\",\"target\":[\"https:\\\/\\\/docs.imanage.com\\\/whats-new-in-imanage-drive-mac-2021-07.html\"]}]},{\"@type\":\"ImageObject\",\"inLanguage\":\"fr-FR\",\"@id\":\"https:\\\/\\\/docs.imanage.com\\\/whats-new-in-imanage-drive-mac-2021-07.html#primaryimage\",\"url\":\"https:\\\/\\\/docs.imanage.com\\\/wp-content\\\/uploads\\\/2021\\\/07\\\/Mac_Mymatters.gif\",\"contentUrl\":\"https:\\\/\\\/docs.imanage.com\\\/wp-content\\\/uploads\\\/2021\\\/07\\\/Mac_Mymatters.gif\"},{\"@type\":\"BreadcrumbList\",\"@id\":\"https:\\\/\\\/docs.imanage.com\\\/whats-new-in-imanage-drive-mac-2021-07.html#breadcrumb\",\"itemListElement\":[{\"@type\":\"ListItem\",\"position\":1,\"name\":\"Home\",\"item\":\"https:\\\/\\\/docs.imanage.com\\\/\"},{\"@type\":\"ListItem\",\"position\":2,\"name\":\"What\u2019s new in iManage Drive\"}]},{\"@type\":\"WebSite\",\"@id\":\"https:\\\/\\\/docs.imanage.com\\\/#website\",\"url\":\"https:\\\/\\\/docs.imanage.com\\\/\",\"name\":\"Docs - iManage\",\"description\":\"\",\"potentialAction\":[{\"@type\":\"SearchAction\",\"target\":{\"@type\":\"EntryPoint\",\"urlTemplate\":\"https:\\\/\\\/docs.imanage.com\\\/?s={search_term_string}\"},\"query-input\":{\"@type\":\"PropertyValueSpecification\",\"valueRequired\":true,\"valueName\":\"search_term_string\"}}],\"inLanguage\":\"fr-FR\"}]}<\/script>\n<!-- \/ Yoast SEO plugin. -->","yoast_head_json":{"title":"Ce qu\u2019il y a de nouveau dans iManage Drive &#8211; Docs - iManage","robots":{"index":"index","follow":"follow","max-snippet":"max-snippet:-1","max-image-preview":"max-image-preview:large","max-video-preview":"max-video-preview:-1"},"canonical":"https:\/\/docs.imanage.com\/whats-new-in-imanage-drive-mac-2021-07.html","og_locale":"fr_FR","og_type":"article","og_title":"Ce qu\u2019il y a de nouveau dans iManage Drive &#8211; Docs - iManage","og_url":"https:\/\/docs.imanage.com\/whats-new-in-imanage-drive-mac-2021-07.html","og_site_name":"Docs - iManage","article_modified_time":"2021-07-28T09:42:28+00:00","og_image":[{"url":"https:\/\/docs.imanage.com\/wp-content\/uploads\/2021\/07\/Mac_Mymatters.gif","type":"","width":"","height":""}],"twitter_card":"summary_large_image","twitter_misc":{"Est. reading time":"7 minutes"},"schema":{"@context":"https:\/\/schema.org","@graph":[{"@type":"WebPage","@id":"https:\/\/docs.imanage.com\/whats-new-in-imanage-drive-mac-2021-07.html","url":"https:\/\/docs.imanage.com\/whats-new-in-imanage-drive-mac-2021-07.html","name":"Ce qu\u2019il y a de nouveau dans iManage Drive &#8211; Docs - iManage","isPartOf":{"@id":"https:\/\/docs.imanage.com\/#website"},"primaryImageOfPage":{"@id":"https:\/\/docs.imanage.com\/whats-new-in-imanage-drive-mac-2021-07.html#primaryimage"},"image":{"@id":"https:\/\/docs.imanage.com\/whats-new-in-imanage-drive-mac-2021-07.html#primaryimage"},"thumbnailUrl":"https:\/\/docs.imanage.com\/wp-content\/uploads\/2021\/07\/Mac_Mymatters.gif","datePublished":"2021-07-14T08:28:36+00:00","dateModified":"2021-07-28T09:42:28+00:00","breadcrumb":{"@id":"https:\/\/docs.imanage.com\/whats-new-in-imanage-drive-mac-2021-07.html#breadcrumb"},"inLanguage":"fr-FR","potentialAction":[{"@type":"ReadAction","target":["https:\/\/docs.imanage.com\/whats-new-in-imanage-drive-mac-2021-07.html"]}]},{"@type":"ImageObject","inLanguage":"fr-FR","@id":"https:\/\/docs.imanage.com\/whats-new-in-imanage-drive-mac-2021-07.html#primaryimage","url":"https:\/\/docs.imanage.com\/wp-content\/uploads\/2021\/07\/Mac_Mymatters.gif","contentUrl":"https:\/\/docs.imanage.com\/wp-content\/uploads\/2021\/07\/Mac_Mymatters.gif"},{"@type":"BreadcrumbList","@id":"https:\/\/docs.imanage.com\/whats-new-in-imanage-drive-mac-2021-07.html#breadcrumb","itemListElement":[{"@type":"ListItem","position":1,"name":"Home","item":"https:\/\/docs.imanage.com\/"},{"@type":"ListItem","position":2,"name":"What\u2019s new in iManage Drive"}]},{"@type":"WebSite","@id":"https:\/\/docs.imanage.com\/#website","url":"https:\/\/docs.imanage.com\/","name":"Docs - iManage","description":"","potentialAction":[{"@type":"SearchAction","target":{"@type":"EntryPoint","urlTemplate":"https:\/\/docs.imanage.com\/?s={search_term_string}"},"query-input":{"@type":"PropertyValueSpecification","valueRequired":true,"valueName":"search_term_string"}}],"inLanguage":"fr-FR"}]}},"_links":{"self":[{"href":"https:\/\/docs.imanage.com\/fr\/wp-json\/wp\/v2\/pages\/643","targetHints":{"allow":["GET"]}}],"collection":[{"href":"https:\/\/docs.imanage.com\/fr\/wp-json\/wp\/v2\/pages"}],"about":[{"href":"https:\/\/docs.imanage.com\/fr\/wp-json\/wp\/v2\/types\/page"}],"author":[{"embeddable":true,"href":"https:\/\/docs.imanage.com\/fr\/wp-json\/wp\/v2\/users\/4"}],"replies":[{"embeddable":true,"href":"https:\/\/docs.imanage.com\/fr\/wp-json\/wp\/v2\/comments?post=643"}],"version-history":[{"count":0,"href":"https:\/\/docs.imanage.com\/fr\/wp-json\/wp\/v2\/pages\/643\/revisions"}],"wp:attachment":[{"href":"https:\/\/docs.imanage.com\/fr\/wp-json\/wp\/v2\/media?parent=643"}],"curies":[{"name":"wp","href":"https:\/\/api.w.org\/{rel}","templated":true}]}}