{"id":644,"date":"2021-07-17T13:44:48","date_gmt":"2021-07-17T13:44:48","guid":{"rendered":"https:\/\/docs.imanage.com\/?page_id=644"},"modified":"2022-02-22T12:06:01","modified_gmt":"2022-02-22T12:06:01","slug":"whats-new-in-imanage-wdw-2021-10","status":"publish","type":"page","link":"https:\/\/docs.imanage.com\/fr\/work\/whats-new-in-imanage-wdw-2021-10.html","title":{"rendered":"Ce qu\u2019il y a de nouveau dans iManage Work Desktop for Windows"},"content":{"rendered":"<p><strong>Cr\u00e9er : 10.6.0.64\u00a0 (octobre 2021)<\/strong><\/p>\n<h2>Am\u00e9liorations apport\u00e9es au travail avec des documents<\/h2>\n<h3>Cr\u00e9er des lettres personnalis\u00e9es \u00e0 l&#8217;aide du publipostage<\/h3>\n<p>Cr\u00e9ez-vous un lot de documents, par exemple une lettre ou une facture, qui est personnalis\u00e9 pour chacun de vos clients\u00a0? Vous pouvez d\u00e9sormais lancer un publipostage en s\u00e9lectionnant des documents directement depuis iManage Work au lieu de t\u00e9l\u00e9charger les fichiers sur votre ordinateur local.<\/p>\n<p><img loading=\"lazy\" decoding=\"async\" class=\"alignnone wp-image-707\" src=\"https:\/\/docs.imanage.com\/wp-content\/uploads\/2021\/09\/mail_merge_01-1024x151.png\" alt=\"\" width=\"900\" height=\"132\" srcset=\"https:\/\/docs.imanage.com\/wp-content\/uploads\/2021\/09\/mail_merge_01-1024x151.png 1024w, https:\/\/docs.imanage.com\/wp-content\/uploads\/2021\/09\/mail_merge_01-300x44.png 300w, https:\/\/docs.imanage.com\/wp-content\/uploads\/2021\/09\/mail_merge_01-768x113.png 768w, https:\/\/docs.imanage.com\/wp-content\/uploads\/2021\/09\/mail_merge_01-1536x226.png 1536w, https:\/\/docs.imanage.com\/wp-content\/uploads\/2021\/09\/mail_merge_01.png 1986w\" sizes=\"auto, (max-width: 900px) 100vw, 900px\" \/><\/p>\n<p><img loading=\"lazy\" decoding=\"async\" class=\"wp-image-706 aligncenter\" src=\"https:\/\/docs.imanage.com\/wp-content\/uploads\/2021\/09\/maril_merge-1.png\" alt=\"\" width=\"700\" height=\"527\" srcset=\"https:\/\/docs.imanage.com\/wp-content\/uploads\/2021\/09\/maril_merge-1.png 972w, https:\/\/docs.imanage.com\/wp-content\/uploads\/2021\/09\/maril_merge-1-300x226.png 300w, https:\/\/docs.imanage.com\/wp-content\/uploads\/2021\/09\/maril_merge-1-768x578.png 768w\" sizes=\"auto, (max-width: 700px) 100vw, 700px\" \/><\/p>\n<h3>Ins\u00e9rer du texte \u00e0 partir d&#8217;un fichier PDF dans Microsoft Word<\/h3>\n<p>Vous pouvez d\u00e9sormais ins\u00e9rer du texte \u00e0 partir d&#8217;un fichier PDF disponible dans iManage Work, directement dans Microsoft Word. Vous n&#8217;avez plus besoin de t\u00e9l\u00e9charger le PDF et de le convertir en fichier texte avant de coller le contenu dans un document Microsoft Word.<\/p>\n<p><img loading=\"lazy\" decoding=\"async\" class=\"alignnone wp-image-710\" src=\"https:\/\/docs.imanage.com\/wp-content\/uploads\/2021\/09\/InsertZoom-2.gif\" alt=\"\" width=\"900\" height=\"441\" \/><\/p>\n<p>&nbsp;<\/p>\n<h3>Travailler avec les versions Adobe Acrobat Standard et Professional plus facilement<\/h3>\n<p>Si vous utilisez les versions Adobe Acrobat Standard DC et Adobe Acrobat Pro DC dans votre organisation, vous pouvez d\u00e9sormais ouvrir un document directement depuis iManage Work pour effectuer les actions suivantes\u00a0:<\/p>\n<ul>\n<li>Cr\u00e9er un ou plusieurs fichiers PDF \u00e0 partir de n&#8217;importe quel fichier enregistr\u00e9 dans iManage Work et le r\u00e9enregistrer dans iManage Work.<\/li>\n<li>Cr\u00e9er un portfolio PDF \u00e0 partir de fichiers enregistr\u00e9s dans iManage Work et l\u2019enregistrer dans iManage Work.<\/li>\n<li>Comparer deux fichiers PDF enregistr\u00e9s dans iManage Work.<\/li>\n<li>Combiner deux ou plusieurs fichiers PDF enregistr\u00e9s dans iManage Work.<\/li>\n<li>Ajouter des num\u00e9ros Bates aux fichiers PDF enregistr\u00e9s dans iManage Work.<\/li>\n<\/ul>\n<p>Vous devez ouvrir des fichiers depuis votre machine locale\u00a0? Utilisez l\u2019option <strong>Ouvrir le fichier local<\/strong> disponible dans la bo\u00eete de dialogue <strong>Ouvrir<\/strong> d\u2019iManage pour ouvrir tout fichier disponible sur votre machine.<\/p>\n<p><strong>REMARQUE<\/strong>\u00a0: Ces fonctionnalit\u00e9s ne sont pas prises en charge lors de l&#8217;utilisation d&#8217;Adobe Acrobat Reader.<\/p>\n<h3>Vous souhaitez utiliser Adobe Acrobat dans une autre langue\u00a0?<\/h3>\n<p>Auparavant, Adobe Acrobat Reader et Adobe Acrobat DC prenaient en charge la localisation bas\u00e9e sur la langue configur\u00e9e dans Microsoft Windows uniquement. Vous pouvez maintenant configurer Adobe Acrobat pour qu&#8217;il soit dans n&#8217;importe quelle langue prise en charge par la configuration locale. Contactez votre administrateur si vous devez modifier la langue par d\u00e9faut d&#8217;Adobe Acrobat.<\/p>\n<p><strong>REMARQUE<\/strong>\u00a0: Les langues prises en charge sont l&#8217;anglais (par d\u00e9faut), le fran\u00e7ais (France), l&#8217;allemand, le portugais (Br\u00e9sil), l&#8217;espagnol, le japonais et le chinois simplifi\u00e9.<\/p>\n<h2>Am\u00e9liorations de la gestion des e-mails pour Microsoft Outlook<\/h2>\n<h3>Enregistrement de pi\u00e8ces jointes \u00e0 partir d&#8217;une invitation de Microsoft Outlook<\/h3>\n<p>Vous pouvez d\u00e9sormais enregistrer les pi\u00e8ces jointes re\u00e7ues dans les invitations de Microsoft Outlook sur iManage Work en tant que nouveau document ou nouvelle version \u00e0 l&#8217;aide de l\u2019option disponible dans la barre d&#8217;outils EMM <strong>Enregistrer les pi\u00e8ces jointes<\/strong>.<\/p>\n<p><img loading=\"lazy\" decoding=\"async\" class=\"alignnone wp-image-704\" src=\"https:\/\/docs.imanage.com\/wp-content\/uploads\/2021\/09\/SaveAttachment.gif\" alt=\"\" width=\"900\" height=\"441\" \/><\/p>\n<h3>Plus d&#8217;une suggestion d&#8217;archivage d&#8217;e-mails?<\/h3>\n<p>Pour augmenter la pr\u00e9cision des suggestions d&#8217;e-mails, une ic\u00f4ne de suggestion et une info-bulle s&#8217;affichent d\u00e9sormais pour indiquer que d&#8217;autres suggestions de classement sont disponibles lorsque vous s\u00e9lectionnez un emplacement de classement pour le classement des e-mails.<\/p>\n<p><img loading=\"lazy\" decoding=\"async\" class=\"alignnone wp-image-699\" src=\"https:\/\/docs.imanage.com\/wp-content\/uploads\/2021\/09\/image-1.png\" alt=\"\" width=\"900\" height=\"99\" srcset=\"https:\/\/docs.imanage.com\/wp-content\/uploads\/2021\/09\/image-1.png 970w, https:\/\/docs.imanage.com\/wp-content\/uploads\/2021\/09\/image-1-300x33.png 300w, https:\/\/docs.imanage.com\/wp-content\/uploads\/2021\/09\/image-1-768x85.png 768w\" sizes=\"auto, (max-width: 900px) 100vw, 900px\" \/><\/p>\n<h3>Vous voulez afficher tous les fichiers enregistr\u00e9s lors de la s\u00e9lection d&#8217;un emplacement de classement\u00a0?<\/h3>\n<p>Maintenant, vous pouvez simplement ouvrir le dossier iManage Work \u00e0 partir du classement sugg\u00e9r\u00e9 pour afficher tous les e-mails et documents enregistr\u00e9s dans le dossier d\u2019iManage Work. Cela vous permet de d\u00e9terminer si l&#8217;emplacement de d\u00e9p\u00f4t que vous avez s\u00e9lectionn\u00e9 est le bon.<\/p>\n<h3><img loading=\"lazy\" decoding=\"async\" class=\"alignnone wp-image-713\" style=\"font-size: 1rem;\" src=\"https:\/\/docs.imanage.com\/wp-content\/uploads\/2021\/09\/2_filingFolder.gif\" alt=\"\" width=\"900\" height=\"518\" \/><\/h3>\n<h3>Choisissez comment vous souhaitez ins\u00e9rer les pi\u00e8ces jointes lors de la r\u00e9daction des e-mails<\/h3>\n<p>Vous pouvez maintenant d\u00e9cider comment les pi\u00e8ces jointes peuvent \u00eatre ajout\u00e9es (lien, fichier ou les deux) et votre s\u00e9lection sera m\u00e9moris\u00e9e. Cela vous permet de gagner du temps lors de la r\u00e9daction des e-mails.<\/p>\n<p><img loading=\"lazy\" decoding=\"async\" class=\"alignnone wp-image-712\" src=\"https:\/\/docs.imanage.com\/wp-content\/uploads\/2021\/09\/1_InsertAttachment.gif\" alt=\"\" width=\"900\" height=\"518\" \/><\/p>\n<h1>Nouveaut\u00e9s dans iManage Drive<\/h1>\n<p><strong>Cr\u00e9er\u00a0: 10.6.1 (Novembre 2021)<\/strong><\/p>\n<h2>Invite de confirmation des changements aux fichiers et aux dossiers<\/h2>\n<p>iManage Drive vous avertit d\u00e9sormais avant d&#8217;effectuer des actions group\u00e9es, par exemple &#8211; les suppressions group\u00e9es sont synchronis\u00e9es avec le serveur.\u00a0L&#8217;application vous invite \u00e0 confirmer les modifications apport\u00e9es aux fichiers et aux dossiers, telles que la suppression, la cr\u00e9ation, la mise \u00e0 jour et le renommage, avant de les synchroniser avec iManage Work.<\/p>\n<p>Votre administrateur peut configurer le nombre de modifications ou de suppressions qui doivent se produire pour que l&#8217;application affiche la bo\u00eete de dialogue de confirmation de synchronisation ; la valeur par d\u00e9faut est de 10. Vous pouvez modifier cela en utilisant l&#8217;onglet <strong>Pr\u00e9f\u00e9rences\u00a0<\/strong>><strong>\u00a0Notifications<\/strong>.\u00a0Pour plus d&#8217;informations, consultez la section<em> Confirmation des modifications de fichiers et de dossiers du Guide de l&#8217;utilisateur d&#8217;iManage Drive 10.6.1.<\/em><\/p>\n<p><img loading=\"lazy\" decoding=\"async\" class=\"alignnone wp-image-749\" src=\"https:\/\/docs.imanage.com\/wp-content\/uploads\/2021\/11\/SyncConfirm-2.gif\" alt=\"\" width=\"1000\" height=\"625\" \/><\/p>\n<h2>Gestion des probl\u00e8mes de synchronisation des fichiers<\/h2>\n<p>Pour s&#8217;assurer que les modifications ne sont pas perdues pour les fichiers de votre r\u00e9pertoire de travail iManage Drive qui ne sont pas synchronis\u00e9s avec le serveur en raison de probl\u00e8mes d&#8217;autorisation ou autres, la bo\u00eete de dialogue Probl\u00e8mes de synchronisation s&#8217;affiche pour vous permettre de\u00a0:<\/p>\n<ul>\n<li>copier les fichiers \u00e0 l&#8217;endroit souhait\u00e9<\/li>\n<li>ignorer certains ou tous les fichiers list\u00e9s<\/li>\n<li>cliquer avec le bouton droit de la souris sur les fichiers individuels, et choisir l&#8217;action souhait\u00e9e dans le menu contextuel affich\u00e9.<\/li>\n<\/ul>\n<p>Pour plus d&#8217;informations, consultez la section <em>Gestion des probl\u00e8mes de synchronisation des fichiers du Guide de l&#8217;utilisateur d&#8217;iManage Drive 10.6.1.<\/em><\/p>\n<p><img loading=\"lazy\" decoding=\"async\" class=\"alignnone size-full wp-image-748\" src=\"https:\/\/docs.imanage.com\/wp-content\/uploads\/2021\/11\/SyncIssues-2.gif\" alt=\"\" width=\"1000\" height=\"625\" \/><\/p>\n<h2>Am\u00e9lioration de la messagerie de l&#8217;interface utilisateur: Actions sur l&#8217;espace de travail et les dossiers<\/h2>\n<p>Lorsque vous effectuez une action de suppression, de copie, de cr\u00e9ation, de renommage ou de d\u00e9placement qu&#8217;iManage Drive bloque, l&#8217;application affiche des messages pour indiquer pourquoi l&#8217;action n&#8217;\u00e9tait pas autoris\u00e9e. Cela vous permet d&#8217;\u00e9viter de r\u00e9p\u00e9ter l&#8217;action interdite, de modifier les param\u00e8tres applicables pour permettre l&#8217;action ou de demander les autorisations requises.\u00a0Voici quelques sc\u00e9narios dans lesquels ces messages apparaissent\u00a0:<\/p>\n<ul>\n<li>Copie d&#8217;un dossier en dehors d&#8217;iManage Drive lorsque le param\u00e8tre allow_folder_copy_outside_drive est d\u00e9sactiv\u00e9.<\/li>\n<li>Tentative de d\u00e9placement d\u2019un dossier hors d\u2019iManage Drive.<\/li>\n<li>Renommer et supprimer des dossiers sans le niveau d&#8217;autorisation requis pour le faire.<\/li>\n<li>Copier et d\u00e9placer des dossiers vers d&#8217;autres dossiers sans le niveau d&#8217;autorisation requis pour les dossiers principaux.<\/li>\n<li>Ex\u00e9cution de t\u00e2ches interdites telles que tenter de supprimer ou de d\u00e9placer un dossier lorsqu&#8217;il est hors ligne, d\u00e9placer des dossiers entre espaces de travail et effectuer des op\u00e9rations sur les dossiers au niveau o\u00f9 se trouvent tous les espaces de travail, ainsi que dans les dossiers <strong>Mes affaires<\/strong> et <strong>Affaires r\u00e9centes.<\/strong><\/li>\n<li>Essayer de supprimer des dossiers lorsque la suppression de ceux-ci n&#8217;est pas activ\u00e9e dans les <strong>Pr\u00e9f\u00e9rences <\/strong>de l&#8217;application.<\/li>\n<\/ul>\n<p><img loading=\"lazy\" decoding=\"async\" class=\"alignnone size-full wp-image-747\" src=\"https:\/\/docs.imanage.com\/wp-content\/uploads\/2021\/11\/WorkspaceFldrs-2.gif\" alt=\"\" width=\"1000\" height=\"625\" \/><\/p>\n<p><strong>Version pr\u00e9c\u00e9dente<\/strong>: <a href=\"https:\/\/docs.imanage.com\/fr\/work\/whats-new-in-imanage-wdw-2021.html\">iManage Work Desktop for Windows 10.5 et iManage Drive 10.5.1<\/a><\/p>\n","protected":false},"excerpt":{"rendered":"<p>Cr\u00e9er : 10.6.0.64\u00a0 (octobre 2021) Am\u00e9liorations apport\u00e9es au travail avec des documents Cr\u00e9er des lettres personnalis\u00e9es \u00e0 l&#8217;aide du publipostage Cr\u00e9ez-vous un lot de documents, par exemple une lettre ou une facture, qui est personnalis\u00e9 pour chacun de vos clients\u00a0? Vous pouvez d\u00e9sormais lancer un publipostage en s\u00e9lectionnant des documents directement depuis iManage Work au [&hellip;]<\/p>\n","protected":false},"author":4,"featured_media":0,"parent":146,"menu_order":0,"comment_status":"closed","ping_status":"closed","template":"","meta":{"_acf_changed":false,"footnotes":""},"class_list":["post-644","page","type-page","status-publish","hentry"],"translation":{"provider":"WPGlobus","version":"3.0.2","language":"fr","enabled_languages":["en","de","fr","qc","jp","br","es","zh"],"languages":{"en":{"title":true,"content":true,"excerpt":false},"de":{"title":true,"content":true,"excerpt":false},"fr":{"title":true,"content":true,"excerpt":false},"qc":{"title":false,"content":false,"excerpt":false},"jp":{"title":true,"content":true,"excerpt":false},"br":{"title":true,"content":true,"excerpt":false},"es":{"title":true,"content":true,"excerpt":false},"zh":{"title":true,"content":true,"excerpt":false}}},"acf":[],"yoast_head":"<!-- This site is optimized with the Yoast SEO plugin v27.3 - https:\/\/yoast.com\/product\/yoast-seo-wordpress\/ -->\n<title>Ce qu\u2019il y a de nouveau dans iManage Work Desktop for Windows &#8211; Docs - iManage<\/title>\n<meta name=\"robots\" content=\"index, follow, max-snippet:-1, max-image-preview:large, max-video-preview:-1\" \/>\n<link rel=\"canonical\" href=\"https:\/\/docs.imanage.com\/work\/whats-new-in-imanage-wdw-2021-10.html\" \/>\n<meta property=\"og:locale\" content=\"fr_FR\" \/>\n<meta property=\"og:type\" content=\"article\" \/>\n<meta property=\"og:title\" content=\"Ce qu\u2019il y a de nouveau dans iManage Work Desktop for Windows &#8211; Docs - iManage\" \/>\n<meta property=\"og:url\" content=\"https:\/\/docs.imanage.com\/work\/whats-new-in-imanage-wdw-2021-10.html\" \/>\n<meta property=\"og:site_name\" content=\"Docs - iManage\" \/>\n<meta property=\"article:modified_time\" content=\"2022-02-22T12:06:01+00:00\" \/>\n<meta property=\"og:image\" content=\"https:\/\/docs.imanage.com\/wp-content\/uploads\/2021\/09\/mail_merge_01-1024x151.png\" \/>\n<meta name=\"twitter:card\" content=\"summary_large_image\" \/>\n<meta name=\"twitter:label1\" content=\"Est. reading time\" \/>\n\t<meta name=\"twitter:data1\" content=\"27 minutes\" \/>\n<script type=\"application\/ld+json\" class=\"yoast-schema-graph\">{\"@context\":\"https:\\\/\\\/schema.org\",\"@graph\":[{\"@type\":\"WebPage\",\"@id\":\"https:\\\/\\\/docs.imanage.com\\\/work\\\/whats-new-in-imanage-wdw-2021-10.html\",\"url\":\"https:\\\/\\\/docs.imanage.com\\\/work\\\/whats-new-in-imanage-wdw-2021-10.html\",\"name\":\"Ce qu\u2019il y a de nouveau dans iManage Work Desktop for Windows &#8211; Docs - iManage\",\"isPartOf\":{\"@id\":\"https:\\\/\\\/docs.imanage.com\\\/#website\"},\"primaryImageOfPage\":{\"@id\":\"https:\\\/\\\/docs.imanage.com\\\/work\\\/whats-new-in-imanage-wdw-2021-10.html#primaryimage\"},\"image\":{\"@id\":\"https:\\\/\\\/docs.imanage.com\\\/work\\\/whats-new-in-imanage-wdw-2021-10.html#primaryimage\"},\"thumbnailUrl\":\"https:\\\/\\\/docs.imanage.com\\\/wp-content\\\/uploads\\\/2021\\\/09\\\/mail_merge_01-1024x151.png\",\"datePublished\":\"2021-07-17T13:44:48+00:00\",\"dateModified\":\"2022-02-22T12:06:01+00:00\",\"breadcrumb\":{\"@id\":\"https:\\\/\\\/docs.imanage.com\\\/work\\\/whats-new-in-imanage-wdw-2021-10.html#breadcrumb\"},\"inLanguage\":\"fr-FR\",\"potentialAction\":[{\"@type\":\"ReadAction\",\"target\":[\"https:\\\/\\\/docs.imanage.com\\\/work\\\/whats-new-in-imanage-wdw-2021-10.html\"]}]},{\"@type\":\"ImageObject\",\"inLanguage\":\"fr-FR\",\"@id\":\"https:\\\/\\\/docs.imanage.com\\\/work\\\/whats-new-in-imanage-wdw-2021-10.html#primaryimage\",\"url\":\"https:\\\/\\\/docs.imanage.com\\\/wp-content\\\/uploads\\\/2021\\\/09\\\/mail_merge_01-1024x151.png\",\"contentUrl\":\"https:\\\/\\\/docs.imanage.com\\\/wp-content\\\/uploads\\\/2021\\\/09\\\/mail_merge_01-1024x151.png\"},{\"@type\":\"BreadcrumbList\",\"@id\":\"https:\\\/\\\/docs.imanage.com\\\/work\\\/whats-new-in-imanage-wdw-2021-10.html#breadcrumb\",\"itemListElement\":[{\"@type\":\"ListItem\",\"position\":1,\"name\":\"Home\",\"item\":\"https:\\\/\\\/docs.imanage.com\\\/\"},{\"@type\":\"ListItem\",\"position\":2,\"name\":\"Work\",\"item\":\"https:\\\/\\\/docs.imanage.com\\\/work.html\"},{\"@type\":\"ListItem\",\"position\":3,\"name\":\"What&#8217;s new in iManage Work Desktop for Windows\"}]},{\"@type\":\"WebSite\",\"@id\":\"https:\\\/\\\/docs.imanage.com\\\/#website\",\"url\":\"https:\\\/\\\/docs.imanage.com\\\/\",\"name\":\"Docs - iManage\",\"description\":\"\",\"potentialAction\":[{\"@type\":\"SearchAction\",\"target\":{\"@type\":\"EntryPoint\",\"urlTemplate\":\"https:\\\/\\\/docs.imanage.com\\\/?s={search_term_string}\"},\"query-input\":{\"@type\":\"PropertyValueSpecification\",\"valueRequired\":true,\"valueName\":\"search_term_string\"}}],\"inLanguage\":\"fr-FR\"}]}<\/script>\n<!-- \/ Yoast SEO plugin. -->","yoast_head_json":{"title":"Ce qu\u2019il y a de nouveau dans iManage Work Desktop for Windows &#8211; Docs - iManage","robots":{"index":"index","follow":"follow","max-snippet":"max-snippet:-1","max-image-preview":"max-image-preview:large","max-video-preview":"max-video-preview:-1"},"canonical":"https:\/\/docs.imanage.com\/work\/whats-new-in-imanage-wdw-2021-10.html","og_locale":"fr_FR","og_type":"article","og_title":"Ce qu\u2019il y a de nouveau dans iManage Work Desktop for Windows &#8211; Docs - iManage","og_url":"https:\/\/docs.imanage.com\/work\/whats-new-in-imanage-wdw-2021-10.html","og_site_name":"Docs - iManage","article_modified_time":"2022-02-22T12:06:01+00:00","og_image":[{"url":"https:\/\/docs.imanage.com\/wp-content\/uploads\/2021\/09\/mail_merge_01-1024x151.png","type":"","width":"","height":""}],"twitter_card":"summary_large_image","twitter_misc":{"Est. reading time":"27 minutes"},"schema":{"@context":"https:\/\/schema.org","@graph":[{"@type":"WebPage","@id":"https:\/\/docs.imanage.com\/work\/whats-new-in-imanage-wdw-2021-10.html","url":"https:\/\/docs.imanage.com\/work\/whats-new-in-imanage-wdw-2021-10.html","name":"Ce qu\u2019il y a de nouveau dans iManage Work Desktop for Windows &#8211; Docs - iManage","isPartOf":{"@id":"https:\/\/docs.imanage.com\/#website"},"primaryImageOfPage":{"@id":"https:\/\/docs.imanage.com\/work\/whats-new-in-imanage-wdw-2021-10.html#primaryimage"},"image":{"@id":"https:\/\/docs.imanage.com\/work\/whats-new-in-imanage-wdw-2021-10.html#primaryimage"},"thumbnailUrl":"https:\/\/docs.imanage.com\/wp-content\/uploads\/2021\/09\/mail_merge_01-1024x151.png","datePublished":"2021-07-17T13:44:48+00:00","dateModified":"2022-02-22T12:06:01+00:00","breadcrumb":{"@id":"https:\/\/docs.imanage.com\/work\/whats-new-in-imanage-wdw-2021-10.html#breadcrumb"},"inLanguage":"fr-FR","potentialAction":[{"@type":"ReadAction","target":["https:\/\/docs.imanage.com\/work\/whats-new-in-imanage-wdw-2021-10.html"]}]},{"@type":"ImageObject","inLanguage":"fr-FR","@id":"https:\/\/docs.imanage.com\/work\/whats-new-in-imanage-wdw-2021-10.html#primaryimage","url":"https:\/\/docs.imanage.com\/wp-content\/uploads\/2021\/09\/mail_merge_01-1024x151.png","contentUrl":"https:\/\/docs.imanage.com\/wp-content\/uploads\/2021\/09\/mail_merge_01-1024x151.png"},{"@type":"BreadcrumbList","@id":"https:\/\/docs.imanage.com\/work\/whats-new-in-imanage-wdw-2021-10.html#breadcrumb","itemListElement":[{"@type":"ListItem","position":1,"name":"Home","item":"https:\/\/docs.imanage.com\/"},{"@type":"ListItem","position":2,"name":"Work","item":"https:\/\/docs.imanage.com\/work.html"},{"@type":"ListItem","position":3,"name":"What&#8217;s new in iManage Work Desktop for Windows"}]},{"@type":"WebSite","@id":"https:\/\/docs.imanage.com\/#website","url":"https:\/\/docs.imanage.com\/","name":"Docs - iManage","description":"","potentialAction":[{"@type":"SearchAction","target":{"@type":"EntryPoint","urlTemplate":"https:\/\/docs.imanage.com\/?s={search_term_string}"},"query-input":{"@type":"PropertyValueSpecification","valueRequired":true,"valueName":"search_term_string"}}],"inLanguage":"fr-FR"}]}},"_links":{"self":[{"href":"https:\/\/docs.imanage.com\/fr\/wp-json\/wp\/v2\/pages\/644","targetHints":{"allow":["GET"]}}],"collection":[{"href":"https:\/\/docs.imanage.com\/fr\/wp-json\/wp\/v2\/pages"}],"about":[{"href":"https:\/\/docs.imanage.com\/fr\/wp-json\/wp\/v2\/types\/page"}],"author":[{"embeddable":true,"href":"https:\/\/docs.imanage.com\/fr\/wp-json\/wp\/v2\/users\/4"}],"replies":[{"embeddable":true,"href":"https:\/\/docs.imanage.com\/fr\/wp-json\/wp\/v2\/comments?post=644"}],"version-history":[{"count":0,"href":"https:\/\/docs.imanage.com\/fr\/wp-json\/wp\/v2\/pages\/644\/revisions"}],"up":[{"embeddable":true,"href":"https:\/\/docs.imanage.com\/fr\/wp-json\/wp\/v2\/pages\/146"}],"wp:attachment":[{"href":"https:\/\/docs.imanage.com\/fr\/wp-json\/wp\/v2\/media?parent=644"}],"curies":[{"name":"wp","href":"https:\/\/api.w.org\/{rel}","templated":true}]}}