{"id":711,"date":"2021-09-28T13:00:57","date_gmt":"2021-09-28T13:00:57","guid":{"rendered":"https:\/\/docs.imanage.com\/?page_id=711"},"modified":"2024-04-16T17:20:33","modified_gmt":"2024-04-16T17:20:33","slug":"whats-new-in-imanage-wdw-2022-02","status":"publish","type":"page","link":"https:\/\/docs.imanage.com\/fr\/work\/whats-new-in-imanage-wdw-2022-02.html","title":{"rendered":"Les nouveaut\u00e9s dans iManage Work Desktop for Windows"},"content":{"rendered":"<p><strong>Version 10.7.1.20 (Novembre 2022)<\/strong><\/p>\n<h2>Am\u00e9liorations g\u00e9n\u00e9rales<\/h2>\n<p>Cette version corrige plusieurs probl\u00e8mes. Aucune nouvelle fonctionnalit\u00e9 n&#8217;est incluse dans cette version.<\/p>\n<p><strong>Version 10.7.1.1 (Juin 2022)<\/strong><\/p>\n<h2>Am\u00e9liorations g\u00e9n\u00e9rales<\/h2>\n<p>Il y a plusieurs modifications ajout\u00e9s afin d\u2019am\u00e9liorer la convivialit\u00e9 et les performances globales. En particulier,<\/p>\n<ul>\n<li>R\u00e9solution des probl\u00e8mes li\u00e9s \u00e0 la r\u00e9solution et \u00e0 la mise \u00e0 l&#8217;\u00e9chelle de l&#8217;affichage des bo\u00eetes de dialogue d&#8217;iManage Integrated (iManage Open, iManage Save, etc.). D\u00e9sormais, lorsque vous modifiez la r\u00e9solution et les valeurs d&#8217;affichage de votre moniteur ou que vous utilisez plusieurs moniteurs avec chacun un param\u00e8tre d&#8217;affichage diff\u00e9rent, les bo\u00eetes de dialogue int\u00e9gr\u00e9es \u00e0 iManage s&#8217;affichent automatiquement en fonction des param\u00e8tres du moniteur. Il n&#8217;y a plus de flou, de vide ou de d\u00e9calage.<\/li>\n<li>R\u00e9solution des probl\u00e8mes li\u00e9s \u00e0 la cr\u00e9ation de fichiers PDF \u00e0 l&#8217;aide de l&#8217;option iManage <strong>Enregistrer en PDF<\/strong> dans Microsoft Word. Lorsque vous essayez de cr\u00e9er des fichiers PDF enregistr\u00e9s sur votre ordinateur, <strong>Nouveau document<\/strong> est s\u00e9lectionn\u00e9 par d\u00e9faut. Lorsque vous essayez de cr\u00e9er des fichiers PDF \u00e0 partir de documents enregistr\u00e9s dans iManage Work, l&#8217;option <strong>Nouvelle version<\/strong> est s\u00e9lectionn\u00e9e par d\u00e9faut.<\/li>\n<li>R\u00e9solution des probl\u00e8mes li\u00e9s aux fichiers de configuration qui ne pouvaient pas \u00eatre t\u00e9l\u00e9charg\u00e9s pour certains utilisateurs d&#8217;iManage Cloud.<\/li>\n<li>R\u00e9solution des probl\u00e8mes li\u00e9s aux documents Microsoft Word qui ne pouvaient pas s&#8217;enregistrer lorsqu&#8217;ils \u00e9taient ouverts en vue prot\u00e9g\u00e9e et ferm\u00e9s apr\u00e8s avoir \u00e9t\u00e9 modifi\u00e9s.<\/li>\n<\/ul>\n<p><strong>Version 10.7.0.105 (Avril 2022)<\/strong><\/p>\n<h2>iManage Work Panel affiche d\u00e9sormais une r\u00e9ponse en temps r\u00e9el lorsque vous faites glisser des e-mails pour les classer<\/h2>\n<p>iManage Work Panel s&#8217;actualise automatiquement lorsque vous faites glisser des e-mails ou des pi\u00e8ces jointes vers un dossier d&#8217;iManage Work Panel pour les classer. En d&#8217;autres termes, vous pouvez voir les modifications d\u00e8s que la pi\u00e8ce jointe ou l&#8217;e-mail est class\u00e9. Il n&#8217;est donc plus n\u00e9cessaire de rafra\u00eechir manuellement l\u2019iManage Work Panel pour confirmer le classement.<\/p>\n<p><strong>REMARQUE<\/strong>\u00a0: Cette fonctionnalit\u00e9 n\u00e9cessite iManage Work Desktop for Windows 10.6.0 ou une version ult\u00e9rieure, iManage Work web Version 10.4.x et les mises \u00e0 jour de service d&#8217;octobre 2021 pour les utilisateurs d&#8217;iManage Work Cloud.<\/p>\n<p><img loading=\"lazy\" decoding=\"async\" class=\"alignnone wp-image-775\" src=\"https:\/\/docs.imanage.com\/wp-content\/uploads\/2022\/03\/WorkPanelRefresh_2.gif\" alt=\"\" width=\"800\" height=\"390\" \/><\/p>\n<h2>Modifiez vos fichiers PDF dans Adobe Acrobat Pro et Adobe Acrobat Reader en mode prot\u00e9g\u00e9<\/h2>\n<p>Si votre entreprise vous autorise \u00e0 utiliser Adobe Acrobat Pro ou Adobe Acrobat Reader uniquement en mode prot\u00e9g\u00e9, vous pouvez d\u00e9sormais modifier les fichiers PDF enregistr\u00e9s dans iManage Work \u00e0 l&#8217;aide de ces applications, m\u00eame lorsque le mode prot\u00e9g\u00e9 est activ\u00e9.<\/p>\n<p>Lorsque le mode prot\u00e9g\u00e9 est activ\u00e9 dans Adobe Acrobat Pro et Adobe Acrobat Reader, le plug-in iManage Work est d\u00e9sactiv\u00e9 dans ces applications et vous ne pouvez pas afficher les options iManage Work telles que Ouvrir, Enregistrer sous, etc. Toutefois, lorsque vous modifiez des fichiers PDF dans iManage Work \u00e0 l&#8217;aide de ces applications, toutes vos modifications sont enregistr\u00e9es dans iManage Work. Pour activer cette fonctionnalit\u00e9 ou pour en savoir plus, veuillez contacter votre administrateur.<\/p>\n<p><img loading=\"lazy\" decoding=\"async\" class=\"alignnone wp-image-776\" src=\"https:\/\/docs.imanage.com\/wp-content\/uploads\/2022\/03\/NonIntegration.gif\" alt=\"\" width=\"800\" height=\"450\" \/><\/p>\n<h2>Le fran\u00e7ais canadien est d\u00e9sormais disponible dans iManage Work Desktop for Windows<\/h2>\n<p>iManage Work Desktop for Windows affiche d\u00e9sormais le fran\u00e7ais canadien lorsque la langue d&#8217;affichage de Microsoft Windows et Microsoft Office sont configur\u00e9s sur le fran\u00e7ais canadien.\u00a0 Pour en savoir plus, veuillez contacter votre administrateur.<\/p>\n<h1>Les nouveaut\u00e9s dans iManage Drive<\/h1>\n<p><strong>Cr\u00e9er : 10.8.0 (Septembre 2022)<\/strong><\/p>\n<h2 id=\"id-.ForBeamerv10.8.0-Lafonction\u00abRechercher\u00bbestd\u00e9sormaisdisponibledansiManageDrive\">La fonction \u00ab\u00a0Rechercher\u00a0\u00bb est d\u00e9sormais disponible dans iManage Drive<\/h2>\n<p>Vous pouvez d\u00e9sormais rechercher un ou plusieurs documents stock\u00e9s dans un espace de travail synchronis\u00e9 depuis iManage Drive. S\u00e9lectionnez <img loading=\"lazy\" decoding=\"async\" class=\"alignnone wp-image-821\" src=\"https:\/\/docs.imanage.com\/wp-content\/uploads\/2022\/09\/Screenshot-2022-07-24-at-10.00.32-PM-1.png\" alt=\"\" width=\"25\" height=\"28\" \/>\u00a0(ic\u00f4ne \u00ab\u00a0Rechercher\u00a0\u00bb) dans iManage Drive pour ouvrir la fen\u00eatre de\u00a0<strong>recherche\u00a0<\/strong>dans l\u2019application et pour rechercher des documents soit au moyen d\u2019un mot clef, du titre du document, de l\u2019auteur ou op\u00e9rateur pr\u00e9c\u00e9d\u00e9 du symbole @, soit du num\u00e9ro du document pr\u00e9c\u00e9d\u00e9 par le symbole #.\u00a0Pour en savoir plus sur cette fonctionnalit\u00e9, consultez la rubrique\u00a0<a class=\"external-link\" href=\"https:\/\/docs.imanage.com\/drive-windows-help\/10.8.0\/en\/Searching_for_documents_in_iManage_Drive.html\" rel=\"nofollow\"><em>Rechercher des documents dans iManage Drive<\/em><\/a>\u00a0dans l\u2019<a class=\"external-link\" href=\"https:\/\/docs.imanage.com\/drive-windows-help\/10.8.0\/en\/iManage_Drive_User_Guide.html\" rel=\"nofollow\"><em>aide utilisateur d\u2019iManage Drive<\/em><\/a>.\u00a0La fonction \u00ab\u00a0Rechercher\u00a0\u00bb est disponible dans la version iManage Drive 10.8.0 et les versions plus r\u00e9centes.<\/p>\n<p><img loading=\"lazy\" decoding=\"async\" class=\"alignnone size-full wp-image-822\" src=\"https:\/\/docs.imanage.com\/wp-content\/uploads\/2022\/09\/3_searchwindows.gif\" alt=\"\" width=\"820\" height=\"659\" \/><\/p>\n<p><strong>Version pr\u00e9c\u00e9dente<\/strong>:\u00a0<a href=\"https:\/\/docs.imanage.com\/fr\/work\/whats-new-in-imanage-wdw-2021-10.html\">iManage Work Desktop for Windows 10.6.0<\/a><\/p>\n","protected":false},"excerpt":{"rendered":"<p>Version 10.7.1.20 (Novembre 2022) Am\u00e9liorations g\u00e9n\u00e9rales Cette version corrige plusieurs probl\u00e8mes. Aucune nouvelle fonctionnalit\u00e9 n&#8217;est incluse dans cette version. Version 10.7.1.1 (Juin 2022) Am\u00e9liorations g\u00e9n\u00e9rales Il y a plusieurs modifications ajout\u00e9s afin d\u2019am\u00e9liorer la convivialit\u00e9 et les performances globales. En particulier, R\u00e9solution des probl\u00e8mes li\u00e9s \u00e0 la r\u00e9solution et \u00e0 la mise \u00e0 l&#8217;\u00e9chelle de [&hellip;]<\/p>\n","protected":false},"author":4,"featured_media":0,"parent":146,"menu_order":0,"comment_status":"closed","ping_status":"closed","template":"","meta":{"_acf_changed":false,"footnotes":""},"class_list":["post-711","page","type-page","status-publish","hentry"],"translation":{"provider":"WPGlobus","version":"3.0.2","language":"fr","enabled_languages":["en","de","fr","qc","jp","br","es","zh"],"languages":{"en":{"title":true,"content":true,"excerpt":false},"de":{"title":true,"content":true,"excerpt":false},"fr":{"title":true,"content":true,"excerpt":false},"qc":{"title":true,"content":true,"excerpt":false},"jp":{"title":true,"content":true,"excerpt":false},"br":{"title":true,"content":true,"excerpt":false},"es":{"title":true,"content":true,"excerpt":false},"zh":{"title":true,"content":true,"excerpt":false}}},"acf":[],"yoast_head":"<!-- This site is optimized with the Yoast SEO plugin v27.3 - https:\/\/yoast.com\/product\/yoast-seo-wordpress\/ -->\n<title>Les nouveaut\u00e9s dans iManage Work Desktop for Windows &#8211; Docs - iManage<\/title>\n<meta name=\"robots\" content=\"index, follow, max-snippet:-1, max-image-preview:large, max-video-preview:-1\" \/>\n<link rel=\"canonical\" href=\"https:\/\/docs.imanage.com\/work\/whats-new-in-imanage-wdw-2022-02.html\" \/>\n<meta property=\"og:locale\" content=\"fr_FR\" \/>\n<meta property=\"og:type\" content=\"article\" \/>\n<meta property=\"og:title\" content=\"Les nouveaut\u00e9s dans iManage Work Desktop for Windows &#8211; Docs - iManage\" \/>\n<meta property=\"og:url\" content=\"https:\/\/docs.imanage.com\/work\/whats-new-in-imanage-wdw-2022-02.html\" \/>\n<meta property=\"og:site_name\" content=\"Docs - iManage\" \/>\n<meta property=\"article:modified_time\" content=\"2024-04-16T17:20:33+00:00\" \/>\n<meta property=\"og:image\" content=\"https:\/\/docs.imanage.com\/wp-content\/uploads\/2022\/03\/WorkPanelRefresh_2.gif\" \/>\n<meta name=\"twitter:card\" content=\"summary_large_image\" \/>\n<meta name=\"twitter:label1\" content=\"Est. reading time\" \/>\n\t<meta name=\"twitter:data1\" content=\"2 minutes\" \/>\n<script type=\"application\/ld+json\" class=\"yoast-schema-graph\">{\"@context\":\"https:\\\/\\\/schema.org\",\"@graph\":[{\"@type\":\"WebPage\",\"@id\":\"https:\\\/\\\/docs.imanage.com\\\/work\\\/whats-new-in-imanage-wdw-2022-02.html\",\"url\":\"https:\\\/\\\/docs.imanage.com\\\/work\\\/whats-new-in-imanage-wdw-2022-02.html\",\"name\":\"Les nouveaut\u00e9s dans iManage Work Desktop for Windows &#8211; Docs - iManage\",\"isPartOf\":{\"@id\":\"https:\\\/\\\/docs.imanage.com\\\/#website\"},\"primaryImageOfPage\":{\"@id\":\"https:\\\/\\\/docs.imanage.com\\\/work\\\/whats-new-in-imanage-wdw-2022-02.html#primaryimage\"},\"image\":{\"@id\":\"https:\\\/\\\/docs.imanage.com\\\/work\\\/whats-new-in-imanage-wdw-2022-02.html#primaryimage\"},\"thumbnailUrl\":\"https:\\\/\\\/docs.imanage.com\\\/wp-content\\\/uploads\\\/2022\\\/03\\\/WorkPanelRefresh_2.gif\",\"datePublished\":\"2021-09-28T13:00:57+00:00\",\"dateModified\":\"2024-04-16T17:20:33+00:00\",\"breadcrumb\":{\"@id\":\"https:\\\/\\\/docs.imanage.com\\\/work\\\/whats-new-in-imanage-wdw-2022-02.html#breadcrumb\"},\"inLanguage\":\"fr-FR\",\"potentialAction\":[{\"@type\":\"ReadAction\",\"target\":[\"https:\\\/\\\/docs.imanage.com\\\/work\\\/whats-new-in-imanage-wdw-2022-02.html\"]}]},{\"@type\":\"ImageObject\",\"inLanguage\":\"fr-FR\",\"@id\":\"https:\\\/\\\/docs.imanage.com\\\/work\\\/whats-new-in-imanage-wdw-2022-02.html#primaryimage\",\"url\":\"https:\\\/\\\/docs.imanage.com\\\/wp-content\\\/uploads\\\/2022\\\/03\\\/WorkPanelRefresh_2.gif\",\"contentUrl\":\"https:\\\/\\\/docs.imanage.com\\\/wp-content\\\/uploads\\\/2022\\\/03\\\/WorkPanelRefresh_2.gif\"},{\"@type\":\"BreadcrumbList\",\"@id\":\"https:\\\/\\\/docs.imanage.com\\\/work\\\/whats-new-in-imanage-wdw-2022-02.html#breadcrumb\",\"itemListElement\":[{\"@type\":\"ListItem\",\"position\":1,\"name\":\"Home\",\"item\":\"https:\\\/\\\/docs.imanage.com\\\/\"},{\"@type\":\"ListItem\",\"position\":2,\"name\":\"Work\",\"item\":\"https:\\\/\\\/docs.imanage.com\\\/work.html\"},{\"@type\":\"ListItem\",\"position\":3,\"name\":\"What\u2019s new in iManage Work Desktop for Windows\"}]},{\"@type\":\"WebSite\",\"@id\":\"https:\\\/\\\/docs.imanage.com\\\/#website\",\"url\":\"https:\\\/\\\/docs.imanage.com\\\/\",\"name\":\"Docs - iManage\",\"description\":\"\",\"potentialAction\":[{\"@type\":\"SearchAction\",\"target\":{\"@type\":\"EntryPoint\",\"urlTemplate\":\"https:\\\/\\\/docs.imanage.com\\\/?s={search_term_string}\"},\"query-input\":{\"@type\":\"PropertyValueSpecification\",\"valueRequired\":true,\"valueName\":\"search_term_string\"}}],\"inLanguage\":\"fr-FR\"}]}<\/script>\n<!-- \/ Yoast SEO plugin. -->","yoast_head_json":{"title":"Les nouveaut\u00e9s dans iManage Work Desktop for Windows &#8211; Docs - iManage","robots":{"index":"index","follow":"follow","max-snippet":"max-snippet:-1","max-image-preview":"max-image-preview:large","max-video-preview":"max-video-preview:-1"},"canonical":"https:\/\/docs.imanage.com\/work\/whats-new-in-imanage-wdw-2022-02.html","og_locale":"fr_FR","og_type":"article","og_title":"Les nouveaut\u00e9s dans iManage Work Desktop for Windows &#8211; Docs - iManage","og_url":"https:\/\/docs.imanage.com\/work\/whats-new-in-imanage-wdw-2022-02.html","og_site_name":"Docs - iManage","article_modified_time":"2024-04-16T17:20:33+00:00","og_image":[{"url":"https:\/\/docs.imanage.com\/wp-content\/uploads\/2022\/03\/WorkPanelRefresh_2.gif","type":"","width":"","height":""}],"twitter_card":"summary_large_image","twitter_misc":{"Est. reading time":"2 minutes"},"schema":{"@context":"https:\/\/schema.org","@graph":[{"@type":"WebPage","@id":"https:\/\/docs.imanage.com\/work\/whats-new-in-imanage-wdw-2022-02.html","url":"https:\/\/docs.imanage.com\/work\/whats-new-in-imanage-wdw-2022-02.html","name":"Les nouveaut\u00e9s dans iManage Work Desktop for Windows &#8211; Docs - iManage","isPartOf":{"@id":"https:\/\/docs.imanage.com\/#website"},"primaryImageOfPage":{"@id":"https:\/\/docs.imanage.com\/work\/whats-new-in-imanage-wdw-2022-02.html#primaryimage"},"image":{"@id":"https:\/\/docs.imanage.com\/work\/whats-new-in-imanage-wdw-2022-02.html#primaryimage"},"thumbnailUrl":"https:\/\/docs.imanage.com\/wp-content\/uploads\/2022\/03\/WorkPanelRefresh_2.gif","datePublished":"2021-09-28T13:00:57+00:00","dateModified":"2024-04-16T17:20:33+00:00","breadcrumb":{"@id":"https:\/\/docs.imanage.com\/work\/whats-new-in-imanage-wdw-2022-02.html#breadcrumb"},"inLanguage":"fr-FR","potentialAction":[{"@type":"ReadAction","target":["https:\/\/docs.imanage.com\/work\/whats-new-in-imanage-wdw-2022-02.html"]}]},{"@type":"ImageObject","inLanguage":"fr-FR","@id":"https:\/\/docs.imanage.com\/work\/whats-new-in-imanage-wdw-2022-02.html#primaryimage","url":"https:\/\/docs.imanage.com\/wp-content\/uploads\/2022\/03\/WorkPanelRefresh_2.gif","contentUrl":"https:\/\/docs.imanage.com\/wp-content\/uploads\/2022\/03\/WorkPanelRefresh_2.gif"},{"@type":"BreadcrumbList","@id":"https:\/\/docs.imanage.com\/work\/whats-new-in-imanage-wdw-2022-02.html#breadcrumb","itemListElement":[{"@type":"ListItem","position":1,"name":"Home","item":"https:\/\/docs.imanage.com\/"},{"@type":"ListItem","position":2,"name":"Work","item":"https:\/\/docs.imanage.com\/work.html"},{"@type":"ListItem","position":3,"name":"What\u2019s new in iManage Work Desktop for Windows"}]},{"@type":"WebSite","@id":"https:\/\/docs.imanage.com\/#website","url":"https:\/\/docs.imanage.com\/","name":"Docs - iManage","description":"","potentialAction":[{"@type":"SearchAction","target":{"@type":"EntryPoint","urlTemplate":"https:\/\/docs.imanage.com\/?s={search_term_string}"},"query-input":{"@type":"PropertyValueSpecification","valueRequired":true,"valueName":"search_term_string"}}],"inLanguage":"fr-FR"}]}},"_links":{"self":[{"href":"https:\/\/docs.imanage.com\/fr\/wp-json\/wp\/v2\/pages\/711","targetHints":{"allow":["GET"]}}],"collection":[{"href":"https:\/\/docs.imanage.com\/fr\/wp-json\/wp\/v2\/pages"}],"about":[{"href":"https:\/\/docs.imanage.com\/fr\/wp-json\/wp\/v2\/types\/page"}],"author":[{"embeddable":true,"href":"https:\/\/docs.imanage.com\/fr\/wp-json\/wp\/v2\/users\/4"}],"replies":[{"embeddable":true,"href":"https:\/\/docs.imanage.com\/fr\/wp-json\/wp\/v2\/comments?post=711"}],"version-history":[{"count":0,"href":"https:\/\/docs.imanage.com\/fr\/wp-json\/wp\/v2\/pages\/711\/revisions"}],"up":[{"embeddable":true,"href":"https:\/\/docs.imanage.com\/fr\/wp-json\/wp\/v2\/pages\/146"}],"wp:attachment":[{"href":"https:\/\/docs.imanage.com\/fr\/wp-json\/wp\/v2\/media?parent=711"}],"curies":[{"name":"wp","href":"https:\/\/api.w.org\/{rel}","templated":true}]}}