{"id":794,"date":"2022-04-22T09:46:17","date_gmt":"2022-04-22T09:46:17","guid":{"rendered":"https:\/\/docs.imanage.com\/?page_id=794"},"modified":"2024-04-16T17:21:25","modified_gmt":"2024-04-16T17:21:25","slug":"whats-new-in-imanage-wdw-10-8-0","status":"publish","type":"page","link":"https:\/\/docs.imanage.com\/fr\/work\/whats-new-in-imanage-wdw-10-8-0.html","title":{"rendered":"Ce qu\u2019il y a de nouveau dans iManage Work Desktop for Windows"},"content":{"rendered":"<p>Build 10.8.0.98 (octobre 2022)<\/p>\n<h2>Lier ou ins\u00e9rer des fichiers Microsoft Excel en conjonction avec Gestionnaire des liens iManage<\/h2>\n<p>Afin de b\u00e9n\u00e9ficier d\u2019un acc\u00e8s rapide aux informations pertinentes dans un autre fichier Microsoft Excel, vous pouvez maintenant ins\u00e9rer un lien direct dans un tableur. Vous pouvez \u00e9galement ins\u00e9rer un fichier Microsoft Excel complet dans un tableur. Ceci est possible gr\u00e2ce au panneau Gestionnaire des liens iManage.<\/p>\n<p>Pour utiliser le panneau Gestionnaire des liens iManage, vous devriez avoir :<\/p>\n<ul>\n<li>Microsoft Excel 2016 ou Microsoft Excel dans Microsoft 365.<\/li>\n<li>iManage Drive 10.7.1 ou une version ult\u00e9rieure install\u00e9(e) et en cours d\u2019ex\u00e9cution.<\/li>\n<\/ul>\n<p>Contactez votre administrateur pour de plus amples informations.<\/p>\n<p><img loading=\"lazy\" decoding=\"async\" class=\"alignnone wp-image-811 size-full\" src=\"https:\/\/docs.imanage.com\/wp-content\/uploads\/2022\/09\/04_OLE_Linking.gif\" alt=\"\" width=\"920\" height=\"519\" \/><\/p>\n<h2>Rebaptisez l\u2019objet du courriel dans iManage Work lorsque vous classez les courriels<\/h2>\n<p class=\"with-breadcrumbs\"><span style=\"color: #333333; font-size: 1rem;\">Vous pouvez mettre \u00e0 jour l\u2019objet d\u2019un courriel lorsque vous classez les courriels dans iManage Work en s\u00e9lectionnant la\u00a0 <\/span><img loading=\"lazy\" decoding=\"async\" class=\"alignnone size-full wp-image-809\" style=\"color: #333333; font-size: 1rem;\" src=\"https:\/\/docs.imanage.com\/wp-content\/uploads\/2022\/08\/checkbox_rename_filing.png\" alt=\"\" width=\"42\" height=\"29\" \/>(<strong>Rebaptisez les courriel(s) s\u00e9lectionn\u00e9(s) pendant le classement<\/strong>) case \u00e0 cocher disponible dans la barre d\u2019outils EMM et\u00a0la bo\u00eete de dialogue<strong> S\u00e9lectionnez le lieu du classement<\/strong>. Pour activer cette fonction, veuillez contacter votre administrateur.<\/p>\n<p><strong>REMARQUE<\/strong>\u00a0: Lorsque vous modifiez l\u2019objet d\u2019un courriel avant le classement dans iManage Work,<\/p>\n<ul>\n<li>Seul le nouveau nom est mis \u00e0 jour dans le champ de l\u2019<strong>objet <\/strong>dans iManage Work.<\/li>\n<li>L\u2019objet du courriel ne change pas dans Microsoft Outlook.<\/li>\n<li>L\u2019objet initial s\u2019affiche lorsque vous ouvrez, r\u00e9pondez et transf\u00e9rez le courriel d\u2019iManage Work ou du panneau iManage Work.<\/li>\n<\/ul>\n<p><img loading=\"lazy\" decoding=\"async\" class=\"alignnone size-full wp-image-812\" src=\"https:\/\/docs.imanage.com\/wp-content\/uploads\/2022\/09\/01_RenameEmails.gif\" alt=\"\" width=\"920\" height=\"472\" \/><\/p>\n<h2>Le bureau iManage Work pour Windows est compatible et jouit d\u2019une accessibilit\u00e9 508<\/h2>\n<p>Le bureau iManage Work pour Windows est compatible 508 avec la section 508 des r\u00e9glementations gouvernementales des \u00c9tats-Unis.<\/p>\n<p>Vous pouvez utiliser les logiciels de lecture d\u2019\u00e9cran JAWS 2021 ou JAWS 2022 pour lire ou utiliser les variantes de clavier pour les clics de souris lorsque vous utilisez :<\/p>\n<ul>\n<li>Les onglets, feuilles, menus, bo\u00eetes de dialogues et panneaux iManage disponibles dans\u00a0Microsoft Word, Microsoft Excel, Microsoft PowerPoint, Microsoft Outlook, Microsoft Visio et les applications MS Project<\/li>\n<li>Les onglets, feuilles, menus, bo\u00eetes de dialogues, et panneaux iManage disponibles dans Adobe Acrobat\u00a0Reader DC\u00a0et Adobe Acrobat Pro DC<\/li>\n<li>La barre d\u2019outils de gestion des courriels et la bo\u00eete de dialogue S\u00e9lectionnez le lieu du classement dans Microsoft Outlook<\/li>\n<li>Panneau iManage Work<\/li>\n<li>iManage Work Agent<\/li>\n<\/ul>\n<p>Pour activer cette fonction, veuillez contacter votre administrateur.<\/p>\n<h2>Ins\u00e9rez les pi\u00e8ces jointes iManage Work de l\u2019onglet \u201cIns\u00e9rer\u201d<\/h2>\n<p>Vous pouvez ins\u00e9rer les documents sauvegard\u00e9s dans iManage Work lorsque vous cr\u00e9ez des t\u00e2ches, des r\u00e9unions ou des rendez-vous en utilisant l\u2019option\u00a0<strong>Ins\u00e9rez une pi\u00e8ce jointe dans iManage<\/strong>\u00a0qui est maintenant disponible dans l\u2019onglet Ins\u00e9rer dans la fen\u00eatre <strong>Nouvelle t\u00e2che, Nouvelle r\u00e9union ou Nouveau rendez-vous<\/strong> dans Microsoft Outlook.<\/p>\n<p>Fen\u00eatre Nouveau rendez-vous<\/p>\n<p><img loading=\"lazy\" decoding=\"async\" class=\"alignnone wp-image-816 size-full\" src=\"https:\/\/docs.imanage.com\/wp-content\/uploads\/2022\/09\/02_Attachment_meeting-1.gif\" alt=\"\" width=\"920\" height=\"472\" \/><\/p>\n<p>Fen\u00eatre Nouvelle t\u00e2che<\/p>\n<p><img loading=\"lazy\" decoding=\"async\" class=\"alignnone wp-image-817 size-full\" src=\"https:\/\/docs.imanage.com\/wp-content\/uploads\/2022\/09\/03_Attachment_Task-1.gif\" alt=\"\" width=\"920\" height=\"472\" \/><\/p>\n<h1>Les nouveaut\u00e9s dans iManage Drive<\/h1>\n<p>Cr\u00e9er : 10.8.0 (Septembre 2022)<\/p>\n<h2 id=\"id-.ForBeamerv10.8.0-Lafonction\u00abRechercher\u00bbestd\u00e9sormaisdisponibledansiManageDrive\">La fonction \u00ab\u00a0Rechercher\u00a0\u00bb est d\u00e9sormais disponible dans iManage Drive<\/h2>\n<p>Vous pouvez d\u00e9sormais rechercher un ou plusieurs documents stock\u00e9s dans un espace de travail synchronis\u00e9 depuis iManage Drive. S\u00e9lectionnez <img loading=\"lazy\" decoding=\"async\" class=\"alignnone wp-image-821\" src=\"https:\/\/docs.imanage.com\/wp-content\/uploads\/2022\/09\/Screenshot-2022-07-24-at-10.00.32-PM-1.png\" alt=\"\" width=\"25\" height=\"28\" \/>\u00a0(ic\u00f4ne \u00ab\u00a0Rechercher\u00a0\u00bb) dans iManage Drive pour ouvrir la fen\u00eatre de\u00a0<strong>recherche\u00a0<\/strong>dans l\u2019application et pour rechercher des documents soit au moyen d\u2019un mot clef, du titre du document, de l\u2019auteur ou op\u00e9rateur pr\u00e9c\u00e9d\u00e9 du symbole @, soit du num\u00e9ro du document pr\u00e9c\u00e9d\u00e9 par le symbole #.\u00a0Pour en savoir plus sur cette fonctionnalit\u00e9, consultez la rubrique\u00a0<a class=\"external-link\" href=\"https:\/\/docs.imanage.com\/drive-windows-help\/10.8.0\/en\/Searching_for_documents_in_iManage_Drive.html\" rel=\"nofollow\"><em>Rechercher des documents dans iManage Drive<\/em><\/a>\u00a0dans l\u2019<a class=\"external-link\" href=\"https:\/\/docs.imanage.com\/drive-windows-help\/10.8.0\/en\/iManage_Drive_User_Guide.html\" rel=\"nofollow\"><em>aide utilisateur d\u2019iManage Drive<\/em><\/a>.\u00a0La fonction \u00ab\u00a0Rechercher\u00a0\u00bb est disponible dans la version iManage Drive 10.8.0 et les versions plus r\u00e9centes.<\/p>\n<p><img loading=\"lazy\" decoding=\"async\" class=\"alignnone wp-image-822\" src=\"https:\/\/docs.imanage.com\/wp-content\/uploads\/2022\/09\/3_searchwindows.gif\" alt=\"\" width=\"834\" height=\"670\" \/><\/p>\n<p><strong>Previous release<\/strong>:\u00a0<a href=\"https:\/\/docs.imanage.com\/fr\/work\/whats-new-in-imanage-wdw-2022-02.html\">iManage Desktop for Windows 10.7\u00a0<\/a><\/p>\n","protected":false},"excerpt":{"rendered":"<p>Build 10.8.0.98 (octobre 2022) Lier ou ins\u00e9rer des fichiers Microsoft Excel en conjonction avec Gestionnaire des liens iManage Afin de b\u00e9n\u00e9ficier d\u2019un acc\u00e8s rapide aux informations pertinentes dans un autre fichier Microsoft Excel, vous pouvez maintenant ins\u00e9rer un lien direct dans un tableur. Vous pouvez \u00e9galement ins\u00e9rer un fichier Microsoft Excel complet dans un tableur. [&hellip;]<\/p>\n","protected":false},"author":4,"featured_media":0,"parent":146,"menu_order":0,"comment_status":"closed","ping_status":"closed","template":"","meta":{"_acf_changed":false,"footnotes":""},"class_list":["post-794","page","type-page","status-publish","hentry"],"translation":{"provider":"WPGlobus","version":"3.0.2","language":"fr","enabled_languages":["en","de","fr","qc","jp","br","es","zh"],"languages":{"en":{"title":true,"content":true,"excerpt":false},"de":{"title":true,"content":true,"excerpt":false},"fr":{"title":true,"content":true,"excerpt":false},"qc":{"title":true,"content":true,"excerpt":false},"jp":{"title":true,"content":true,"excerpt":false},"br":{"title":true,"content":true,"excerpt":false},"es":{"title":true,"content":true,"excerpt":false},"zh":{"title":true,"content":true,"excerpt":false}}},"acf":[],"yoast_head":"<!-- This site is optimized with the Yoast SEO plugin v27.3 - https:\/\/yoast.com\/product\/yoast-seo-wordpress\/ -->\n<title>Ce qu\u2019il y a de nouveau dans iManage Work Desktop for Windows &#8211; Docs - iManage<\/title>\n<meta name=\"robots\" content=\"index, follow, max-snippet:-1, max-image-preview:large, max-video-preview:-1\" \/>\n<link rel=\"canonical\" href=\"https:\/\/docs.imanage.com\/work\/whats-new-in-imanage-wdw-10-8-0.html\" \/>\n<meta property=\"og:locale\" content=\"fr_FR\" \/>\n<meta property=\"og:type\" content=\"article\" \/>\n<meta property=\"og:title\" content=\"Ce qu\u2019il y a de nouveau dans iManage Work Desktop for Windows &#8211; Docs - iManage\" \/>\n<meta property=\"og:url\" content=\"https:\/\/docs.imanage.com\/work\/whats-new-in-imanage-wdw-10-8-0.html\" \/>\n<meta property=\"og:site_name\" content=\"Docs - iManage\" \/>\n<meta property=\"article:modified_time\" content=\"2024-04-16T17:21:25+00:00\" \/>\n<meta property=\"og:image\" content=\"https:\/\/docs.imanage.com\/wp-content\/uploads\/2022\/09\/04_OLE_Linking.gif\" \/>\n<meta name=\"twitter:card\" content=\"summary_large_image\" \/>\n<meta name=\"twitter:label1\" content=\"Est. reading time\" \/>\n\t<meta name=\"twitter:data1\" content=\"4 minutes\" \/>\n<script type=\"application\/ld+json\" class=\"yoast-schema-graph\">{\"@context\":\"https:\\\/\\\/schema.org\",\"@graph\":[{\"@type\":\"WebPage\",\"@id\":\"https:\\\/\\\/docs.imanage.com\\\/work\\\/whats-new-in-imanage-wdw-10-8-0.html\",\"url\":\"https:\\\/\\\/docs.imanage.com\\\/work\\\/whats-new-in-imanage-wdw-10-8-0.html\",\"name\":\"Ce qu\u2019il y a de nouveau dans iManage Work Desktop for Windows &#8211; Docs - iManage\",\"isPartOf\":{\"@id\":\"https:\\\/\\\/docs.imanage.com\\\/#website\"},\"primaryImageOfPage\":{\"@id\":\"https:\\\/\\\/docs.imanage.com\\\/work\\\/whats-new-in-imanage-wdw-10-8-0.html#primaryimage\"},\"image\":{\"@id\":\"https:\\\/\\\/docs.imanage.com\\\/work\\\/whats-new-in-imanage-wdw-10-8-0.html#primaryimage\"},\"thumbnailUrl\":\"https:\\\/\\\/docs.imanage.com\\\/wp-content\\\/uploads\\\/2022\\\/09\\\/04_OLE_Linking.gif\",\"datePublished\":\"2022-04-22T09:46:17+00:00\",\"dateModified\":\"2024-04-16T17:21:25+00:00\",\"breadcrumb\":{\"@id\":\"https:\\\/\\\/docs.imanage.com\\\/work\\\/whats-new-in-imanage-wdw-10-8-0.html#breadcrumb\"},\"inLanguage\":\"fr-FR\",\"potentialAction\":[{\"@type\":\"ReadAction\",\"target\":[\"https:\\\/\\\/docs.imanage.com\\\/work\\\/whats-new-in-imanage-wdw-10-8-0.html\"]}]},{\"@type\":\"ImageObject\",\"inLanguage\":\"fr-FR\",\"@id\":\"https:\\\/\\\/docs.imanage.com\\\/work\\\/whats-new-in-imanage-wdw-10-8-0.html#primaryimage\",\"url\":\"https:\\\/\\\/docs.imanage.com\\\/wp-content\\\/uploads\\\/2022\\\/09\\\/04_OLE_Linking.gif\",\"contentUrl\":\"https:\\\/\\\/docs.imanage.com\\\/wp-content\\\/uploads\\\/2022\\\/09\\\/04_OLE_Linking.gif\"},{\"@type\":\"BreadcrumbList\",\"@id\":\"https:\\\/\\\/docs.imanage.com\\\/work\\\/whats-new-in-imanage-wdw-10-8-0.html#breadcrumb\",\"itemListElement\":[{\"@type\":\"ListItem\",\"position\":1,\"name\":\"Home\",\"item\":\"https:\\\/\\\/docs.imanage.com\\\/\"},{\"@type\":\"ListItem\",\"position\":2,\"name\":\"Work\",\"item\":\"https:\\\/\\\/docs.imanage.com\\\/work.html\"},{\"@type\":\"ListItem\",\"position\":3,\"name\":\"What\u2019s new in iManage Work Desktop for Windows\"}]},{\"@type\":\"WebSite\",\"@id\":\"https:\\\/\\\/docs.imanage.com\\\/#website\",\"url\":\"https:\\\/\\\/docs.imanage.com\\\/\",\"name\":\"Docs - iManage\",\"description\":\"\",\"potentialAction\":[{\"@type\":\"SearchAction\",\"target\":{\"@type\":\"EntryPoint\",\"urlTemplate\":\"https:\\\/\\\/docs.imanage.com\\\/?s={search_term_string}\"},\"query-input\":{\"@type\":\"PropertyValueSpecification\",\"valueRequired\":true,\"valueName\":\"search_term_string\"}}],\"inLanguage\":\"fr-FR\"}]}<\/script>\n<!-- \/ Yoast SEO plugin. -->","yoast_head_json":{"title":"Ce qu\u2019il y a de nouveau dans iManage Work Desktop for Windows &#8211; Docs - iManage","robots":{"index":"index","follow":"follow","max-snippet":"max-snippet:-1","max-image-preview":"max-image-preview:large","max-video-preview":"max-video-preview:-1"},"canonical":"https:\/\/docs.imanage.com\/work\/whats-new-in-imanage-wdw-10-8-0.html","og_locale":"fr_FR","og_type":"article","og_title":"Ce qu\u2019il y a de nouveau dans iManage Work Desktop for Windows &#8211; Docs - iManage","og_url":"https:\/\/docs.imanage.com\/work\/whats-new-in-imanage-wdw-10-8-0.html","og_site_name":"Docs - iManage","article_modified_time":"2024-04-16T17:21:25+00:00","og_image":[{"url":"https:\/\/docs.imanage.com\/wp-content\/uploads\/2022\/09\/04_OLE_Linking.gif","type":"","width":"","height":""}],"twitter_card":"summary_large_image","twitter_misc":{"Est. reading time":"4 minutes"},"schema":{"@context":"https:\/\/schema.org","@graph":[{"@type":"WebPage","@id":"https:\/\/docs.imanage.com\/work\/whats-new-in-imanage-wdw-10-8-0.html","url":"https:\/\/docs.imanage.com\/work\/whats-new-in-imanage-wdw-10-8-0.html","name":"Ce qu\u2019il y a de nouveau dans iManage Work Desktop for Windows &#8211; Docs - iManage","isPartOf":{"@id":"https:\/\/docs.imanage.com\/#website"},"primaryImageOfPage":{"@id":"https:\/\/docs.imanage.com\/work\/whats-new-in-imanage-wdw-10-8-0.html#primaryimage"},"image":{"@id":"https:\/\/docs.imanage.com\/work\/whats-new-in-imanage-wdw-10-8-0.html#primaryimage"},"thumbnailUrl":"https:\/\/docs.imanage.com\/wp-content\/uploads\/2022\/09\/04_OLE_Linking.gif","datePublished":"2022-04-22T09:46:17+00:00","dateModified":"2024-04-16T17:21:25+00:00","breadcrumb":{"@id":"https:\/\/docs.imanage.com\/work\/whats-new-in-imanage-wdw-10-8-0.html#breadcrumb"},"inLanguage":"fr-FR","potentialAction":[{"@type":"ReadAction","target":["https:\/\/docs.imanage.com\/work\/whats-new-in-imanage-wdw-10-8-0.html"]}]},{"@type":"ImageObject","inLanguage":"fr-FR","@id":"https:\/\/docs.imanage.com\/work\/whats-new-in-imanage-wdw-10-8-0.html#primaryimage","url":"https:\/\/docs.imanage.com\/wp-content\/uploads\/2022\/09\/04_OLE_Linking.gif","contentUrl":"https:\/\/docs.imanage.com\/wp-content\/uploads\/2022\/09\/04_OLE_Linking.gif"},{"@type":"BreadcrumbList","@id":"https:\/\/docs.imanage.com\/work\/whats-new-in-imanage-wdw-10-8-0.html#breadcrumb","itemListElement":[{"@type":"ListItem","position":1,"name":"Home","item":"https:\/\/docs.imanage.com\/"},{"@type":"ListItem","position":2,"name":"Work","item":"https:\/\/docs.imanage.com\/work.html"},{"@type":"ListItem","position":3,"name":"What\u2019s new in iManage Work Desktop for Windows"}]},{"@type":"WebSite","@id":"https:\/\/docs.imanage.com\/#website","url":"https:\/\/docs.imanage.com\/","name":"Docs - iManage","description":"","potentialAction":[{"@type":"SearchAction","target":{"@type":"EntryPoint","urlTemplate":"https:\/\/docs.imanage.com\/?s={search_term_string}"},"query-input":{"@type":"PropertyValueSpecification","valueRequired":true,"valueName":"search_term_string"}}],"inLanguage":"fr-FR"}]}},"_links":{"self":[{"href":"https:\/\/docs.imanage.com\/fr\/wp-json\/wp\/v2\/pages\/794","targetHints":{"allow":["GET"]}}],"collection":[{"href":"https:\/\/docs.imanage.com\/fr\/wp-json\/wp\/v2\/pages"}],"about":[{"href":"https:\/\/docs.imanage.com\/fr\/wp-json\/wp\/v2\/types\/page"}],"author":[{"embeddable":true,"href":"https:\/\/docs.imanage.com\/fr\/wp-json\/wp\/v2\/users\/4"}],"replies":[{"embeddable":true,"href":"https:\/\/docs.imanage.com\/fr\/wp-json\/wp\/v2\/comments?post=794"}],"version-history":[{"count":0,"href":"https:\/\/docs.imanage.com\/fr\/wp-json\/wp\/v2\/pages\/794\/revisions"}],"up":[{"embeddable":true,"href":"https:\/\/docs.imanage.com\/fr\/wp-json\/wp\/v2\/pages\/146"}],"wp:attachment":[{"href":"https:\/\/docs.imanage.com\/fr\/wp-json\/wp\/v2\/media?parent=794"}],"curies":[{"name":"wp","href":"https:\/\/api.w.org\/{rel}","templated":true}]}}