{"id":806,"date":"2022-07-18T17:27:42","date_gmt":"2022-07-18T17:27:42","guid":{"rendered":"https:\/\/docs.imanage.com\/?page_id=806"},"modified":"2023-02-02T11:30:06","modified_gmt":"2023-02-02T11:30:06","slug":"whats-new-in-imanage-drive-m-10-8-0","status":"publish","type":"page","link":"https:\/\/docs.imanage.com\/fr\/work\/whats-new-in-imanage-drive-m-10-8-0.html","title":{"rendered":"Les nouveaut\u00e9s dans iManage Drive for Mac"},"content":{"rendered":"<h1>La fonction \u00ab\u00a0Rechercher\u00a0\u00bb est d\u00e9sormais disponible dans iManage Drive for Mac<\/h1>\n<p>Vous pouvez d\u00e9sormais rechercher un ou plusieurs documents stock\u00e9s dans un espace de travail synchronis\u00e9 depuis iManage Drive for Mac. S\u00e9lectionnez <img loading=\"lazy\" decoding=\"async\" class=\"alignnone size-full wp-image-821\" src=\"https:\/\/docs.imanage.com\/wp-content\/uploads\/2022\/09\/Screenshot-2022-07-24-at-10.00.32-PM-1.png\" alt=\"\" width=\"48\" height=\"54\" \/>\u00a0(ic\u00f4ne \u00ab\u00a0Rechercher\u00a0\u00bb) dans iManage Drive for Mac ouvrir la fen\u00eatre de <strong>recherche <\/strong>dans l\u2019application et pour rechercher des documents soit au moyen d\u2019un mot clef, du titre du document, de l\u2019auteur ou op\u00e9rateur pr\u00e9c\u00e9d\u00e9 du symbole @, soit du num\u00e9ro du document pr\u00e9c\u00e9d\u00e9 par le symbole #.\u00a0Pour en savoir plus sur cette fonctionnalit\u00e9, consultez la rubrique<a href=\"https:\/\/docs.imanage.com\/drive-mac-help\/10.8.0\/fr\/Searching_for_documents_in_iManage_Drive_for_Mac_3.html\"> <em>Rechercher des documents dans iManage Drive for Mac<\/em><\/a> dans l\u2019<a href=\"https:\/\/docs.imanage.com\/drive-mac-help\/10.8.0\/fr\/iManage_Drive_for_Mac_User_Guide.html\"><em>aide utilisateur d\u2019iManage Drive for Mac<\/em><\/a>.<\/p>\n<p><img loading=\"lazy\" decoding=\"async\" class=\"alignnone wp-image-834 size-full\" src=\"https:\/\/docs.imanage.com\/wp-content\/uploads\/2023\/02\/4_search_mac.gif\" alt=\"\" width=\"820\" height=\"463\" \/><\/p>\n","protected":false},"excerpt":{"rendered":"<p>La fonction \u00ab\u00a0Rechercher\u00a0\u00bb est d\u00e9sormais disponible dans iManage Drive for Mac Vous pouvez d\u00e9sormais rechercher un ou plusieurs documents stock\u00e9s dans un espace de travail synchronis\u00e9 depuis iManage Drive for Mac. S\u00e9lectionnez \u00a0(ic\u00f4ne \u00ab\u00a0Rechercher\u00a0\u00bb) dans iManage Drive for Mac ouvrir la fen\u00eatre de recherche dans l\u2019application et pour rechercher des documents soit au moyen d\u2019un [&hellip;]<\/p>\n","protected":false},"author":4,"featured_media":0,"parent":146,"menu_order":0,"comment_status":"closed","ping_status":"closed","template":"","meta":{"_acf_changed":false,"footnotes":""},"class_list":["post-806","page","type-page","status-publish","hentry"],"translation":{"provider":"WPGlobus","version":"3.0.2","language":"fr","enabled_languages":["en","de","fr","qc","jp","br","es","zh"],"languages":{"en":{"title":true,"content":true,"excerpt":false},"de":{"title":true,"content":true,"excerpt":false},"fr":{"title":true,"content":true,"excerpt":false},"qc":{"title":false,"content":false,"excerpt":false},"jp":{"title":true,"content":true,"excerpt":false},"br":{"title":true,"content":true,"excerpt":false},"es":{"title":true,"content":true,"excerpt":false},"zh":{"title":true,"content":true,"excerpt":false}}},"acf":[],"yoast_head":"<!-- This site is optimized with the Yoast SEO plugin v27.4 - https:\/\/yoast.com\/product\/yoast-seo-wordpress\/ -->\n<title>Les nouveaut\u00e9s dans iManage Drive for Mac &#8211; Docs - iManage<\/title>\n<meta name=\"robots\" content=\"index, follow, max-snippet:-1, max-image-preview:large, max-video-preview:-1\" \/>\n<link rel=\"canonical\" href=\"https:\/\/docs.imanage.com\/work\/whats-new-in-imanage-drive-m-10-8-0.html\" \/>\n<meta property=\"og:locale\" content=\"fr_FR\" \/>\n<meta property=\"og:type\" content=\"article\" \/>\n<meta property=\"og:title\" content=\"Les nouveaut\u00e9s dans iManage Drive for Mac &#8211; Docs - iManage\" \/>\n<meta property=\"og:url\" content=\"https:\/\/docs.imanage.com\/work\/whats-new-in-imanage-drive-m-10-8-0.html\" \/>\n<meta property=\"og:site_name\" content=\"Docs - iManage\" \/>\n<meta property=\"article:modified_time\" content=\"2023-02-02T11:30:06+00:00\" \/>\n<meta property=\"og:image\" content=\"https:\/\/docs.imanage.com\/wp-content\/uploads\/2022\/09\/Screenshot-2022-07-24-at-10.00.32-PM.png\" \/>\n<meta name=\"twitter:card\" content=\"summary_large_image\" \/>\n<meta name=\"twitter:label1\" content=\"Est. reading time\" \/>\n\t<meta name=\"twitter:data1\" content=\"1 minute\" \/>\n<script type=\"application\/ld+json\" class=\"yoast-schema-graph\">{\"@context\":\"https:\\\/\\\/schema.org\",\"@graph\":[{\"@type\":\"WebPage\",\"@id\":\"https:\\\/\\\/docs.imanage.com\\\/work\\\/whats-new-in-imanage-drive-m-10-8-0.html\",\"url\":\"https:\\\/\\\/docs.imanage.com\\\/work\\\/whats-new-in-imanage-drive-m-10-8-0.html\",\"name\":\"Les nouveaut\u00e9s dans iManage Drive for Mac &#8211; Docs - iManage\",\"isPartOf\":{\"@id\":\"https:\\\/\\\/docs.imanage.com\\\/#website\"},\"primaryImageOfPage\":{\"@id\":\"https:\\\/\\\/docs.imanage.com\\\/work\\\/whats-new-in-imanage-drive-m-10-8-0.html#primaryimage\"},\"image\":{\"@id\":\"https:\\\/\\\/docs.imanage.com\\\/work\\\/whats-new-in-imanage-drive-m-10-8-0.html#primaryimage\"},\"thumbnailUrl\":\"https:\\\/\\\/docs.imanage.com\\\/wp-content\\\/uploads\\\/2022\\\/09\\\/Screenshot-2022-07-24-at-10.00.32-PM.png\",\"datePublished\":\"2022-07-18T17:27:42+00:00\",\"dateModified\":\"2023-02-02T11:30:06+00:00\",\"breadcrumb\":{\"@id\":\"https:\\\/\\\/docs.imanage.com\\\/work\\\/whats-new-in-imanage-drive-m-10-8-0.html#breadcrumb\"},\"inLanguage\":\"fr-FR\",\"potentialAction\":[{\"@type\":\"ReadAction\",\"target\":[\"https:\\\/\\\/docs.imanage.com\\\/work\\\/whats-new-in-imanage-drive-m-10-8-0.html\"]}]},{\"@type\":\"ImageObject\",\"inLanguage\":\"fr-FR\",\"@id\":\"https:\\\/\\\/docs.imanage.com\\\/work\\\/whats-new-in-imanage-drive-m-10-8-0.html#primaryimage\",\"url\":\"https:\\\/\\\/docs.imanage.com\\\/wp-content\\\/uploads\\\/2022\\\/09\\\/Screenshot-2022-07-24-at-10.00.32-PM.png\",\"contentUrl\":\"https:\\\/\\\/docs.imanage.com\\\/wp-content\\\/uploads\\\/2022\\\/09\\\/Screenshot-2022-07-24-at-10.00.32-PM.png\"},{\"@type\":\"BreadcrumbList\",\"@id\":\"https:\\\/\\\/docs.imanage.com\\\/work\\\/whats-new-in-imanage-drive-m-10-8-0.html#breadcrumb\",\"itemListElement\":[{\"@type\":\"ListItem\",\"position\":1,\"name\":\"Home\",\"item\":\"https:\\\/\\\/docs.imanage.com\\\/\"},{\"@type\":\"ListItem\",\"position\":2,\"name\":\"Work\",\"item\":\"https:\\\/\\\/docs.imanage.com\\\/work.html\"},{\"@type\":\"ListItem\",\"position\":3,\"name\":\"What&#8217;s new in iManage Drive for Mac\"}]},{\"@type\":\"WebSite\",\"@id\":\"https:\\\/\\\/docs.imanage.com\\\/#website\",\"url\":\"https:\\\/\\\/docs.imanage.com\\\/\",\"name\":\"Docs - iManage\",\"description\":\"\",\"potentialAction\":[{\"@type\":\"SearchAction\",\"target\":{\"@type\":\"EntryPoint\",\"urlTemplate\":\"https:\\\/\\\/docs.imanage.com\\\/?s={search_term_string}\"},\"query-input\":{\"@type\":\"PropertyValueSpecification\",\"valueRequired\":true,\"valueName\":\"search_term_string\"}}],\"inLanguage\":\"fr-FR\"}]}<\/script>\n<!-- \/ Yoast SEO plugin. -->","yoast_head_json":{"title":"Les nouveaut\u00e9s dans iManage Drive for Mac &#8211; Docs - iManage","robots":{"index":"index","follow":"follow","max-snippet":"max-snippet:-1","max-image-preview":"max-image-preview:large","max-video-preview":"max-video-preview:-1"},"canonical":"https:\/\/docs.imanage.com\/work\/whats-new-in-imanage-drive-m-10-8-0.html","og_locale":"fr_FR","og_type":"article","og_title":"Les nouveaut\u00e9s dans iManage Drive for Mac &#8211; Docs - iManage","og_url":"https:\/\/docs.imanage.com\/work\/whats-new-in-imanage-drive-m-10-8-0.html","og_site_name":"Docs - iManage","article_modified_time":"2023-02-02T11:30:06+00:00","og_image":[{"url":"https:\/\/docs.imanage.com\/wp-content\/uploads\/2022\/09\/Screenshot-2022-07-24-at-10.00.32-PM.png","type":"","width":"","height":""}],"twitter_card":"summary_large_image","twitter_misc":{"Est. reading time":"1 minute"},"schema":{"@context":"https:\/\/schema.org","@graph":[{"@type":"WebPage","@id":"https:\/\/docs.imanage.com\/work\/whats-new-in-imanage-drive-m-10-8-0.html","url":"https:\/\/docs.imanage.com\/work\/whats-new-in-imanage-drive-m-10-8-0.html","name":"Les nouveaut\u00e9s dans iManage Drive for Mac &#8211; Docs - iManage","isPartOf":{"@id":"https:\/\/docs.imanage.com\/#website"},"primaryImageOfPage":{"@id":"https:\/\/docs.imanage.com\/work\/whats-new-in-imanage-drive-m-10-8-0.html#primaryimage"},"image":{"@id":"https:\/\/docs.imanage.com\/work\/whats-new-in-imanage-drive-m-10-8-0.html#primaryimage"},"thumbnailUrl":"https:\/\/docs.imanage.com\/wp-content\/uploads\/2022\/09\/Screenshot-2022-07-24-at-10.00.32-PM.png","datePublished":"2022-07-18T17:27:42+00:00","dateModified":"2023-02-02T11:30:06+00:00","breadcrumb":{"@id":"https:\/\/docs.imanage.com\/work\/whats-new-in-imanage-drive-m-10-8-0.html#breadcrumb"},"inLanguage":"fr-FR","potentialAction":[{"@type":"ReadAction","target":["https:\/\/docs.imanage.com\/work\/whats-new-in-imanage-drive-m-10-8-0.html"]}]},{"@type":"ImageObject","inLanguage":"fr-FR","@id":"https:\/\/docs.imanage.com\/work\/whats-new-in-imanage-drive-m-10-8-0.html#primaryimage","url":"https:\/\/docs.imanage.com\/wp-content\/uploads\/2022\/09\/Screenshot-2022-07-24-at-10.00.32-PM.png","contentUrl":"https:\/\/docs.imanage.com\/wp-content\/uploads\/2022\/09\/Screenshot-2022-07-24-at-10.00.32-PM.png"},{"@type":"BreadcrumbList","@id":"https:\/\/docs.imanage.com\/work\/whats-new-in-imanage-drive-m-10-8-0.html#breadcrumb","itemListElement":[{"@type":"ListItem","position":1,"name":"Home","item":"https:\/\/docs.imanage.com\/"},{"@type":"ListItem","position":2,"name":"Work","item":"https:\/\/docs.imanage.com\/work.html"},{"@type":"ListItem","position":3,"name":"What&#8217;s new in iManage Drive for Mac"}]},{"@type":"WebSite","@id":"https:\/\/docs.imanage.com\/#website","url":"https:\/\/docs.imanage.com\/","name":"Docs - iManage","description":"","potentialAction":[{"@type":"SearchAction","target":{"@type":"EntryPoint","urlTemplate":"https:\/\/docs.imanage.com\/?s={search_term_string}"},"query-input":{"@type":"PropertyValueSpecification","valueRequired":true,"valueName":"search_term_string"}}],"inLanguage":"fr-FR"}]}},"_links":{"self":[{"href":"https:\/\/docs.imanage.com\/fr\/wp-json\/wp\/v2\/pages\/806","targetHints":{"allow":["GET"]}}],"collection":[{"href":"https:\/\/docs.imanage.com\/fr\/wp-json\/wp\/v2\/pages"}],"about":[{"href":"https:\/\/docs.imanage.com\/fr\/wp-json\/wp\/v2\/types\/page"}],"author":[{"embeddable":true,"href":"https:\/\/docs.imanage.com\/fr\/wp-json\/wp\/v2\/users\/4"}],"replies":[{"embeddable":true,"href":"https:\/\/docs.imanage.com\/fr\/wp-json\/wp\/v2\/comments?post=806"}],"version-history":[{"count":0,"href":"https:\/\/docs.imanage.com\/fr\/wp-json\/wp\/v2\/pages\/806\/revisions"}],"up":[{"embeddable":true,"href":"https:\/\/docs.imanage.com\/fr\/wp-json\/wp\/v2\/pages\/146"}],"wp:attachment":[{"href":"https:\/\/docs.imanage.com\/fr\/wp-json\/wp\/v2\/media?parent=806"}],"curies":[{"name":"wp","href":"https:\/\/api.w.org\/{rel}","templated":true}]}}