{"id":837,"date":"2023-02-14T09:09:48","date_gmt":"2023-02-14T09:09:48","guid":{"rendered":"https:\/\/docs.imanage.com\/?page_id=837"},"modified":"2023-06-12T09:38:51","modified_gmt":"2023-06-12T09:38:51","slug":"whats-new-in-imanage-drive-m-10-9-0","status":"publish","type":"page","link":"https:\/\/docs.imanage.com\/fr\/work\/whats-new-in-imanage-drive-m-10-9-0.html","title":{"rendered":"Les nouveaut\u00e9s dans iManage Drive for Mac"},"content":{"rendered":"<p><strong>Version : 10.9.0 (Juin 2023)<\/strong><\/p>\n<h2>Synchronisation et acc\u00e8s direct aux contenus depuis iManage Work vers iManage Drive for Mac<\/h2>\n<p>Il est d\u00e9sormais possible de synchroniser et d\u2019acc\u00e9der directement aux contenus que vous avez sauvegard\u00e9s dans iManage Work sur iManage Drive for Mac. Vous pouvez donc:<\/p>\n<ul>\n<li>D\u00e9finir l&#8217;espace de travail, le dossier, le document ou le courrier \u00e9lectronique que vous souhaitez synchroniser, avant de cliquer sur &#8220;<strong>Synchroniser et ouvrir dans l&#8217;explorateur de fichiers<\/strong>&#8221; dans le menu\u00a0 <img loading=\"lazy\" decoding=\"async\" class=\"alignnone size-full wp-image-847\" src=\"https:\/\/docs.imanage.com\/wp-content\/uploads\/2023\/03\/Screenshot-2023-03-06-at-10.06.34-PM.png\" alt=\"\" width=\"32\" height=\"62\" \/> d\u00e9roulant.<\/li>\n<\/ul>\n<ul class=\"ak-ul\" data-indent-level=\"1\">\n<li>S\u00e9lectionner plusieurs espaces de travail, avant de cliquer sur\u00a0 <img loading=\"lazy\" decoding=\"async\" class=\"alignnone wp-image-848\" src=\"https:\/\/docs.imanage.com\/wp-content\/uploads\/2023\/03\/Screenshot-2023-03-06-at-10.41.27-PM.png\" alt=\"\" width=\"24\" height=\"24\" \/>&#8220;<strong>Synchroniser et ouvrir dans l&#8217;explorateur de fichier<\/strong>s&#8221;.<\/li>\n<\/ul>\n<p>Si iManage Drive for Mac d\u00e9termine que l&#8217;\u00e9l\u00e9ment s\u00e9lectionn\u00e9 n&#8217;a pas \u00e9t\u00e9 synchronis\u00e9, le module iManage Drive s&#8217;ouvre afin de vous permettre de confirmer la synchronisation des \u00e9l\u00e9ments s\u00e9lectionn\u00e9s. Une fois les \u00e9l\u00e9ments synchronis\u00e9s, ceux-ci s\u2019affichent en surbrillance dans Finder. Pour en savoir davantage, veuillez consulter la section <a href=\"https:\/\/docs.imanage.com\/drive-mac-help\/10.9.0\/en\/Syncing_from_iManage_Work_using_web_extensions.html\"><em>Synchonisation depuis iManage Work au moyen des extensions Web <\/em>\u00a0<\/a>disponibles \u00e0 la rubrique d\u2019<a href=\"https:\/\/docs.imanage.com\/drive-mac-help\/10.9.0\/en\/iManage_Drive_for_Mac_User_Help.html\">aide d\u2019<em>iManage Drive for Mac<\/em><\/a>.<\/p>\n<p><strong>REMARQUE :<\/strong> Afin de vous permettre d\u2019utiliser cette fonction, votre administrateur doit activer les extensions Web d&#8217;iManage Drive for Mac dans iManage Control Center. Veuillez consulter votre administrateur pour en savoir davantage.<\/p>\n<p><img loading=\"lazy\" decoding=\"async\" class=\"alignnone wp-image-869\" src=\"https:\/\/docs.imanage.com\/wp-content\/uploads\/2023\/06\/WhatsNew_DriveMac.gif\" alt=\"\" width=\"800\" height=\"539\" \/><\/p>\n<h2>Am\u00e9liorations apport\u00e9es \u00e0 la synchronisation et \u00e0 la d\u00e9synchronisation des \u00e9l\u00e9ments \u00e0 partir du module iManage Drive for Mac<\/h2>\n<p>Lorsque vous s\u00e9lectionnez de nouveaux \u00e9l\u00e9ments \u00e0 synchroniser \u00e0 partir de la bo\u00eete de dialogue &#8220;S\u00e9lectionner l&#8217;\u00e9l\u00e9ment \u00e0 synchroniser&#8221;, ceux-ci apparaissent en haut de la liste &#8220;S\u00e9lectionn\u00e9s&#8221; et sont marqu\u00e9s comme &#8220;<strong>Nouveaux<\/strong>&#8220;. Si vous souhaitez d\u00e9synchroniser un \u00e9l\u00e9ment, l&#8217;option &#8220;<strong>\u00c0 d\u00e9synchroniser<\/strong>&#8221; le permet, comme le montre l&#8217;illustration ci-dessous.<\/p>\n<p><img loading=\"lazy\" decoding=\"async\" class=\"alignnone wp-image-865\" src=\"https:\/\/docs.imanage.com\/wp-content\/uploads\/2023\/05\/2023-04-05_23-12-25.png\" alt=\"\" width=\"800\" height=\"630\" srcset=\"https:\/\/docs.imanage.com\/wp-content\/uploads\/2023\/05\/2023-04-05_23-12-25.png 1566w, https:\/\/docs.imanage.com\/wp-content\/uploads\/2023\/05\/2023-04-05_23-12-25-300x236.png 300w, https:\/\/docs.imanage.com\/wp-content\/uploads\/2023\/05\/2023-04-05_23-12-25-1024x807.png 1024w, https:\/\/docs.imanage.com\/wp-content\/uploads\/2023\/05\/2023-04-05_23-12-25-768x605.png 768w, https:\/\/docs.imanage.com\/wp-content\/uploads\/2023\/05\/2023-04-05_23-12-25-1536x1210.png 1536w\" sizes=\"auto, (max-width: 800px) 100vw, 800px\" \/><\/p>\n<p>L&#8217;option de menu de l&#8217;espace de travail a par ailleurs \u00e9t\u00e9 renomm\u00e9e &#8220;d\u00e9synchroniser&#8221; au lieu de &#8220;dissocier&#8221;. Dor\u00e9navant, lorsque vous souhaitez d\u00e9synchroniser des \u00e9l\u00e9ments du panneau iManage Drive for Mac \u00e0 partir des \u00c9l\u00e9ments synchronis\u00e9s, de Mes \u00e9l\u00e9ments ou des \u00c9l\u00e9ments r\u00e9cents, vous devez cliquer sur <strong>D\u00e9synchroniser <\/strong>au lieu de <strong>Dissocier<\/strong>, comme le montre l&#8217;illustration ci-dessous.<\/p>\n<p><img loading=\"lazy\" decoding=\"async\" class=\"alignnone wp-image-866\" src=\"https:\/\/docs.imanage.com\/wp-content\/uploads\/2023\/05\/Screenshot-2023-03-24-at-3.23.50-PM.png\" alt=\"\" width=\"800\" height=\"476\" srcset=\"https:\/\/docs.imanage.com\/wp-content\/uploads\/2023\/05\/Screenshot-2023-03-24-at-3.23.50-PM.png 1608w, https:\/\/docs.imanage.com\/wp-content\/uploads\/2023\/05\/Screenshot-2023-03-24-at-3.23.50-PM-300x178.png 300w, https:\/\/docs.imanage.com\/wp-content\/uploads\/2023\/05\/Screenshot-2023-03-24-at-3.23.50-PM-1024x609.png 1024w, https:\/\/docs.imanage.com\/wp-content\/uploads\/2023\/05\/Screenshot-2023-03-24-at-3.23.50-PM-768x457.png 768w, https:\/\/docs.imanage.com\/wp-content\/uploads\/2023\/05\/Screenshot-2023-03-24-at-3.23.50-PM-1536x913.png 1536w\" sizes=\"auto, (max-width: 800px) 100vw, 800px\" \/><\/p>\n<h2>Am\u00e9lioration de l&#8217;interface utilisateur en cas de probl\u00e8mes de synchronisation<\/h2>\n<p>La bo\u00eete de dialogue &#8220;Afficher les probl\u00e8mes de synchronisation&#8221; a \u00e9t\u00e9 am\u00e9lior\u00e9e dans la version 10.9.0 de iManage Drive for Mac. Les \u00e9l\u00e9ments pr\u00e9sentant un probl\u00e8me de synchronisation sont d\u00e9sormais pr\u00e9s\u00e9lectionn\u00e9s dans la bo\u00eete de dialogue de synchronisation. Par ailleurs, les options permettant de r\u00e9soudre les probl\u00e8mes de synchronisation sont maintenant affich\u00e9es de mani\u00e8re bien visible dans la partie inf\u00e9rieure de la bo\u00eete de dialogue.<\/p>\n<p>De nouveaux libell\u00e9s ont \u00e9galement \u00e9t\u00e9 ajout\u00e9s pour vous permettre de prendre les mesures les plus appropri\u00e9es. Pour en savoir davantage sur la r\u00e9solution des probl\u00e8mes de synchronisation, veuillez consulter la section <a href=\"https:\/\/docs.imanage.com\/drive-mac-help\/10.9.0\/en\/Managing_file_sync_issues.html\"><em>Gestion des probl\u00e8mes de synchronisation de fichiers<\/em><\/a> figurant \u00e0 la rubrique<a href=\"https:\/\/docs.imanage.com\/drive-mac-help\/10.9.0\/en\/iManage_Drive_for_Mac_User_Help.html\"><em> Aide d&#8217;iManage Drive for Mac<\/em><\/a><em>.<\/em><\/p>\n<p><img loading=\"lazy\" decoding=\"async\" class=\"alignnone wp-image-867\" src=\"https:\/\/docs.imanage.com\/wp-content\/uploads\/2023\/05\/Screenshot-2023-03-18-at-10.05.58-AM.png\" alt=\"\" width=\"800\" height=\"549\" srcset=\"https:\/\/docs.imanage.com\/wp-content\/uploads\/2023\/05\/Screenshot-2023-03-18-at-10.05.58-AM.png 826w, https:\/\/docs.imanage.com\/wp-content\/uploads\/2023\/05\/Screenshot-2023-03-18-at-10.05.58-AM-300x206.png 300w, https:\/\/docs.imanage.com\/wp-content\/uploads\/2023\/05\/Screenshot-2023-03-18-at-10.05.58-AM-768x527.png 768w\" sizes=\"auto, (max-width: 800px) 100vw, 800px\" \/><\/p>\n","protected":false},"excerpt":{"rendered":"<p>Version : 10.9.0 (Juin 2023) Synchronisation et acc\u00e8s direct aux contenus depuis iManage Work vers iManage Drive for Mac Il est d\u00e9sormais possible de synchroniser et d\u2019acc\u00e9der directement aux contenus que vous avez sauvegard\u00e9s dans iManage Work sur iManage Drive for Mac. Vous pouvez donc: D\u00e9finir l&#8217;espace de travail, le dossier, le document ou le [&hellip;]<\/p>\n","protected":false},"author":4,"featured_media":0,"parent":146,"menu_order":0,"comment_status":"closed","ping_status":"closed","template":"","meta":{"_acf_changed":false,"footnotes":""},"class_list":["post-837","page","type-page","status-publish","hentry"],"translation":{"provider":"WPGlobus","version":"3.0.2","language":"fr","enabled_languages":["en","de","fr","qc","jp","br","es","zh"],"languages":{"en":{"title":true,"content":true,"excerpt":false},"de":{"title":true,"content":true,"excerpt":false},"fr":{"title":true,"content":true,"excerpt":false},"qc":{"title":false,"content":false,"excerpt":false},"jp":{"title":true,"content":true,"excerpt":false},"br":{"title":true,"content":true,"excerpt":false},"es":{"title":true,"content":true,"excerpt":false},"zh":{"title":true,"content":true,"excerpt":false}}},"acf":[],"yoast_head":"<!-- This site is optimized with the Yoast SEO plugin v27.3 - https:\/\/yoast.com\/product\/yoast-seo-wordpress\/ -->\n<title>Les nouveaut\u00e9s dans iManage Drive for Mac &#8211; Docs - iManage<\/title>\n<meta name=\"robots\" content=\"index, follow, max-snippet:-1, max-image-preview:large, max-video-preview:-1\" \/>\n<link rel=\"canonical\" href=\"https:\/\/docs.imanage.com\/work\/whats-new-in-imanage-drive-m-10-9-0.html\" \/>\n<meta property=\"og:locale\" content=\"fr_FR\" \/>\n<meta property=\"og:type\" content=\"article\" \/>\n<meta property=\"og:title\" content=\"Les nouveaut\u00e9s dans iManage Drive for Mac &#8211; Docs - iManage\" \/>\n<meta property=\"og:url\" content=\"https:\/\/docs.imanage.com\/work\/whats-new-in-imanage-drive-m-10-9-0.html\" \/>\n<meta property=\"og:site_name\" content=\"Docs - iManage\" \/>\n<meta property=\"article:modified_time\" content=\"2023-06-12T09:38:51+00:00\" \/>\n<meta property=\"og:image\" content=\"https:\/\/docs.imanage.com\/wp-content\/uploads\/2023\/03\/Screenshot-2023-03-06-at-10.06.34-PM.png\" \/>\n<meta name=\"twitter:card\" content=\"summary_large_image\" \/>\n<meta name=\"twitter:label1\" content=\"Est. reading time\" \/>\n\t<meta name=\"twitter:data1\" content=\"3 minutes\" \/>\n<script type=\"application\/ld+json\" class=\"yoast-schema-graph\">{\"@context\":\"https:\\\/\\\/schema.org\",\"@graph\":[{\"@type\":\"WebPage\",\"@id\":\"https:\\\/\\\/docs.imanage.com\\\/work\\\/whats-new-in-imanage-drive-m-10-9-0.html\",\"url\":\"https:\\\/\\\/docs.imanage.com\\\/work\\\/whats-new-in-imanage-drive-m-10-9-0.html\",\"name\":\"Les nouveaut\u00e9s dans iManage Drive for Mac &#8211; Docs - iManage\",\"isPartOf\":{\"@id\":\"https:\\\/\\\/docs.imanage.com\\\/#website\"},\"primaryImageOfPage\":{\"@id\":\"https:\\\/\\\/docs.imanage.com\\\/work\\\/whats-new-in-imanage-drive-m-10-9-0.html#primaryimage\"},\"image\":{\"@id\":\"https:\\\/\\\/docs.imanage.com\\\/work\\\/whats-new-in-imanage-drive-m-10-9-0.html#primaryimage\"},\"thumbnailUrl\":\"https:\\\/\\\/docs.imanage.com\\\/wp-content\\\/uploads\\\/2023\\\/03\\\/Screenshot-2023-03-06-at-10.06.34-PM.png\",\"datePublished\":\"2023-02-14T09:09:48+00:00\",\"dateModified\":\"2023-06-12T09:38:51+00:00\",\"breadcrumb\":{\"@id\":\"https:\\\/\\\/docs.imanage.com\\\/work\\\/whats-new-in-imanage-drive-m-10-9-0.html#breadcrumb\"},\"inLanguage\":\"fr-FR\",\"potentialAction\":[{\"@type\":\"ReadAction\",\"target\":[\"https:\\\/\\\/docs.imanage.com\\\/work\\\/whats-new-in-imanage-drive-m-10-9-0.html\"]}]},{\"@type\":\"ImageObject\",\"inLanguage\":\"fr-FR\",\"@id\":\"https:\\\/\\\/docs.imanage.com\\\/work\\\/whats-new-in-imanage-drive-m-10-9-0.html#primaryimage\",\"url\":\"https:\\\/\\\/docs.imanage.com\\\/wp-content\\\/uploads\\\/2023\\\/03\\\/Screenshot-2023-03-06-at-10.06.34-PM.png\",\"contentUrl\":\"https:\\\/\\\/docs.imanage.com\\\/wp-content\\\/uploads\\\/2023\\\/03\\\/Screenshot-2023-03-06-at-10.06.34-PM.png\"},{\"@type\":\"BreadcrumbList\",\"@id\":\"https:\\\/\\\/docs.imanage.com\\\/work\\\/whats-new-in-imanage-drive-m-10-9-0.html#breadcrumb\",\"itemListElement\":[{\"@type\":\"ListItem\",\"position\":1,\"name\":\"Home\",\"item\":\"https:\\\/\\\/docs.imanage.com\\\/\"},{\"@type\":\"ListItem\",\"position\":2,\"name\":\"Work\",\"item\":\"https:\\\/\\\/docs.imanage.com\\\/work.html\"},{\"@type\":\"ListItem\",\"position\":3,\"name\":\"What&#8217;s new in iManage Drive for Mac\"}]},{\"@type\":\"WebSite\",\"@id\":\"https:\\\/\\\/docs.imanage.com\\\/#website\",\"url\":\"https:\\\/\\\/docs.imanage.com\\\/\",\"name\":\"Docs - iManage\",\"description\":\"\",\"potentialAction\":[{\"@type\":\"SearchAction\",\"target\":{\"@type\":\"EntryPoint\",\"urlTemplate\":\"https:\\\/\\\/docs.imanage.com\\\/?s={search_term_string}\"},\"query-input\":{\"@type\":\"PropertyValueSpecification\",\"valueRequired\":true,\"valueName\":\"search_term_string\"}}],\"inLanguage\":\"fr-FR\"}]}<\/script>\n<!-- \/ Yoast SEO plugin. -->","yoast_head_json":{"title":"Les nouveaut\u00e9s dans iManage Drive for Mac &#8211; Docs - iManage","robots":{"index":"index","follow":"follow","max-snippet":"max-snippet:-1","max-image-preview":"max-image-preview:large","max-video-preview":"max-video-preview:-1"},"canonical":"https:\/\/docs.imanage.com\/work\/whats-new-in-imanage-drive-m-10-9-0.html","og_locale":"fr_FR","og_type":"article","og_title":"Les nouveaut\u00e9s dans iManage Drive for Mac &#8211; Docs - iManage","og_url":"https:\/\/docs.imanage.com\/work\/whats-new-in-imanage-drive-m-10-9-0.html","og_site_name":"Docs - iManage","article_modified_time":"2023-06-12T09:38:51+00:00","og_image":[{"url":"https:\/\/docs.imanage.com\/wp-content\/uploads\/2023\/03\/Screenshot-2023-03-06-at-10.06.34-PM.png","type":"","width":"","height":""}],"twitter_card":"summary_large_image","twitter_misc":{"Est. reading time":"3 minutes"},"schema":{"@context":"https:\/\/schema.org","@graph":[{"@type":"WebPage","@id":"https:\/\/docs.imanage.com\/work\/whats-new-in-imanage-drive-m-10-9-0.html","url":"https:\/\/docs.imanage.com\/work\/whats-new-in-imanage-drive-m-10-9-0.html","name":"Les nouveaut\u00e9s dans iManage Drive for Mac &#8211; Docs - iManage","isPartOf":{"@id":"https:\/\/docs.imanage.com\/#website"},"primaryImageOfPage":{"@id":"https:\/\/docs.imanage.com\/work\/whats-new-in-imanage-drive-m-10-9-0.html#primaryimage"},"image":{"@id":"https:\/\/docs.imanage.com\/work\/whats-new-in-imanage-drive-m-10-9-0.html#primaryimage"},"thumbnailUrl":"https:\/\/docs.imanage.com\/wp-content\/uploads\/2023\/03\/Screenshot-2023-03-06-at-10.06.34-PM.png","datePublished":"2023-02-14T09:09:48+00:00","dateModified":"2023-06-12T09:38:51+00:00","breadcrumb":{"@id":"https:\/\/docs.imanage.com\/work\/whats-new-in-imanage-drive-m-10-9-0.html#breadcrumb"},"inLanguage":"fr-FR","potentialAction":[{"@type":"ReadAction","target":["https:\/\/docs.imanage.com\/work\/whats-new-in-imanage-drive-m-10-9-0.html"]}]},{"@type":"ImageObject","inLanguage":"fr-FR","@id":"https:\/\/docs.imanage.com\/work\/whats-new-in-imanage-drive-m-10-9-0.html#primaryimage","url":"https:\/\/docs.imanage.com\/wp-content\/uploads\/2023\/03\/Screenshot-2023-03-06-at-10.06.34-PM.png","contentUrl":"https:\/\/docs.imanage.com\/wp-content\/uploads\/2023\/03\/Screenshot-2023-03-06-at-10.06.34-PM.png"},{"@type":"BreadcrumbList","@id":"https:\/\/docs.imanage.com\/work\/whats-new-in-imanage-drive-m-10-9-0.html#breadcrumb","itemListElement":[{"@type":"ListItem","position":1,"name":"Home","item":"https:\/\/docs.imanage.com\/"},{"@type":"ListItem","position":2,"name":"Work","item":"https:\/\/docs.imanage.com\/work.html"},{"@type":"ListItem","position":3,"name":"What&#8217;s new in iManage Drive for Mac"}]},{"@type":"WebSite","@id":"https:\/\/docs.imanage.com\/#website","url":"https:\/\/docs.imanage.com\/","name":"Docs - iManage","description":"","potentialAction":[{"@type":"SearchAction","target":{"@type":"EntryPoint","urlTemplate":"https:\/\/docs.imanage.com\/?s={search_term_string}"},"query-input":{"@type":"PropertyValueSpecification","valueRequired":true,"valueName":"search_term_string"}}],"inLanguage":"fr-FR"}]}},"_links":{"self":[{"href":"https:\/\/docs.imanage.com\/fr\/wp-json\/wp\/v2\/pages\/837","targetHints":{"allow":["GET"]}}],"collection":[{"href":"https:\/\/docs.imanage.com\/fr\/wp-json\/wp\/v2\/pages"}],"about":[{"href":"https:\/\/docs.imanage.com\/fr\/wp-json\/wp\/v2\/types\/page"}],"author":[{"embeddable":true,"href":"https:\/\/docs.imanage.com\/fr\/wp-json\/wp\/v2\/users\/4"}],"replies":[{"embeddable":true,"href":"https:\/\/docs.imanage.com\/fr\/wp-json\/wp\/v2\/comments?post=837"}],"version-history":[{"count":0,"href":"https:\/\/docs.imanage.com\/fr\/wp-json\/wp\/v2\/pages\/837\/revisions"}],"up":[{"embeddable":true,"href":"https:\/\/docs.imanage.com\/fr\/wp-json\/wp\/v2\/pages\/146"}],"wp:attachment":[{"href":"https:\/\/docs.imanage.com\/fr\/wp-json\/wp\/v2\/media?parent=837"}],"curies":[{"name":"wp","href":"https:\/\/api.w.org\/{rel}","templated":true}]}}