{"id":711,"date":"2021-09-28T13:00:57","date_gmt":"2021-09-28T13:00:57","guid":{"rendered":"https:\/\/docs.imanage.com\/?page_id=711"},"modified":"2024-04-16T17:20:33","modified_gmt":"2024-04-16T17:20:33","slug":"whats-new-in-imanage-wdw-2022-02","status":"publish","type":"page","link":"https:\/\/docs.imanage.com\/qc\/work\/whats-new-in-imanage-wdw-2022-02.html","title":{"rendered":"Quoi de neuf dans iManage Work Desktop pour Windows"},"content":{"rendered":"<p><strong>Version 10.7.1.20 (novembre 2022)<\/strong><\/p>\n<h2>Am\u00e9liorations g\u00e9n\u00e9rales<\/h2>\n<p>Cette version vient r\u00e9soudre plusieurs probl\u00e8mes. Elle ne comporte aucune nouvelle fonctionnalit\u00e9.<\/p>\n<p><strong>Version\u00a010.7.1.1 (juin 2022)<\/strong><\/p>\n<h2>Am\u00e9liorations g\u00e9n\u00e9rales<\/h2>\n<p>Plusieurs modifications ont permis d\u2019am\u00e9liorer la convivialit\u00e9 et les performances g\u00e9n\u00e9rales. \u00c0 noter, nous avons r\u00e9gl\u00e9 les probl\u00e8mes suivants\u00a0:<\/p>\n<ul>\n<li>R\u00e9solution des probl\u00e8mes li\u00e9s \u00e0 la r\u00e9solution et \u00e0 la mise \u00e0 l\u2019\u00e9chelle de l\u2019affichage des bo\u00eetes de dialogue int\u00e9gr\u00e9es d\u2019iManage (Ouvrir iManage, Enregistrer dans iManage, etc.). D\u00e9sormais, lorsque vous modifierez la r\u00e9solution et les valeurs d\u2019affichage de votre moniteur ou que vous utiliserez plusieurs moniteurs comportant chacun des param\u00e8tres d\u2019affichage diff\u00e9rents, des bo\u00eetes de dialogue int\u00e9gr\u00e9es d\u2019iManage s\u2019afficheront automatiquement en fonction des param\u00e8tres du moniteur. L\u2019information ne sera plus floue, elle n\u2019appara\u00eetra plus comme si elle n\u2019est pas au bon endroit et il n\u2019y aura plus de champ vierge.<\/li>\n<li>R\u00e9solution des probl\u00e8mes li\u00e9s \u00e0 la cr\u00e9ation de fichiers PDF \u00e0 l\u2019aide de l\u2019option <strong>Enregistrer au format PDF<\/strong> d\u2019iManage dans Microsoft Word. Au moment de cr\u00e9er des fichiers PDF enregistr\u00e9s dans votre appareil local, l\u2019option <strong>Nouveau document<\/strong> sera s\u00e9lectionn\u00e9e par d\u00e9faut. Au moment de cr\u00e9er des fichiers PDF \u00e0 partir de documents enregistr\u00e9s dans iManage Work<strong>,<\/strong> l\u2019option<strong> Nouvelle version<\/strong> sera s\u00e9lectionn\u00e9e par d\u00e9faut.<\/li>\n<li>R\u00e9solution des probl\u00e8mes li\u00e9s aux fichiers de configuration qui ne se t\u00e9l\u00e9chargeaient pas pour certains utilisateurs d\u2019iManage Cloud.<\/li>\n<li>R\u00e9solution des probl\u00e8mes li\u00e9s aux documents Microsoft Word qui ne s\u2019archivaient pas lorsqu\u2019ils \u00e9taient ouverts en affichage prot\u00e9g\u00e9 et qui se fermaient apr\u00e8s y avoir apport\u00e9 des modifications.<\/li>\n<\/ul>\n<p><strong>Version 10.7.0.105 (Avril 2022)<\/strong><\/p>\n<h2>Le volet iManage Work maintenant indique une r\u00e9action en temps r\u00e9el lors de glisser des courriels pour le classement<\/h2>\n<p>Le volet iManage Work s\u2019actualise automatiquement lors que vous faites glisser des courriels ou des pi\u00e8ces jointes \u00e0 un r\u00e9pertoire dans le volet pour les classer. Autrement dit, vous pouvez voir les modifications d\u00e8s que le courriel ou la pi\u00e8ce jointe est class\u00e9. Ceci \u00e9vite l\u2019actualisation manuelle du volet iManage Work pour confirmer le classement.<\/p>\n<p><strong>\u00a0<\/strong><strong>REMARQUE\u00a0:<\/strong> Cette fonctionnalit\u00e9 exige iManage Work Desktop pour Windows 10.6.0 ou version sup\u00e9rieure, iManage Work Web version 10.4.x et les mises \u00e0 jour de service d\u2019octobre 2021 pour les utilisateurs de iManage Work Cloud.<\/p>\n<p><img loading=\"lazy\" decoding=\"async\" class=\"alignnone wp-image-775\" src=\"https:\/\/docs.imanage.com\/wp-content\/uploads\/2022\/03\/WorkPanelRefresh_2.gif\" alt=\"\" width=\"800\" height=\"390\" \/><\/p>\n<h2>Modifiez vos fichiers PDF dans Adobe Acrobat Pro et Adobe Acrobat Reader en mode prot\u00e9g\u00e9<\/h2>\n<p>Si votre organisation vous permet d\u2019utiliser Adobe Acrobat Pro ou Adobe Acrobat Reader en mode prot\u00e9g\u00e9 seulement, vous pouvez actuellement modifier les fichiers PDF enregistr\u00e9s dans iManage Work \u00e0 l\u2019aide de ces applications m\u00eame lorsque le mode prot\u00e9g\u00e9 est activ\u00e9.<\/p>\n<p>Lorsque le mode prot\u00e9g\u00e9 est activ\u00e9 dans Adobe Acrobat Pro et Adobe Acrobat Reader, le plugiciel de iManage Work est d\u00e9sactiv\u00e9 dans ces applications et vous ne pouvez pas afficher les options d\u2019iManage Work, telles que Ouvrir, Enregistrer sous, etc. Toutefois, lorsque vous modifiez les fichiers PDF dans iManage Work \u00e0 l\u2019aide de ces applications, toutes vos modifications sont enregistr\u00e9es dans iManage Work. Pour activer cette fonctionnalit\u00e9 ou pour obtenir plus de renseignements sur cette fonctionnalit\u00e9, veuillez consulter votre administrateur.<\/p>\n<p><img loading=\"lazy\" decoding=\"async\" class=\"alignnone wp-image-776\" src=\"https:\/\/docs.imanage.com\/wp-content\/uploads\/2022\/03\/NonIntegration.gif\" alt=\"\" width=\"800\" height=\"450\" \/><\/p>\n<h2>Le fran\u00e7ais canadien est maintenant pris en charge dans iManage Work Desktop pour Windows<\/h2>\n<p>iManage Work Desktop pour Windows affiche maintenant le fran\u00e7ais canadien lorsque votre langue d\u2019affichage de Microsoft Windows et Microsoft Office sont r\u00e9gl\u00e9s sur le fran\u00e7ais canadien.\u00a0 Pour obtenir plus de renseignements, veuillez consulter votre administrateur.<\/p>\n<p><strong>Version pr\u00e9c\u00e9dente<\/strong>: <a href=\"https:\/\/docs.imanage.com\/work\/whats-new-in-imanage-wdw-2021-10.html\">iManage Desktop for Windows 10.6.0 and iManage Drive 10.6.1<\/a><\/p>\n","protected":false},"excerpt":{"rendered":"<p>Version 10.7.1.20 (novembre 2022) Am\u00e9liorations g\u00e9n\u00e9rales Cette version vient r\u00e9soudre plusieurs probl\u00e8mes. Elle ne comporte aucune nouvelle fonctionnalit\u00e9. Version\u00a010.7.1.1 (juin 2022) Am\u00e9liorations g\u00e9n\u00e9rales Plusieurs modifications ont permis d\u2019am\u00e9liorer la convivialit\u00e9 et les performances g\u00e9n\u00e9rales. \u00c0 noter, nous avons r\u00e9gl\u00e9 les probl\u00e8mes suivants\u00a0: R\u00e9solution des probl\u00e8mes li\u00e9s \u00e0 la r\u00e9solution et \u00e0 la mise \u00e0 l\u2019\u00e9chelle [&hellip;]<\/p>\n","protected":false},"author":4,"featured_media":0,"parent":146,"menu_order":0,"comment_status":"closed","ping_status":"closed","template":"","meta":{"_acf_changed":false,"footnotes":""},"class_list":["post-711","page","type-page","status-publish","hentry"],"translation":{"provider":"WPGlobus","version":"3.0.2","language":"qc","enabled_languages":["en","de","fr","qc","jp","br","es","zh"],"languages":{"en":{"title":true,"content":true,"excerpt":false},"de":{"title":true,"content":true,"excerpt":false},"fr":{"title":true,"content":true,"excerpt":false},"qc":{"title":true,"content":true,"excerpt":false},"jp":{"title":true,"content":true,"excerpt":false},"br":{"title":true,"content":true,"excerpt":false},"es":{"title":true,"content":true,"excerpt":false},"zh":{"title":true,"content":true,"excerpt":false}}},"acf":[],"yoast_head":"<!-- This site is optimized with the Yoast SEO plugin v27.3 - https:\/\/yoast.com\/product\/yoast-seo-wordpress\/ -->\n<title>Quoi de neuf dans iManage Work Desktop pour Windows &#8211; Docs - iManage<\/title>\n<meta name=\"robots\" content=\"index, follow, max-snippet:-1, max-image-preview:large, max-video-preview:-1\" \/>\n<link rel=\"canonical\" href=\"https:\/\/docs.imanage.com\/work\/whats-new-in-imanage-wdw-2022-02.html\" \/>\n<meta property=\"og:locale\" content=\"fr_CA\" \/>\n<meta property=\"og:type\" content=\"article\" \/>\n<meta property=\"og:title\" content=\"Quoi de neuf dans iManage Work Desktop pour Windows &#8211; Docs - iManage\" \/>\n<meta property=\"og:url\" content=\"https:\/\/docs.imanage.com\/work\/whats-new-in-imanage-wdw-2022-02.html\" \/>\n<meta property=\"og:site_name\" content=\"Docs - iManage\" \/>\n<meta property=\"article:modified_time\" content=\"2024-04-16T17:20:33+00:00\" \/>\n<meta property=\"og:image\" content=\"https:\/\/docs.imanage.com\/wp-content\/uploads\/2022\/03\/WorkPanelRefresh_2.gif\" \/>\n<meta name=\"twitter:card\" content=\"summary_large_image\" \/>\n<meta name=\"twitter:label1\" content=\"Est. reading time\" \/>\n\t<meta name=\"twitter:data1\" content=\"2 minutes\" \/>\n<script type=\"application\/ld+json\" class=\"yoast-schema-graph\">{\"@context\":\"https:\\\/\\\/schema.org\",\"@graph\":[{\"@type\":\"WebPage\",\"@id\":\"https:\\\/\\\/docs.imanage.com\\\/work\\\/whats-new-in-imanage-wdw-2022-02.html\",\"url\":\"https:\\\/\\\/docs.imanage.com\\\/work\\\/whats-new-in-imanage-wdw-2022-02.html\",\"name\":\"Quoi de neuf dans iManage Work Desktop pour Windows &#8211; Docs - iManage\",\"isPartOf\":{\"@id\":\"https:\\\/\\\/docs.imanage.com\\\/#website\"},\"primaryImageOfPage\":{\"@id\":\"https:\\\/\\\/docs.imanage.com\\\/work\\\/whats-new-in-imanage-wdw-2022-02.html#primaryimage\"},\"image\":{\"@id\":\"https:\\\/\\\/docs.imanage.com\\\/work\\\/whats-new-in-imanage-wdw-2022-02.html#primaryimage\"},\"thumbnailUrl\":\"https:\\\/\\\/docs.imanage.com\\\/wp-content\\\/uploads\\\/2022\\\/03\\\/WorkPanelRefresh_2.gif\",\"datePublished\":\"2021-09-28T13:00:57+00:00\",\"dateModified\":\"2024-04-16T17:20:33+00:00\",\"breadcrumb\":{\"@id\":\"https:\\\/\\\/docs.imanage.com\\\/work\\\/whats-new-in-imanage-wdw-2022-02.html#breadcrumb\"},\"inLanguage\":\"fr-CA\",\"potentialAction\":[{\"@type\":\"ReadAction\",\"target\":[\"https:\\\/\\\/docs.imanage.com\\\/work\\\/whats-new-in-imanage-wdw-2022-02.html\"]}]},{\"@type\":\"ImageObject\",\"inLanguage\":\"fr-CA\",\"@id\":\"https:\\\/\\\/docs.imanage.com\\\/work\\\/whats-new-in-imanage-wdw-2022-02.html#primaryimage\",\"url\":\"https:\\\/\\\/docs.imanage.com\\\/wp-content\\\/uploads\\\/2022\\\/03\\\/WorkPanelRefresh_2.gif\",\"contentUrl\":\"https:\\\/\\\/docs.imanage.com\\\/wp-content\\\/uploads\\\/2022\\\/03\\\/WorkPanelRefresh_2.gif\"},{\"@type\":\"BreadcrumbList\",\"@id\":\"https:\\\/\\\/docs.imanage.com\\\/work\\\/whats-new-in-imanage-wdw-2022-02.html#breadcrumb\",\"itemListElement\":[{\"@type\":\"ListItem\",\"position\":1,\"name\":\"Home\",\"item\":\"https:\\\/\\\/docs.imanage.com\\\/\"},{\"@type\":\"ListItem\",\"position\":2,\"name\":\"Work\",\"item\":\"https:\\\/\\\/docs.imanage.com\\\/work.html\"},{\"@type\":\"ListItem\",\"position\":3,\"name\":\"What\u2019s new in iManage Work Desktop for Windows\"}]},{\"@type\":\"WebSite\",\"@id\":\"https:\\\/\\\/docs.imanage.com\\\/#website\",\"url\":\"https:\\\/\\\/docs.imanage.com\\\/\",\"name\":\"Docs - iManage\",\"description\":\"\",\"potentialAction\":[{\"@type\":\"SearchAction\",\"target\":{\"@type\":\"EntryPoint\",\"urlTemplate\":\"https:\\\/\\\/docs.imanage.com\\\/?s={search_term_string}\"},\"query-input\":{\"@type\":\"PropertyValueSpecification\",\"valueRequired\":true,\"valueName\":\"search_term_string\"}}],\"inLanguage\":\"fr-CA\"}]}<\/script>\n<!-- \/ Yoast SEO plugin. -->","yoast_head_json":{"title":"Quoi de neuf dans iManage Work Desktop pour Windows &#8211; Docs - iManage","robots":{"index":"index","follow":"follow","max-snippet":"max-snippet:-1","max-image-preview":"max-image-preview:large","max-video-preview":"max-video-preview:-1"},"canonical":"https:\/\/docs.imanage.com\/work\/whats-new-in-imanage-wdw-2022-02.html","og_locale":"fr_CA","og_type":"article","og_title":"Quoi de neuf dans iManage Work Desktop pour Windows &#8211; Docs - iManage","og_url":"https:\/\/docs.imanage.com\/work\/whats-new-in-imanage-wdw-2022-02.html","og_site_name":"Docs - iManage","article_modified_time":"2024-04-16T17:20:33+00:00","og_image":[{"url":"https:\/\/docs.imanage.com\/wp-content\/uploads\/2022\/03\/WorkPanelRefresh_2.gif","type":"","width":"","height":""}],"twitter_card":"summary_large_image","twitter_misc":{"Est. reading time":"2 minutes"},"schema":{"@context":"https:\/\/schema.org","@graph":[{"@type":"WebPage","@id":"https:\/\/docs.imanage.com\/work\/whats-new-in-imanage-wdw-2022-02.html","url":"https:\/\/docs.imanage.com\/work\/whats-new-in-imanage-wdw-2022-02.html","name":"Quoi de neuf dans iManage Work Desktop pour Windows &#8211; Docs - iManage","isPartOf":{"@id":"https:\/\/docs.imanage.com\/#website"},"primaryImageOfPage":{"@id":"https:\/\/docs.imanage.com\/work\/whats-new-in-imanage-wdw-2022-02.html#primaryimage"},"image":{"@id":"https:\/\/docs.imanage.com\/work\/whats-new-in-imanage-wdw-2022-02.html#primaryimage"},"thumbnailUrl":"https:\/\/docs.imanage.com\/wp-content\/uploads\/2022\/03\/WorkPanelRefresh_2.gif","datePublished":"2021-09-28T13:00:57+00:00","dateModified":"2024-04-16T17:20:33+00:00","breadcrumb":{"@id":"https:\/\/docs.imanage.com\/work\/whats-new-in-imanage-wdw-2022-02.html#breadcrumb"},"inLanguage":"fr-CA","potentialAction":[{"@type":"ReadAction","target":["https:\/\/docs.imanage.com\/work\/whats-new-in-imanage-wdw-2022-02.html"]}]},{"@type":"ImageObject","inLanguage":"fr-CA","@id":"https:\/\/docs.imanage.com\/work\/whats-new-in-imanage-wdw-2022-02.html#primaryimage","url":"https:\/\/docs.imanage.com\/wp-content\/uploads\/2022\/03\/WorkPanelRefresh_2.gif","contentUrl":"https:\/\/docs.imanage.com\/wp-content\/uploads\/2022\/03\/WorkPanelRefresh_2.gif"},{"@type":"BreadcrumbList","@id":"https:\/\/docs.imanage.com\/work\/whats-new-in-imanage-wdw-2022-02.html#breadcrumb","itemListElement":[{"@type":"ListItem","position":1,"name":"Home","item":"https:\/\/docs.imanage.com\/"},{"@type":"ListItem","position":2,"name":"Work","item":"https:\/\/docs.imanage.com\/work.html"},{"@type":"ListItem","position":3,"name":"What\u2019s new in iManage Work Desktop for Windows"}]},{"@type":"WebSite","@id":"https:\/\/docs.imanage.com\/#website","url":"https:\/\/docs.imanage.com\/","name":"Docs - iManage","description":"","potentialAction":[{"@type":"SearchAction","target":{"@type":"EntryPoint","urlTemplate":"https:\/\/docs.imanage.com\/?s={search_term_string}"},"query-input":{"@type":"PropertyValueSpecification","valueRequired":true,"valueName":"search_term_string"}}],"inLanguage":"fr-CA"}]}},"_links":{"self":[{"href":"https:\/\/docs.imanage.com\/qc\/wp-json\/wp\/v2\/pages\/711","targetHints":{"allow":["GET"]}}],"collection":[{"href":"https:\/\/docs.imanage.com\/qc\/wp-json\/wp\/v2\/pages"}],"about":[{"href":"https:\/\/docs.imanage.com\/qc\/wp-json\/wp\/v2\/types\/page"}],"author":[{"embeddable":true,"href":"https:\/\/docs.imanage.com\/qc\/wp-json\/wp\/v2\/users\/4"}],"replies":[{"embeddable":true,"href":"https:\/\/docs.imanage.com\/qc\/wp-json\/wp\/v2\/comments?post=711"}],"version-history":[{"count":0,"href":"https:\/\/docs.imanage.com\/qc\/wp-json\/wp\/v2\/pages\/711\/revisions"}],"up":[{"embeddable":true,"href":"https:\/\/docs.imanage.com\/qc\/wp-json\/wp\/v2\/pages\/146"}],"wp:attachment":[{"href":"https:\/\/docs.imanage.com\/qc\/wp-json\/wp\/v2\/media?parent=711"}],"curies":[{"name":"wp","href":"https:\/\/api.w.org\/{rel}","templated":true}]}}