{"id":794,"date":"2022-04-22T09:46:17","date_gmt":"2022-04-22T09:46:17","guid":{"rendered":"https:\/\/docs.imanage.com\/?page_id=794"},"modified":"2024-04-16T17:21:25","modified_gmt":"2024-04-16T17:21:25","slug":"whats-new-in-imanage-wdw-10-8-0","status":"publish","type":"page","link":"https:\/\/docs.imanage.com\/qc\/work\/whats-new-in-imanage-wdw-10-8-0.html","title":{"rendered":"Quoi de neuf dans iManage Work Desktop pour Windows"},"content":{"rendered":"<p>Version 10.8.0.98 (octobre 2022)<\/p>\n<h2>Lier ou int\u00e9grer des fichiers Microsoft Excel en conjonction avec Gestionnaire de liens iManage<\/h2>\n<p>Afin d\u2019acc\u00e9der rapidement \u00e0 des renseignements connexes dans un autre fichier Microsoft Excel, vous pouvez d\u00e9sormais ins\u00e9rer un lien direct dans une feuille de calcul. Vous pouvez \u00e9galement int\u00e9grer un fichier Microsoft Excel complet dans la feuille de calcul. Cela est possible gr\u00e2ce au volet Gestionnaire de liens iManage.<\/p>\n<p>Pour utiliser le volet Gestionnaire de liens iManage, vous devez avoir\u00a0:<\/p>\n<ul>\n<li>Microsoft Excel\u00a02016 ou Microsoft Excel dans Microsoft\u00a0365.<\/li>\n<li>iManage Drive version 10.7.1 ou une version plus r\u00e9cente install\u00e9 et ouvert<\/li>\n<\/ul>\n<p>Contactez votre administrateur pour de plus amples renseignements.<\/p>\n<p><img loading=\"lazy\" decoding=\"async\" class=\"alignnone wp-image-811 size-full\" src=\"https:\/\/docs.imanage.com\/wp-content\/uploads\/2022\/09\/04_OLE_Linking.gif\" alt=\"\" width=\"920\" height=\"519\" \/><\/p>\n<h2>Renommer l\u2019objet des courriels dans iManage Work lors de leur classification<\/h2>\n<p class=\"with-breadcrumbs\">Vous pouvez mettre \u00e0 jour l\u2019objet d\u2019un courriel lors de sa classification dans iManage Work en cochant la case \u00e0 cocher <img loading=\"lazy\" decoding=\"async\" class=\"alignnone size-full wp-image-809\" style=\"color: #333333; font-size: 1rem;\" src=\"https:\/\/docs.imanage.com\/wp-content\/uploads\/2022\/08\/checkbox_rename_filing.png\" alt=\"\" width=\"42\" height=\"29\" \/><span style=\"color: #333333; font-size: 1rem;\"> \u00a0(<\/span><strong>Renommer le(s) courriel(s) s\u00e9lectionn\u00e9(s) lors de la classification<\/strong>) qui est accessible dans la barre d\u2019outils EMM et dans la bo\u00eete de dialogue <strong>S\u00e9lectionner l\u2019emplacement de classification<\/strong>. Pour activer cette fonctionnalit\u00e9, veuillez consulter votre administrateur.<\/p>\n<p><strong>REMARQUE\u00a0:<\/strong> Lors de la modification de l\u2019objet d\u2019un courriel avant la classification dans iManage Work\u00a0:<\/p>\n<ul>\n<li>Seul le champ <strong>Objet<\/strong> dans iManage Work est mis \u00e0 jour avec le nouveau nom.<\/li>\n<li>L\u2019objet du courriel ne change pas dans Microsoft Outlook.<\/li>\n<li>L\u2019objet original s\u2019affiche lorsque vous ouvrez le courriel, lorsque vous y r\u00e9pondez ou lorsque vous le transf\u00e9rez \u00e0 partir d\u2019iManage Work ou du volet iManage Work.<\/li>\n<\/ul>\n<p><img loading=\"lazy\" decoding=\"async\" class=\"alignnone size-full wp-image-812\" src=\"https:\/\/docs.imanage.com\/wp-content\/uploads\/2022\/09\/01_RenameEmails.gif\" alt=\"\" width=\"920\" height=\"472\" \/><\/p>\n<h2>iManage Work Desktop pour Windows est compatible avec l\u2019accessibilit\u00e9 selon la Section\u00a0508<\/h2>\n<p>iManage Work Desktop pour Windows est compatible avec l\u2019accessibilit\u00e9 selon la section\u00a0508 conform\u00e9ment aux r\u00e9glementations gouvernementales de la section\u00a0508 des \u00c9tats-Unis.<\/p>\n<p>Vous pouvez d\u00e9sormais utiliser le logiciel de lecture d\u2019\u00e9cran JAWS\u00a02021 ou JAWS\u00a02022 pour lire ou utiliser les fonctions de remplacement de la souris par le clavier lors de l\u2019utilisation\u00a0:<\/p>\n<ul>\n<li>de l\u2019onglet, du ruban, des menus, des bo\u00eetes de dialogue et des volets iManage disponibles dans les applications Microsoft Word, Microsoft Excel, Microsoft PowerPoint, Microsoft Outlook, Microsoft Visio et MS Project;<\/li>\n<li>de l\u2019onglet, des menus, des bo\u00eetes de dialogue et des volets iManage disponibles dans Adobe Acrobat Reader\u00a0DC et Adobe Acrobat Pro\u00a0DC;<\/li>\n<li>de la barre d\u2019outils de gestion des courriels et de la bo\u00eete de dialogue S\u00e9lectionner l\u2019emplacement de classification dans Microsoft Outlook;<\/li>\n<li>du volet iManage Work<\/li>\n<li>iManage Work Agent<\/li>\n<\/ul>\n<p>Pour activer cette fonctionnalit\u00e9, veuillez consulter votre administrateur.<\/p>\n<h2>Ins\u00e9rer des pi\u00e8ces jointes iManage Work \u00e0 partir de l\u2019onglet Ins\u00e9rer<\/h2>\n<p>Vous pouvez ins\u00e9rer des documents enregistr\u00e9s dans iManage Work lors de la cr\u00e9ation de t\u00e2ches, de r\u00e9unions ou de rendez-vous \u00e0 l\u2019aide de l\u2019option <strong>Ins\u00e9rer un fichier joint iManage<\/strong> qui est maintenant accessible dans l\u2019onglet Ins\u00e9rer de la fen\u00eatre <strong>Nouvelle t\u00e2che<\/strong>, <strong>Nouvelle r\u00e9union<\/strong> ou <strong>Nouveau rendez-vous<\/strong> dans Microsoft Outlook.<\/p>\n<p>Fen\u00eatre Nouveau rendez-vous<\/p>\n<p><img loading=\"lazy\" decoding=\"async\" class=\"alignnone wp-image-816 size-full\" src=\"https:\/\/docs.imanage.com\/wp-content\/uploads\/2022\/09\/02_Attachment_meeting-1.gif\" alt=\"\" width=\"920\" height=\"472\" \/><\/p>\n<p>Fen\u00eatre Nouvelles t\u00e2ches<\/p>\n<p><img loading=\"lazy\" decoding=\"async\" class=\"alignnone wp-image-817 size-full\" src=\"https:\/\/docs.imanage.com\/wp-content\/uploads\/2022\/09\/03_Attachment_Task-1.gif\" alt=\"\" width=\"920\" height=\"472\" \/><\/p>\n<p><strong>Previous release<\/strong>:\u00a0<a href=\"https:\/\/docs.imanage.com\/qc\/work\/whats-new-in-imanage-wdw-2022-02.html\">iManage Desktop for Windows 10.7<\/a><\/p>\n","protected":false},"excerpt":{"rendered":"<p>Version 10.8.0.98 (octobre 2022) Lier ou int\u00e9grer des fichiers Microsoft Excel en conjonction avec Gestionnaire de liens iManage Afin d\u2019acc\u00e9der rapidement \u00e0 des renseignements connexes dans un autre fichier Microsoft Excel, vous pouvez d\u00e9sormais ins\u00e9rer un lien direct dans une feuille de calcul. Vous pouvez \u00e9galement int\u00e9grer un fichier Microsoft Excel complet dans la feuille [&hellip;]<\/p>\n","protected":false},"author":4,"featured_media":0,"parent":146,"menu_order":0,"comment_status":"closed","ping_status":"closed","template":"","meta":{"_acf_changed":false,"footnotes":""},"class_list":["post-794","page","type-page","status-publish","hentry"],"translation":{"provider":"WPGlobus","version":"3.0.2","language":"qc","enabled_languages":["en","de","fr","qc","jp","br","es","zh"],"languages":{"en":{"title":true,"content":true,"excerpt":false},"de":{"title":true,"content":true,"excerpt":false},"fr":{"title":true,"content":true,"excerpt":false},"qc":{"title":true,"content":true,"excerpt":false},"jp":{"title":true,"content":true,"excerpt":false},"br":{"title":true,"content":true,"excerpt":false},"es":{"title":true,"content":true,"excerpt":false},"zh":{"title":true,"content":true,"excerpt":false}}},"acf":[],"yoast_head":"<!-- This site is optimized with the Yoast SEO plugin v27.3 - https:\/\/yoast.com\/product\/yoast-seo-wordpress\/ -->\n<title>Quoi de neuf dans iManage Work Desktop pour Windows &#8211; Docs - iManage<\/title>\n<meta name=\"robots\" content=\"index, follow, max-snippet:-1, max-image-preview:large, max-video-preview:-1\" \/>\n<link rel=\"canonical\" href=\"https:\/\/docs.imanage.com\/work\/whats-new-in-imanage-wdw-10-8-0.html\" \/>\n<meta property=\"og:locale\" content=\"fr_CA\" \/>\n<meta property=\"og:type\" content=\"article\" \/>\n<meta property=\"og:title\" content=\"Quoi de neuf dans iManage Work Desktop pour Windows &#8211; Docs - iManage\" \/>\n<meta property=\"og:url\" content=\"https:\/\/docs.imanage.com\/work\/whats-new-in-imanage-wdw-10-8-0.html\" \/>\n<meta property=\"og:site_name\" content=\"Docs - iManage\" \/>\n<meta property=\"article:modified_time\" content=\"2024-04-16T17:21:25+00:00\" \/>\n<meta property=\"og:image\" content=\"https:\/\/docs.imanage.com\/wp-content\/uploads\/2022\/09\/04_OLE_Linking.gif\" \/>\n<meta name=\"twitter:card\" content=\"summary_large_image\" \/>\n<meta name=\"twitter:label1\" content=\"Est. reading time\" \/>\n\t<meta name=\"twitter:data1\" content=\"4 minutes\" \/>\n<script type=\"application\/ld+json\" class=\"yoast-schema-graph\">{\"@context\":\"https:\\\/\\\/schema.org\",\"@graph\":[{\"@type\":\"WebPage\",\"@id\":\"https:\\\/\\\/docs.imanage.com\\\/work\\\/whats-new-in-imanage-wdw-10-8-0.html\",\"url\":\"https:\\\/\\\/docs.imanage.com\\\/work\\\/whats-new-in-imanage-wdw-10-8-0.html\",\"name\":\"Quoi de neuf dans iManage Work Desktop pour Windows &#8211; Docs - iManage\",\"isPartOf\":{\"@id\":\"https:\\\/\\\/docs.imanage.com\\\/#website\"},\"primaryImageOfPage\":{\"@id\":\"https:\\\/\\\/docs.imanage.com\\\/work\\\/whats-new-in-imanage-wdw-10-8-0.html#primaryimage\"},\"image\":{\"@id\":\"https:\\\/\\\/docs.imanage.com\\\/work\\\/whats-new-in-imanage-wdw-10-8-0.html#primaryimage\"},\"thumbnailUrl\":\"https:\\\/\\\/docs.imanage.com\\\/wp-content\\\/uploads\\\/2022\\\/09\\\/04_OLE_Linking.gif\",\"datePublished\":\"2022-04-22T09:46:17+00:00\",\"dateModified\":\"2024-04-16T17:21:25+00:00\",\"breadcrumb\":{\"@id\":\"https:\\\/\\\/docs.imanage.com\\\/work\\\/whats-new-in-imanage-wdw-10-8-0.html#breadcrumb\"},\"inLanguage\":\"fr-CA\",\"potentialAction\":[{\"@type\":\"ReadAction\",\"target\":[\"https:\\\/\\\/docs.imanage.com\\\/work\\\/whats-new-in-imanage-wdw-10-8-0.html\"]}]},{\"@type\":\"ImageObject\",\"inLanguage\":\"fr-CA\",\"@id\":\"https:\\\/\\\/docs.imanage.com\\\/work\\\/whats-new-in-imanage-wdw-10-8-0.html#primaryimage\",\"url\":\"https:\\\/\\\/docs.imanage.com\\\/wp-content\\\/uploads\\\/2022\\\/09\\\/04_OLE_Linking.gif\",\"contentUrl\":\"https:\\\/\\\/docs.imanage.com\\\/wp-content\\\/uploads\\\/2022\\\/09\\\/04_OLE_Linking.gif\"},{\"@type\":\"BreadcrumbList\",\"@id\":\"https:\\\/\\\/docs.imanage.com\\\/work\\\/whats-new-in-imanage-wdw-10-8-0.html#breadcrumb\",\"itemListElement\":[{\"@type\":\"ListItem\",\"position\":1,\"name\":\"Home\",\"item\":\"https:\\\/\\\/docs.imanage.com\\\/\"},{\"@type\":\"ListItem\",\"position\":2,\"name\":\"Work\",\"item\":\"https:\\\/\\\/docs.imanage.com\\\/work.html\"},{\"@type\":\"ListItem\",\"position\":3,\"name\":\"What\u2019s new in iManage Work Desktop for Windows\"}]},{\"@type\":\"WebSite\",\"@id\":\"https:\\\/\\\/docs.imanage.com\\\/#website\",\"url\":\"https:\\\/\\\/docs.imanage.com\\\/\",\"name\":\"Docs - iManage\",\"description\":\"\",\"potentialAction\":[{\"@type\":\"SearchAction\",\"target\":{\"@type\":\"EntryPoint\",\"urlTemplate\":\"https:\\\/\\\/docs.imanage.com\\\/?s={search_term_string}\"},\"query-input\":{\"@type\":\"PropertyValueSpecification\",\"valueRequired\":true,\"valueName\":\"search_term_string\"}}],\"inLanguage\":\"fr-CA\"}]}<\/script>\n<!-- \/ Yoast SEO plugin. -->","yoast_head_json":{"title":"Quoi de neuf dans iManage Work Desktop pour Windows &#8211; Docs - iManage","robots":{"index":"index","follow":"follow","max-snippet":"max-snippet:-1","max-image-preview":"max-image-preview:large","max-video-preview":"max-video-preview:-1"},"canonical":"https:\/\/docs.imanage.com\/work\/whats-new-in-imanage-wdw-10-8-0.html","og_locale":"fr_CA","og_type":"article","og_title":"Quoi de neuf dans iManage Work Desktop pour Windows &#8211; Docs - iManage","og_url":"https:\/\/docs.imanage.com\/work\/whats-new-in-imanage-wdw-10-8-0.html","og_site_name":"Docs - iManage","article_modified_time":"2024-04-16T17:21:25+00:00","og_image":[{"url":"https:\/\/docs.imanage.com\/wp-content\/uploads\/2022\/09\/04_OLE_Linking.gif","type":"","width":"","height":""}],"twitter_card":"summary_large_image","twitter_misc":{"Est. reading time":"4 minutes"},"schema":{"@context":"https:\/\/schema.org","@graph":[{"@type":"WebPage","@id":"https:\/\/docs.imanage.com\/work\/whats-new-in-imanage-wdw-10-8-0.html","url":"https:\/\/docs.imanage.com\/work\/whats-new-in-imanage-wdw-10-8-0.html","name":"Quoi de neuf dans iManage Work Desktop pour Windows &#8211; Docs - iManage","isPartOf":{"@id":"https:\/\/docs.imanage.com\/#website"},"primaryImageOfPage":{"@id":"https:\/\/docs.imanage.com\/work\/whats-new-in-imanage-wdw-10-8-0.html#primaryimage"},"image":{"@id":"https:\/\/docs.imanage.com\/work\/whats-new-in-imanage-wdw-10-8-0.html#primaryimage"},"thumbnailUrl":"https:\/\/docs.imanage.com\/wp-content\/uploads\/2022\/09\/04_OLE_Linking.gif","datePublished":"2022-04-22T09:46:17+00:00","dateModified":"2024-04-16T17:21:25+00:00","breadcrumb":{"@id":"https:\/\/docs.imanage.com\/work\/whats-new-in-imanage-wdw-10-8-0.html#breadcrumb"},"inLanguage":"fr-CA","potentialAction":[{"@type":"ReadAction","target":["https:\/\/docs.imanage.com\/work\/whats-new-in-imanage-wdw-10-8-0.html"]}]},{"@type":"ImageObject","inLanguage":"fr-CA","@id":"https:\/\/docs.imanage.com\/work\/whats-new-in-imanage-wdw-10-8-0.html#primaryimage","url":"https:\/\/docs.imanage.com\/wp-content\/uploads\/2022\/09\/04_OLE_Linking.gif","contentUrl":"https:\/\/docs.imanage.com\/wp-content\/uploads\/2022\/09\/04_OLE_Linking.gif"},{"@type":"BreadcrumbList","@id":"https:\/\/docs.imanage.com\/work\/whats-new-in-imanage-wdw-10-8-0.html#breadcrumb","itemListElement":[{"@type":"ListItem","position":1,"name":"Home","item":"https:\/\/docs.imanage.com\/"},{"@type":"ListItem","position":2,"name":"Work","item":"https:\/\/docs.imanage.com\/work.html"},{"@type":"ListItem","position":3,"name":"What\u2019s new in iManage Work Desktop for Windows"}]},{"@type":"WebSite","@id":"https:\/\/docs.imanage.com\/#website","url":"https:\/\/docs.imanage.com\/","name":"Docs - iManage","description":"","potentialAction":[{"@type":"SearchAction","target":{"@type":"EntryPoint","urlTemplate":"https:\/\/docs.imanage.com\/?s={search_term_string}"},"query-input":{"@type":"PropertyValueSpecification","valueRequired":true,"valueName":"search_term_string"}}],"inLanguage":"fr-CA"}]}},"_links":{"self":[{"href":"https:\/\/docs.imanage.com\/qc\/wp-json\/wp\/v2\/pages\/794","targetHints":{"allow":["GET"]}}],"collection":[{"href":"https:\/\/docs.imanage.com\/qc\/wp-json\/wp\/v2\/pages"}],"about":[{"href":"https:\/\/docs.imanage.com\/qc\/wp-json\/wp\/v2\/types\/page"}],"author":[{"embeddable":true,"href":"https:\/\/docs.imanage.com\/qc\/wp-json\/wp\/v2\/users\/4"}],"replies":[{"embeddable":true,"href":"https:\/\/docs.imanage.com\/qc\/wp-json\/wp\/v2\/comments?post=794"}],"version-history":[{"count":0,"href":"https:\/\/docs.imanage.com\/qc\/wp-json\/wp\/v2\/pages\/794\/revisions"}],"up":[{"embeddable":true,"href":"https:\/\/docs.imanage.com\/qc\/wp-json\/wp\/v2\/pages\/146"}],"wp:attachment":[{"href":"https:\/\/docs.imanage.com\/qc\/wp-json\/wp\/v2\/media?parent=794"}],"curies":[{"name":"wp","href":"https:\/\/api.w.org\/{rel}","templated":true}]}}